{"id":94,"date":"2013-06-12T19:20:00","date_gmt":"2013-06-12T19:20:00","guid":{"rendered":"http:\/\/voshaaroutdoor.wordpress.com\/?page_id=94"},"modified":"2024-12-29T08:36:40","modified_gmt":"2024-12-29T08:36:40","slug":"voshaar-accommodatie","status":"publish","type":"page","link":"https:\/\/voshaaroutdoor.com\/fr\/voshaar-accommodatie\/","title":{"rendered":"H\u00e9bergement \u00e0 Voshar"},"content":{"rendered":"<div class=\"wpb-content-wrapper\"><div class=\"vc_row wpb_row vc_row-fluid\" ><div class=\"wpb_column vc_column_container vc_col-sm-12\"><div class=\"vc_column-inner\"><div class=\"wpb_wrapper\">\n\t<div class=\"wpb_text_column wpb_content_element\" >\n\t\t<div class=\"wpb_wrapper\">\n\t\t\t<p class=\"has-text-align-left\">De Voshaar est un espace priv\u00e9 unique de 5,5 hectares. Le terrain se compose de for\u00eats, de canaux, d&#039;eau et de prairies.<\/p>\n<p>&nbsp;<\/p>\n<figure class=\"wp-block-image\"><a href=\"https:\/\/voshaaroutdoor.com\/wp-content\/uploads\/2013\/06\/100_0057.jpg\"><img decoding=\"async\" class=\"wp-image-200\" src=\"https:\/\/voshaaroutdoor.com\/wp-content\/uploads\/2013\/06\/100_0057.jpg?w=810\" alt=\"DCIM100SPORT\" \/><\/a><\/figure>\n<p class=\"has-text-align-left\">\n<p class=\"has-text-align-left\">\n<p>Nous avons \u00e9galement acc\u00e8s \u00e0 une grande salle de th\u00e9orie, des douches, des toilettes, une cantine, un sauna et une salle de musculation.<br \/>Il y a de nombreux obstacles de course de survie sur le site, un mur de cale et un mur de rappel.<\/p>\n<p class=\"has-text-align-left\">\n<p class=\"has-text-align-left\"><!-- \/wp:post-content --><\/p>\n<p class=\"has-text-align-left\"><!-- \/wp:paragraph --><\/p>\n<p><!-- wp:image {\"id\":653,\"linkDestination\":\"custom\"} --><\/p>\n<p class=\"has-text-align-left\"><!-- \/wp:image --><\/p>\n<p><!-- wp:paragraph -->En plus d&#039;une aire de camping, il y a aussi une aire de bivouac.<\/p>\n<p class=\"has-text-align-left\"><!-- \/wp:paragraph --><\/p>\n<p><!-- wp:image {\"id\":203,\"linkDestination\":\"custom\"} --><\/p>\n<p class=\"has-text-align-left\"><!-- \/wp:image --><\/p>\n<p class=\"has-text-align-left\"><!-- \/wp:paragraph --><\/p>\n<p><!-- wp:image {\"id\":652,\"linkDestination\":\"custom\"} --><\/p>\n<p class=\"has-text-align-left\"><!-- \/wp:image --><\/p>\n<p><!-- wp:paragraph -->En raison de la variation du terrain, c&#039;est un v\u00e9ritable paradis pour les oiseaux. 62 esp\u00e8ces diff\u00e9rentes d&#039;oiseaux se reproduisent sur la propri\u00e9t\u00e9 en 2013.<br \/>Depuis avril 2019, la zone est explor\u00e9e au moyen d&#039;un Bioblitz. Cela surveille la richesse en esp\u00e8ces du Voshaar.<\/p>\n<p class=\"has-text-align-left\"><!-- \/wp:paragraph --><\/p>\n<p><!-- wp:image {\"id\":651,\"linkDestination\":\"custom\"} --><\/p>\n<p class=\"has-text-align-left\"><!-- \/wp:image --><\/p>\n<p><!-- wp:paragraph --><a href=\"https:\/\/voshaaroutdoor.com\/wp-content\/uploads\/2013\/06\/sam_0220.jpg\">\u00a0<\/a><\/p>\n<p class=\"has-text-align-left\"><!-- \/wp:paragraph --><\/p>\n<p><!-- wp:paragraph {\"align\":\"center\"} --><\/p>\n<p class=\"has-text-align-center\"><!-- \/wp:paragraph --><\/p>\n\n\t\t<\/div>\n\t<\/div>\n<div class=\"vc_btn3-container vc_btn3-inline vc_do_btn\" ><a class=\"vc_general vc_btn3 vc_btn3-size-md vc_btn3-shape-rounded vc_btn3-style-modern vc_btn3-color-danger\" href=\"https:\/\/voshaaroutdoor.com\/index.php\/wilderness-nature-english-site\/\" title=\"\">Cheveux de renard nature en plein air<\/a><\/div><\/div><\/div><\/div><\/div><div class=\"vc_row wpb_row vc_row-fluid\" ><div class=\"wpb_column vc_column_container vc_col-sm-12\"><div class=\"vc_column-inner\"><div class=\"wpb_wrapper\"><div class=\"vc_empty_space\"   style=\"height: 32px\"><span class=\"vc_empty_space_inner\"><\/span><\/div>\n\t<div class=\"wpb_video_widget wpb_content_element vc_clearfix   vc_video-aspect-ratio-169 vc_video-el-width-70 vc_video-align-center\" >\n\t\t<div class=\"wpb_wrapper\">\n\t\t\t\n\t\t\t<div class=\"wpb_video_wrapper\"><iframe loading=\"lazy\" title=\"H\u00e9bergement Voshaar Plein air et \u00e9ducation\" src=\"https:\/\/player.vimeo.com\/video\/501379537?dnt=1&amp;app_id=122963\" width=\"500\" height=\"281\" frameborder=\"0\" allow=\"autoplay; fullscreen; picture-in-picture\"><\/iframe><\/div>\n\t\t<\/div>\n\t<\/div>\n<div class=\"vc_empty_space\"   style=\"height: 32px\"><span class=\"vc_empty_space_inner\"><\/span><\/div><\/div><\/div><\/div><\/div><div class=\"vc_row wpb_row vc_row-fluid\" ><div class=\"wpb_column vc_column_container vc_col-sm-12\"><div class=\"vc_column-inner\"><div class=\"wpb_wrapper\">\n\t<div class=\"wpb_text_column wpb_content_element\" >\n\t\t<div class=\"wpb_wrapper\">\n\t\t\t<a href=\"https:\/\/voshaaroutdoor.com\/wp-content\/uploads\/2024\/12\/2025-Hindernissen-op-de-Voshaar.pdf\" class=\"pdfemb-viewer\" style=\"\" data-width=\"max\" data-height=\"max\" data-toolbar=\"bottom\" data-toolbar-fixed=\"off\">2025 Obstacles sur le Voshaar<\/a>\n\n\t\t<\/div>\n\t<\/div>\n<div class=\"vc_empty_space\"   style=\"height: 32px\"><span class=\"vc_empty_space_inner\"><\/span><\/div><\/div><\/div><\/div><\/div><\/div>","protected":false},"excerpt":{"rendered":"De Voshaar est un terrain priv\u00e9 unique de 5,5 hectares. Il se compose de for\u00eat, de haies, d&#039;eau et de prairies. Nous disposons \u00e9galement d&#039;une grande salle de th\u00e9orie, de douches, de toilettes, d&#039;une cantine, d&#039;un sauna et d&#039;une salle de musculation. Le terrain comprend de nombreux obstacles de survie, un mur de kim et un mur de rappel. Outre un camping, une aire de bivouac est \u00e9galement disponible. Gr\u00e2ce \u00e0 la diversit\u00e9 du terrain, c&#039;est un v\u00e9ritable paradis pour les oiseaux. 62 esp\u00e8ces d&#039;oiseaux diff\u00e9rentes s&#039;y sont reproduites en 2013. Depuis avril 2019, la zone est \u00e9tudi\u00e9e gr\u00e2ce \u00e0 un Bioblitz, qui permet de surveiller la diversit\u00e9 des esp\u00e8ces de Voshaar. Nature Voshaar Outdoor 2025 Obstacles sur le Voshaar","protected":false},"author":2,"featured_media":0,"parent":0,"menu_order":0,"comment_status":"closed","ping_status":"closed","template":"","meta":{"footnotes":""},"class_list":["post-94","page","type-page","status-publish","hentry"],"yoast_head":"<!-- This site is optimized with the Yoast SEO plugin v27.5 - https:\/\/yoast.com\/product\/yoast-seo-wordpress\/ -->\n<title>Voshaar accommodatie - VoshaarOutdoor.com<\/title>\n<meta name=\"robots\" content=\"index, follow, max-snippet:-1, max-image-preview:large, max-video-preview:-1\" \/>\n<link rel=\"canonical\" href=\"https:\/\/voshaaroutdoor.com\/fr\/voshaar-accommodatie\/\" \/>\n<meta property=\"og:locale\" content=\"fr_FR\" \/>\n<meta property=\"og:type\" content=\"article\" \/>\n<meta property=\"og:title\" content=\"Voshaar accommodatie - VoshaarOutdoor.com\" \/>\n<meta property=\"og:url\" content=\"https:\/\/voshaaroutdoor.com\/fr\/voshaar-accommodatie\/\" \/>\n<meta property=\"og:site_name\" content=\"VoshaarOutdoor.com\" \/>\n<meta property=\"article:publisher\" content=\"https:\/\/www.facebook.com\/VoshaarOutdoorandEducation\" \/>\n<meta property=\"article:modified_time\" content=\"2024-12-29T08:36:40+00:00\" \/>\n<meta name=\"twitter:card\" content=\"summary_large_image\" \/>\n<meta name=\"twitter:label1\" content=\"Dur\u00e9e de lecture estim\u00e9e\" \/>\n\t<meta name=\"twitter:data1\" content=\"1 minute\" \/>\n<script type=\"application\/ld+json\" class=\"yoast-schema-graph\">{\"@context\":\"https:\\\/\\\/schema.org\",\"@graph\":[{\"@type\":\"WebPage\",\"@id\":\"https:\\\/\\\/voshaaroutdoor.com\\\/voshaar-accommodatie\\\/\",\"url\":\"https:\\\/\\\/voshaaroutdoor.com\\\/voshaar-accommodatie\\\/\",\"name\":\"Voshaar accommodatie - VoshaarOutdoor.com\",\"isPartOf\":{\"@id\":\"https:\\\/\\\/voshaaroutdoor.com\\\/#website\"},\"primaryImageOfPage\":{\"@id\":\"https:\\\/\\\/voshaaroutdoor.com\\\/voshaar-accommodatie\\\/#primaryimage\"},\"image\":{\"@id\":\"https:\\\/\\\/voshaaroutdoor.com\\\/voshaar-accommodatie\\\/#primaryimage\"},\"thumbnailUrl\":\"https:\\\/\\\/voshaaroutdoor.com\\\/wp-content\\\/uploads\\\/2013\\\/06\\\/100_0057.jpg?w=810\",\"datePublished\":\"2013-06-12T19:20:00+00:00\",\"dateModified\":\"2024-12-29T08:36:40+00:00\",\"breadcrumb\":{\"@id\":\"https:\\\/\\\/voshaaroutdoor.com\\\/voshaar-accommodatie\\\/#breadcrumb\"},\"inLanguage\":\"fr-FR\",\"potentialAction\":[{\"@type\":\"ReadAction\",\"target\":[\"https:\\\/\\\/voshaaroutdoor.com\\\/voshaar-accommodatie\\\/\"]}]},{\"@type\":\"ImageObject\",\"inLanguage\":\"fr-FR\",\"@id\":\"https:\\\/\\\/voshaaroutdoor.com\\\/voshaar-accommodatie\\\/#primaryimage\",\"url\":\"https:\\\/\\\/voshaaroutdoor.com\\\/wp-content\\\/uploads\\\/2013\\\/06\\\/100_0057.jpg?w=810\",\"contentUrl\":\"https:\\\/\\\/voshaaroutdoor.com\\\/wp-content\\\/uploads\\\/2013\\\/06\\\/100_0057.jpg?w=810\"},{\"@type\":\"BreadcrumbList\",\"@id\":\"https:\\\/\\\/voshaaroutdoor.com\\\/voshaar-accommodatie\\\/#breadcrumb\",\"itemListElement\":[{\"@type\":\"ListItem\",\"position\":1,\"name\":\"Home\",\"item\":\"https:\\\/\\\/voshaaroutdoor.com\\\/\"},{\"@type\":\"ListItem\",\"position\":2,\"name\":\"Voshaar accommodatie\"}]},{\"@type\":\"WebSite\",\"@id\":\"https:\\\/\\\/voshaaroutdoor.com\\\/#website\",\"url\":\"https:\\\/\\\/voshaaroutdoor.com\\\/\",\"name\":\"VoshaarOutdoor.com\",\"description\":\"Voshaar Outdoor &amp; Education - Trainingen, cursussen en opleidingen\",\"publisher\":{\"@id\":\"https:\\\/\\\/voshaaroutdoor.com\\\/#organization\"},\"potentialAction\":[{\"@type\":\"SearchAction\",\"target\":{\"@type\":\"EntryPoint\",\"urlTemplate\":\"https:\\\/\\\/voshaaroutdoor.com\\\/?s={search_term_string}\"},\"query-input\":{\"@type\":\"PropertyValueSpecification\",\"valueRequired\":true,\"valueName\":\"search_term_string\"}}],\"inLanguage\":\"fr-FR\"},{\"@type\":\"Organization\",\"@id\":\"https:\\\/\\\/voshaaroutdoor.com\\\/#organization\",\"name\":\"Voshaar Outdoor & Education\",\"url\":\"https:\\\/\\\/voshaaroutdoor.com\\\/\",\"logo\":{\"@type\":\"ImageObject\",\"inLanguage\":\"fr-FR\",\"@id\":\"https:\\\/\\\/voshaaroutdoor.com\\\/#\\\/schema\\\/logo\\\/image\\\/\",\"url\":\"https:\\\/\\\/voshaaroutdoor.com\\\/wp-content\\\/uploads\\\/2021\\\/11\\\/cropped-nieuwe-logo-rood.png\",\"contentUrl\":\"https:\\\/\\\/voshaaroutdoor.com\\\/wp-content\\\/uploads\\\/2021\\\/11\\\/cropped-nieuwe-logo-rood.png\",\"width\":512,\"height\":512,\"caption\":\"Voshaar Outdoor & Education\"},\"image\":{\"@id\":\"https:\\\/\\\/voshaaroutdoor.com\\\/#\\\/schema\\\/logo\\\/image\\\/\"},\"sameAs\":[\"https:\\\/\\\/www.facebook.com\\\/VoshaarOutdoorandEducation\",\"https:\\\/\\\/www.instagram.com\\\/voshaaroutdoorandeducation\\\/\"]}]}<\/script>\n<!-- \/ Yoast SEO plugin. -->","yoast_head_json":{"title":"H\u00e9bergement \u00e0 Voshaar - VoshaarOutdoor.com","robots":{"index":"index","follow":"follow","max-snippet":"max-snippet:-1","max-image-preview":"max-image-preview:large","max-video-preview":"max-video-preview:-1"},"canonical":"https:\/\/voshaaroutdoor.com\/fr\/voshaar-accommodatie\/","og_locale":"fr_FR","og_type":"article","og_title":"Voshaar accommodatie - VoshaarOutdoor.com","og_url":"https:\/\/voshaaroutdoor.com\/fr\/voshaar-accommodatie\/","og_site_name":"VoshaarOutdoor.com","article_publisher":"https:\/\/www.facebook.com\/VoshaarOutdoorandEducation","article_modified_time":"2024-12-29T08:36:40+00:00","twitter_card":"summary_large_image","twitter_misc":{"Dur\u00e9e de lecture estim\u00e9e":"1 minute"},"schema":{"@context":"https:\/\/schema.org","@graph":[{"@type":"WebPage","@id":"https:\/\/voshaaroutdoor.com\/voshaar-accommodatie\/","url":"https:\/\/voshaaroutdoor.com\/voshaar-accommodatie\/","name":"H\u00e9bergement \u00e0 Voshaar - VoshaarOutdoor.com","isPartOf":{"@id":"https:\/\/voshaaroutdoor.com\/#website"},"primaryImageOfPage":{"@id":"https:\/\/voshaaroutdoor.com\/voshaar-accommodatie\/#primaryimage"},"image":{"@id":"https:\/\/voshaaroutdoor.com\/voshaar-accommodatie\/#primaryimage"},"thumbnailUrl":"https:\/\/voshaaroutdoor.com\/wp-content\/uploads\/2013\/06\/100_0057.jpg?w=810","datePublished":"2013-06-12T19:20:00+00:00","dateModified":"2024-12-29T08:36:40+00:00","breadcrumb":{"@id":"https:\/\/voshaaroutdoor.com\/voshaar-accommodatie\/#breadcrumb"},"inLanguage":"fr-FR","potentialAction":[{"@type":"ReadAction","target":["https:\/\/voshaaroutdoor.com\/voshaar-accommodatie\/"]}]},{"@type":"ImageObject","inLanguage":"fr-FR","@id":"https:\/\/voshaaroutdoor.com\/voshaar-accommodatie\/#primaryimage","url":"https:\/\/voshaaroutdoor.com\/wp-content\/uploads\/2013\/06\/100_0057.jpg?w=810","contentUrl":"https:\/\/voshaaroutdoor.com\/wp-content\/uploads\/2013\/06\/100_0057.jpg?w=810"},{"@type":"BreadcrumbList","@id":"https:\/\/voshaaroutdoor.com\/voshaar-accommodatie\/#breadcrumb","itemListElement":[{"@type":"ListItem","position":1,"name":"Home","item":"https:\/\/voshaaroutdoor.com\/"},{"@type":"ListItem","position":2,"name":"Voshaar accommodatie"}]},{"@type":"WebSite","@id":"https:\/\/voshaaroutdoor.com\/#website","url":"https:\/\/voshaaroutdoor.com\/","name":"VoshaarOutdoor.com","description":"Voshaar Outdoor &amp; Education - Formations, cours et \u00e9ducation","publisher":{"@id":"https:\/\/voshaaroutdoor.com\/#organization"},"potentialAction":[{"@type":"SearchAction","target":{"@type":"EntryPoint","urlTemplate":"https:\/\/voshaaroutdoor.com\/?s={search_term_string}"},"query-input":{"@type":"PropertyValueSpecification","valueRequired":true,"valueName":"search_term_string"}}],"inLanguage":"fr-FR"},{"@type":"Organization","@id":"https:\/\/voshaaroutdoor.com\/#organization","name":"Voshaar Plein air et \u00e9ducation","url":"https:\/\/voshaaroutdoor.com\/","logo":{"@type":"ImageObject","inLanguage":"fr-FR","@id":"https:\/\/voshaaroutdoor.com\/#\/schema\/logo\/image\/","url":"https:\/\/voshaaroutdoor.com\/wp-content\/uploads\/2021\/11\/cropped-nieuwe-logo-rood.png","contentUrl":"https:\/\/voshaaroutdoor.com\/wp-content\/uploads\/2021\/11\/cropped-nieuwe-logo-rood.png","width":512,"height":512,"caption":"Voshaar Outdoor & Education"},"image":{"@id":"https:\/\/voshaaroutdoor.com\/#\/schema\/logo\/image\/"},"sameAs":["https:\/\/www.facebook.com\/VoshaarOutdoorandEducation","https:\/\/www.instagram.com\/voshaaroutdoorandeducation\/"]}]}},"_links":{"self":[{"href":"https:\/\/voshaaroutdoor.com\/fr\/wp-json\/wp\/v2\/pages\/94","targetHints":{"allow":["GET"]}}],"collection":[{"href":"https:\/\/voshaaroutdoor.com\/fr\/wp-json\/wp\/v2\/pages"}],"about":[{"href":"https:\/\/voshaaroutdoor.com\/fr\/wp-json\/wp\/v2\/types\/page"}],"author":[{"embeddable":true,"href":"https:\/\/voshaaroutdoor.com\/fr\/wp-json\/wp\/v2\/users\/2"}],"replies":[{"embeddable":true,"href":"https:\/\/voshaaroutdoor.com\/fr\/wp-json\/wp\/v2\/comments?post=94"}],"version-history":[{"count":9,"href":"https:\/\/voshaaroutdoor.com\/fr\/wp-json\/wp\/v2\/pages\/94\/revisions"}],"predecessor-version":[{"id":7229,"href":"https:\/\/voshaaroutdoor.com\/fr\/wp-json\/wp\/v2\/pages\/94\/revisions\/7229"}],"wp:attachment":[{"href":"https:\/\/voshaaroutdoor.com\/fr\/wp-json\/wp\/v2\/media?parent=94"}],"curies":[{"name":"wp","href":"https:\/\/api.w.org\/{rel}","templated":true}]}}