{"id":8201,"date":"2026-03-16T09:48:11","date_gmt":"2026-03-16T09:48:11","guid":{"rendered":"https:\/\/voshaaroutdoor.com\/?page_id=8201"},"modified":"2026-03-16T10:39:05","modified_gmt":"2026-03-16T10:39:05","slug":"predator-safety","status":"publish","type":"page","link":"https:\/\/voshaaroutdoor.com\/fr\/predator-safety\/","title":{"rendered":"S\u00e9curit\u00e9 des pr\u00e9dateurs"},"content":{"rendered":"<div class=\"wpb-content-wrapper\"><div class=\"vc_row wpb_row vc_row-fluid\" ><div class=\"wpb_column vc_column_container vc_col-sm-12\"><div class=\"vc_column-inner\"><div class=\"wpb_wrapper\">\n\t<div  class=\"wpb_single_image wpb_content_element vc_align_center wpb_content_element\">\n\t\t\n\t\t<figure class=\"wpb_wrapper vc_figure\">\n\t\t\t<div class=\"vc_single_image-wrapper   vc_box_border_grey\"><img loading=\"lazy\" decoding=\"async\" width=\"1024\" height=\"536\" src=\"https:\/\/voshaaroutdoor.com\/wp-content\/uploads\/2026\/03\/Predator-safety-1024x536.jpeg\" class=\"vc_single_image-img attachment-large\" alt=\"\" title=\"S\u00e9curit\u00e9 des pr\u00e9dateurs\" srcset=\"https:\/\/voshaaroutdoor.com\/wp-content\/uploads\/2026\/03\/Predator-safety-1024x536.jpeg 1024w, https:\/\/voshaaroutdoor.com\/wp-content\/uploads\/2026\/03\/Predator-safety-300x157.jpeg 300w, https:\/\/voshaaroutdoor.com\/wp-content\/uploads\/2026\/03\/Predator-safety-768x402.jpeg 768w, https:\/\/voshaaroutdoor.com\/wp-content\/uploads\/2026\/03\/Predator-safety-18x9.jpeg 18w, https:\/\/voshaaroutdoor.com\/wp-content\/uploads\/2026\/03\/Predator-safety.jpeg 1200w\" sizes=\"auto, (max-width: 1024px) 100vw, 1024px\" \/><\/div>\n\t\t<\/figure>\n\t<\/div>\n<div class=\"vc_empty_space\"   style=\"height: 32px\"><span class=\"vc_empty_space_inner\"><\/span><\/div><\/div><\/div><\/div><\/div><div class=\"vc_row wpb_row vc_row-fluid\" ><div class=\"wpb_column vc_column_container vc_col-sm-12\"><div class=\"vc_column-inner\"><div class=\"wpb_wrapper\">\n\t<div class=\"wpb_text_column wpb_content_element\" >\n\t\t<div class=\"wpb_wrapper\">\n\t\t\t<p style=\"text-align: center;\">S\u00e9curit\u00e9 dans les zones abritant de grands pr\u00e9dateurs.<br \/>\nEurope et Am\u00e9rique du Nord<\/p>\n<p style=\"text-align: center;\">La population de grands pr\u00e9dateurs est en augmentation dans certaines r\u00e9gions d&#039;Europe et d&#039;Am\u00e9rique du Nord. Par cons\u00e9quent, les risques de rencontrer un loup, un ours ou un puma s&#039;accroissent. De plus, de plus en plus de personnes s&#039;aventurent en montagne et en for\u00eat, souvent sans pr\u00e9paration face \u00e0 ces animaux. Ce cours vous expliquera les bonnes pratiques et les erreurs \u00e0 \u00e9viter. Vous d\u00e9couvrirez \u00e9galement le comportement et le mode de vie des diff\u00e9rentes esp\u00e8ces, leur r\u00e9partition g\u00e9ographique, les mesures \u00e0 prendre pour limiter les risques, etc.<\/p>\n<p style=\"text-align: center;\">Vous fr\u00e9quentez des zones abritant des pr\u00e9dateurs \u00e0 des fins r\u00e9cr\u00e9atives\u00a0? Dans ce cas, je vous recommande vivement de suivre cette formation. Vous \u00eates guide\u00a0? Alors cette formation est absolument indispensable. Non seulement pour votre propre s\u00e9curit\u00e9, mais aussi pour celle des animaux. En cas de probl\u00e8me avec les animaux sauvages, ce sont presque toujours les animaux qui en p\u00e2tissent, alors que la faute incombe g\u00e9n\u00e9ralement aux humains. De plus, en tant que guide, vous avez un devoir de sensibilisation envers vos clients et les animaux que vous c\u00f4toyez. Plus vous en savez sur les animaux, moins vous prenez de risques (voire aucun risque).<br \/>\nLa peur, les malentendus et les incidents sont g\u00e9n\u00e9ralement li\u00e9s \u00e0 un manque de connaissances.<\/p>\n\n\t\t<\/div>\n\t<\/div>\n<div class=\"vc_empty_space\"   style=\"height: 32px\"><span class=\"vc_empty_space_inner\"><\/span><\/div><\/div><\/div><\/div><\/div><div class=\"vc_row wpb_row vc_row-fluid\" ><div class=\"wpb_column vc_column_container vc_col-sm-12\"><div class=\"vc_column-inner\"><div class=\"wpb_wrapper\">\n\t<div  class=\"wpb_single_image wpb_content_element vc_align_center wpb_content_element\">\n\t\t\n\t\t<figure class=\"wpb_wrapper vc_figure\">\n\t\t\t<div class=\"vc_single_image-wrapper   vc_box_border_grey\"><img loading=\"lazy\" decoding=\"async\" width=\"1024\" height=\"380\" src=\"https:\/\/voshaaroutdoor.com\/wp-content\/uploads\/2023\/05\/Grizzly-2021-11.Movie_Snapshot-1024x380.jpg\" class=\"vc_single_image-img attachment-large\" alt=\"\" title=\"Grizzly 2021 (11).Film_Instantan\u00e9\" srcset=\"https:\/\/voshaaroutdoor.com\/wp-content\/uploads\/2023\/05\/Grizzly-2021-11.Movie_Snapshot-1024x380.jpg 1024w, https:\/\/voshaaroutdoor.com\/wp-content\/uploads\/2023\/05\/Grizzly-2021-11.Movie_Snapshot-300x111.jpg 300w, https:\/\/voshaaroutdoor.com\/wp-content\/uploads\/2023\/05\/Grizzly-2021-11.Movie_Snapshot-768x285.jpg 768w, https:\/\/voshaaroutdoor.com\/wp-content\/uploads\/2023\/05\/Grizzly-2021-11.Movie_Snapshot-1536x570.jpg 1536w, https:\/\/voshaaroutdoor.com\/wp-content\/uploads\/2023\/05\/Grizzly-2021-11.Movie_Snapshot.jpg 1913w\" sizes=\"auto, (max-width: 1024px) 100vw, 1024px\" \/><\/div>\n\t\t<\/figure>\n\t<\/div>\n\n\t<div class=\"wpb_text_column wpb_content_element\" >\n\t\t<div class=\"wpb_wrapper\">\n\t\t\t<div class=\"vc_row wpb_row vc_row-fluid\">\n<div class=\"wpb_column vc_column_container vc_col-sm-12\">\n<div class=\"vc_column-inner\">\n<div class=\"wpb_wrapper\">\n<div class=\"wpb_text_column wpb_content_element\">\n<div class=\"wpb_wrapper\">\n<p style=\"text-align: center;\">Le responsable du stage est Raoul Kluivers. Fort d&#039;une longue exp\u00e9rience avec les grands pr\u00e9dateurs au Canada et en Europe, Raoul parcourt les for\u00eats, les vall\u00e9es et les montagnes, tant pour son travail que par passion, \u00e0 la recherche d&#039;ours, de loups, de couguars et d&#039;autres animaux. \u00c0 ce jour, il a observ\u00e9 plus de 200 ours, des dizaines de loups, plusieurs lynx et quelques couguars.<\/p>\n<\/div>\n<\/div>\n<div class=\"vc_empty_space\" style=\"text-align: center;\"><\/div>\n<\/div>\n<\/div>\n<\/div>\n<\/div>\n<div class=\"vc_row wpb_row vc_row-fluid\">\n<div class=\"wpb_column vc_column_container vc_col-sm-12\">\n<div class=\"vc_column-inner\">\n<div class=\"wpb_wrapper\">\n<div class=\"wpb_text_column wpb_content_element\">\n<div class=\"wpb_wrapper\">\n<p style=\"text-align: center;\">Nous couvrons les types suivants<br \/>\n\u2013 Ours brun (europ\u00e9en et grizzly)<br \/>\n\u2013 Ours noir am\u00e9ricain<br \/>\n\u2013 Puma<br \/>\n- Loup<br \/>\n\u2013 Chacal<br \/>\n\u2013 Coyote<br \/>\n\u2013 Lynx d&#039;Europe<br \/>\n\u2013 Lynx du Canada<br \/>\n\u2013 Lynx ib\u00e9rique<br \/>\n\u2013 Lynx roux \/ Lynx rouge<br \/>\n\u2013 Glouton<\/p>\n<\/div>\n<\/div>\n<\/div>\n<\/div>\n<\/div>\n<\/div>\n\n\t\t<\/div>\n\t<\/div>\n<div class=\"vc_empty_space\"   style=\"height: 32px\"><span class=\"vc_empty_space_inner\"><\/span><\/div><\/div><\/div><\/div><\/div><div class=\"vc_row wpb_row vc_row-fluid\" ><div class=\"wpb_column vc_column_container vc_col-sm-12\"><div class=\"vc_column-inner\"><div class=\"wpb_wrapper\">\n\t<div  class=\"wpb_single_image wpb_content_element vc_align_center wpb_content_element\">\n\t\t\n\t\t<figure class=\"wpb_wrapper vc_figure\">\n\t\t\t<div class=\"vc_single_image-wrapper   vc_box_border_grey\"><img loading=\"lazy\" decoding=\"async\" width=\"1024\" height=\"393\" src=\"https:\/\/voshaaroutdoor.com\/wp-content\/uploads\/2023\/05\/Nieuwe-film-5-15.Film_Snapshot-1024x393.jpg\" class=\"vc_single_image-img attachment-large\" alt=\"\" title=\"Nouveau film (5) (15).Film_Snapshot\" srcset=\"https:\/\/voshaaroutdoor.com\/wp-content\/uploads\/2023\/05\/Nieuwe-film-5-15.Film_Snapshot-1024x393.jpg 1024w, https:\/\/voshaaroutdoor.com\/wp-content\/uploads\/2023\/05\/Nieuwe-film-5-15.Film_Snapshot-300x115.jpg 300w, https:\/\/voshaaroutdoor.com\/wp-content\/uploads\/2023\/05\/Nieuwe-film-5-15.Film_Snapshot-768x295.jpg 768w, https:\/\/voshaaroutdoor.com\/wp-content\/uploads\/2023\/05\/Nieuwe-film-5-15.Film_Snapshot-1536x589.jpg 1536w, https:\/\/voshaaroutdoor.com\/wp-content\/uploads\/2023\/05\/Nieuwe-film-5-15.Film_Snapshot.jpg 1913w\" sizes=\"auto, (max-width: 1024px) 100vw, 1024px\" \/><\/div>\n\t\t<\/figure>\n\t<\/div>\n<div class=\"vc_empty_space\"   style=\"height: 32px\"><span class=\"vc_empty_space_inner\"><\/span><\/div><\/div><\/div><\/div><\/div><div class=\"vc_row wpb_row vc_row-fluid\" ><div class=\"wpb_column vc_column_container vc_col-sm-12\"><div class=\"vc_column-inner\"><div class=\"wpb_wrapper\">\n\t<div class=\"wpb_text_column wpb_content_element\" >\n\t\t<div class=\"wpb_wrapper\">\n\t\t\t<p style=\"text-align: center;\">Outre les connaissances th\u00e9oriques, nous passerons \u00e9galement \u00e0 la pratique. Une nuit sur place est pr\u00e9vue, durant laquelle les participants construiront un campement \u00e0 l&#039;\u00e9preuve des ours.<\/p>\n<p style=\"text-align: center;\">Jour 1 : 10h30 \u2013 18h00<br \/>\ns\u00e9jour d&#039;une nuit<br \/>\nJour 2 : 09h00 \u2013 11h00<br \/>\nLa formation se termine par un examen th\u00e9orique. Si vous r\u00e9ussissez cet examen et que vous avez enti\u00e8rement valid\u00e9 la partie pratique, vous obtenez le certificat Predator Safety.<\/p>\n<p style=\"text-align: center;\">Frais<br \/>\nComprend l&#039;h\u00e9bergement, le test et la certification\u00a0:<br \/>\n\u20ac 130,-<br \/>\n(hors repas et boissons).<\/p>\n<p style=\"text-align: center;\">Dates : 13 et 14 juin 2026<\/p>\n<p style=\"text-align: center;\">Liste des mat\u00e9riaux<br \/>\n\u2013 De bons v\u00eatements et chaussures<br \/>\n\u2013 Stylo, papier, ordinateur portable \/ tablette \/ smartphone (avec \u00e9couteurs)<br \/>\n\u2013 Mat\u00e9riel de camping (pour les s\u00e9jours d&#039;une nuit)<br \/>\n\u2013 \u00c9quipement de cuisine \u2013 r\u00e9chaud (pour un s\u00e9jour d&#039;une nuit)<br \/>\n\u2013 Nourriture, boissons.<br \/>\n\u2013 Sac \u00e0 dos (et sacs \u00e9tanches si vous en avez)<\/p>\n\n\t\t<\/div>\n\t<\/div>\n<div class=\"vc_empty_space\"   style=\"height: 32px\"><span class=\"vc_empty_space_inner\"><\/span><\/div><\/div><\/div><\/div><\/div><div class=\"vc_row wpb_row vc_row-fluid\" ><div class=\"wpb_column vc_column_container vc_col-sm-12\"><div class=\"vc_column-inner\"><div class=\"wpb_wrapper\"><div class=\"vc_btn3-container vc_btn3-center vc_do_btn\" ><a class=\"vc_general vc_btn3 vc_btn3-size-md vc_btn3-shape-rounded vc_btn3-style-modern vc_btn3-color-grey\" href=\"https:\/\/www.nowonlinetickets.nl\/Shop\/EventDetails\/B094B8DD3B920A2E3E2D15083AC8789E\" title=\"\" target=\"_blank\">s&#039;inscrire<\/a><\/div><div class=\"vc_empty_space\"   style=\"height: 32px\"><span class=\"vc_empty_space_inner\"><\/span><\/div><div class=\"vc_btn3-container vc_btn3-center vc_do_btn\" ><a class=\"vc_general vc_btn3 vc_btn3-size-md vc_btn3-shape-rounded vc_btn3-style-modern vc_btn3-color-grey\" href=\"https:\/\/voshaaroutdoor.com\/fr\/inlog-predator-safety\/\" title=\"\" target=\"_blank\">Connexion : Mat\u00e9riel de cours<\/a><\/div><div class=\"vc_empty_space\"   style=\"height: 32px\"><span class=\"vc_empty_space_inner\"><\/span><\/div><\/div><\/div><\/div><\/div><div class=\"vc_row wpb_row vc_row-fluid\" ><div class=\"wpb_column vc_column_container vc_col-sm-12\"><div class=\"vc_column-inner\"><div class=\"wpb_wrapper\">\n\t<div class=\"wpb_video_widget wpb_content_element vc_clearfix   vc_video-aspect-ratio-169 vc_video-el-width-100 vc_video-align-center\" >\n\t\t<div class=\"wpb_wrapper\">\n\t\t\t\n\t\t\t<div class=\"wpb_video_wrapper\"><iframe loading=\"lazy\" title=\"Pr\u00e9dateurs 2.0\" src=\"https:\/\/player.vimeo.com\/video\/884331532?dnt=1&amp;app_id=122963\" width=\"500\" height=\"281\" frameborder=\"0\" allow=\"autoplay; fullscreen; picture-in-picture; clipboard-write; encrypted-media; web-share\" referrerpolicy=\"strict-origin-when-cross-origin\"><\/iframe><\/div>\n\t\t<\/div>\n\t<\/div>\n<div class=\"vc_empty_space\"   style=\"height: 32px\"><span class=\"vc_empty_space_inner\"><\/span><\/div><\/div><\/div><\/div><\/div><div class=\"vc_row wpb_row vc_row-fluid\" ><div class=\"wpb_column vc_column_container vc_col-sm-12\"><div class=\"vc_column-inner\"><div class=\"wpb_wrapper\">\n\t<div  class=\"wpb_single_image wpb_content_element vc_align_center wpb_content_element\">\n\t\t\n\t\t<figure class=\"wpb_wrapper vc_figure\">\n\t\t\t<div class=\"vc_single_image-wrapper   vc_box_border_grey\"><img loading=\"lazy\" decoding=\"async\" width=\"1024\" height=\"768\" src=\"https:\/\/voshaaroutdoor.com\/wp-content\/uploads\/2026\/03\/griz-country-1024x768.jpg\" class=\"vc_single_image-img attachment-large\" alt=\"\" title=\"Pays des Griz\" srcset=\"https:\/\/voshaaroutdoor.com\/wp-content\/uploads\/2026\/03\/griz-country-1024x768.jpg 1024w, https:\/\/voshaaroutdoor.com\/wp-content\/uploads\/2026\/03\/griz-country-300x225.jpg 300w, https:\/\/voshaaroutdoor.com\/wp-content\/uploads\/2026\/03\/griz-country-768x576.jpg 768w, https:\/\/voshaaroutdoor.com\/wp-content\/uploads\/2026\/03\/griz-country-16x12.jpg 16w, https:\/\/voshaaroutdoor.com\/wp-content\/uploads\/2026\/03\/griz-country.jpg 1536w\" sizes=\"auto, (max-width: 1024px) 100vw, 1024px\" \/><\/div>\n\t\t<\/figure>\n\t<\/div>\n<div class=\"vc_empty_space\"   style=\"height: 32px\"><span class=\"vc_empty_space_inner\"><\/span><\/div><\/div><\/div><\/div><\/div>\n<\/div>","protected":false},"excerpt":{"rendered":"Veiligheid in gebieden met grote roofdieren. Europa en Noord Amerika Grote roofdieren zijn bezig met een opmars in gedeeltes van Europa en ook in Noord Amerika. Dat betekend dat de kans om een wolf, beer of poema tegen te komen ook groter wordt. Daarnaast gaan steeds meer mensen de bergen en bossen in, vaak onvoorbereid op ontmoetingen met deze dieren. In deze cursus behandelen we wat wel te doen en wat niet. Daarnaast leer je over het gedrag en de leefwijze van de verschillende soorten. Waar komen ze voor, wat zijn de maatregelen die je kunt nemen om de risico\u2019s te beperken en ga zo maar door. Kom je recreatief in gebieden met roofdieren? Dan raad ik je aan deze cursus te volgen. Ben je een gids? Dan is deze cursus eigenlijk een \u2018must\u2019. Niet alleen voor je eigen veiligheid, maar ook voor de veiligheid van de dieren. Zijn er [...]","protected":false},"author":4,"featured_media":8202,"parent":0,"menu_order":0,"comment_status":"closed","ping_status":"closed","template":"","meta":{"footnotes":""},"class_list":["post-8201","page","type-page","status-publish","has-post-thumbnail","hentry"],"yoast_head":"<!-- This site is optimized with the Yoast SEO plugin v27.4 - https:\/\/yoast.com\/product\/yoast-seo-wordpress\/ -->\n<title>Predator Safety - VoshaarOutdoor.com<\/title>\n<meta name=\"robots\" content=\"index, follow, max-snippet:-1, max-image-preview:large, max-video-preview:-1\" \/>\n<link rel=\"canonical\" href=\"https:\/\/voshaaroutdoor.com\/fr\/predator-safety\/\" \/>\n<meta property=\"og:locale\" content=\"fr_FR\" \/>\n<meta property=\"og:type\" content=\"article\" \/>\n<meta property=\"og:title\" content=\"Predator\" \/>\n<meta property=\"og:description\" content=\"Veiligheid in gebieden met grote roofdieren.\" \/>\n<meta property=\"og:url\" content=\"https:\/\/voshaaroutdoor.com\/fr\/predator-safety\/\" \/>\n<meta property=\"og:site_name\" content=\"VoshaarOutdoor.com\" \/>\n<meta property=\"article:publisher\" content=\"https:\/\/www.facebook.com\/VoshaarOutdoorandEducation\" \/>\n<meta property=\"article:modified_time\" content=\"2026-03-16T10:39:05+00:00\" \/>\n<meta property=\"og:image\" content=\"https:\/\/voshaaroutdoor.com\/wp-content\/uploads\/2026\/03\/Predator-safety.jpeg\" \/>\n\t<meta property=\"og:image:width\" content=\"1200\" \/>\n\t<meta property=\"og:image:height\" content=\"628\" \/>\n\t<meta property=\"og:image:type\" content=\"image\/jpeg\" \/>\n<meta name=\"twitter:card\" content=\"summary_large_image\" \/>\n<meta name=\"twitter:label1\" content=\"Dur\u00e9e de lecture estim\u00e9e\" \/>\n\t<meta name=\"twitter:data1\" content=\"4 minutes\" \/>\n<script type=\"application\/ld+json\" class=\"yoast-schema-graph\">{\"@context\":\"https:\\\/\\\/schema.org\",\"@graph\":[{\"@type\":\"WebPage\",\"@id\":\"https:\\\/\\\/voshaaroutdoor.com\\\/predator-safety\\\/\",\"url\":\"https:\\\/\\\/voshaaroutdoor.com\\\/predator-safety\\\/\",\"name\":\"Predator Safety - VoshaarOutdoor.com\",\"isPartOf\":{\"@id\":\"https:\\\/\\\/voshaaroutdoor.com\\\/#website\"},\"primaryImageOfPage\":{\"@id\":\"https:\\\/\\\/voshaaroutdoor.com\\\/predator-safety\\\/#primaryimage\"},\"image\":{\"@id\":\"https:\\\/\\\/voshaaroutdoor.com\\\/predator-safety\\\/#primaryimage\"},\"thumbnailUrl\":\"https:\\\/\\\/voshaaroutdoor.com\\\/wp-content\\\/uploads\\\/2026\\\/03\\\/Predator-safety.jpeg\",\"datePublished\":\"2026-03-16T09:48:11+00:00\",\"dateModified\":\"2026-03-16T10:39:05+00:00\",\"breadcrumb\":{\"@id\":\"https:\\\/\\\/voshaaroutdoor.com\\\/predator-safety\\\/#breadcrumb\"},\"inLanguage\":\"fr-FR\",\"potentialAction\":[{\"@type\":\"ReadAction\",\"target\":[\"https:\\\/\\\/voshaaroutdoor.com\\\/predator-safety\\\/\"]}]},{\"@type\":\"ImageObject\",\"inLanguage\":\"fr-FR\",\"@id\":\"https:\\\/\\\/voshaaroutdoor.com\\\/predator-safety\\\/#primaryimage\",\"url\":\"https:\\\/\\\/voshaaroutdoor.com\\\/wp-content\\\/uploads\\\/2026\\\/03\\\/Predator-safety.jpeg\",\"contentUrl\":\"https:\\\/\\\/voshaaroutdoor.com\\\/wp-content\\\/uploads\\\/2026\\\/03\\\/Predator-safety.jpeg\",\"width\":1200,\"height\":628},{\"@type\":\"BreadcrumbList\",\"@id\":\"https:\\\/\\\/voshaaroutdoor.com\\\/predator-safety\\\/#breadcrumb\",\"itemListElement\":[{\"@type\":\"ListItem\",\"position\":1,\"name\":\"Home\",\"item\":\"https:\\\/\\\/voshaaroutdoor.com\\\/\"},{\"@type\":\"ListItem\",\"position\":2,\"name\":\"Predator Safety\"}]},{\"@type\":\"WebSite\",\"@id\":\"https:\\\/\\\/voshaaroutdoor.com\\\/#website\",\"url\":\"https:\\\/\\\/voshaaroutdoor.com\\\/\",\"name\":\"VoshaarOutdoor.com\",\"description\":\"Voshaar Outdoor &amp; Education - Trainingen, cursussen en opleidingen\",\"publisher\":{\"@id\":\"https:\\\/\\\/voshaaroutdoor.com\\\/#organization\"},\"potentialAction\":[{\"@type\":\"SearchAction\",\"target\":{\"@type\":\"EntryPoint\",\"urlTemplate\":\"https:\\\/\\\/voshaaroutdoor.com\\\/?s={search_term_string}\"},\"query-input\":{\"@type\":\"PropertyValueSpecification\",\"valueRequired\":true,\"valueName\":\"search_term_string\"}}],\"inLanguage\":\"fr-FR\"},{\"@type\":\"Organization\",\"@id\":\"https:\\\/\\\/voshaaroutdoor.com\\\/#organization\",\"name\":\"Voshaar Outdoor & Education\",\"url\":\"https:\\\/\\\/voshaaroutdoor.com\\\/\",\"logo\":{\"@type\":\"ImageObject\",\"inLanguage\":\"fr-FR\",\"@id\":\"https:\\\/\\\/voshaaroutdoor.com\\\/#\\\/schema\\\/logo\\\/image\\\/\",\"url\":\"https:\\\/\\\/voshaaroutdoor.com\\\/wp-content\\\/uploads\\\/2021\\\/11\\\/cropped-nieuwe-logo-rood.png\",\"contentUrl\":\"https:\\\/\\\/voshaaroutdoor.com\\\/wp-content\\\/uploads\\\/2021\\\/11\\\/cropped-nieuwe-logo-rood.png\",\"width\":512,\"height\":512,\"caption\":\"Voshaar Outdoor & Education\"},\"image\":{\"@id\":\"https:\\\/\\\/voshaaroutdoor.com\\\/#\\\/schema\\\/logo\\\/image\\\/\"},\"sameAs\":[\"https:\\\/\\\/www.facebook.com\\\/VoshaarOutdoorandEducation\",\"https:\\\/\\\/www.instagram.com\\\/voshaaroutdoorandeducation\\\/\"]}]}<\/script>\n<!-- \/ Yoast SEO plugin. -->","yoast_head_json":{"title":"Predator Safety - VoshaarOutdoor.com","robots":{"index":"index","follow":"follow","max-snippet":"max-snippet:-1","max-image-preview":"max-image-preview:large","max-video-preview":"max-video-preview:-1"},"canonical":"https:\/\/voshaaroutdoor.com\/fr\/predator-safety\/","og_locale":"fr_FR","og_type":"article","og_title":"Predator","og_description":"Veiligheid in gebieden met grote roofdieren.","og_url":"https:\/\/voshaaroutdoor.com\/fr\/predator-safety\/","og_site_name":"VoshaarOutdoor.com","article_publisher":"https:\/\/www.facebook.com\/VoshaarOutdoorandEducation","article_modified_time":"2026-03-16T10:39:05+00:00","og_image":[{"width":1200,"height":628,"url":"https:\/\/voshaaroutdoor.com\/wp-content\/uploads\/2026\/03\/Predator-safety.jpeg","type":"image\/jpeg"}],"twitter_card":"summary_large_image","twitter_misc":{"Dur\u00e9e de lecture estim\u00e9e":"4 minutes"},"schema":{"@context":"https:\/\/schema.org","@graph":[{"@type":"WebPage","@id":"https:\/\/voshaaroutdoor.com\/predator-safety\/","url":"https:\/\/voshaaroutdoor.com\/predator-safety\/","name":"Predator Safety - VoshaarOutdoor.com","isPartOf":{"@id":"https:\/\/voshaaroutdoor.com\/#website"},"primaryImageOfPage":{"@id":"https:\/\/voshaaroutdoor.com\/predator-safety\/#primaryimage"},"image":{"@id":"https:\/\/voshaaroutdoor.com\/predator-safety\/#primaryimage"},"thumbnailUrl":"https:\/\/voshaaroutdoor.com\/wp-content\/uploads\/2026\/03\/Predator-safety.jpeg","datePublished":"2026-03-16T09:48:11+00:00","dateModified":"2026-03-16T10:39:05+00:00","breadcrumb":{"@id":"https:\/\/voshaaroutdoor.com\/predator-safety\/#breadcrumb"},"inLanguage":"fr-FR","potentialAction":[{"@type":"ReadAction","target":["https:\/\/voshaaroutdoor.com\/predator-safety\/"]}]},{"@type":"ImageObject","inLanguage":"fr-FR","@id":"https:\/\/voshaaroutdoor.com\/predator-safety\/#primaryimage","url":"https:\/\/voshaaroutdoor.com\/wp-content\/uploads\/2026\/03\/Predator-safety.jpeg","contentUrl":"https:\/\/voshaaroutdoor.com\/wp-content\/uploads\/2026\/03\/Predator-safety.jpeg","width":1200,"height":628},{"@type":"BreadcrumbList","@id":"https:\/\/voshaaroutdoor.com\/predator-safety\/#breadcrumb","itemListElement":[{"@type":"ListItem","position":1,"name":"Home","item":"https:\/\/voshaaroutdoor.com\/"},{"@type":"ListItem","position":2,"name":"Predator Safety"}]},{"@type":"WebSite","@id":"https:\/\/voshaaroutdoor.com\/#website","url":"https:\/\/voshaaroutdoor.com\/","name":"VoshaarOutdoor.com","description":"Voshaar Outdoor &amp; Education - Formations, cours et \u00e9ducation","publisher":{"@id":"https:\/\/voshaaroutdoor.com\/#organization"},"potentialAction":[{"@type":"SearchAction","target":{"@type":"EntryPoint","urlTemplate":"https:\/\/voshaaroutdoor.com\/?s={search_term_string}"},"query-input":{"@type":"PropertyValueSpecification","valueRequired":true,"valueName":"search_term_string"}}],"inLanguage":"fr-FR"},{"@type":"Organization","@id":"https:\/\/voshaaroutdoor.com\/#organization","name":"Voshaar Plein air et \u00e9ducation","url":"https:\/\/voshaaroutdoor.com\/","logo":{"@type":"ImageObject","inLanguage":"fr-FR","@id":"https:\/\/voshaaroutdoor.com\/#\/schema\/logo\/image\/","url":"https:\/\/voshaaroutdoor.com\/wp-content\/uploads\/2021\/11\/cropped-nieuwe-logo-rood.png","contentUrl":"https:\/\/voshaaroutdoor.com\/wp-content\/uploads\/2021\/11\/cropped-nieuwe-logo-rood.png","width":512,"height":512,"caption":"Voshaar Outdoor & Education"},"image":{"@id":"https:\/\/voshaaroutdoor.com\/#\/schema\/logo\/image\/"},"sameAs":["https:\/\/www.facebook.com\/VoshaarOutdoorandEducation","https:\/\/www.instagram.com\/voshaaroutdoorandeducation\/"]}]}},"_links":{"self":[{"href":"https:\/\/voshaaroutdoor.com\/fr\/wp-json\/wp\/v2\/pages\/8201","targetHints":{"allow":["GET"]}}],"collection":[{"href":"https:\/\/voshaaroutdoor.com\/fr\/wp-json\/wp\/v2\/pages"}],"about":[{"href":"https:\/\/voshaaroutdoor.com\/fr\/wp-json\/wp\/v2\/types\/page"}],"author":[{"embeddable":true,"href":"https:\/\/voshaaroutdoor.com\/fr\/wp-json\/wp\/v2\/users\/4"}],"replies":[{"embeddable":true,"href":"https:\/\/voshaaroutdoor.com\/fr\/wp-json\/wp\/v2\/comments?post=8201"}],"version-history":[{"count":4,"href":"https:\/\/voshaaroutdoor.com\/fr\/wp-json\/wp\/v2\/pages\/8201\/revisions"}],"predecessor-version":[{"id":8222,"href":"https:\/\/voshaaroutdoor.com\/fr\/wp-json\/wp\/v2\/pages\/8201\/revisions\/8222"}],"wp:featuredmedia":[{"embeddable":true,"href":"https:\/\/voshaaroutdoor.com\/fr\/wp-json\/wp\/v2\/media\/8202"}],"wp:attachment":[{"href":"https:\/\/voshaaroutdoor.com\/fr\/wp-json\/wp\/v2\/media?parent=8201"}],"curies":[{"name":"wp","href":"https:\/\/api.w.org\/{rel}","templated":true}]}}