{"id":8193,"date":"2026-03-16T08:24:57","date_gmt":"2026-03-16T08:24:57","guid":{"rendered":"https:\/\/voshaaroutdoor.com\/?page_id=8193"},"modified":"2026-04-10T07:55:50","modified_gmt":"2026-04-10T07:55:50","slug":"iga-hiking-guide-wilderness-leader","status":"publish","type":"page","link":"https:\/\/voshaaroutdoor.com\/fr\/iga-hiking-guide-wilderness-leader\/","title":{"rendered":"Guide de randonn\u00e9e IGA - Accompagnateur en milieu sauvage"},"content":{"rendered":"<div class=\"wpb-content-wrapper\"><div class=\"vc_row wpb_row vc_row-fluid\" ><div class=\"wpb_column vc_column_container vc_col-sm-12\"><div class=\"vc_column-inner\"><div class=\"wpb_wrapper\">\n\t<div  class=\"wpb_single_image wpb_content_element vc_align_center wpb_content_element\">\n\t\t\n\t\t<figure class=\"wpb_wrapper vc_figure\">\n\t\t\t<div class=\"vc_single_image-wrapper   vc_box_border_grey\"><img loading=\"lazy\" decoding=\"async\" width=\"819\" height=\"1024\" src=\"https:\/\/voshaaroutdoor.com\/wp-content\/uploads\/2026\/04\/Wilderness-Leader-819x1024.jpeg\" class=\"vc_single_image-img attachment-large\" alt=\"\" title=\"Chef de la nature\" srcset=\"https:\/\/voshaaroutdoor.com\/wp-content\/uploads\/2026\/04\/Wilderness-Leader-819x1024.jpeg 819w, https:\/\/voshaaroutdoor.com\/wp-content\/uploads\/2026\/04\/Wilderness-Leader-240x300.jpeg 240w, https:\/\/voshaaroutdoor.com\/wp-content\/uploads\/2026\/04\/Wilderness-Leader-768x960.jpeg 768w, https:\/\/voshaaroutdoor.com\/wp-content\/uploads\/2026\/04\/Wilderness-Leader-1229x1536.jpeg 1229w, https:\/\/voshaaroutdoor.com\/wp-content\/uploads\/2026\/04\/Wilderness-Leader-1638x2048.jpeg 1638w, https:\/\/voshaaroutdoor.com\/wp-content\/uploads\/2026\/04\/Wilderness-Leader-10x12.jpeg 10w\" sizes=\"auto, (max-width: 819px) 100vw, 819px\" \/><\/div>\n\t\t<\/figure>\n\t<\/div>\n<div class=\"vc_empty_space\"   style=\"height: 32px\"><span class=\"vc_empty_space_inner\"><\/span><\/div><\/div><\/div><\/div><\/div><div class=\"vc_row wpb_row vc_row-fluid\" ><div class=\"wpb_column vc_column_container vc_col-sm-12\"><div class=\"vc_column-inner\"><div class=\"wpb_wrapper\">\n\t<div class=\"wpb_text_column wpb_content_element\" >\n\t\t<div class=\"wpb_wrapper\">\n\t\t\t<p style=\"text-align: center;\">La formation de guide de randonn\u00e9e IGA \u2013 accompagnateur en milieu sauvage vise principalement \u00e0 encadrer des randonn\u00e9es ax\u00e9es sur la nature. Elle comprend l&#039;accompagnement de groupes et la gestion de situations sur le terrain. Elle aborde \u00e9galement l&#039;enseignement et l&#039;animation de groupes, la s\u00e9curit\u00e9, ainsi que la pr\u00e9paration des excursions et des randonn\u00e9es (\u00e0 la journ\u00e9e).<\/p>\n<p style=\"text-align: center;\">Le programme doit \u00eatre termin\u00e9 avant le 31 d\u00e9cembre de l&#039;ann\u00e9e universitaire.<\/p>\n<p style=\"text-align: center;\">Apr\u00e8s avoir suivi la formation de \u2018 Guide en milieu sauvage \u2019, vous pourrez guider dans de nombreuses r\u00e9gions du monde, y compris les parcs nationaux des montagnes Rocheuses au Canada (Jasper, Banff, Kootenay, Yoho).<\/p>\n<p style=\"text-align: center;\">Les participants doivent ma\u00eetriser l&#039;anglais.<\/p>\n\n\t\t<\/div>\n\t<\/div>\n<div class=\"vc_empty_space\"   style=\"height: 32px\"><span class=\"vc_empty_space_inner\"><\/span><\/div><\/div><\/div><\/div><\/div><div class=\"vc_row wpb_row vc_row-fluid\" ><div class=\"wpb_column vc_column_container vc_col-sm-12\"><div class=\"vc_column-inner\"><div class=\"wpb_wrapper\">\n\t<div  class=\"wpb_single_image wpb_content_element vc_align_center wpb_content_element\">\n\t\t\n\t\t<figure class=\"wpb_wrapper vc_figure\">\n\t\t\t<div class=\"vc_single_image-wrapper   vc_box_border_grey\"><img loading=\"lazy\" decoding=\"async\" width=\"1024\" height=\"529\" src=\"https:\/\/voshaaroutdoor.com\/wp-content\/uploads\/2026\/03\/bo-WL-1024x529.jpg\" class=\"vc_single_image-img attachment-large\" alt=\"\" title=\"bol\" srcset=\"https:\/\/voshaaroutdoor.com\/wp-content\/uploads\/2026\/03\/bo-WL-1024x529.jpg 1024w, https:\/\/voshaaroutdoor.com\/wp-content\/uploads\/2026\/03\/bo-WL-300x155.jpg 300w, https:\/\/voshaaroutdoor.com\/wp-content\/uploads\/2026\/03\/bo-WL-768x396.jpg 768w, https:\/\/voshaaroutdoor.com\/wp-content\/uploads\/2026\/03\/bo-WL-1536x793.jpg 1536w, https:\/\/voshaaroutdoor.com\/wp-content\/uploads\/2026\/03\/bo-WL-18x9.jpg 18w\" sizes=\"auto, (max-width: 1024px) 100vw, 1024px\" \/><\/div>\n\t\t<\/figure>\n\t<\/div>\n<div class=\"vc_empty_space\"   style=\"height: 32px\"><span class=\"vc_empty_space_inner\"><\/span><\/div><\/div><\/div><\/div><\/div><div class=\"vc_row wpb_row vc_row-fluid\" ><div class=\"wpb_column vc_column_container vc_col-sm-12\"><div class=\"vc_column-inner\"><div class=\"wpb_wrapper\">\n\t<div class=\"wpb_text_column wpb_content_element\" >\n\t\t<div class=\"wpb_wrapper\">\n\t\t\t<p style=\"text-align: center;\">\u2013\u00a0<a href=\"https:\/\/voshaaroutdoor.com\/fr\/medic-first-aid\/\" target=\"_blank\" rel=\"noopener\">Premiers soins m\u00e9dicaux\u00a0<\/a>\u00a02 jours,<br \/>\n\u2013\u00a0<a href=\"https:\/\/voshaaroutdoor.com\/fr\/medic-first-aid\/\" target=\"_blank\" rel=\"noopener\">Premiers secours en milieu sauvage et \u00e0 distance<\/a> 2 jours ((La formation aux premiers secours m\u00e9dicaux doit \u00eatre compl\u00e9t\u00e9e pour la WRFA)<br \/>\n\u2013 Flore et faune<br \/>\n\u2013 Abri, feu, orientation<br \/>\n<a href=\"https:\/\/interpretiveguides.org\/apprentice-interpreter-and-apprentice-hiking-guide\/\">\u2013 Guide d&#039;interpr\u00e9tation pour apprentis IGA (2 jours)<\/a><br \/>\n\u2013 Gestion de groupe et planification de voyage<br \/>\n\u2013 Vid\u00e9os p\u00e9dagogiques en ligne<br \/>\n\u2013 S\u00e9curit\u00e9 des pr\u00e9dateurs<br \/>\n\u2013 Cinq jours dans les Alpes fran\u00e7aises en \u00e9t\u00e9. Au programme\u00a0: nature et faune sauvage, orientation et interpr\u00e9tation.<br \/>\n\u2013\u00a0<a href=\"https:\/\/www.ualberta.ca\/admissions-programs\/online-courses\/mountains-101\/index.html\" target=\"_blank\" rel=\"noopener\">Cours en ligne Montagnes 101 (12 le\u00e7ons) - Recommand\u00e9 avant le cours IGA<\/a><br \/>\n\u2013 Cours en ligne sur la faune et la flore<\/p>\n<p style=\"text-align: center;\">Co\u00fbt : 1 850 \u20ac<br \/>\n(hors frais de voyage, d&#039;h\u00e9bergement, d&#039;assurance et\u00a0<a href=\"https:\/\/interpretiveguides.org\/\" target=\"_blank\" rel=\"noopener\">Adh\u00e9sion \u00e0 l&#039;IGA<\/a>)<br \/>\nLes nuit\u00e9es au camping De Voshaar sont incluses.<br \/>\nNuit\u00e9es en France : 10 \u00e0 15 \u20ac par personne et par nuit.<\/p>\n<p style=\"text-align: center;\">Mat\u00e9riel th\u00e9orique\u00a0:<br \/>\nApr\u00e8s votre inscription, vous recevrez le code de connexion pour notre environnement d&#039;apprentissage en ligne.<br \/>\nL&#039;utilisateur doit se procurer le guide pratique \u2018\u00a0Sur les traces du loup blanc\u00a0\u2019.<br \/>\n<a href=\"https:\/\/tracksofthewhitewolf.com\/\" target=\"_blank\" rel=\"noopener\">COMMANDE<\/a><\/p>\n\n\t\t<\/div>\n\t<\/div>\n<div class=\"vc_empty_space\"   style=\"height: 32px\"><span class=\"vc_empty_space_inner\"><\/span><\/div><\/div><\/div><\/div><\/div><div class=\"vc_row wpb_row vc_row-fluid\" ><div class=\"wpb_column vc_column_container vc_col-sm-12\"><div class=\"vc_column-inner\"><div class=\"wpb_wrapper\"><div class=\"vc_btn3-container vc_btn3-center vc_do_btn\" ><a class=\"vc_general vc_btn3 vc_btn3-size-md vc_btn3-shape-rounded vc_btn3-style-modern vc_btn3-color-grey\" href=\"https:\/\/www.formfinch.com\/server\/486084846\" title=\"\" target=\"_blank\">s&#039;inscrire<\/a><\/div><div class=\"vc_empty_space\"   style=\"height: 32px\"><span class=\"vc_empty_space_inner\"><\/span><\/div><\/div><\/div><\/div><\/div><div class=\"vc_row wpb_row vc_row-fluid\" ><div class=\"wpb_column vc_column_container vc_col-sm-12\"><div class=\"vc_column-inner\"><div class=\"wpb_wrapper\">\n\t<div class=\"wpb_video_widget wpb_content_element vc_clearfix   vc_video-aspect-ratio-169 vc_video-el-width-100 vc_video-align-center\" >\n\t\t<div class=\"wpb_wrapper\">\n\t\t\t\n\t\t\t<div class=\"wpb_video_wrapper\"><iframe loading=\"lazy\" title=\"Guide de survie en milieu sauvage 2022.\" src=\"https:\/\/player.vimeo.com\/video\/767546824?dnt=1&amp;app_id=122963\" width=\"500\" height=\"281\" frameborder=\"0\" allow=\"autoplay; fullscreen; picture-in-picture; clipboard-write; encrypted-media; web-share\" referrerpolicy=\"strict-origin-when-cross-origin\"><\/iframe><\/div>\n\t\t<\/div>\n\t<\/div>\n<div class=\"vc_empty_space\"   style=\"height: 32px\"><span class=\"vc_empty_space_inner\"><\/span><\/div><\/div><\/div><\/div><\/div><div class=\"vc_row wpb_row vc_row-fluid\" ><div class=\"wpb_column vc_column_container vc_col-sm-12\"><div class=\"vc_column-inner\"><div class=\"wpb_wrapper\"><div class=\"vc_btn3-container vc_btn3-center vc_do_btn\" ><a class=\"vc_general vc_btn3 vc_btn3-size-md vc_btn3-shape-rounded vc_btn3-style-modern vc_btn3-color-grey\" href=\"https:\/\/wildernisopleiding.com\/\" title=\"\" target=\"_blank\">Connexion\u00a0: Mat\u00e9riel th\u00e9orique<\/a><\/div><div class=\"vc_empty_space\"   style=\"height: 32px\"><span class=\"vc_empty_space_inner\"><\/span><\/div><\/div><\/div><\/div><\/div><div class=\"vc_row wpb_row vc_row-fluid\" ><div class=\"wpb_column vc_column_container vc_col-sm-12\"><div class=\"vc_column-inner\"><div class=\"wpb_wrapper\">\n\t<div class=\"wpb_text_column wpb_content_element\" >\n\t\t<div class=\"wpb_wrapper\">\n\t\t\t<p style=\"text-align: center;\">Dates<\/p>\n<p style=\"text-align: center;\">2026<br \/>\nR\u00e9union en milieu sauvage sur le th\u00e8me du gel (feu et abri) les 10 et 11 janvier<br \/>\n14-15 f\u00e9vrier &gt;<a href=\"https:\/\/voshaaroutdoor.com\/fr\/medic-first-aid\/\" target=\"_blank\" rel=\"noopener\">Premiers soins m\u00e9dicaux<\/a>\u00a0(Cela peut \u00e9galement \u00eatre fait les 6 et 7 d\u00e9cembre 2025, en option.)<br \/>\n28-29 mars &gt;<a href=\"https:\/\/voshaaroutdoor.com\/fr\/medic-first-aid\/\" target=\"_blank\" rel=\"noopener\">Premiers secours en milieu sauvage et \u00e0 distance<\/a><br \/>\n3 et 4 avril<a href=\"https:\/\/interpretiveguides.org\/apprentice-interpreter-and-apprentice-hiking-guide\/\" target=\"_blank\" rel=\"noopener\">\u00a0Cours IGA<\/a><br \/>\n12 juin : Planification du voyage<br \/>\n13-14 juin <a href=\"https:\/\/voshaaroutdoor.com\/fr\/predator-safety\/\" target=\"_blank\" rel=\"noopener\">S\u00e9curit\u00e9 des pr\u00e9dateurs<\/a><br \/>\n24-28 juillet France<\/p>\n<p style=\"text-align: center;\">Dates 2027<br \/>\n<a href=\"https:\/\/buitensportopleiding.nl\/wilderness-first-aid\/\" target=\"_blank\" rel=\"noopener\">Premiers soins m\u00e9dicaux<\/a>\u00a0(Inscrivez-vous vous-m\u00eame \u00e0 une session de remise \u00e0 niveau ou \u00e0 une formation compl\u00e8te les 3 et 4 avril.)<br \/>\n9 et 10 janvier Voshaar Eibergen, GELURES\u00a0! R\u00e9union en pleine nature<br \/>\n26-27 mars <a href=\"https:\/\/interpretiveguides.org\/apprentice-interpreter-and-apprentice-hiking-guide\/\" target=\"_blank\" rel=\"noopener\">\u00a0Cours IGA<\/a><br \/>\n3-4 avril Voshaar, Eibergen &gt;<a href=\"https:\/\/voshaaroutdoor.com\/fr\/medic-first-aid\/\" target=\"_blank\" rel=\"noopener\">Premiers secours en milieu sauvage et \u00e0 distance<\/a><br \/>\n11 juin Voshaar, Eibergen Planification du voyage<br \/>\n12-13 juin Voshaar Eibergen &gt;<a href=\"https:\/\/voshaaroutdoor.com\/fr\/predator-safety\/\" target=\"_blank\" rel=\"noopener\">S\u00e9curit\u00e9 des pr\u00e9dateurs<\/a><br \/>\n26-27 juin Voshaar Eibergen COUP DE CHALEUR ! R\u00e9union en pleine nature<br \/>\n3-4 juillet Plantes m\u00e9dicinales<br \/>\nRandonn\u00e9e en France du 23 au 27 juillet<\/p>\n<p style=\"text-align: center;\">Cours en ligne de comp\u00e9tences et de connaissances en milieu sauvage<br \/>\nCours en ligne Montagnes 101\u00a0: Vous pouvez le programmer vous-m\u00eame.<br \/>\n<a href=\"https:\/\/www.coursera.org\/learn\/mountains-101\" target=\"_blank\" rel=\"noopener\">&gt; DONN\u00c9ES<\/a><br \/>\nCours en ligne sur la nature et la faune<\/p>\n\n\t\t<\/div>\n\t<\/div>\n<\/div><\/div><\/div><\/div><div class=\"vc_row wpb_row vc_row-fluid\" ><div class=\"wpb_column vc_column_container vc_col-sm-12\"><div class=\"vc_column-inner\"><div class=\"wpb_wrapper\"><div class=\"vc_empty_space\"   style=\"height: 32px\"><span class=\"vc_empty_space_inner\"><\/span><\/div><\/div><\/div><\/div><\/div>\n<\/div>","protected":false},"excerpt":{"rendered":"De opleiding tot IGA Hiking Guide - Wilderness Leader is vooral gericht op het begeleiden van wandelreizen met een focus op de natuur. Groepen begeleiden en hoe behandel je onderwerpen in het veld. Les en leiding geven, veiligheid en ook het voorbereiden van reizen en (dag) wandeltochten. Het traject moet voor 31 december van het cursusjaar afgerond zijn. Na het afronden van \u2018Wilderness Leader\u2019 kan je gidsen in veel verschillende gebieden in de wereld, waaronder de Rocky Mountain National Parks in Canada (Jasper, Banff, Kootenay, Yoho). Deelnemers moeten de Engelse taal machtig zijn. \u2013\u00a0Medic First Aid\u00a0\u00a02 dagen, \u2013\u00a0Wilderness &amp; Remote First Aid 2 dagen ((Medic First Aid moet voor WRFA afgerond zijn) \u2013 Flora &amp; Fauna - Shelter, vuur, ori\u00ebntatie \u2013 IGA Apprentice Interpretive Guide 2 dagen \u2013 Group management en Trip planning \u2013\u00a0Online Instructie Video\u2019s \u2013 Predator Safety \u2013 Vijf dagen Franse Alpen in de zomer. Focus op Nature [...]","protected":false},"author":4,"featured_media":8340,"parent":0,"menu_order":0,"comment_status":"closed","ping_status":"closed","template":"","meta":{"footnotes":""},"class_list":["post-8193","page","type-page","status-publish","has-post-thumbnail","hentry"],"yoast_head":"<!-- This site is optimized with the Yoast SEO plugin v27.5 - https:\/\/yoast.com\/product\/yoast-seo-wordpress\/ -->\n<title>IGA Hiking Guide-Wilderness Leader - VoshaarOutdoor.com<\/title>\n<meta name=\"robots\" content=\"index, follow, max-snippet:-1, max-image-preview:large, max-video-preview:-1\" \/>\n<link rel=\"canonical\" href=\"https:\/\/voshaaroutdoor.com\/fr\/iga-hiking-guide-wilderness-leader\/\" \/>\n<meta property=\"og:locale\" content=\"fr_FR\" \/>\n<meta property=\"og:type\" content=\"article\" \/>\n<meta property=\"og:title\" content=\"IGA Hiking Guide - Wilderness Leader\" \/>\n<meta property=\"og:url\" content=\"https:\/\/voshaaroutdoor.com\/fr\/iga-hiking-guide-wilderness-leader\/\" \/>\n<meta property=\"og:site_name\" content=\"VoshaarOutdoor.com\" \/>\n<meta property=\"article:publisher\" content=\"https:\/\/www.facebook.com\/VoshaarOutdoorandEducation\" \/>\n<meta property=\"article:modified_time\" content=\"2026-04-10T07:55:50+00:00\" \/>\n<meta property=\"og:image\" content=\"https:\/\/voshaaroutdoor.com\/wp-content\/uploads\/2026\/04\/Wilderness-Leader-scaled.jpeg\" \/>\n\t<meta property=\"og:image:width\" content=\"2048\" \/>\n\t<meta property=\"og:image:height\" content=\"2560\" \/>\n\t<meta property=\"og:image:type\" content=\"image\/jpeg\" \/>\n<meta name=\"twitter:card\" content=\"summary_large_image\" \/>\n<meta name=\"twitter:label1\" content=\"Dur\u00e9e de lecture estim\u00e9e\" \/>\n\t<meta name=\"twitter:data1\" content=\"3 minutes\" \/>\n<script type=\"application\/ld+json\" class=\"yoast-schema-graph\">{\"@context\":\"https:\\\/\\\/schema.org\",\"@graph\":[{\"@type\":\"WebPage\",\"@id\":\"https:\\\/\\\/voshaaroutdoor.com\\\/iga-hiking-guide-wilderness-leader\\\/\",\"url\":\"https:\\\/\\\/voshaaroutdoor.com\\\/iga-hiking-guide-wilderness-leader\\\/\",\"name\":\"IGA Hiking Guide-Wilderness Leader - VoshaarOutdoor.com\",\"isPartOf\":{\"@id\":\"https:\\\/\\\/voshaaroutdoor.com\\\/#website\"},\"primaryImageOfPage\":{\"@id\":\"https:\\\/\\\/voshaaroutdoor.com\\\/iga-hiking-guide-wilderness-leader\\\/#primaryimage\"},\"image\":{\"@id\":\"https:\\\/\\\/voshaaroutdoor.com\\\/iga-hiking-guide-wilderness-leader\\\/#primaryimage\"},\"thumbnailUrl\":\"https:\\\/\\\/voshaaroutdoor.com\\\/wp-content\\\/uploads\\\/2026\\\/04\\\/Wilderness-Leader-scaled.jpeg\",\"datePublished\":\"2026-03-16T08:24:57+00:00\",\"dateModified\":\"2026-04-10T07:55:50+00:00\",\"breadcrumb\":{\"@id\":\"https:\\\/\\\/voshaaroutdoor.com\\\/iga-hiking-guide-wilderness-leader\\\/#breadcrumb\"},\"inLanguage\":\"fr-FR\",\"potentialAction\":[{\"@type\":\"ReadAction\",\"target\":[\"https:\\\/\\\/voshaaroutdoor.com\\\/iga-hiking-guide-wilderness-leader\\\/\"]}]},{\"@type\":\"ImageObject\",\"inLanguage\":\"fr-FR\",\"@id\":\"https:\\\/\\\/voshaaroutdoor.com\\\/iga-hiking-guide-wilderness-leader\\\/#primaryimage\",\"url\":\"https:\\\/\\\/voshaaroutdoor.com\\\/wp-content\\\/uploads\\\/2026\\\/04\\\/Wilderness-Leader-scaled.jpeg\",\"contentUrl\":\"https:\\\/\\\/voshaaroutdoor.com\\\/wp-content\\\/uploads\\\/2026\\\/04\\\/Wilderness-Leader-scaled.jpeg\",\"width\":2048,\"height\":2560},{\"@type\":\"BreadcrumbList\",\"@id\":\"https:\\\/\\\/voshaaroutdoor.com\\\/iga-hiking-guide-wilderness-leader\\\/#breadcrumb\",\"itemListElement\":[{\"@type\":\"ListItem\",\"position\":1,\"name\":\"Home\",\"item\":\"https:\\\/\\\/voshaaroutdoor.com\\\/\"},{\"@type\":\"ListItem\",\"position\":2,\"name\":\"IGA Hiking Guide-Wilderness Leader\"}]},{\"@type\":\"WebSite\",\"@id\":\"https:\\\/\\\/voshaaroutdoor.com\\\/#website\",\"url\":\"https:\\\/\\\/voshaaroutdoor.com\\\/\",\"name\":\"VoshaarOutdoor.com\",\"description\":\"Voshaar Outdoor &amp; Education - Trainingen, cursussen en opleidingen\",\"publisher\":{\"@id\":\"https:\\\/\\\/voshaaroutdoor.com\\\/#organization\"},\"potentialAction\":[{\"@type\":\"SearchAction\",\"target\":{\"@type\":\"EntryPoint\",\"urlTemplate\":\"https:\\\/\\\/voshaaroutdoor.com\\\/?s={search_term_string}\"},\"query-input\":{\"@type\":\"PropertyValueSpecification\",\"valueRequired\":true,\"valueName\":\"search_term_string\"}}],\"inLanguage\":\"fr-FR\"},{\"@type\":\"Organization\",\"@id\":\"https:\\\/\\\/voshaaroutdoor.com\\\/#organization\",\"name\":\"Voshaar Outdoor & Education\",\"url\":\"https:\\\/\\\/voshaaroutdoor.com\\\/\",\"logo\":{\"@type\":\"ImageObject\",\"inLanguage\":\"fr-FR\",\"@id\":\"https:\\\/\\\/voshaaroutdoor.com\\\/#\\\/schema\\\/logo\\\/image\\\/\",\"url\":\"https:\\\/\\\/voshaaroutdoor.com\\\/wp-content\\\/uploads\\\/2021\\\/11\\\/cropped-nieuwe-logo-rood.png\",\"contentUrl\":\"https:\\\/\\\/voshaaroutdoor.com\\\/wp-content\\\/uploads\\\/2021\\\/11\\\/cropped-nieuwe-logo-rood.png\",\"width\":512,\"height\":512,\"caption\":\"Voshaar Outdoor & Education\"},\"image\":{\"@id\":\"https:\\\/\\\/voshaaroutdoor.com\\\/#\\\/schema\\\/logo\\\/image\\\/\"},\"sameAs\":[\"https:\\\/\\\/www.facebook.com\\\/VoshaarOutdoorandEducation\",\"https:\\\/\\\/www.instagram.com\\\/voshaaroutdoorandeducation\\\/\"]}]}<\/script>\n<!-- \/ Yoast SEO plugin. -->","yoast_head_json":{"title":"IGA Hiking Guide-Wilderness Leader - VoshaarOutdoor.com","robots":{"index":"index","follow":"follow","max-snippet":"max-snippet:-1","max-image-preview":"max-image-preview:large","max-video-preview":"max-video-preview:-1"},"canonical":"https:\/\/voshaaroutdoor.com\/fr\/iga-hiking-guide-wilderness-leader\/","og_locale":"fr_FR","og_type":"article","og_title":"IGA Hiking Guide - Wilderness Leader","og_url":"https:\/\/voshaaroutdoor.com\/fr\/iga-hiking-guide-wilderness-leader\/","og_site_name":"VoshaarOutdoor.com","article_publisher":"https:\/\/www.facebook.com\/VoshaarOutdoorandEducation","article_modified_time":"2026-04-10T07:55:50+00:00","og_image":[{"width":2048,"height":2560,"url":"https:\/\/voshaaroutdoor.com\/wp-content\/uploads\/2026\/04\/Wilderness-Leader-scaled.jpeg","type":"image\/jpeg"}],"twitter_card":"summary_large_image","twitter_misc":{"Dur\u00e9e de lecture estim\u00e9e":"3 minutes"},"schema":{"@context":"https:\/\/schema.org","@graph":[{"@type":"WebPage","@id":"https:\/\/voshaaroutdoor.com\/iga-hiking-guide-wilderness-leader\/","url":"https:\/\/voshaaroutdoor.com\/iga-hiking-guide-wilderness-leader\/","name":"IGA Hiking Guide-Wilderness Leader - VoshaarOutdoor.com","isPartOf":{"@id":"https:\/\/voshaaroutdoor.com\/#website"},"primaryImageOfPage":{"@id":"https:\/\/voshaaroutdoor.com\/iga-hiking-guide-wilderness-leader\/#primaryimage"},"image":{"@id":"https:\/\/voshaaroutdoor.com\/iga-hiking-guide-wilderness-leader\/#primaryimage"},"thumbnailUrl":"https:\/\/voshaaroutdoor.com\/wp-content\/uploads\/2026\/04\/Wilderness-Leader-scaled.jpeg","datePublished":"2026-03-16T08:24:57+00:00","dateModified":"2026-04-10T07:55:50+00:00","breadcrumb":{"@id":"https:\/\/voshaaroutdoor.com\/iga-hiking-guide-wilderness-leader\/#breadcrumb"},"inLanguage":"fr-FR","potentialAction":[{"@type":"ReadAction","target":["https:\/\/voshaaroutdoor.com\/iga-hiking-guide-wilderness-leader\/"]}]},{"@type":"ImageObject","inLanguage":"fr-FR","@id":"https:\/\/voshaaroutdoor.com\/iga-hiking-guide-wilderness-leader\/#primaryimage","url":"https:\/\/voshaaroutdoor.com\/wp-content\/uploads\/2026\/04\/Wilderness-Leader-scaled.jpeg","contentUrl":"https:\/\/voshaaroutdoor.com\/wp-content\/uploads\/2026\/04\/Wilderness-Leader-scaled.jpeg","width":2048,"height":2560},{"@type":"BreadcrumbList","@id":"https:\/\/voshaaroutdoor.com\/iga-hiking-guide-wilderness-leader\/#breadcrumb","itemListElement":[{"@type":"ListItem","position":1,"name":"Home","item":"https:\/\/voshaaroutdoor.com\/"},{"@type":"ListItem","position":2,"name":"IGA Hiking Guide-Wilderness Leader"}]},{"@type":"WebSite","@id":"https:\/\/voshaaroutdoor.com\/#website","url":"https:\/\/voshaaroutdoor.com\/","name":"VoshaarOutdoor.com","description":"Voshaar Outdoor &amp; Education - Formations, cours et \u00e9ducation","publisher":{"@id":"https:\/\/voshaaroutdoor.com\/#organization"},"potentialAction":[{"@type":"SearchAction","target":{"@type":"EntryPoint","urlTemplate":"https:\/\/voshaaroutdoor.com\/?s={search_term_string}"},"query-input":{"@type":"PropertyValueSpecification","valueRequired":true,"valueName":"search_term_string"}}],"inLanguage":"fr-FR"},{"@type":"Organization","@id":"https:\/\/voshaaroutdoor.com\/#organization","name":"Voshaar Plein air et \u00e9ducation","url":"https:\/\/voshaaroutdoor.com\/","logo":{"@type":"ImageObject","inLanguage":"fr-FR","@id":"https:\/\/voshaaroutdoor.com\/#\/schema\/logo\/image\/","url":"https:\/\/voshaaroutdoor.com\/wp-content\/uploads\/2021\/11\/cropped-nieuwe-logo-rood.png","contentUrl":"https:\/\/voshaaroutdoor.com\/wp-content\/uploads\/2021\/11\/cropped-nieuwe-logo-rood.png","width":512,"height":512,"caption":"Voshaar Outdoor & Education"},"image":{"@id":"https:\/\/voshaaroutdoor.com\/#\/schema\/logo\/image\/"},"sameAs":["https:\/\/www.facebook.com\/VoshaarOutdoorandEducation","https:\/\/www.instagram.com\/voshaaroutdoorandeducation\/"]}]}},"_links":{"self":[{"href":"https:\/\/voshaaroutdoor.com\/fr\/wp-json\/wp\/v2\/pages\/8193","targetHints":{"allow":["GET"]}}],"collection":[{"href":"https:\/\/voshaaroutdoor.com\/fr\/wp-json\/wp\/v2\/pages"}],"about":[{"href":"https:\/\/voshaaroutdoor.com\/fr\/wp-json\/wp\/v2\/types\/page"}],"author":[{"embeddable":true,"href":"https:\/\/voshaaroutdoor.com\/fr\/wp-json\/wp\/v2\/users\/4"}],"replies":[{"embeddable":true,"href":"https:\/\/voshaaroutdoor.com\/fr\/wp-json\/wp\/v2\/comments?post=8193"}],"version-history":[{"count":8,"href":"https:\/\/voshaaroutdoor.com\/fr\/wp-json\/wp\/v2\/pages\/8193\/revisions"}],"predecessor-version":[{"id":8357,"href":"https:\/\/voshaaroutdoor.com\/fr\/wp-json\/wp\/v2\/pages\/8193\/revisions\/8357"}],"wp:featuredmedia":[{"embeddable":true,"href":"https:\/\/voshaaroutdoor.com\/fr\/wp-json\/wp\/v2\/media\/8340"}],"wp:attachment":[{"href":"https:\/\/voshaaroutdoor.com\/fr\/wp-json\/wp\/v2\/media?parent=8193"}],"curies":[{"name":"wp","href":"https:\/\/api.w.org\/{rel}","templated":true}]}}