{"id":7209,"date":"2024-12-27T16:38:57","date_gmt":"2024-12-27T16:38:57","guid":{"rendered":"https:\/\/voshaaroutdoor.com\/?page_id=7209"},"modified":"2026-03-10T20:36:25","modified_gmt":"2026-03-10T20:36:25","slug":"roofvogels","status":"publish","type":"page","link":"https:\/\/voshaaroutdoor.com\/fr\/roofvogels\/","title":{"rendered":"Oiseaux de proie"},"content":{"rendered":"<div class=\"wpb-content-wrapper\"><div class=\"vc_row wpb_row vc_row-fluid\" ><div class=\"wpb_column vc_column_container vc_col-sm-12\"><div class=\"vc_column-inner\"><div class=\"wpb_wrapper\">\n\t<div  class=\"wpb_single_image wpb_content_element vc_align_center wpb_content_element\">\n\t\t\n\t\t<figure class=\"wpb_wrapper vc_figure\">\n\t\t\t<div class=\"vc_single_image-wrapper   vc_box_border_grey\"><img loading=\"lazy\" decoding=\"async\" width=\"1024\" height=\"576\" src=\"https:\/\/voshaaroutdoor.com\/wp-content\/uploads\/2024\/12\/roofvogels-1024x576.jpeg\" class=\"vc_single_image-img attachment-large\" alt=\"\" title=\"oiseaux de proie\" srcset=\"https:\/\/voshaaroutdoor.com\/wp-content\/uploads\/2024\/12\/roofvogels-1024x576.jpeg 1024w, https:\/\/voshaaroutdoor.com\/wp-content\/uploads\/2024\/12\/roofvogels-300x169.jpeg 300w, https:\/\/voshaaroutdoor.com\/wp-content\/uploads\/2024\/12\/roofvogels-768x432.jpeg 768w, https:\/\/voshaaroutdoor.com\/wp-content\/uploads\/2024\/12\/roofvogels-1536x864.jpeg 1536w, https:\/\/voshaaroutdoor.com\/wp-content\/uploads\/2024\/12\/roofvogels-18x10.jpeg 18w, https:\/\/voshaaroutdoor.com\/wp-content\/uploads\/2024\/12\/roofvogels-87x50.jpeg 87w\" sizes=\"auto, (max-width: 1024px) 100vw, 1024px\" \/><\/div>\n\t\t<\/figure>\n\t<\/div>\n<div class=\"vc_empty_space\"   style=\"height: 32px\"><span class=\"vc_empty_space_inner\"><\/span><\/div><\/div><\/div><\/div><\/div><div class=\"vc_row wpb_row vc_row-fluid\" ><div class=\"wpb_column vc_column_container vc_col-sm-12\"><div class=\"vc_column-inner\"><div class=\"wpb_wrapper\">\n\t<div class=\"wpb_text_column wpb_content_element\" >\n\t\t<div class=\"wpb_wrapper\">\n\t\t\t<p style=\"text-align: center;\">Au cours du cours, nous visitons des zones riches en oiseaux de proie aux Pays-Bas et ailleurs en Europe. Bialowieza (Pologne), les Alpes fran\u00e7aises (Vercors), les Pyr\u00e9n\u00e9es fran\u00e7aises et espagnoles, Somiedo et l&#039;Estr\u00e9madure en Espagne.<br \/>\nUn programme en ligne est inclus.<br \/>\nL&#039;inscription est possible toute l&#039;ann\u00e9e (selon le choix du voyage \u00e0 l&#039;\u00e9tranger)<br \/>\nVous pouvez adh\u00e9rer pour un an \u00e0 compter de la date d&#039;inscription.<\/p>\n<p style=\"text-align: center;\">Vous vous inscrivez pour un an. Au cours de cette ann\u00e9e, il y a au moins 6 excursions d&#039;une journ\u00e9e aux Pays-Bas et vous pouvez choisir un voyage par an.<br \/>\nL&#039;Estr\u00e9madure, le Vercors, les Pyr\u00e9n\u00e9es, Somiedo ou Bialowieza.<br \/>\n<a href=\"https:\/\/voshaaroutdoor.com\/fr\/tracks-of-the-white-wolf-travels\/\" target=\"_blank\" rel=\"noopener\">&gt; Informations sur les voyages \u00e0 l&#039;\u00e9tranger<\/a><\/p>\n<p style=\"text-align: center;\">Co\u00fbts : 490 \u20ac par an<br \/>\nHors d\u00e9placement et h\u00e9bergement.<\/p>\n<p style=\"text-align: center;\">Programme Pays-Bas : D\u00e8s que les dates seront connues, elles seront publi\u00e9es ici<br \/>\n2025<\/p>\n<p style=\"text-align: center;\">Migration d&#039;automne du 4 octobre <a href=\"https:\/\/www.vogelwerkgroepberkelland.nl\/\" target=\"_blank\" rel=\"noopener\">VWG Berkelland<\/a><br \/>\nD\u00e9cembre:<br \/>\n2026<br \/>\nMars:<br \/>\n26 avril Oostvaardersplassen<br \/>\nPeut:<br \/>\nJuin:<\/p>\n<p style=\"text-align: center;\">Le responsable du cours est Raoul Kluivers<\/p>\n<p style=\"text-align: center;\">Le lien vers le mat\u00e9riel de cours se trouve au bas de cette page.<br \/>\nLes participants recevront le code de connexion apr\u00e8s leur inscription.<\/p>\n\n\t\t<\/div>\n\t<\/div>\n<div class=\"vc_empty_space\"   style=\"height: 32px\"><span class=\"vc_empty_space_inner\"><\/span><\/div><div class=\"vc_btn3-container vc_btn3-center vc_do_btn\" ><a class=\"vc_general vc_btn3 vc_btn3-size-md vc_btn3-shape-rounded vc_btn3-style-modern vc_btn3-color-grey\" href=\"https:\/\/www.nowonlinetickets.nl\/Shop\/EventDetails\/29C18A5459DA5D51B903089F8E68D8A5\" title=\"\" target=\"_blank\">s&#039;inscrire<\/a><\/div><\/div><\/div><\/div><\/div><div class=\"vc_row wpb_row vc_row-fluid\" ><div class=\"wpb_column vc_column_container vc_col-sm-12\"><div class=\"vc_column-inner\"><div class=\"wpb_wrapper\">\n\t<div  class=\"wpb_single_image wpb_content_element vc_align_center wpb_content_element\">\n\t\t\n\t\t<figure class=\"wpb_wrapper vc_figure\">\n\t\t\t<div class=\"vc_single_image-wrapper   vc_box_border_grey\"><img loading=\"lazy\" decoding=\"async\" width=\"1024\" height=\"486\" src=\"https:\/\/voshaaroutdoor.com\/wp-content\/uploads\/2024\/12\/Roofvogels-2-1024x486.png\" class=\"vc_single_image-img attachment-large\" alt=\"\" title=\"Oiseaux de proie (2)\" srcset=\"https:\/\/voshaaroutdoor.com\/wp-content\/uploads\/2024\/12\/Roofvogels-2-1024x486.png 1024w, https:\/\/voshaaroutdoor.com\/wp-content\/uploads\/2024\/12\/Roofvogels-2-300x142.png 300w, https:\/\/voshaaroutdoor.com\/wp-content\/uploads\/2024\/12\/Roofvogels-2-768x364.png 768w, https:\/\/voshaaroutdoor.com\/wp-content\/uploads\/2024\/12\/Roofvogels-2-1536x729.png 1536w, https:\/\/voshaaroutdoor.com\/wp-content\/uploads\/2024\/12\/Roofvogels-2-18x9.png 18w, https:\/\/voshaaroutdoor.com\/wp-content\/uploads\/2024\/12\/Roofvogels-2.png 1602w\" sizes=\"auto, (max-width: 1024px) 100vw, 1024px\" \/><\/div>\n\t\t<\/figure>\n\t<\/div>\n<div class=\"vc_empty_space\"   style=\"height: 32px\"><span class=\"vc_empty_space_inner\"><\/span><\/div><\/div><\/div><\/div><\/div><div class=\"vc_row wpb_row vc_row-fluid\" ><div class=\"wpb_column vc_column_container vc_col-sm-12\"><div class=\"vc_column-inner\"><div class=\"wpb_wrapper\"><div class=\"vc_btn3-container vc_btn3-center vc_do_btn\" ><a class=\"vc_general vc_btn3 vc_btn3-size-md vc_btn3-shape-rounded vc_btn3-style-modern vc_btn3-color-grey\" href=\"https:\/\/www.youtube.com\/watch?v=8Bhg-tyNTcI&#038;list=PLn4nBNqj6as0yxDmLfXkED3SwqXYKs0gP\" title=\"\" target=\"_blank\">Playlist YouTube Oiseaux de proie<\/a><\/div><div class=\"vc_empty_space\"   style=\"height: 32px\"><span class=\"vc_empty_space_inner\"><\/span><\/div>\n\t<div class=\"wpb_video_widget wpb_content_element vc_clearfix   vc_video-aspect-ratio-169 vc_video-el-width-100 vc_video-align-left\" >\n\t\t<div class=\"wpb_wrapper\">\n\t\t\t\n\t\t\t<div class=\"wpb_video_wrapper\"><iframe loading=\"lazy\" title=\"Urubu noir - Urubu moine (Aegypius monachus)\" width=\"500\" height=\"281\" src=\"https:\/\/www.youtube.com\/embed\/D8m7pN1Hexg?feature=oembed\" frameborder=\"0\" allow=\"accelerometer; autoplay; clipboard-write; encrypted-media; gyroscope; picture-in-picture; web-share\" referrerpolicy=\"strict-origin-when-cross-origin\" allowfullscreen><\/iframe><\/div>\n\t\t<\/div>\n\t<\/div>\n<div class=\"vc_empty_space\"   style=\"height: 32px\"><span class=\"vc_empty_space_inner\"><\/span><\/div><\/div><\/div><\/div><\/div><div class=\"vc_row wpb_row vc_row-fluid\" ><div class=\"wpb_column vc_column_container vc_col-sm-12\"><div class=\"vc_column-inner\"><div class=\"wpb_wrapper\">\n\t<div  class=\"wpb_single_image wpb_content_element vc_align_center wpb_content_element\">\n\t\t\n\t\t<figure class=\"wpb_wrapper vc_figure\">\n\t\t\t<div class=\"vc_single_image-wrapper   vc_box_border_grey\"><img loading=\"lazy\" decoding=\"async\" width=\"819\" height=\"1024\" src=\"https:\/\/voshaaroutdoor.com\/wp-content\/uploads\/2025\/08\/Families-Roofvogels-819x1024.jpeg\" class=\"vc_single_image-img attachment-large\" alt=\"\" title=\"Familles d&#039;oiseaux de proie\" srcset=\"https:\/\/voshaaroutdoor.com\/wp-content\/uploads\/2025\/08\/Families-Roofvogels-819x1024.jpeg 819w, https:\/\/voshaaroutdoor.com\/wp-content\/uploads\/2025\/08\/Families-Roofvogels-240x300.jpeg 240w, https:\/\/voshaaroutdoor.com\/wp-content\/uploads\/2025\/08\/Families-Roofvogels-768x960.jpeg 768w, https:\/\/voshaaroutdoor.com\/wp-content\/uploads\/2025\/08\/Families-Roofvogels-1229x1536.jpeg 1229w, https:\/\/voshaaroutdoor.com\/wp-content\/uploads\/2025\/08\/Families-Roofvogels-1638x2048.jpeg 1638w, https:\/\/voshaaroutdoor.com\/wp-content\/uploads\/2025\/08\/Families-Roofvogels-10x12.jpeg 10w\" sizes=\"auto, (max-width: 819px) 100vw, 819px\" \/><\/div>\n\t\t<\/figure>\n\t<\/div>\n<div class=\"vc_empty_space\"   style=\"height: 32px\"><span class=\"vc_empty_space_inner\"><\/span><\/div><\/div><\/div><\/div><\/div><div class=\"vc_row wpb_row vc_row-fluid\" ><div class=\"wpb_column vc_column_container vc_col-sm-12\"><div class=\"vc_column-inner\"><div class=\"wpb_wrapper\"><div class=\"vc_btn3-container vc_btn3-center vc_do_btn\" ><a class=\"vc_general vc_btn3 vc_btn3-size-md vc_btn3-shape-rounded vc_btn3-style-modern vc_btn3-color-grey\" href=\"https:\/\/voshaaroutdoor.com\/fr\/login-roofvogels\/\" title=\"Connexion : Oiseaux de proie\" target=\"_blank\">Connexion : Oiseaux de proie<\/a><\/div><\/div><\/div><\/div><\/div>\n<\/div>","protected":false},"excerpt":{"rendered":"Tijdens de cursus bezoeken we roofvogelrijke gebieden in Nederland en elders in Europa. Bialowieza (Polen), de Franse Alpen (Vercors) de Franse en Spaanse Pyrenee\u00ebn, Somiedo en de Extremadura in Spanje. Er is een online programma inbegrepen. Inschrijven kan het hele jaar (afhankelijk van de keuze buitenlandreis) Vanaf de inschrijfdatum kan je een jaar aansluiten. Je schrijft je in voor een jaar. Gedurende dat jaar zijn er minimaal 6 dagexcursies in Nederland en je kan \u00e9\u00e9n reis kiezen per jaar. De Extremadura, de Vercors, de Pyrenee\u00ebn, Somiedo of Bialowieza. &gt; Informatie buitenlandreizen Kosten: \u20ac 490,- per jaar Exclusief reis en verblijf. Programma Nederland: Zodra data bekend zijn worden ze hier geplaatst 2025 4 oktober Herfsttrek VWG Berkelland December: 2026 Maart: 26 april Oostvaardersplassen Mei: Juni: Cursusleider is Raoul Kluivers De link voor cursusmateriaal staat beneden aan deze pagina. De inlog code krijgen de deelnemers na inschrijving. Inschrijven You Tube Playlist Roofvogels [...]","protected":false},"author":4,"featured_media":7206,"parent":0,"menu_order":0,"comment_status":"closed","ping_status":"closed","template":"","meta":{"footnotes":""},"class_list":["post-7209","page","type-page","status-publish","has-post-thumbnail","hentry"],"yoast_head":"<!-- This site is optimized with the Yoast SEO plugin v27.4 - https:\/\/yoast.com\/product\/yoast-seo-wordpress\/ -->\n<title>Roofvogels - VoshaarOutdoor.com<\/title>\n<meta name=\"robots\" content=\"index, follow, max-snippet:-1, max-image-preview:large, max-video-preview:-1\" \/>\n<link rel=\"canonical\" href=\"https:\/\/voshaaroutdoor.com\/fr\/roofvogels\/\" \/>\n<meta property=\"og:locale\" content=\"fr_FR\" \/>\n<meta property=\"og:type\" content=\"article\" \/>\n<meta property=\"og:title\" content=\"Cursus Roofvogels\" \/>\n<meta property=\"og:url\" content=\"https:\/\/voshaaroutdoor.com\/fr\/roofvogels\/\" \/>\n<meta property=\"og:site_name\" content=\"VoshaarOutdoor.com\" \/>\n<meta property=\"article:publisher\" content=\"https:\/\/www.facebook.com\/VoshaarOutdoorandEducation\" \/>\n<meta property=\"article:modified_time\" content=\"2026-03-10T20:36:25+00:00\" \/>\n<meta property=\"og:image\" content=\"https:\/\/voshaaroutdoor.com\/wp-content\/uploads\/2024\/12\/roofvogels-scaled.jpeg\" \/>\n\t<meta property=\"og:image:width\" content=\"2560\" \/>\n\t<meta property=\"og:image:height\" content=\"1440\" \/>\n\t<meta property=\"og:image:type\" content=\"image\/jpeg\" \/>\n<meta name=\"twitter:card\" content=\"summary_large_image\" \/>\n<meta name=\"twitter:label1\" content=\"Dur\u00e9e de lecture estim\u00e9e\" \/>\n\t<meta name=\"twitter:data1\" content=\"2 minutes\" \/>\n<script type=\"application\/ld+json\" class=\"yoast-schema-graph\">{\"@context\":\"https:\\\/\\\/schema.org\",\"@graph\":[{\"@type\":\"WebPage\",\"@id\":\"https:\\\/\\\/voshaaroutdoor.com\\\/roofvogels\\\/\",\"url\":\"https:\\\/\\\/voshaaroutdoor.com\\\/roofvogels\\\/\",\"name\":\"Roofvogels - VoshaarOutdoor.com\",\"isPartOf\":{\"@id\":\"https:\\\/\\\/voshaaroutdoor.com\\\/#website\"},\"primaryImageOfPage\":{\"@id\":\"https:\\\/\\\/voshaaroutdoor.com\\\/roofvogels\\\/#primaryimage\"},\"image\":{\"@id\":\"https:\\\/\\\/voshaaroutdoor.com\\\/roofvogels\\\/#primaryimage\"},\"thumbnailUrl\":\"https:\\\/\\\/voshaaroutdoor.com\\\/wp-content\\\/uploads\\\/2024\\\/12\\\/roofvogels-scaled.jpeg\",\"datePublished\":\"2024-12-27T16:38:57+00:00\",\"dateModified\":\"2026-03-10T20:36:25+00:00\",\"breadcrumb\":{\"@id\":\"https:\\\/\\\/voshaaroutdoor.com\\\/roofvogels\\\/#breadcrumb\"},\"inLanguage\":\"fr-FR\",\"potentialAction\":[{\"@type\":\"ReadAction\",\"target\":[\"https:\\\/\\\/voshaaroutdoor.com\\\/roofvogels\\\/\"]}]},{\"@type\":\"ImageObject\",\"inLanguage\":\"fr-FR\",\"@id\":\"https:\\\/\\\/voshaaroutdoor.com\\\/roofvogels\\\/#primaryimage\",\"url\":\"https:\\\/\\\/voshaaroutdoor.com\\\/wp-content\\\/uploads\\\/2024\\\/12\\\/roofvogels-scaled.jpeg\",\"contentUrl\":\"https:\\\/\\\/voshaaroutdoor.com\\\/wp-content\\\/uploads\\\/2024\\\/12\\\/roofvogels-scaled.jpeg\",\"width\":2560,\"height\":1440},{\"@type\":\"BreadcrumbList\",\"@id\":\"https:\\\/\\\/voshaaroutdoor.com\\\/roofvogels\\\/#breadcrumb\",\"itemListElement\":[{\"@type\":\"ListItem\",\"position\":1,\"name\":\"Home\",\"item\":\"https:\\\/\\\/voshaaroutdoor.com\\\/\"},{\"@type\":\"ListItem\",\"position\":2,\"name\":\"Roofvogels\"}]},{\"@type\":\"WebSite\",\"@id\":\"https:\\\/\\\/voshaaroutdoor.com\\\/#website\",\"url\":\"https:\\\/\\\/voshaaroutdoor.com\\\/\",\"name\":\"VoshaarOutdoor.com\",\"description\":\"Voshaar Outdoor &amp; Education - Trainingen, cursussen en opleidingen\",\"publisher\":{\"@id\":\"https:\\\/\\\/voshaaroutdoor.com\\\/#organization\"},\"potentialAction\":[{\"@type\":\"SearchAction\",\"target\":{\"@type\":\"EntryPoint\",\"urlTemplate\":\"https:\\\/\\\/voshaaroutdoor.com\\\/?s={search_term_string}\"},\"query-input\":{\"@type\":\"PropertyValueSpecification\",\"valueRequired\":true,\"valueName\":\"search_term_string\"}}],\"inLanguage\":\"fr-FR\"},{\"@type\":\"Organization\",\"@id\":\"https:\\\/\\\/voshaaroutdoor.com\\\/#organization\",\"name\":\"Voshaar Outdoor & Education\",\"url\":\"https:\\\/\\\/voshaaroutdoor.com\\\/\",\"logo\":{\"@type\":\"ImageObject\",\"inLanguage\":\"fr-FR\",\"@id\":\"https:\\\/\\\/voshaaroutdoor.com\\\/#\\\/schema\\\/logo\\\/image\\\/\",\"url\":\"https:\\\/\\\/voshaaroutdoor.com\\\/wp-content\\\/uploads\\\/2021\\\/11\\\/cropped-nieuwe-logo-rood.png\",\"contentUrl\":\"https:\\\/\\\/voshaaroutdoor.com\\\/wp-content\\\/uploads\\\/2021\\\/11\\\/cropped-nieuwe-logo-rood.png\",\"width\":512,\"height\":512,\"caption\":\"Voshaar Outdoor & Education\"},\"image\":{\"@id\":\"https:\\\/\\\/voshaaroutdoor.com\\\/#\\\/schema\\\/logo\\\/image\\\/\"},\"sameAs\":[\"https:\\\/\\\/www.facebook.com\\\/VoshaarOutdoorandEducation\",\"https:\\\/\\\/www.instagram.com\\\/voshaaroutdoorandeducation\\\/\"]}]}<\/script>\n<!-- \/ Yoast SEO plugin. -->","yoast_head_json":{"title":"Oiseaux de proie - VoshaarOutdoor.com","robots":{"index":"index","follow":"follow","max-snippet":"max-snippet:-1","max-image-preview":"max-image-preview:large","max-video-preview":"max-video-preview:-1"},"canonical":"https:\/\/voshaaroutdoor.com\/fr\/roofvogels\/","og_locale":"fr_FR","og_type":"article","og_title":"Cursus Roofvogels","og_url":"https:\/\/voshaaroutdoor.com\/fr\/roofvogels\/","og_site_name":"VoshaarOutdoor.com","article_publisher":"https:\/\/www.facebook.com\/VoshaarOutdoorandEducation","article_modified_time":"2026-03-10T20:36:25+00:00","og_image":[{"width":2560,"height":1440,"url":"https:\/\/voshaaroutdoor.com\/wp-content\/uploads\/2024\/12\/roofvogels-scaled.jpeg","type":"image\/jpeg"}],"twitter_card":"summary_large_image","twitter_misc":{"Dur\u00e9e de lecture estim\u00e9e":"2 minutes"},"schema":{"@context":"https:\/\/schema.org","@graph":[{"@type":"WebPage","@id":"https:\/\/voshaaroutdoor.com\/roofvogels\/","url":"https:\/\/voshaaroutdoor.com\/roofvogels\/","name":"Oiseaux de proie - VoshaarOutdoor.com","isPartOf":{"@id":"https:\/\/voshaaroutdoor.com\/#website"},"primaryImageOfPage":{"@id":"https:\/\/voshaaroutdoor.com\/roofvogels\/#primaryimage"},"image":{"@id":"https:\/\/voshaaroutdoor.com\/roofvogels\/#primaryimage"},"thumbnailUrl":"https:\/\/voshaaroutdoor.com\/wp-content\/uploads\/2024\/12\/roofvogels-scaled.jpeg","datePublished":"2024-12-27T16:38:57+00:00","dateModified":"2026-03-10T20:36:25+00:00","breadcrumb":{"@id":"https:\/\/voshaaroutdoor.com\/roofvogels\/#breadcrumb"},"inLanguage":"fr-FR","potentialAction":[{"@type":"ReadAction","target":["https:\/\/voshaaroutdoor.com\/roofvogels\/"]}]},{"@type":"ImageObject","inLanguage":"fr-FR","@id":"https:\/\/voshaaroutdoor.com\/roofvogels\/#primaryimage","url":"https:\/\/voshaaroutdoor.com\/wp-content\/uploads\/2024\/12\/roofvogels-scaled.jpeg","contentUrl":"https:\/\/voshaaroutdoor.com\/wp-content\/uploads\/2024\/12\/roofvogels-scaled.jpeg","width":2560,"height":1440},{"@type":"BreadcrumbList","@id":"https:\/\/voshaaroutdoor.com\/roofvogels\/#breadcrumb","itemListElement":[{"@type":"ListItem","position":1,"name":"Home","item":"https:\/\/voshaaroutdoor.com\/"},{"@type":"ListItem","position":2,"name":"Roofvogels"}]},{"@type":"WebSite","@id":"https:\/\/voshaaroutdoor.com\/#website","url":"https:\/\/voshaaroutdoor.com\/","name":"VoshaarOutdoor.com","description":"Voshaar Outdoor &amp; Education - Formations, cours et \u00e9ducation","publisher":{"@id":"https:\/\/voshaaroutdoor.com\/#organization"},"potentialAction":[{"@type":"SearchAction","target":{"@type":"EntryPoint","urlTemplate":"https:\/\/voshaaroutdoor.com\/?s={search_term_string}"},"query-input":{"@type":"PropertyValueSpecification","valueRequired":true,"valueName":"search_term_string"}}],"inLanguage":"fr-FR"},{"@type":"Organization","@id":"https:\/\/voshaaroutdoor.com\/#organization","name":"Voshaar Plein air et \u00e9ducation","url":"https:\/\/voshaaroutdoor.com\/","logo":{"@type":"ImageObject","inLanguage":"fr-FR","@id":"https:\/\/voshaaroutdoor.com\/#\/schema\/logo\/image\/","url":"https:\/\/voshaaroutdoor.com\/wp-content\/uploads\/2021\/11\/cropped-nieuwe-logo-rood.png","contentUrl":"https:\/\/voshaaroutdoor.com\/wp-content\/uploads\/2021\/11\/cropped-nieuwe-logo-rood.png","width":512,"height":512,"caption":"Voshaar Outdoor & Education"},"image":{"@id":"https:\/\/voshaaroutdoor.com\/#\/schema\/logo\/image\/"},"sameAs":["https:\/\/www.facebook.com\/VoshaarOutdoorandEducation","https:\/\/www.instagram.com\/voshaaroutdoorandeducation\/"]}]}},"_links":{"self":[{"href":"https:\/\/voshaaroutdoor.com\/fr\/wp-json\/wp\/v2\/pages\/7209","targetHints":{"allow":["GET"]}}],"collection":[{"href":"https:\/\/voshaaroutdoor.com\/fr\/wp-json\/wp\/v2\/pages"}],"about":[{"href":"https:\/\/voshaaroutdoor.com\/fr\/wp-json\/wp\/v2\/types\/page"}],"author":[{"embeddable":true,"href":"https:\/\/voshaaroutdoor.com\/fr\/wp-json\/wp\/v2\/users\/4"}],"replies":[{"embeddable":true,"href":"https:\/\/voshaaroutdoor.com\/fr\/wp-json\/wp\/v2\/comments?post=7209"}],"version-history":[{"count":23,"href":"https:\/\/voshaaroutdoor.com\/fr\/wp-json\/wp\/v2\/pages\/7209\/revisions"}],"predecessor-version":[{"id":8163,"href":"https:\/\/voshaaroutdoor.com\/fr\/wp-json\/wp\/v2\/pages\/7209\/revisions\/8163"}],"wp:featuredmedia":[{"embeddable":true,"href":"https:\/\/voshaaroutdoor.com\/fr\/wp-json\/wp\/v2\/media\/7206"}],"wp:attachment":[{"href":"https:\/\/voshaaroutdoor.com\/fr\/wp-json\/wp\/v2\/media?parent=7209"}],"curies":[{"name":"wp","href":"https:\/\/api.w.org\/{rel}","templated":true}]}}