{"id":6621,"date":"2024-03-06T20:55:40","date_gmt":"2024-03-06T20:55:40","guid":{"rendered":"https:\/\/voshaaroutdoor.com\/?page_id=6621"},"modified":"2026-03-17T15:39:03","modified_gmt":"2026-03-17T15:39:03","slug":"heatstroke-outdoor-wilderness-meeting","status":"publish","type":"page","link":"https:\/\/voshaaroutdoor.com\/fr\/heatstroke-outdoor-wilderness-meeting\/","title":{"rendered":"Journ\u00e9es portes ouvertes Voshaar MBO et HEATSTROKE !"},"content":{"rendered":"<div class=\"wpb-content-wrapper\"><div class=\"vc_row wpb_row vc_row-fluid\" ><div class=\"wpb_column vc_column_container vc_col-sm-12\"><div class=\"vc_column-inner\"><div class=\"wpb_wrapper\">\n\t<div class=\"wpb_text_column wpb_content_element\" >\n\t\t<div class=\"wpb_wrapper\">\n\t\t\t<div style=\"text-align: center;\">2026<br \/>\nJourn\u00e9es portes ouvertes<\/div>\n<div style=\"text-align: center;\">\n<p>Journ\u00e9e portes ouvertes du MBO le 27 mars<\/p>\n<\/div>\n<div style=\"text-align: center;\">\n<p>&nbsp;<\/p>\n<\/div>\n\n\t\t<\/div>\n\t<\/div>\n<div class=\"vc_btn3-container vc_btn3-center vc_do_btn\" ><a class=\"vc_general vc_btn3 vc_btn3-size-md vc_btn3-shape-rounded vc_btn3-style-modern vc_btn3-color-grey\" href=\"https:\/\/mbooutdoor.com\/open-dag\/\" title=\"\" target=\"_blank\">Informations sur la journ\u00e9e portes ouvertes du MBO<\/a><\/div><div class=\"vc_empty_space\"   style=\"height: 32px\"><span class=\"vc_empty_space_inner\"><\/span><\/div>\n\t<div  class=\"wpb_single_image wpb_content_element vc_align_center wpb_content_element\">\n\t\t\n\t\t<figure class=\"wpb_wrapper vc_figure\">\n\t\t\t<div class=\"vc_single_image-wrapper   vc_box_border_grey\"><img loading=\"lazy\" decoding=\"async\" width=\"819\" height=\"1024\" src=\"https:\/\/voshaaroutdoor.com\/wp-content\/uploads\/2025\/07\/2026-opendagen-Verticale-Instagrampost-819x1024.jpeg\" class=\"vc_single_image-img attachment-large\" alt=\"\" title=\"Journ\u00e9es portes ouvertes 2026 - Publication Instagram verticale\" srcset=\"https:\/\/voshaaroutdoor.com\/wp-content\/uploads\/2025\/07\/2026-opendagen-Verticale-Instagrampost-819x1024.jpeg 819w, https:\/\/voshaaroutdoor.com\/wp-content\/uploads\/2025\/07\/2026-opendagen-Verticale-Instagrampost-240x300.jpeg 240w, https:\/\/voshaaroutdoor.com\/wp-content\/uploads\/2025\/07\/2026-opendagen-Verticale-Instagrampost-768x960.jpeg 768w, https:\/\/voshaaroutdoor.com\/wp-content\/uploads\/2025\/07\/2026-opendagen-Verticale-Instagrampost-1229x1536.jpeg 1229w, https:\/\/voshaaroutdoor.com\/wp-content\/uploads\/2025\/07\/2026-opendagen-Verticale-Instagrampost-1638x2048.jpeg 1638w, https:\/\/voshaaroutdoor.com\/wp-content\/uploads\/2025\/07\/2026-opendagen-Verticale-Instagrampost-10x12.jpeg 10w\" sizes=\"auto, (max-width: 819px) 100vw, 819px\" \/><\/div>\n\t\t<\/figure>\n\t<\/div>\n<div class=\"vc_empty_space\"   style=\"height: 32px\"><span class=\"vc_empty_space_inner\"><\/span><\/div>\n\t<div class=\"wpb_text_column wpb_content_element\" >\n\t\t<div class=\"wpb_wrapper\">\n\t\t\t<div style=\"text-align: center;\">\n<p><strong>26- 27-28 <\/strong><strong>Coup de chaleur en juin\u00a0! R\u00e9union en plein air en pleine nature<\/strong><\/p>\n<\/div>\n<div style=\"text-align: center;\">\n<div style=\"text-align: center;\">\n<p>Toutes les informations sur la formation, le sport, l&#039;\u00e9ducation (MBO et temps partiel), les cours et les voyages.<\/p>\n<p>Il existe toutes sortes de d\u00e9monstrations, de formations et de pr\u00e9sentations auxquelles vous pouvez participer.<br \/>\nBien s\u00fbr aussi avec beaucoup de plaisir au bar et autour du feu de camp.<\/p>\n<\/div>\n<p>Vendredi 19h00-20h30 Entra\u00eenement de course \u00e0 pied<br \/>\nSamedi 09h30-11h00 Entra\u00eenement de course \u00e0 pied sur le Lochemse berg.<br \/>\nSamedi 10h45-12h00 Formation de survie pour les jeunes (8-16 ans).<br \/>\nDimanche 11h00-12h30 Entra\u00eenement gratuit pour Survivalrunners dans nos locaux<\/p>\n<p>Le programme complet suivra bient\u00f4t<br \/>\nSamedi 10h-18h<br \/>\nDimanche 10h00-15h00<br \/>\noh<br \/>\nPr\u00e9sentation du MBO<br \/>\nPr\u00e9sentation sur la formation en milieu sauvage<br \/>\nInformations de voyage<br \/>\nKayak et kayak-polo<br \/>\nN\u0153uds, techniques d&#039;escalade et de corde<br \/>\nFeu et abri<br \/>\nCarte et boussole<br \/>\nPapillons de nuit<br \/>\nOiseaux de proie<br \/>\nFlore<\/p>\n<p>Bar ouvert le samedi de 12h00 \u00e0 17h30 et de 21h00 \u00e0 01h00<br \/>\nBar du dimanche ouvert de 10h \u00e0 15h.<\/p>\n<\/div>\n<div style=\"text-align: center;\">Vous pouvez vous inscrire pour la journ\u00e9e ou pour tout le week-end.<br \/>\nVous devez acheter un ticket de camping pour tout le week-end.<br \/>\nVous pouvez camper avec une tente ou une b\u00e2che. Le camping car sur le parking est \u00e9galement possible.<\/div>\n<div style=\"text-align: center;\">Avec un ticket camping (vendredi et\/ou samedi) le caf\u00e9\/th\u00e9 est inclus pour tout le week-end.<br \/>\nCo\u00fbte 25 \u20ac<\/div>\n<div style=\"text-align: center;\">\n<p>L&#039;entr\u00e9e est gratuite pour une journ\u00e9e.<\/p>\n<\/div>\n<div style=\"text-align: center;\">Maximum 100 participants.<br \/>\nInscription n\u00e9cessaire.<br \/>\nLes inscriptions pour le week-end sont prioritaires.<\/div>\n<div style=\"text-align: center;\"><\/div>\n\n\t\t<\/div>\n\t<\/div>\n<div class=\"vc_empty_space\"   style=\"height: 32px\"><span class=\"vc_empty_space_inner\"><\/span><\/div><div class=\"vc_btn3-container vc_btn3-center vc_do_btn\" ><a class=\"vc_general vc_btn3 vc_btn3-size-md vc_btn3-shape-rounded vc_btn3-style-modern vc_btn3-color-grey\" href=\"https:\/\/www.nowonlinetickets.nl\/Shop\/EventDetails\/B88A91FD835253AE5F71A66A92A88C96\" title=\"\" target=\"_blank\">Inscription incluant le camping du 26 au 28 juin 2026<\/a><\/div><div class=\"vc_btn3-container vc_btn3-center vc_do_btn\" ><button class=\"vc_general vc_btn3 vc_btn3-size-md vc_btn3-shape-rounded vc_btn3-style-modern vc_btn3-color-grey\">L&#039;inscription pour une journ\u00e9e sans camping est possible \u00e0 partir du mois de mai.<\/button><\/div><div class=\"vc_empty_space\"   style=\"height: 32px\"><span class=\"vc_empty_space_inner\"><\/span><\/div><\/div><\/div><\/div><\/div><div class=\"vc_row wpb_row vc_row-fluid\" ><div class=\"wpb_column vc_column_container vc_col-sm-12\"><div class=\"vc_column-inner\"><div class=\"wpb_wrapper\">\n\t<div class=\"wpb_text_column wpb_content_element\" >\n\t\t<div class=\"wpb_wrapper\">\n\t\t\t<p style=\"text-align: center;\"><strong>informations g\u00e9n\u00e9rales<\/strong><\/p>\n<p style=\"text-align: center;\">\u00c2ge minimum 16 ans<br \/>\nCamping sur le terrain. Camping-cars uniquement sur le parking. Il n&#039;y a pas d&#039;\u00e9lectricit\u00e9 sur les emplacements de camping.<\/p>\n<p style=\"text-align: center;\">Les t\u00e9l\u00e9phones, etc. peuvent \u00eatre charg\u00e9s<\/p>\n<p style=\"text-align: center;\">Chiens et autres animaux non admis.<br \/>\nFournissez votre propre nourriture et votre mat\u00e9riel de cuisine.<br \/>\nUn r\u00e9frig\u00e9rateur est \u00e0 disposition.<br \/>\nS\u00e9parez les d\u00e9chets ! Papier, verre, plastique, d\u00e9chets verts et r\u00e9siduels<\/p>\n<p style=\"text-align: center;\">Repos au camping et au parking entre minuit et 8h<\/p>\n<p style=\"text-align: center;\">Les boissons personnelles ne sont pas autoris\u00e9es sur la terrasse et au bar<\/p>\n<p style=\"text-align: center;\">Voshaar Plein air et \u00e9ducation<br \/>\nWinterswijkseweg 17<br \/>\n7152 B.V. Eibergen<\/p>\n\n\t\t<\/div>\n\t<\/div>\n<div class=\"vc_empty_space\"   style=\"height: 32px\"><span class=\"vc_empty_space_inner\"><\/span><\/div><div class=\"vc_btn3-container vc_btn3-center vc_do_btn\" ><a class=\"vc_general vc_btn3 vc_btn3-size-md vc_btn3-shape-rounded vc_btn3-style-modern vc_btn3-color-grey\" href=\"https:\/\/vimeo.com\/showcase\/11441803?share=copy\" title=\"\" target=\"_blank\">Vid\u00e9o<\/a><\/div><\/div><\/div><\/div><\/div><div class=\"vc_row wpb_row vc_row-fluid\" ><div class=\"wpb_column vc_column_container vc_col-sm-12\"><div class=\"vc_column-inner\"><div class=\"wpb_wrapper\"><\/div><\/div><\/div><\/div><div class=\"vc_row wpb_row vc_row-fluid\" ><div class=\"wpb_column vc_column_container vc_col-sm-12\"><div class=\"vc_column-inner\"><div class=\"wpb_wrapper\"><div class=\"vc_empty_space\"   style=\"height: 32px\"><span class=\"vc_empty_space_inner\"><\/span><\/div><\/div><\/div><\/div><\/div><div class=\"vc_row wpb_row vc_row-fluid\" ><div class=\"wpb_column vc_column_container vc_col-sm-12\"><div class=\"vc_column-inner\"><div class=\"wpb_wrapper\">\n\t<div  class=\"wpb_single_image wpb_content_element vc_align_center wpb_content_element\">\n\t\t\n\t\t<figure class=\"wpb_wrapper vc_figure\">\n\t\t\t<div class=\"vc_single_image-wrapper   vc_box_border_grey\"><img loading=\"lazy\" decoding=\"async\" width=\"647\" height=\"918\" src=\"https:\/\/voshaaroutdoor.com\/wp-content\/uploads\/2024\/03\/Poster-klein.png\" class=\"vc_single_image-img attachment-large\" alt=\"\" title=\"Petite affiche\" srcset=\"https:\/\/voshaaroutdoor.com\/wp-content\/uploads\/2024\/03\/Poster-klein.png 647w, https:\/\/voshaaroutdoor.com\/wp-content\/uploads\/2024\/03\/Poster-klein-211x300.png 211w, https:\/\/voshaaroutdoor.com\/wp-content\/uploads\/2024\/03\/Poster-klein-8x12.png 8w\" sizes=\"auto, (max-width: 647px) 100vw, 647px\" \/><\/div>\n\t\t<\/figure>\n\t<\/div>\n<div class=\"vc_empty_space\"   style=\"height: 32px\"><span class=\"vc_empty_space_inner\"><\/span><\/div><\/div><\/div><\/div><\/div><div class=\"vc_row wpb_row vc_row-fluid\" ><div class=\"wpb_column vc_column_container vc_col-sm-12\"><div class=\"vc_column-inner\"><div class=\"wpb_wrapper\">\n\t<div  class=\"wpb_single_image wpb_content_element vc_align_center wpb_content_element\">\n\t\t\n\t\t<figure class=\"wpb_wrapper vc_figure\">\n\t\t\t<div class=\"vc_single_image-wrapper   vc_box_border_grey\"><img loading=\"lazy\" decoding=\"async\" width=\"640\" height=\"883\" src=\"https:\/\/voshaaroutdoor.com\/wp-content\/uploads\/2024\/08\/Promo-WT-klein.png\" class=\"vc_single_image-img attachment-large\" alt=\"\" title=\"Promotion WT petit\" srcset=\"https:\/\/voshaaroutdoor.com\/wp-content\/uploads\/2024\/08\/Promo-WT-klein.png 640w, https:\/\/voshaaroutdoor.com\/wp-content\/uploads\/2024\/08\/Promo-WT-klein-217x300.png 217w, https:\/\/voshaaroutdoor.com\/wp-content\/uploads\/2024\/08\/Promo-WT-klein-9x12.png 9w\" sizes=\"auto, (max-width: 640px) 100vw, 640px\" \/><\/div>\n\t\t<\/figure>\n\t<\/div>\n<div class=\"vc_empty_space\"   style=\"height: 32px\"><span class=\"vc_empty_space_inner\"><\/span><\/div><\/div><\/div><\/div><\/div><div class=\"vc_row wpb_row vc_row-fluid\" ><div class=\"wpb_column vc_column_container vc_col-sm-12\"><div class=\"vc_column-inner\"><div class=\"wpb_wrapper\"><\/div><\/div><\/div><\/div><div class=\"vc_row wpb_row vc_row-fluid\" ><div class=\"wpb_column vc_column_container vc_col-sm-12\"><div class=\"vc_column-inner\"><div class=\"wpb_wrapper\">\n\t<div  class=\"wpb_single_image wpb_content_element vc_align_center wpb_content_element\">\n\t\t\n\t\t<figure class=\"wpb_wrapper vc_figure\">\n\t\t\t<div class=\"vc_single_image-wrapper   vc_box_border_grey\"><img loading=\"lazy\" decoding=\"async\" width=\"819\" height=\"1024\" src=\"https:\/\/voshaaroutdoor.com\/wp-content\/uploads\/2024\/10\/Travels-Verticale-Instagrampost-819x1024.jpeg\" class=\"vc_single_image-img attachment-large\" alt=\"\" title=\"Voyages\" srcset=\"https:\/\/voshaaroutdoor.com\/wp-content\/uploads\/2024\/10\/Travels-Verticale-Instagrampost-819x1024.jpeg 819w, https:\/\/voshaaroutdoor.com\/wp-content\/uploads\/2024\/10\/Travels-Verticale-Instagrampost-240x300.jpeg 240w, https:\/\/voshaaroutdoor.com\/wp-content\/uploads\/2024\/10\/Travels-Verticale-Instagrampost-768x960.jpeg 768w, https:\/\/voshaaroutdoor.com\/wp-content\/uploads\/2024\/10\/Travels-Verticale-Instagrampost-1229x1536.jpeg 1229w, https:\/\/voshaaroutdoor.com\/wp-content\/uploads\/2024\/10\/Travels-Verticale-Instagrampost-1638x2048.jpeg 1638w, https:\/\/voshaaroutdoor.com\/wp-content\/uploads\/2024\/10\/Travels-Verticale-Instagrampost-10x12.jpeg 10w\" sizes=\"auto, (max-width: 819px) 100vw, 819px\" \/><\/div>\n\t\t<\/figure>\n\t<\/div>\n<\/div><\/div><\/div><\/div><div class=\"vc_row wpb_row vc_row-fluid\" ><div class=\"wpb_column vc_column_container vc_col-sm-12\"><div class=\"vc_column-inner\"><div class=\"wpb_wrapper\"><div class=\"vc_empty_space\"   style=\"height: 32px\"><span class=\"vc_empty_space_inner\"><\/span><\/div><\/div><\/div><\/div><\/div><div class=\"vc_row wpb_row vc_row-fluid\" ><div class=\"wpb_column vc_column_container vc_col-sm-12\"><div class=\"vc_column-inner\"><div class=\"wpb_wrapper\">\n\t<div  class=\"wpb_single_image wpb_content_element vc_align_center wpb_content_element\">\n\t\t\n\t\t<figure class=\"wpb_wrapper vc_figure\">\n\t\t\t<div class=\"vc_single_image-wrapper   vc_box_border_grey\"><img loading=\"lazy\" decoding=\"async\" width=\"819\" height=\"1024\" src=\"https:\/\/voshaaroutdoor.com\/wp-content\/uploads\/2025\/05\/Poster-A2-42x59.4-cm-Poster-A3-Poster-A4-Verticale-Instagrampost-819x1024.jpeg\" class=\"vc_single_image-img attachment-large\" alt=\"\" title=\"Affiche A2 42x59,4 cm - Affiche A3 - Affiche A4 - Post Instagram vertical\" srcset=\"https:\/\/voshaaroutdoor.com\/wp-content\/uploads\/2025\/05\/Poster-A2-42x59.4-cm-Poster-A3-Poster-A4-Verticale-Instagrampost-819x1024.jpeg 819w, https:\/\/voshaaroutdoor.com\/wp-content\/uploads\/2025\/05\/Poster-A2-42x59.4-cm-Poster-A3-Poster-A4-Verticale-Instagrampost-240x300.jpeg 240w, https:\/\/voshaaroutdoor.com\/wp-content\/uploads\/2025\/05\/Poster-A2-42x59.4-cm-Poster-A3-Poster-A4-Verticale-Instagrampost-768x960.jpeg 768w, https:\/\/voshaaroutdoor.com\/wp-content\/uploads\/2025\/05\/Poster-A2-42x59.4-cm-Poster-A3-Poster-A4-Verticale-Instagrampost-1229x1536.jpeg 1229w, https:\/\/voshaaroutdoor.com\/wp-content\/uploads\/2025\/05\/Poster-A2-42x59.4-cm-Poster-A3-Poster-A4-Verticale-Instagrampost-1638x2048.jpeg 1638w, https:\/\/voshaaroutdoor.com\/wp-content\/uploads\/2025\/05\/Poster-A2-42x59.4-cm-Poster-A3-Poster-A4-Verticale-Instagrampost-10x12.jpeg 10w\" sizes=\"auto, (max-width: 819px) 100vw, 819px\" \/><\/div>\n\t\t<\/figure>\n\t<\/div>\n<\/div><\/div><\/div><\/div><div class=\"vc_row wpb_row vc_row-fluid\" ><div class=\"wpb_column vc_column_container vc_col-sm-12\"><div class=\"vc_column-inner\"><div class=\"wpb_wrapper\"><div class=\"vc_empty_space\"   style=\"height: 32px\"><span class=\"vc_empty_space_inner\"><\/span><\/div><\/div><\/div><\/div><\/div>\n<\/div>","protected":false},"excerpt":{"rendered":"2026 Open dagen 27 maart MBO open dag &nbsp; Informatie MBO Open dag 26- 27-28 juni HEATSTROKE! Wilderness-Outdoor Meeting Alle informatie over trainingen, sport, opleidingen (MBO en deeltijd), cursussen en reizen. Er worden allerlei demonstraties, trainingen en presentaties verzorgd waarbij je kan aansluiten. Natuurlijk ook met heel veel gezelligheid in de bar en aan het kampvuur. Vrijdag 19.00-20.30 Looptraining Zaterdag 09.30-11.00 Looptraining op de Lochemse berg. Zaterdag 10.45-12.00 Jeugd (8 -16 jaar) survivaltraining. Zondag 11.00-12.30 Vrij trainen voor Survivalrunners op onze locatie Het volledige tijdschema volgt spoedig Zaterdag 10.00-18.00 Zondag 10.00-15.00 o.a. MBO presentatie Presentatie Wildernis Opleidingen Informatie reizen Kajakken en Kajakpolo Knopen, Klimmen en touwtechnieken Vuur en shelter Kaart en kompas Nachtvlinders Roofvogels Flora Zaterdag bar geopend van 12.00 tot 17.30 en van 21.00 tot 01.00 uur Zondag bar geopend van 10.00 tot 15.00 uur. Je kan inschrijven voor de dag of voor het hele weekend. Voor het hele [...]","protected":false},"author":4,"featured_media":7438,"parent":0,"menu_order":0,"comment_status":"closed","ping_status":"closed","template":"","meta":{"footnotes":""},"class_list":["post-6621","page","type-page","status-publish","has-post-thumbnail","hentry"],"yoast_head":"<!-- This site is optimized with the Yoast SEO plugin v27.5 - https:\/\/yoast.com\/product\/yoast-seo-wordpress\/ -->\n<title>Voshaar open dagen MBO en HEATSTROKE! - VoshaarOutdoor.com<\/title>\n<meta name=\"robots\" content=\"index, follow, max-snippet:-1, max-image-preview:large, max-video-preview:-1\" \/>\n<link rel=\"canonical\" href=\"https:\/\/voshaaroutdoor.com\/fr\/heatstroke-outdoor-wilderness-meeting\/\" \/>\n<meta property=\"og:locale\" content=\"fr_FR\" \/>\n<meta property=\"og:type\" content=\"article\" \/>\n<meta property=\"og:title\" content=\"Voshaar open dagen\" \/>\n<meta property=\"og:description\" content=\"Informatie over sport, trainingen, opleidingen, cursussen en reizen\" \/>\n<meta property=\"og:url\" content=\"https:\/\/voshaaroutdoor.com\/fr\/heatstroke-outdoor-wilderness-meeting\/\" \/>\n<meta property=\"og:site_name\" content=\"VoshaarOutdoor.com\" \/>\n<meta property=\"article:publisher\" content=\"https:\/\/www.facebook.com\/VoshaarOutdoorandEducation\" \/>\n<meta property=\"article:modified_time\" content=\"2026-03-17T15:39:03+00:00\" \/>\n<meta property=\"og:image\" content=\"https:\/\/voshaaroutdoor.com\/wp-content\/uploads\/2025\/05\/Open-dagen-2025-insta.jpeg\" \/>\n\t<meta property=\"og:image:width\" content=\"726\" \/>\n\t<meta property=\"og:image:height\" content=\"908\" \/>\n\t<meta property=\"og:image:type\" content=\"image\/jpeg\" \/>\n<meta name=\"twitter:card\" content=\"summary_large_image\" \/>\n<meta name=\"twitter:label1\" content=\"Dur\u00e9e de lecture estim\u00e9e\" \/>\n\t<meta name=\"twitter:data1\" content=\"3 minutes\" \/>\n<script type=\"application\/ld+json\" class=\"yoast-schema-graph\">{\"@context\":\"https:\\\/\\\/schema.org\",\"@graph\":[{\"@type\":\"WebPage\",\"@id\":\"https:\\\/\\\/voshaaroutdoor.com\\\/heatstroke-outdoor-wilderness-meeting\\\/\",\"url\":\"https:\\\/\\\/voshaaroutdoor.com\\\/heatstroke-outdoor-wilderness-meeting\\\/\",\"name\":\"Voshaar open dagen MBO en HEATSTROKE! - VoshaarOutdoor.com\",\"isPartOf\":{\"@id\":\"https:\\\/\\\/voshaaroutdoor.com\\\/#website\"},\"primaryImageOfPage\":{\"@id\":\"https:\\\/\\\/voshaaroutdoor.com\\\/heatstroke-outdoor-wilderness-meeting\\\/#primaryimage\"},\"image\":{\"@id\":\"https:\\\/\\\/voshaaroutdoor.com\\\/heatstroke-outdoor-wilderness-meeting\\\/#primaryimage\"},\"thumbnailUrl\":\"https:\\\/\\\/voshaaroutdoor.com\\\/wp-content\\\/uploads\\\/2025\\\/07\\\/2026-opendagen-Verticale-Instagrampost-scaled.jpeg\",\"datePublished\":\"2024-03-06T20:55:40+00:00\",\"dateModified\":\"2026-03-17T15:39:03+00:00\",\"breadcrumb\":{\"@id\":\"https:\\\/\\\/voshaaroutdoor.com\\\/heatstroke-outdoor-wilderness-meeting\\\/#breadcrumb\"},\"inLanguage\":\"fr-FR\",\"potentialAction\":[{\"@type\":\"ReadAction\",\"target\":[\"https:\\\/\\\/voshaaroutdoor.com\\\/heatstroke-outdoor-wilderness-meeting\\\/\"]}]},{\"@type\":\"ImageObject\",\"inLanguage\":\"fr-FR\",\"@id\":\"https:\\\/\\\/voshaaroutdoor.com\\\/heatstroke-outdoor-wilderness-meeting\\\/#primaryimage\",\"url\":\"https:\\\/\\\/voshaaroutdoor.com\\\/wp-content\\\/uploads\\\/2025\\\/07\\\/2026-opendagen-Verticale-Instagrampost-scaled.jpeg\",\"contentUrl\":\"https:\\\/\\\/voshaaroutdoor.com\\\/wp-content\\\/uploads\\\/2025\\\/07\\\/2026-opendagen-Verticale-Instagrampost-scaled.jpeg\",\"width\":2048,\"height\":2560},{\"@type\":\"BreadcrumbList\",\"@id\":\"https:\\\/\\\/voshaaroutdoor.com\\\/heatstroke-outdoor-wilderness-meeting\\\/#breadcrumb\",\"itemListElement\":[{\"@type\":\"ListItem\",\"position\":1,\"name\":\"Home\",\"item\":\"https:\\\/\\\/voshaaroutdoor.com\\\/\"},{\"@type\":\"ListItem\",\"position\":2,\"name\":\"Voshaar open dagen MBO en HEATSTROKE!\"}]},{\"@type\":\"WebSite\",\"@id\":\"https:\\\/\\\/voshaaroutdoor.com\\\/#website\",\"url\":\"https:\\\/\\\/voshaaroutdoor.com\\\/\",\"name\":\"VoshaarOutdoor.com\",\"description\":\"Voshaar Outdoor &amp; Education - Trainingen, cursussen en opleidingen\",\"publisher\":{\"@id\":\"https:\\\/\\\/voshaaroutdoor.com\\\/#organization\"},\"potentialAction\":[{\"@type\":\"SearchAction\",\"target\":{\"@type\":\"EntryPoint\",\"urlTemplate\":\"https:\\\/\\\/voshaaroutdoor.com\\\/?s={search_term_string}\"},\"query-input\":{\"@type\":\"PropertyValueSpecification\",\"valueRequired\":true,\"valueName\":\"search_term_string\"}}],\"inLanguage\":\"fr-FR\"},{\"@type\":\"Organization\",\"@id\":\"https:\\\/\\\/voshaaroutdoor.com\\\/#organization\",\"name\":\"Voshaar Outdoor & Education\",\"url\":\"https:\\\/\\\/voshaaroutdoor.com\\\/\",\"logo\":{\"@type\":\"ImageObject\",\"inLanguage\":\"fr-FR\",\"@id\":\"https:\\\/\\\/voshaaroutdoor.com\\\/#\\\/schema\\\/logo\\\/image\\\/\",\"url\":\"https:\\\/\\\/voshaaroutdoor.com\\\/wp-content\\\/uploads\\\/2021\\\/11\\\/cropped-nieuwe-logo-rood.png\",\"contentUrl\":\"https:\\\/\\\/voshaaroutdoor.com\\\/wp-content\\\/uploads\\\/2021\\\/11\\\/cropped-nieuwe-logo-rood.png\",\"width\":512,\"height\":512,\"caption\":\"Voshaar Outdoor & Education\"},\"image\":{\"@id\":\"https:\\\/\\\/voshaaroutdoor.com\\\/#\\\/schema\\\/logo\\\/image\\\/\"},\"sameAs\":[\"https:\\\/\\\/www.facebook.com\\\/VoshaarOutdoorandEducation\",\"https:\\\/\\\/www.instagram.com\\\/voshaaroutdoorandeducation\\\/\"]}]}<\/script>\n<!-- \/ Yoast SEO plugin. -->","yoast_head_json":{"title":"Journ\u00e9es portes ouvertes Voshaar MBO et HEATSTROKE ! - VoshaarOutdoor.com","robots":{"index":"index","follow":"follow","max-snippet":"max-snippet:-1","max-image-preview":"max-image-preview:large","max-video-preview":"max-video-preview:-1"},"canonical":"https:\/\/voshaaroutdoor.com\/fr\/heatstroke-outdoor-wilderness-meeting\/","og_locale":"fr_FR","og_type":"article","og_title":"Voshaar open dagen","og_description":"Informatie over sport, trainingen, opleidingen, cursussen en reizen","og_url":"https:\/\/voshaaroutdoor.com\/fr\/heatstroke-outdoor-wilderness-meeting\/","og_site_name":"VoshaarOutdoor.com","article_publisher":"https:\/\/www.facebook.com\/VoshaarOutdoorandEducation","article_modified_time":"2026-03-17T15:39:03+00:00","og_image":[{"width":726,"height":908,"url":"https:\/\/voshaaroutdoor.com\/wp-content\/uploads\/2025\/05\/Open-dagen-2025-insta.jpeg","type":"image\/jpeg"}],"twitter_card":"summary_large_image","twitter_misc":{"Dur\u00e9e de lecture estim\u00e9e":"3 minutes"},"schema":{"@context":"https:\/\/schema.org","@graph":[{"@type":"WebPage","@id":"https:\/\/voshaaroutdoor.com\/heatstroke-outdoor-wilderness-meeting\/","url":"https:\/\/voshaaroutdoor.com\/heatstroke-outdoor-wilderness-meeting\/","name":"Journ\u00e9es portes ouvertes Voshaar MBO et HEATSTROKE ! - VoshaarOutdoor.com","isPartOf":{"@id":"https:\/\/voshaaroutdoor.com\/#website"},"primaryImageOfPage":{"@id":"https:\/\/voshaaroutdoor.com\/heatstroke-outdoor-wilderness-meeting\/#primaryimage"},"image":{"@id":"https:\/\/voshaaroutdoor.com\/heatstroke-outdoor-wilderness-meeting\/#primaryimage"},"thumbnailUrl":"https:\/\/voshaaroutdoor.com\/wp-content\/uploads\/2025\/07\/2026-opendagen-Verticale-Instagrampost-scaled.jpeg","datePublished":"2024-03-06T20:55:40+00:00","dateModified":"2026-03-17T15:39:03+00:00","breadcrumb":{"@id":"https:\/\/voshaaroutdoor.com\/heatstroke-outdoor-wilderness-meeting\/#breadcrumb"},"inLanguage":"fr-FR","potentialAction":[{"@type":"ReadAction","target":["https:\/\/voshaaroutdoor.com\/heatstroke-outdoor-wilderness-meeting\/"]}]},{"@type":"ImageObject","inLanguage":"fr-FR","@id":"https:\/\/voshaaroutdoor.com\/heatstroke-outdoor-wilderness-meeting\/#primaryimage","url":"https:\/\/voshaaroutdoor.com\/wp-content\/uploads\/2025\/07\/2026-opendagen-Verticale-Instagrampost-scaled.jpeg","contentUrl":"https:\/\/voshaaroutdoor.com\/wp-content\/uploads\/2025\/07\/2026-opendagen-Verticale-Instagrampost-scaled.jpeg","width":2048,"height":2560},{"@type":"BreadcrumbList","@id":"https:\/\/voshaaroutdoor.com\/heatstroke-outdoor-wilderness-meeting\/#breadcrumb","itemListElement":[{"@type":"ListItem","position":1,"name":"Home","item":"https:\/\/voshaaroutdoor.com\/"},{"@type":"ListItem","position":2,"name":"Voshaar open dagen MBO en HEATSTROKE!"}]},{"@type":"WebSite","@id":"https:\/\/voshaaroutdoor.com\/#website","url":"https:\/\/voshaaroutdoor.com\/","name":"VoshaarOutdoor.com","description":"Voshaar Outdoor &amp; Education - Formations, cours et \u00e9ducation","publisher":{"@id":"https:\/\/voshaaroutdoor.com\/#organization"},"potentialAction":[{"@type":"SearchAction","target":{"@type":"EntryPoint","urlTemplate":"https:\/\/voshaaroutdoor.com\/?s={search_term_string}"},"query-input":{"@type":"PropertyValueSpecification","valueRequired":true,"valueName":"search_term_string"}}],"inLanguage":"fr-FR"},{"@type":"Organization","@id":"https:\/\/voshaaroutdoor.com\/#organization","name":"Voshaar Plein air et \u00e9ducation","url":"https:\/\/voshaaroutdoor.com\/","logo":{"@type":"ImageObject","inLanguage":"fr-FR","@id":"https:\/\/voshaaroutdoor.com\/#\/schema\/logo\/image\/","url":"https:\/\/voshaaroutdoor.com\/wp-content\/uploads\/2021\/11\/cropped-nieuwe-logo-rood.png","contentUrl":"https:\/\/voshaaroutdoor.com\/wp-content\/uploads\/2021\/11\/cropped-nieuwe-logo-rood.png","width":512,"height":512,"caption":"Voshaar Outdoor & Education"},"image":{"@id":"https:\/\/voshaaroutdoor.com\/#\/schema\/logo\/image\/"},"sameAs":["https:\/\/www.facebook.com\/VoshaarOutdoorandEducation","https:\/\/www.instagram.com\/voshaaroutdoorandeducation\/"]}]}},"_links":{"self":[{"href":"https:\/\/voshaaroutdoor.com\/fr\/wp-json\/wp\/v2\/pages\/6621","targetHints":{"allow":["GET"]}}],"collection":[{"href":"https:\/\/voshaaroutdoor.com\/fr\/wp-json\/wp\/v2\/pages"}],"about":[{"href":"https:\/\/voshaaroutdoor.com\/fr\/wp-json\/wp\/v2\/types\/page"}],"author":[{"embeddable":true,"href":"https:\/\/voshaaroutdoor.com\/fr\/wp-json\/wp\/v2\/users\/4"}],"replies":[{"embeddable":true,"href":"https:\/\/voshaaroutdoor.com\/fr\/wp-json\/wp\/v2\/comments?post=6621"}],"version-history":[{"count":72,"href":"https:\/\/voshaaroutdoor.com\/fr\/wp-json\/wp\/v2\/pages\/6621\/revisions"}],"predecessor-version":[{"id":8249,"href":"https:\/\/voshaaroutdoor.com\/fr\/wp-json\/wp\/v2\/pages\/6621\/revisions\/8249"}],"wp:featuredmedia":[{"embeddable":true,"href":"https:\/\/voshaaroutdoor.com\/fr\/wp-json\/wp\/v2\/media\/7438"}],"wp:attachment":[{"href":"https:\/\/voshaaroutdoor.com\/fr\/wp-json\/wp\/v2\/media?parent=6621"}],"curies":[{"name":"wp","href":"https:\/\/api.w.org\/{rel}","templated":true}]}}