{"id":6321,"date":"2023-05-23T08:53:56","date_gmt":"2023-05-23T08:53:56","guid":{"rendered":"https:\/\/voshaaroutdoor.com\/?page_id=6321"},"modified":"2025-08-14T20:48:30","modified_gmt":"2025-08-14T20:48:30","slug":"canadian-wildlife","status":"publish","type":"page","link":"https:\/\/voshaaroutdoor.com\/fr\/canadian-wildlife\/","title":{"rendered":"Canada \u2013 Montagnes Rocheuses"},"content":{"rendered":"<div class=\"wpb-content-wrapper\"><div class=\"vc_row wpb_row vc_row-fluid\" ><div class=\"wpb_column vc_column_container vc_col-sm-12\"><div class=\"vc_column-inner\"><div class=\"wpb_wrapper\">\n\t<div class=\"wpb_text_column wpb_content_element\" >\n\t\t<div class=\"wpb_wrapper\">\n\t\t\t<p style=\"text-align: center;\">Recherche de grands mammif\u00e8res au Canada avec un focus sur les pr\u00e9dateurs (Loup, Ours, Cougar, Lynx, Coyote, Carcajou)<br \/>\nEmplacements\u00a0: Kananaskis, Bighorn Country, PN Banff<\/p>\n\n\t\t<\/div>\n\t<\/div>\n<div class=\"vc_empty_space\"   style=\"height: 32px\"><span class=\"vc_empty_space_inner\"><\/span><\/div><\/div><\/div><\/div><\/div><div class=\"vc_row wpb_row vc_row-fluid\" ><div class=\"wpb_column vc_column_container vc_col-sm-12\"><div class=\"vc_column-inner\"><div class=\"wpb_wrapper\">\n\t<div class=\"wpb_video_widget wpb_content_element vc_clearfix   vc_video-aspect-ratio-169 vc_video-el-width-100 vc_video-align-center\" >\n\t\t<div class=\"wpb_wrapper\">\n\t\t\t\n\t\t\t<div class=\"wpb_video_wrapper\"><iframe loading=\"lazy\" title=\"La faune canadienne 2023.mp4\" src=\"https:\/\/player.vimeo.com\/video\/800334097?dnt=1&amp;app_id=122963\" width=\"500\" height=\"281\" frameborder=\"0\" allow=\"autoplay; fullscreen; picture-in-picture\"><\/iframe><\/div>\n\t\t<\/div>\n\t<\/div>\n<div class=\"vc_empty_space\"   style=\"height: 32px\"><span class=\"vc_empty_space_inner\"><\/span><\/div><\/div><\/div><\/div><\/div><div class=\"vc_row wpb_row vc_row-fluid\" ><div class=\"wpb_column vc_column_container vc_col-sm-12\"><div class=\"vc_column-inner\"><div class=\"wpb_wrapper\">\n\t<div class=\"wpb_text_column wpb_content_element\" >\n\t\t<div class=\"wpb_wrapper\">\n\t\t\t<p style=\"text-align: center;\">\u00a0Des guides exp\u00e9riment\u00e9s en pleine nature m\u00e8nent ce voyage dans la nature sauvage canadienne. Les participants en apprendront beaucoup sur les diff\u00e9rents animaux et nous ferons de notre mieux pour les retrouver. En plus des pr\u00e9dateurs, nous avons la chance d\u2019apercevoir des esp\u00e8ces comme l\u2019orignal, le wapiti, le mouflon d\u2019Am\u00e9rique et bien plus encore. Nous utilisons des techniques de tracking et des pi\u00e8ges photographiques lors de ce voyage. Les r\u00e9gions o\u00f9 nous allons ont une population saine de grizzlis, d&#039;ours noirs, de loups, de lynx et de couguars. Le carcajou est \u00e9galement pr\u00e9sent (mais tr\u00e8s difficile \u00e0 trouver). Si le voyage est pr\u00e9vu en hiver, les ours sont en hibernation et l&#039;accent est mis sur le loup et le couguar.<br \/>\nNous ne garantissons pas les observations, mais nous ferons de notre mieux.<\/p>\n<p style=\"text-align: center;\">Emplacement : Montagnes Rocheuses et contreforts, Alberta.<\/p>\n\n\t\t<\/div>\n\t<\/div>\n<div class=\"vc_empty_space\"   style=\"height: 32px\"><span class=\"vc_empty_space_inner\"><\/span><\/div><\/div><\/div><\/div><\/div><div class=\"vc_row wpb_row vc_row-fluid\" ><div class=\"wpb_column vc_column_container vc_col-sm-12\"><div class=\"vc_column-inner\"><div class=\"wpb_wrapper\">\n\t<div  class=\"wpb_single_image wpb_content_element vc_align_center wpb_content_element\">\n\t\t\n\t\t<figure class=\"wpb_wrapper vc_figure\">\n\t\t\t<div class=\"vc_single_image-wrapper   vc_box_border_grey\"><img loading=\"lazy\" decoding=\"async\" width=\"1024\" height=\"380\" src=\"https:\/\/voshaaroutdoor.com\/wp-content\/uploads\/2023\/05\/Grizzly-2021-11.Movie_Snapshot-1024x380.jpg\" class=\"vc_single_image-img attachment-large\" alt=\"\" title=\"Grizzly 2021 (11).Film_Instantan\u00e9\" srcset=\"https:\/\/voshaaroutdoor.com\/wp-content\/uploads\/2023\/05\/Grizzly-2021-11.Movie_Snapshot-1024x380.jpg 1024w, https:\/\/voshaaroutdoor.com\/wp-content\/uploads\/2023\/05\/Grizzly-2021-11.Movie_Snapshot-300x111.jpg 300w, https:\/\/voshaaroutdoor.com\/wp-content\/uploads\/2023\/05\/Grizzly-2021-11.Movie_Snapshot-768x285.jpg 768w, https:\/\/voshaaroutdoor.com\/wp-content\/uploads\/2023\/05\/Grizzly-2021-11.Movie_Snapshot-1536x570.jpg 1536w, https:\/\/voshaaroutdoor.com\/wp-content\/uploads\/2023\/05\/Grizzly-2021-11.Movie_Snapshot.jpg 1913w\" sizes=\"auto, (max-width: 1024px) 100vw, 1024px\" \/><\/div>\n\t\t<\/figure>\n\t<\/div>\n<div class=\"vc_empty_space\"   style=\"height: 32px\"><span class=\"vc_empty_space_inner\"><\/span><\/div><\/div><\/div><\/div><\/div><div class=\"vc_row wpb_row vc_row-fluid\" ><div class=\"wpb_column vc_column_container vc_col-sm-12\"><div class=\"vc_column-inner\"><div class=\"wpb_wrapper\">\n\t<div class=\"wpb_text_column wpb_content_element\" >\n\t\t<div class=\"wpb_wrapper\">\n\t\t\t<div class=\"wpb_text_column wpb_content_element\">\n<div class=\"wpb_wrapper\">\n<p style=\"text-align: center;\">Le point de d\u00e9part est \u00e0 1 heure au nord-ouest de Calgary. Ramasser \u00e0 Cochrane<\/p>\n<p style=\"text-align: center;\">Dates : 2026-2027 bient\u00f4t sur cette page<\/p>\n<p style=\"text-align: center;\">Pour tous nos voyages, les participants doivent \u00eatre \u00e2g\u00e9s de 18 ans ou plus au moment du voyage.<\/p>\n<p style=\"text-align: center;\">Co\u00fbter:<br \/>\nCinq jours : 550 \u20ac, transport et nuit\u00e9es compris. Exclus : l&#039;assurance voyage, les vols, les repas et le transport de Calgary \u00e0 Cochrane.<br \/>\nPour les participants au programme CSWI, les frais sont de 400 \u20ac (Code de r\u00e9duction : cswi25)<\/p>\n<\/div>\n<\/div>\n<div class=\"vc_btn3-container vc_btn3-inline\"><\/div>\n\n\t\t<\/div>\n\t<\/div>\n<div class=\"vc_empty_space\"   style=\"height: 32px\"><span class=\"vc_empty_space_inner\"><\/span><\/div><\/div><\/div><\/div><\/div><div class=\"vc_row wpb_row vc_row-fluid\" ><div class=\"wpb_column vc_column_container vc_col-sm-12\"><div class=\"vc_column-inner\"><div class=\"wpb_wrapper\"><div class=\"vc_btn3-container vc_btn3-center vc_do_btn\" ><button class=\"vc_general vc_btn3 vc_btn3-size-md vc_btn3-shape-rounded vc_btn3-style-modern vc_btn3-color-grey\">s&#039;inscrire<\/button><\/div><div class=\"vc_empty_space\"   style=\"height: 32px\"><span class=\"vc_empty_space_inner\"><\/span><\/div><\/div><\/div><\/div><\/div><div class=\"vc_row wpb_row vc_row-fluid\" ><div class=\"wpb_column vc_column_container vc_col-sm-12\"><div class=\"vc_column-inner\"><div class=\"wpb_wrapper\">\n\t<div  class=\"wpb_single_image wpb_content_element vc_align_center wpb_content_element\">\n\t\t\n\t\t<figure class=\"wpb_wrapper vc_figure\">\n\t\t\t<div class=\"vc_single_image-wrapper   vc_box_border_grey\"><img loading=\"lazy\" decoding=\"async\" width=\"739\" height=\"744\" src=\"https:\/\/voshaaroutdoor.com\/wp-content\/uploads\/2025\/08\/Wildlife.png\" class=\"vc_single_image-img attachment-large\" alt=\"\" title=\"Faune\" srcset=\"https:\/\/voshaaroutdoor.com\/wp-content\/uploads\/2025\/08\/Wildlife.png 739w, https:\/\/voshaaroutdoor.com\/wp-content\/uploads\/2025\/08\/Wildlife-298x300.png 298w, https:\/\/voshaaroutdoor.com\/wp-content\/uploads\/2025\/08\/Wildlife-150x150.png 150w, https:\/\/voshaaroutdoor.com\/wp-content\/uploads\/2025\/08\/Wildlife-12x12.png 12w\" sizes=\"auto, (max-width: 739px) 100vw, 739px\" \/><\/div>\n\t\t<\/figure>\n\t<\/div>\n<div class=\"vc_empty_space\"   style=\"height: 32px\"><span class=\"vc_empty_space_inner\"><\/span><\/div><\/div><\/div><\/div><\/div>\n<\/div>","protected":false},"excerpt":{"rendered":"Op zoek naar grote zoogdieren in Canada met een focus op roofdieren (Wolf, Beer, Cougar, Lynx, Coyote, Veelvraat) Loacties: Kananaskis, Bighorn Country, Banff NP \u00a0Ervaren wildernisgidsen begeleiden deze reis in de Canadese wildernis. De deelnemers zullen veel leren over de verschillende dieren en we doen ons best om ze te vinden. Naast de roofdieren maken we kans op soorten als eland, wapiti, bighornsheep en meer. We gebruiken spoorzoek technieken en Cameratraps tijdens deze reis. De gebieden waar we naar toe gaan hebben een gezonde populatie aan grizzlies, zwarte beren, wolven, lynx en cougars. Ook de veelvraat is aanwezig (maar heel moeilijk te vinden), Als de reis in de winter is gepland zijn de beren in winterslaap en is de focus op wolf en cougar. We geven geen garantie op waarnemingen, maar we doen ons best. Locatie: Rocky Mountains and Foothills, Alberta. De start locatie is 1 uur ten NW van [...]","protected":false},"author":4,"featured_media":6260,"parent":0,"menu_order":0,"comment_status":"closed","ping_status":"closed","template":"","meta":{"footnotes":""},"class_list":["post-6321","page","type-page","status-publish","has-post-thumbnail","hentry"],"yoast_head":"<!-- This site is optimized with the Yoast SEO plugin v27.5 - https:\/\/yoast.com\/product\/yoast-seo-wordpress\/ -->\n<title>Canada - Rocky Mountains - VoshaarOutdoor.com<\/title>\n<meta name=\"robots\" content=\"index, follow, max-snippet:-1, max-image-preview:large, max-video-preview:-1\" \/>\n<link rel=\"canonical\" href=\"https:\/\/voshaaroutdoor.com\/fr\/canadian-wildlife\/\" \/>\n<meta property=\"og:locale\" content=\"fr_FR\" \/>\n<meta property=\"og:type\" content=\"article\" \/>\n<meta property=\"og:title\" content=\"Wildlife Tour Canada\" \/>\n<meta property=\"og:url\" content=\"https:\/\/voshaaroutdoor.com\/fr\/canadian-wildlife\/\" \/>\n<meta property=\"og:site_name\" content=\"VoshaarOutdoor.com\" \/>\n<meta property=\"article:publisher\" content=\"https:\/\/www.facebook.com\/VoshaarOutdoorandEducation\" \/>\n<meta property=\"article:modified_time\" content=\"2025-08-14T20:48:30+00:00\" \/>\n<meta property=\"og:image\" content=\"https:\/\/voshaaroutdoor.com\/wp-content\/uploads\/2023\/05\/Nieuwe-film-7-11.Film_Snapshot.jpg\" \/>\n\t<meta property=\"og:image:width\" content=\"1913\" \/>\n\t<meta property=\"og:image:height\" content=\"739\" \/>\n\t<meta property=\"og:image:type\" content=\"image\/jpeg\" \/>\n<meta name=\"twitter:card\" content=\"summary_large_image\" \/>\n<meta name=\"twitter:label1\" content=\"Dur\u00e9e de lecture estim\u00e9e\" \/>\n\t<meta name=\"twitter:data1\" content=\"2 minutes\" \/>\n<script type=\"application\/ld+json\" class=\"yoast-schema-graph\">{\"@context\":\"https:\\\/\\\/schema.org\",\"@graph\":[{\"@type\":\"WebPage\",\"@id\":\"https:\\\/\\\/voshaaroutdoor.com\\\/canadian-wildlife\\\/\",\"url\":\"https:\\\/\\\/voshaaroutdoor.com\\\/canadian-wildlife\\\/\",\"name\":\"Canada - Rocky Mountains - VoshaarOutdoor.com\",\"isPartOf\":{\"@id\":\"https:\\\/\\\/voshaaroutdoor.com\\\/#website\"},\"primaryImageOfPage\":{\"@id\":\"https:\\\/\\\/voshaaroutdoor.com\\\/canadian-wildlife\\\/#primaryimage\"},\"image\":{\"@id\":\"https:\\\/\\\/voshaaroutdoor.com\\\/canadian-wildlife\\\/#primaryimage\"},\"thumbnailUrl\":\"https:\\\/\\\/voshaaroutdoor.com\\\/wp-content\\\/uploads\\\/2023\\\/05\\\/Nieuwe-film-7-11.Film_Snapshot.jpg\",\"datePublished\":\"2023-05-23T08:53:56+00:00\",\"dateModified\":\"2025-08-14T20:48:30+00:00\",\"breadcrumb\":{\"@id\":\"https:\\\/\\\/voshaaroutdoor.com\\\/canadian-wildlife\\\/#breadcrumb\"},\"inLanguage\":\"fr-FR\",\"potentialAction\":[{\"@type\":\"ReadAction\",\"target\":[\"https:\\\/\\\/voshaaroutdoor.com\\\/canadian-wildlife\\\/\"]}]},{\"@type\":\"ImageObject\",\"inLanguage\":\"fr-FR\",\"@id\":\"https:\\\/\\\/voshaaroutdoor.com\\\/canadian-wildlife\\\/#primaryimage\",\"url\":\"https:\\\/\\\/voshaaroutdoor.com\\\/wp-content\\\/uploads\\\/2023\\\/05\\\/Nieuwe-film-7-11.Film_Snapshot.jpg\",\"contentUrl\":\"https:\\\/\\\/voshaaroutdoor.com\\\/wp-content\\\/uploads\\\/2023\\\/05\\\/Nieuwe-film-7-11.Film_Snapshot.jpg\",\"width\":1913,\"height\":739},{\"@type\":\"BreadcrumbList\",\"@id\":\"https:\\\/\\\/voshaaroutdoor.com\\\/canadian-wildlife\\\/#breadcrumb\",\"itemListElement\":[{\"@type\":\"ListItem\",\"position\":1,\"name\":\"Home\",\"item\":\"https:\\\/\\\/voshaaroutdoor.com\\\/\"},{\"@type\":\"ListItem\",\"position\":2,\"name\":\"Canada &#8211; Rocky Mountains\"}]},{\"@type\":\"WebSite\",\"@id\":\"https:\\\/\\\/voshaaroutdoor.com\\\/#website\",\"url\":\"https:\\\/\\\/voshaaroutdoor.com\\\/\",\"name\":\"VoshaarOutdoor.com\",\"description\":\"Voshaar Outdoor &amp; Education - Trainingen, cursussen en opleidingen\",\"publisher\":{\"@id\":\"https:\\\/\\\/voshaaroutdoor.com\\\/#organization\"},\"potentialAction\":[{\"@type\":\"SearchAction\",\"target\":{\"@type\":\"EntryPoint\",\"urlTemplate\":\"https:\\\/\\\/voshaaroutdoor.com\\\/?s={search_term_string}\"},\"query-input\":{\"@type\":\"PropertyValueSpecification\",\"valueRequired\":true,\"valueName\":\"search_term_string\"}}],\"inLanguage\":\"fr-FR\"},{\"@type\":\"Organization\",\"@id\":\"https:\\\/\\\/voshaaroutdoor.com\\\/#organization\",\"name\":\"Voshaar Outdoor & Education\",\"url\":\"https:\\\/\\\/voshaaroutdoor.com\\\/\",\"logo\":{\"@type\":\"ImageObject\",\"inLanguage\":\"fr-FR\",\"@id\":\"https:\\\/\\\/voshaaroutdoor.com\\\/#\\\/schema\\\/logo\\\/image\\\/\",\"url\":\"https:\\\/\\\/voshaaroutdoor.com\\\/wp-content\\\/uploads\\\/2021\\\/11\\\/cropped-nieuwe-logo-rood.png\",\"contentUrl\":\"https:\\\/\\\/voshaaroutdoor.com\\\/wp-content\\\/uploads\\\/2021\\\/11\\\/cropped-nieuwe-logo-rood.png\",\"width\":512,\"height\":512,\"caption\":\"Voshaar Outdoor & Education\"},\"image\":{\"@id\":\"https:\\\/\\\/voshaaroutdoor.com\\\/#\\\/schema\\\/logo\\\/image\\\/\"},\"sameAs\":[\"https:\\\/\\\/www.facebook.com\\\/VoshaarOutdoorandEducation\",\"https:\\\/\\\/www.instagram.com\\\/voshaaroutdoorandeducation\\\/\"]}]}<\/script>\n<!-- \/ Yoast SEO plugin. -->","yoast_head_json":{"title":"Canada - Rocheuses - VoshaarOutdoor.com","robots":{"index":"index","follow":"follow","max-snippet":"max-snippet:-1","max-image-preview":"max-image-preview:large","max-video-preview":"max-video-preview:-1"},"canonical":"https:\/\/voshaaroutdoor.com\/fr\/canadian-wildlife\/","og_locale":"fr_FR","og_type":"article","og_title":"Wildlife Tour Canada","og_url":"https:\/\/voshaaroutdoor.com\/fr\/canadian-wildlife\/","og_site_name":"VoshaarOutdoor.com","article_publisher":"https:\/\/www.facebook.com\/VoshaarOutdoorandEducation","article_modified_time":"2025-08-14T20:48:30+00:00","og_image":[{"width":1913,"height":739,"url":"https:\/\/voshaaroutdoor.com\/wp-content\/uploads\/2023\/05\/Nieuwe-film-7-11.Film_Snapshot.jpg","type":"image\/jpeg"}],"twitter_card":"summary_large_image","twitter_misc":{"Dur\u00e9e de lecture estim\u00e9e":"2 minutes"},"schema":{"@context":"https:\/\/schema.org","@graph":[{"@type":"WebPage","@id":"https:\/\/voshaaroutdoor.com\/canadian-wildlife\/","url":"https:\/\/voshaaroutdoor.com\/canadian-wildlife\/","name":"Canada - Rocheuses - VoshaarOutdoor.com","isPartOf":{"@id":"https:\/\/voshaaroutdoor.com\/#website"},"primaryImageOfPage":{"@id":"https:\/\/voshaaroutdoor.com\/canadian-wildlife\/#primaryimage"},"image":{"@id":"https:\/\/voshaaroutdoor.com\/canadian-wildlife\/#primaryimage"},"thumbnailUrl":"https:\/\/voshaaroutdoor.com\/wp-content\/uploads\/2023\/05\/Nieuwe-film-7-11.Film_Snapshot.jpg","datePublished":"2023-05-23T08:53:56+00:00","dateModified":"2025-08-14T20:48:30+00:00","breadcrumb":{"@id":"https:\/\/voshaaroutdoor.com\/canadian-wildlife\/#breadcrumb"},"inLanguage":"fr-FR","potentialAction":[{"@type":"ReadAction","target":["https:\/\/voshaaroutdoor.com\/canadian-wildlife\/"]}]},{"@type":"ImageObject","inLanguage":"fr-FR","@id":"https:\/\/voshaaroutdoor.com\/canadian-wildlife\/#primaryimage","url":"https:\/\/voshaaroutdoor.com\/wp-content\/uploads\/2023\/05\/Nieuwe-film-7-11.Film_Snapshot.jpg","contentUrl":"https:\/\/voshaaroutdoor.com\/wp-content\/uploads\/2023\/05\/Nieuwe-film-7-11.Film_Snapshot.jpg","width":1913,"height":739},{"@type":"BreadcrumbList","@id":"https:\/\/voshaaroutdoor.com\/canadian-wildlife\/#breadcrumb","itemListElement":[{"@type":"ListItem","position":1,"name":"Home","item":"https:\/\/voshaaroutdoor.com\/"},{"@type":"ListItem","position":2,"name":"Canada &#8211; Rocky Mountains"}]},{"@type":"WebSite","@id":"https:\/\/voshaaroutdoor.com\/#website","url":"https:\/\/voshaaroutdoor.com\/","name":"VoshaarOutdoor.com","description":"Voshaar Outdoor &amp; Education - Formations, cours et \u00e9ducation","publisher":{"@id":"https:\/\/voshaaroutdoor.com\/#organization"},"potentialAction":[{"@type":"SearchAction","target":{"@type":"EntryPoint","urlTemplate":"https:\/\/voshaaroutdoor.com\/?s={search_term_string}"},"query-input":{"@type":"PropertyValueSpecification","valueRequired":true,"valueName":"search_term_string"}}],"inLanguage":"fr-FR"},{"@type":"Organization","@id":"https:\/\/voshaaroutdoor.com\/#organization","name":"Voshaar Plein air et \u00e9ducation","url":"https:\/\/voshaaroutdoor.com\/","logo":{"@type":"ImageObject","inLanguage":"fr-FR","@id":"https:\/\/voshaaroutdoor.com\/#\/schema\/logo\/image\/","url":"https:\/\/voshaaroutdoor.com\/wp-content\/uploads\/2021\/11\/cropped-nieuwe-logo-rood.png","contentUrl":"https:\/\/voshaaroutdoor.com\/wp-content\/uploads\/2021\/11\/cropped-nieuwe-logo-rood.png","width":512,"height":512,"caption":"Voshaar Outdoor & Education"},"image":{"@id":"https:\/\/voshaaroutdoor.com\/#\/schema\/logo\/image\/"},"sameAs":["https:\/\/www.facebook.com\/VoshaarOutdoorandEducation","https:\/\/www.instagram.com\/voshaaroutdoorandeducation\/"]}]}},"_links":{"self":[{"href":"https:\/\/voshaaroutdoor.com\/fr\/wp-json\/wp\/v2\/pages\/6321","targetHints":{"allow":["GET"]}}],"collection":[{"href":"https:\/\/voshaaroutdoor.com\/fr\/wp-json\/wp\/v2\/pages"}],"about":[{"href":"https:\/\/voshaaroutdoor.com\/fr\/wp-json\/wp\/v2\/types\/page"}],"author":[{"embeddable":true,"href":"https:\/\/voshaaroutdoor.com\/fr\/wp-json\/wp\/v2\/users\/4"}],"replies":[{"embeddable":true,"href":"https:\/\/voshaaroutdoor.com\/fr\/wp-json\/wp\/v2\/comments?post=6321"}],"version-history":[{"count":8,"href":"https:\/\/voshaaroutdoor.com\/fr\/wp-json\/wp\/v2\/pages\/6321\/revisions"}],"predecessor-version":[{"id":7621,"href":"https:\/\/voshaaroutdoor.com\/fr\/wp-json\/wp\/v2\/pages\/6321\/revisions\/7621"}],"wp:featuredmedia":[{"embeddable":true,"href":"https:\/\/voshaaroutdoor.com\/fr\/wp-json\/wp\/v2\/media\/6260"}],"wp:attachment":[{"href":"https:\/\/voshaaroutdoor.com\/fr\/wp-json\/wp\/v2\/media?parent=6321"}],"curies":[{"name":"wp","href":"https:\/\/api.w.org\/{rel}","templated":true}]}}