{"id":6148,"date":"2023-02-20T21:16:08","date_gmt":"2023-02-20T21:16:08","guid":{"rendered":"https:\/\/voshaaroutdoor.com\/?page_id=6148"},"modified":"2025-12-22T13:41:23","modified_gmt":"2025-12-22T13:41:23","slug":"voshaar-app","status":"publish","type":"page","link":"https:\/\/voshaaroutdoor.com\/fr\/voshaar-app\/","title":{"rendered":"Application Voshaar"},"content":{"rendered":"<div class=\"wpb-content-wrapper\"><div class=\"vc_row wpb_row vc_row-fluid\" ><div class=\"wpb_column vc_column_container vc_col-sm-12\"><div class=\"vc_column-inner\"><div class=\"wpb_wrapper\">\n\t<div  class=\"wpb_single_image wpb_content_element vc_align_center wpb_content_element\">\n\t\t\n\t\t<figure class=\"wpb_wrapper vc_figure\">\n\t\t\t<div class=\"vc_single_image-wrapper   vc_box_border_grey\"><img loading=\"lazy\" decoding=\"async\" width=\"142\" height=\"300\" src=\"https:\/\/voshaaroutdoor.com\/wp-content\/uploads\/2023\/06\/app-142x300.jpg\" class=\"vc_single_image-img attachment-medium\" alt=\"\" title=\"application\" srcset=\"https:\/\/voshaaroutdoor.com\/wp-content\/uploads\/2023\/06\/app-142x300.jpg 142w, https:\/\/voshaaroutdoor.com\/wp-content\/uploads\/2023\/06\/app-485x1024.jpg 485w, https:\/\/voshaaroutdoor.com\/wp-content\/uploads\/2023\/06\/app-768x1621.jpg 768w, https:\/\/voshaaroutdoor.com\/wp-content\/uploads\/2023\/06\/app-728x1536.jpg 728w, https:\/\/voshaaroutdoor.com\/wp-content\/uploads\/2023\/06\/app-970x2048.jpg 970w, https:\/\/voshaaroutdoor.com\/wp-content\/uploads\/2023\/06\/app.jpg 1080w\" sizes=\"auto, (max-width: 142px) 100vw, 142px\" \/><\/div>\n\t\t<\/figure>\n\t<\/div>\n<div class=\"vc_empty_space\"   style=\"height: 32px\"><span class=\"vc_empty_space_inner\"><\/span><\/div>\n\t<div class=\"wpb_text_column wpb_content_element\" >\n\t\t<div class=\"wpb_wrapper\">\n\t\t\t<p style=\"text-align: center;\">Pour tous ceux qui sont connect\u00e9s \u00e0 nous en tant que membre ou \u00e9tudiant, nous avons une fois de plus d\u00e9velopp\u00e9 une v\u00e9ritable application Voshaar en collaboration avec Geniusapps.nl.<\/p>\n<p style=\"text-align: center;\">Tout ce qui est important pour vous y est r\u00e9uni, clairement et rapidement accessible.<br \/>\nVous recevrez automatiquement des notifications de nouveau mat\u00e9riel de cours, des annonces, et vous pouvez \u00e9galement vous inscrire ou vous inscrire imm\u00e9diatement en appuyant sur un bouton.<\/p>\n<p style=\"text-align: center;\">Les documents PDF n&#039;ont plus besoin d&#039;\u00eatre t\u00e9l\u00e9charg\u00e9s sur le t\u00e9l\u00e9phone, il est m\u00eame possible d&#039;\u00e9couter les chants d&#039;oiseaux de A \u00e0 Z.<br \/>\nPour le moment, nous proposons une version pour Android et une version web pour iPhone.<\/p>\n<p style=\"text-align: center;\">T\u00e9l\u00e9charger pour Android directement depuis : &gt;<a href=\"https:\/\/play.google.com\/store\/apps\/details?id=com.voshaaroutdoor.app9521hf\" target=\"_blank\" rel=\"noopener\">CE LIEN<\/a><br \/>\nLien vers la version Web &gt;<a href=\"https:\/\/webapp.voshaaroutdoor.com\/\" target=\"_blank\" rel=\"noopener\"> https:\/\/webapp.voshaaroutdoor.com\/<\/a><\/p>\n\n\t\t<\/div>\n\t<\/div>\n<div class=\"vc_empty_space\"   style=\"height: 32px\"><span class=\"vc_empty_space_inner\"><\/span><\/div>\n\t<div  class=\"wpb_single_image wpb_content_element vc_align_center wpb_content_element\">\n\t\t\n\t\t<figure class=\"wpb_wrapper vc_figure\">\n\t\t\t<div class=\"vc_single_image-wrapper   vc_box_border_grey\"><img loading=\"lazy\" decoding=\"async\" width=\"300\" height=\"300\" src=\"https:\/\/voshaaroutdoor.com\/wp-content\/uploads\/2023\/06\/QR-Android-002-300x300.png\" class=\"vc_single_image-img attachment-medium\" alt=\"\" title=\"Android QR (002)\" srcset=\"https:\/\/voshaaroutdoor.com\/wp-content\/uploads\/2023\/06\/QR-Android-002-300x300.png 300w, https:\/\/voshaaroutdoor.com\/wp-content\/uploads\/2023\/06\/QR-Android-002-150x150.png 150w, https:\/\/voshaaroutdoor.com\/wp-content\/uploads\/2023\/06\/QR-Android-002.png 582w\" sizes=\"auto, (max-width: 300px) 100vw, 300px\" \/><\/div>\n\t\t<\/figure>\n\t<\/div>\n<div class=\"vc_empty_space\"   style=\"height: 32px\"><span class=\"vc_empty_space_inner\"><\/span><\/div>\n\t<div  class=\"wpb_single_image wpb_content_element vc_align_center wpb_content_element\">\n\t\t\n\t\t<figure class=\"wpb_wrapper vc_figure\">\n\t\t\t<div class=\"vc_single_image-wrapper   vc_box_border_grey\"><img loading=\"lazy\" decoding=\"async\" width=\"1024\" height=\"1024\" src=\"https:\/\/voshaaroutdoor.com\/wp-content\/uploads\/2023\/06\/App-webversie-1024x1024.png\" class=\"vc_single_image-img attachment-large\" alt=\"\" title=\"Version Web de l&#039;application\" srcset=\"https:\/\/voshaaroutdoor.com\/wp-content\/uploads\/2023\/06\/App-webversie-1024x1024.png 1024w, https:\/\/voshaaroutdoor.com\/wp-content\/uploads\/2023\/06\/App-webversie-300x300.png 300w, https:\/\/voshaaroutdoor.com\/wp-content\/uploads\/2023\/06\/App-webversie-150x150.png 150w, https:\/\/voshaaroutdoor.com\/wp-content\/uploads\/2023\/06\/App-webversie-768x768.png 768w, https:\/\/voshaaroutdoor.com\/wp-content\/uploads\/2023\/06\/App-webversie-650x650.png 650w, https:\/\/voshaaroutdoor.com\/wp-content\/uploads\/2023\/06\/App-webversie.png 1080w\" sizes=\"auto, (max-width: 1024px) 100vw, 1024px\" \/><\/div>\n\t\t<\/figure>\n\t<\/div>\n<div class=\"vc_empty_space\"   style=\"height: 32px\"><span class=\"vc_empty_space_inner\"><\/span><\/div><\/div><\/div><\/div><\/div><div class=\"vc_row wpb_row vc_row-fluid\" ><div class=\"wpb_column vc_column_container vc_col-sm-12\"><div class=\"vc_column-inner\"><div class=\"wpb_wrapper\"><\/div><\/div><\/div><\/div>\n<\/div>","protected":false},"excerpt":{"rendered":"Voor iedereen die als lid of cursist verbonden is aan ons, hebben we wederom in samenwerking met geniusapps.nl een echte Voshaar App laten ontwikkelen. Hierin komt alles samen wat voor jou van belang is, overzichtelijk en snel toegankelijk. Je krijgt automatisch meldingen van nieuw cursusmateriaal, aankondigingen, ook kun je je direct aanmelden of inschrijven met 1 druk op de knop. Pdf-documenten hoeven niet meer te worden gedownload op de telefoon, het is zelfs mogelijk om vogelgeluiden van A tot Z te beluisteren. Op dit moment hebben we een versie voor Android en een webversie voor IPhone Download voor Android direct via: &gt;DEZE LINK Link Webversie &gt; https:\/\/webapp.voshaaroutdoor.com\/","protected":false},"author":4,"featured_media":6150,"parent":0,"menu_order":0,"comment_status":"closed","ping_status":"closed","template":"","meta":{"footnotes":""},"class_list":["post-6148","page","type-page","status-publish","has-post-thumbnail","hentry"],"yoast_head":"<!-- This site is optimized with the Yoast SEO plugin v27.4 - https:\/\/yoast.com\/product\/yoast-seo-wordpress\/ -->\n<title>Voshaar App - VoshaarOutdoor.com<\/title>\n<meta name=\"robots\" content=\"index, follow, max-snippet:-1, max-image-preview:large, max-video-preview:-1\" \/>\n<link rel=\"canonical\" href=\"https:\/\/voshaaroutdoor.com\/fr\/voshaar-app\/\" \/>\n<meta property=\"og:locale\" content=\"fr_FR\" \/>\n<meta property=\"og:type\" content=\"article\" \/>\n<meta property=\"og:title\" content=\"Voshaar App\" \/>\n<meta property=\"og:url\" content=\"https:\/\/voshaaroutdoor.com\/fr\/voshaar-app\/\" \/>\n<meta property=\"og:site_name\" content=\"VoshaarOutdoor.com\" \/>\n<meta property=\"article:publisher\" content=\"https:\/\/www.facebook.com\/VoshaarOutdoorandEducation\" \/>\n<meta property=\"article:modified_time\" content=\"2025-12-22T13:41:23+00:00\" \/>\n<meta property=\"og:image\" content=\"https:\/\/voshaaroutdoor.com\/wp-content\/uploads\/2023\/02\/app.jpg\" \/>\n\t<meta property=\"og:image:width\" content=\"1080\" \/>\n\t<meta property=\"og:image:height\" content=\"2280\" \/>\n\t<meta property=\"og:image:type\" content=\"image\/jpeg\" \/>\n<meta name=\"twitter:card\" content=\"summary_large_image\" \/>\n<meta name=\"twitter:label1\" content=\"Dur\u00e9e de lecture estim\u00e9e\" \/>\n\t<meta name=\"twitter:data1\" content=\"2 minutes\" \/>\n<script type=\"application\/ld+json\" class=\"yoast-schema-graph\">{\"@context\":\"https:\\\/\\\/schema.org\",\"@graph\":[{\"@type\":\"WebPage\",\"@id\":\"https:\\\/\\\/voshaaroutdoor.com\\\/voshaar-app\\\/\",\"url\":\"https:\\\/\\\/voshaaroutdoor.com\\\/voshaar-app\\\/\",\"name\":\"Voshaar App - VoshaarOutdoor.com\",\"isPartOf\":{\"@id\":\"https:\\\/\\\/voshaaroutdoor.com\\\/#website\"},\"primaryImageOfPage\":{\"@id\":\"https:\\\/\\\/voshaaroutdoor.com\\\/voshaar-app\\\/#primaryimage\"},\"image\":{\"@id\":\"https:\\\/\\\/voshaaroutdoor.com\\\/voshaar-app\\\/#primaryimage\"},\"thumbnailUrl\":\"https:\\\/\\\/voshaaroutdoor.com\\\/wp-content\\\/uploads\\\/2023\\\/02\\\/app.jpg\",\"datePublished\":\"2023-02-20T21:16:08+00:00\",\"dateModified\":\"2025-12-22T13:41:23+00:00\",\"breadcrumb\":{\"@id\":\"https:\\\/\\\/voshaaroutdoor.com\\\/voshaar-app\\\/#breadcrumb\"},\"inLanguage\":\"fr-FR\",\"potentialAction\":[{\"@type\":\"ReadAction\",\"target\":[\"https:\\\/\\\/voshaaroutdoor.com\\\/voshaar-app\\\/\"]}]},{\"@type\":\"ImageObject\",\"inLanguage\":\"fr-FR\",\"@id\":\"https:\\\/\\\/voshaaroutdoor.com\\\/voshaar-app\\\/#primaryimage\",\"url\":\"https:\\\/\\\/voshaaroutdoor.com\\\/wp-content\\\/uploads\\\/2023\\\/02\\\/app.jpg\",\"contentUrl\":\"https:\\\/\\\/voshaaroutdoor.com\\\/wp-content\\\/uploads\\\/2023\\\/02\\\/app.jpg\",\"width\":1080,\"height\":2280},{\"@type\":\"BreadcrumbList\",\"@id\":\"https:\\\/\\\/voshaaroutdoor.com\\\/voshaar-app\\\/#breadcrumb\",\"itemListElement\":[{\"@type\":\"ListItem\",\"position\":1,\"name\":\"Home\",\"item\":\"https:\\\/\\\/voshaaroutdoor.com\\\/\"},{\"@type\":\"ListItem\",\"position\":2,\"name\":\"Voshaar App\"}]},{\"@type\":\"WebSite\",\"@id\":\"https:\\\/\\\/voshaaroutdoor.com\\\/#website\",\"url\":\"https:\\\/\\\/voshaaroutdoor.com\\\/\",\"name\":\"VoshaarOutdoor.com\",\"description\":\"Voshaar Outdoor &amp; Education - Trainingen, cursussen en opleidingen\",\"publisher\":{\"@id\":\"https:\\\/\\\/voshaaroutdoor.com\\\/#organization\"},\"potentialAction\":[{\"@type\":\"SearchAction\",\"target\":{\"@type\":\"EntryPoint\",\"urlTemplate\":\"https:\\\/\\\/voshaaroutdoor.com\\\/?s={search_term_string}\"},\"query-input\":{\"@type\":\"PropertyValueSpecification\",\"valueRequired\":true,\"valueName\":\"search_term_string\"}}],\"inLanguage\":\"fr-FR\"},{\"@type\":\"Organization\",\"@id\":\"https:\\\/\\\/voshaaroutdoor.com\\\/#organization\",\"name\":\"Voshaar Outdoor & Education\",\"url\":\"https:\\\/\\\/voshaaroutdoor.com\\\/\",\"logo\":{\"@type\":\"ImageObject\",\"inLanguage\":\"fr-FR\",\"@id\":\"https:\\\/\\\/voshaaroutdoor.com\\\/#\\\/schema\\\/logo\\\/image\\\/\",\"url\":\"https:\\\/\\\/voshaaroutdoor.com\\\/wp-content\\\/uploads\\\/2021\\\/11\\\/cropped-nieuwe-logo-rood.png\",\"contentUrl\":\"https:\\\/\\\/voshaaroutdoor.com\\\/wp-content\\\/uploads\\\/2021\\\/11\\\/cropped-nieuwe-logo-rood.png\",\"width\":512,\"height\":512,\"caption\":\"Voshaar Outdoor & Education\"},\"image\":{\"@id\":\"https:\\\/\\\/voshaaroutdoor.com\\\/#\\\/schema\\\/logo\\\/image\\\/\"},\"sameAs\":[\"https:\\\/\\\/www.facebook.com\\\/VoshaarOutdoorandEducation\",\"https:\\\/\\\/www.instagram.com\\\/voshaaroutdoorandeducation\\\/\"]}]}<\/script>\n<!-- \/ Yoast SEO plugin. -->","yoast_head_json":{"title":"Application Voshaar - VoshaarOutdoor.com","robots":{"index":"index","follow":"follow","max-snippet":"max-snippet:-1","max-image-preview":"max-image-preview:large","max-video-preview":"max-video-preview:-1"},"canonical":"https:\/\/voshaaroutdoor.com\/fr\/voshaar-app\/","og_locale":"fr_FR","og_type":"article","og_title":"Voshaar App","og_url":"https:\/\/voshaaroutdoor.com\/fr\/voshaar-app\/","og_site_name":"VoshaarOutdoor.com","article_publisher":"https:\/\/www.facebook.com\/VoshaarOutdoorandEducation","article_modified_time":"2025-12-22T13:41:23+00:00","og_image":[{"width":1080,"height":2280,"url":"https:\/\/voshaaroutdoor.com\/wp-content\/uploads\/2023\/02\/app.jpg","type":"image\/jpeg"}],"twitter_card":"summary_large_image","twitter_misc":{"Dur\u00e9e de lecture estim\u00e9e":"2 minutes"},"schema":{"@context":"https:\/\/schema.org","@graph":[{"@type":"WebPage","@id":"https:\/\/voshaaroutdoor.com\/voshaar-app\/","url":"https:\/\/voshaaroutdoor.com\/voshaar-app\/","name":"Application Voshaar - VoshaarOutdoor.com","isPartOf":{"@id":"https:\/\/voshaaroutdoor.com\/#website"},"primaryImageOfPage":{"@id":"https:\/\/voshaaroutdoor.com\/voshaar-app\/#primaryimage"},"image":{"@id":"https:\/\/voshaaroutdoor.com\/voshaar-app\/#primaryimage"},"thumbnailUrl":"https:\/\/voshaaroutdoor.com\/wp-content\/uploads\/2023\/02\/app.jpg","datePublished":"2023-02-20T21:16:08+00:00","dateModified":"2025-12-22T13:41:23+00:00","breadcrumb":{"@id":"https:\/\/voshaaroutdoor.com\/voshaar-app\/#breadcrumb"},"inLanguage":"fr-FR","potentialAction":[{"@type":"ReadAction","target":["https:\/\/voshaaroutdoor.com\/voshaar-app\/"]}]},{"@type":"ImageObject","inLanguage":"fr-FR","@id":"https:\/\/voshaaroutdoor.com\/voshaar-app\/#primaryimage","url":"https:\/\/voshaaroutdoor.com\/wp-content\/uploads\/2023\/02\/app.jpg","contentUrl":"https:\/\/voshaaroutdoor.com\/wp-content\/uploads\/2023\/02\/app.jpg","width":1080,"height":2280},{"@type":"BreadcrumbList","@id":"https:\/\/voshaaroutdoor.com\/voshaar-app\/#breadcrumb","itemListElement":[{"@type":"ListItem","position":1,"name":"Home","item":"https:\/\/voshaaroutdoor.com\/"},{"@type":"ListItem","position":2,"name":"Voshaar App"}]},{"@type":"WebSite","@id":"https:\/\/voshaaroutdoor.com\/#website","url":"https:\/\/voshaaroutdoor.com\/","name":"VoshaarOutdoor.com","description":"Voshaar Outdoor &amp; Education - Formations, cours et \u00e9ducation","publisher":{"@id":"https:\/\/voshaaroutdoor.com\/#organization"},"potentialAction":[{"@type":"SearchAction","target":{"@type":"EntryPoint","urlTemplate":"https:\/\/voshaaroutdoor.com\/?s={search_term_string}"},"query-input":{"@type":"PropertyValueSpecification","valueRequired":true,"valueName":"search_term_string"}}],"inLanguage":"fr-FR"},{"@type":"Organization","@id":"https:\/\/voshaaroutdoor.com\/#organization","name":"Voshaar Plein air et \u00e9ducation","url":"https:\/\/voshaaroutdoor.com\/","logo":{"@type":"ImageObject","inLanguage":"fr-FR","@id":"https:\/\/voshaaroutdoor.com\/#\/schema\/logo\/image\/","url":"https:\/\/voshaaroutdoor.com\/wp-content\/uploads\/2021\/11\/cropped-nieuwe-logo-rood.png","contentUrl":"https:\/\/voshaaroutdoor.com\/wp-content\/uploads\/2021\/11\/cropped-nieuwe-logo-rood.png","width":512,"height":512,"caption":"Voshaar Outdoor & Education"},"image":{"@id":"https:\/\/voshaaroutdoor.com\/#\/schema\/logo\/image\/"},"sameAs":["https:\/\/www.facebook.com\/VoshaarOutdoorandEducation","https:\/\/www.instagram.com\/voshaaroutdoorandeducation\/"]}]}},"_links":{"self":[{"href":"https:\/\/voshaaroutdoor.com\/fr\/wp-json\/wp\/v2\/pages\/6148","targetHints":{"allow":["GET"]}}],"collection":[{"href":"https:\/\/voshaaroutdoor.com\/fr\/wp-json\/wp\/v2\/pages"}],"about":[{"href":"https:\/\/voshaaroutdoor.com\/fr\/wp-json\/wp\/v2\/types\/page"}],"author":[{"embeddable":true,"href":"https:\/\/voshaaroutdoor.com\/fr\/wp-json\/wp\/v2\/users\/4"}],"replies":[{"embeddable":true,"href":"https:\/\/voshaaroutdoor.com\/fr\/wp-json\/wp\/v2\/comments?post=6148"}],"version-history":[{"count":6,"href":"https:\/\/voshaaroutdoor.com\/fr\/wp-json\/wp\/v2\/pages\/6148\/revisions"}],"predecessor-version":[{"id":7648,"href":"https:\/\/voshaaroutdoor.com\/fr\/wp-json\/wp\/v2\/pages\/6148\/revisions\/7648"}],"wp:featuredmedia":[{"embeddable":true,"href":"https:\/\/voshaaroutdoor.com\/fr\/wp-json\/wp\/v2\/media\/6150"}],"wp:attachment":[{"href":"https:\/\/voshaaroutdoor.com\/fr\/wp-json\/wp\/v2\/media?parent=6148"}],"curies":[{"name":"wp","href":"https:\/\/api.w.org\/{rel}","templated":true}]}}