{"id":4719,"date":"2021-12-30T08:39:59","date_gmt":"2021-12-30T08:39:59","guid":{"rendered":"https:\/\/app-voor-campings.nl\/voshaaroutdooreduction\/?page_id=4719"},"modified":"2026-03-21T16:34:39","modified_gmt":"2026-03-21T16:34:39","slug":"international-wilderness-guide","status":"publish","type":"page","link":"https:\/\/voshaaroutdoor.com\/fr\/international-wilderness-guide\/","title":{"rendered":"Guide de la nature sauvage"},"content":{"rendered":"<div class=\"wpb-content-wrapper\"><div class=\"vc_row wpb_row vc_row-fluid\" ><div class=\"wpb_column vc_column_container vc_col-sm-12\"><div class=\"vc_column-inner\"><div class=\"wpb_wrapper\">\n\t<div class=\"wpb_text_column wpb_content_element\" >\n\t\t<div class=\"wpb_wrapper\">\n\t\t\t<p style=\"text-align: center;\"><strong>Guide international de la nature sauvage<\/strong><\/p>\n\n\t\t<\/div>\n\t<\/div>\n<div class=\"vc_empty_space\"   style=\"height: 32px\"><span class=\"vc_empty_space_inner\"><\/span><\/div>\n\t<div  class=\"wpb_single_image wpb_content_element vc_align_center wpb_content_element\">\n\t\t\n\t\t<figure class=\"wpb_wrapper vc_figure\">\n\t\t\t<div class=\"vc_single_image-wrapper   vc_box_border_grey\"><img loading=\"lazy\" decoding=\"async\" width=\"1024\" height=\"556\" src=\"https:\/\/voshaaroutdoor.com\/wp-content\/uploads\/2026\/03\/42734634_10156122161225432_5191368004792745984_o-kopie-2-1024x556.jpg\" class=\"vc_single_image-img attachment-large\" alt=\"\" title=\"42734634_10156122161225432_5191368004792745984_o - copie (2)\" srcset=\"https:\/\/voshaaroutdoor.com\/wp-content\/uploads\/2026\/03\/42734634_10156122161225432_5191368004792745984_o-kopie-2-1024x556.jpg 1024w, https:\/\/voshaaroutdoor.com\/wp-content\/uploads\/2026\/03\/42734634_10156122161225432_5191368004792745984_o-kopie-2-300x163.jpg 300w, https:\/\/voshaaroutdoor.com\/wp-content\/uploads\/2026\/03\/42734634_10156122161225432_5191368004792745984_o-kopie-2-768x417.jpg 768w, https:\/\/voshaaroutdoor.com\/wp-content\/uploads\/2026\/03\/42734634_10156122161225432_5191368004792745984_o-kopie-2-1536x834.jpg 1536w, https:\/\/voshaaroutdoor.com\/wp-content\/uploads\/2026\/03\/42734634_10156122161225432_5191368004792745984_o-kopie-2-18x10.jpg 18w, https:\/\/voshaaroutdoor.com\/wp-content\/uploads\/2026\/03\/42734634_10156122161225432_5191368004792745984_o-kopie-2.jpg 1909w\" sizes=\"auto, (max-width: 1024px) 100vw, 1024px\" \/><\/div>\n\t\t<\/figure>\n\t<\/div>\n<div class=\"vc_empty_space\"   style=\"height: 32px\"><span class=\"vc_empty_space_inner\"><\/span><\/div>\n\t<div class=\"wpb_video_widget wpb_content_element vc_clearfix   vc_video-aspect-ratio-169 vc_video-el-width-100 vc_video-align-center\" >\n\t\t<div class=\"wpb_wrapper\">\n\t\t\t\n\t\t\t<div class=\"wpb_video_wrapper\"><iframe loading=\"lazy\" title=\"Comment devenir guide de nature sauvage\" width=\"500\" height=\"281\" src=\"https:\/\/www.youtube.com\/embed\/g2YJSLPKaaU?feature=oembed\" frameborder=\"0\" allow=\"accelerometer; autoplay; clipboard-write; encrypted-media; gyroscope; picture-in-picture; web-share\" referrerpolicy=\"strict-origin-when-cross-origin\" allowfullscreen><\/iframe><\/div>\n\t\t<\/div>\n\t<\/div>\n<div class=\"vc_empty_space\"   style=\"height: 32px\"><span class=\"vc_empty_space_inner\"><\/span><\/div>\n\t<div class=\"wpb_text_column wpb_content_element\" >\n\t\t<div class=\"wpb_wrapper\">\n\t\t\t<p style=\"text-align: center;\">De Voshaar organise des formations annuelles de guides de nature sauvage depuis 2007.<br \/>\nOutre les journ\u00e9es de formation aux Pays-Bas, en France, en Espagne et en Pologne (selon le parcours), nous irons au Canada. Car c&#039;est en pleine nature qu&#039;on devient guide de montagne. Trois semaines dans les Rocheuses canadiennes et leurs contreforts, avec comme point d&#039;orgue une randonn\u00e9e en solitaire de 48 heures.<\/p>\n<p style=\"text-align: center;\">La vid\u00e9o ci-dessus aborde les trois pistes diff\u00e9rentes.<br \/>\n<a href=\"https:\/\/internationalwildernessguide.com\/\">Guide de survie en milieu sauvage du CSWI<\/a><br \/>\n<a href=\"https:\/\/voshaaroutdoor.com\/fr\/wildernis-totaal\/\">Total de la nature sauvage<\/a><br \/>\n<a href=\"https:\/\/mbooutdoor.com\/\">&gt; Voshaar MBO Sports de plein air et guidage<\/a><br \/>\nCes trois pistes sont toutes reconnues par le <a href=\"https:\/\/wildernessguidesassociation.com\/\">Association des guides de la nature sauvage<\/a><\/p>\n\n\t\t<\/div>\n\t<\/div>\n<div class=\"vc_empty_space\"   style=\"height: 32px\"><span class=\"vc_empty_space_inner\"><\/span><\/div>\n\t<div  class=\"wpb_single_image wpb_content_element vc_align_center wpb_content_element\">\n\t\t\n\t\t<figure class=\"wpb_wrapper vc_figure\">\n\t\t\t<a href=\"https:\/\/voshaaroutdoor.com\/wp-content\/uploads\/2026\/03\/CSWI-2-rood-zwart-867x1024.png\" target=\"_self\" class=\"vc_single_image-wrapper   vc_box_border_grey\"><img loading=\"lazy\" decoding=\"async\" width=\"254\" height=\"300\" src=\"https:\/\/voshaaroutdoor.com\/wp-content\/uploads\/2026\/03\/CSWI-2-rood-zwart-254x300.png\" class=\"vc_single_image-img attachment-medium\" alt=\"\" title=\"CSWI 2 rouge-noir\" srcset=\"https:\/\/voshaaroutdoor.com\/wp-content\/uploads\/2026\/03\/CSWI-2-rood-zwart-254x300.png 254w, https:\/\/voshaaroutdoor.com\/wp-content\/uploads\/2026\/03\/CSWI-2-rood-zwart-867x1024.png 867w, https:\/\/voshaaroutdoor.com\/wp-content\/uploads\/2026\/03\/CSWI-2-rood-zwart-768x908.png 768w, https:\/\/voshaaroutdoor.com\/wp-content\/uploads\/2026\/03\/CSWI-2-rood-zwart-1300x1536.png 1300w, https:\/\/voshaaroutdoor.com\/wp-content\/uploads\/2026\/03\/CSWI-2-rood-zwart-10x12.png 10w, https:\/\/voshaaroutdoor.com\/wp-content\/uploads\/2026\/03\/CSWI-2-rood-zwart.png 1359w\" sizes=\"auto, (max-width: 254px) 100vw, 254px\" \/><\/a>\n\t\t<\/figure>\n\t<\/div>\n<div class=\"vc_empty_space\"   style=\"height: 32px\"><span class=\"vc_empty_space_inner\"><\/span><\/div>\n\t<div  class=\"wpb_single_image wpb_content_element vc_align_center wpb_content_element\">\n\t\t\n\t\t<figure class=\"wpb_wrapper vc_figure\">\n\t\t\t<div class=\"vc_single_image-wrapper   vc_box_border_grey\"><img loading=\"lazy\" decoding=\"async\" width=\"1024\" height=\"396\" src=\"https:\/\/voshaaroutdoor.com\/wp-content\/uploads\/2026\/03\/Nieuwe-film-7-11.Film_Snapshot-1024x396.jpg\" class=\"vc_single_image-img attachment-large\" alt=\"\" title=\"Nouveau film (7) (11).Film_Snapshot\" srcset=\"https:\/\/voshaaroutdoor.com\/wp-content\/uploads\/2026\/03\/Nieuwe-film-7-11.Film_Snapshot-1024x396.jpg 1024w, https:\/\/voshaaroutdoor.com\/wp-content\/uploads\/2026\/03\/Nieuwe-film-7-11.Film_Snapshot-300x116.jpg 300w, https:\/\/voshaaroutdoor.com\/wp-content\/uploads\/2026\/03\/Nieuwe-film-7-11.Film_Snapshot-768x297.jpg 768w, https:\/\/voshaaroutdoor.com\/wp-content\/uploads\/2026\/03\/Nieuwe-film-7-11.Film_Snapshot-1536x593.jpg 1536w, https:\/\/voshaaroutdoor.com\/wp-content\/uploads\/2026\/03\/Nieuwe-film-7-11.Film_Snapshot-18x7.jpg 18w, https:\/\/voshaaroutdoor.com\/wp-content\/uploads\/2026\/03\/Nieuwe-film-7-11.Film_Snapshot.jpg 1913w\" sizes=\"auto, (max-width: 1024px) 100vw, 1024px\" \/><\/div>\n\t\t<\/figure>\n\t<\/div>\n<div class=\"vc_empty_space\"   style=\"height: 32px\"><span class=\"vc_empty_space_inner\"><\/span><\/div>\n\t<div class=\"wpb_text_column wpb_content_element\" >\n\t\t<div class=\"wpb_wrapper\">\n\t\t\t<p style=\"text-align: center;\">Guide international de la nature sauvage<\/p>\n<p style=\"text-align: center;\">En plus de la formation de guide de montagne CSWI de niveau 1, nous proposons \u00e9galement<br \/>\nNiveau 2 CSWI Bor\u00e9al \u2013 N\u00e9moral<br \/>\nNiveau 2 - Arctique<br \/>\nNiveau 3 CSWI Bor\u00e9al-N\u00e9moral<br \/>\nCliquez sur le lien ci-dessous pour plus d&#039;informations\u00a0:<\/p>\n\n\t\t<\/div>\n\t<\/div>\n<div class=\"vc_empty_space\"   style=\"height: 32px\"><span class=\"vc_empty_space_inner\"><\/span><\/div>\n\t<div  class=\"wpb_single_image wpb_content_element vc_align_center wpb_content_element\">\n\t\t\n\t\t<figure class=\"wpb_wrapper vc_figure\">\n\t\t\t<div class=\"vc_single_image-wrapper   vc_box_border_grey\"><img loading=\"lazy\" decoding=\"async\" width=\"264\" height=\"300\" src=\"https:\/\/voshaaroutdoor.com\/wp-content\/uploads\/2026\/03\/arctic-264x300.png\" class=\"vc_single_image-img attachment-medium\" alt=\"\" title=\"Arctique\" srcset=\"https:\/\/voshaaroutdoor.com\/wp-content\/uploads\/2026\/03\/arctic-264x300.png 264w, https:\/\/voshaaroutdoor.com\/wp-content\/uploads\/2026\/03\/arctic-902x1024.png 902w, https:\/\/voshaaroutdoor.com\/wp-content\/uploads\/2026\/03\/arctic-768x872.png 768w, https:\/\/voshaaroutdoor.com\/wp-content\/uploads\/2026\/03\/arctic-1354x1536.png 1354w, https:\/\/voshaaroutdoor.com\/wp-content\/uploads\/2026\/03\/arctic-1805x2048.png 1805w, https:\/\/voshaaroutdoor.com\/wp-content\/uploads\/2026\/03\/arctic-11x12.png 11w, https:\/\/voshaaroutdoor.com\/wp-content\/uploads\/2026\/03\/arctic.png 1869w\" sizes=\"auto, (max-width: 264px) 100vw, 264px\" \/><\/div>\n\t\t<\/figure>\n\t<\/div>\n<\/div><\/div><\/div><\/div><div class=\"vc_row wpb_row vc_row-fluid\" ><div class=\"wpb_column vc_column_container vc_col-sm-12\"><div class=\"vc_column-inner\"><div class=\"wpb_wrapper\"><div class=\"vc_empty_space\"   style=\"height: 32px\"><span class=\"vc_empty_space_inner\"><\/span><\/div><div class=\"vc_btn3-container vc_btn3-center vc_do_btn\" ><a class=\"vc_general vc_btn3 vc_btn3-size-md vc_btn3-shape-rounded vc_btn3-style-modern vc_btn3-color-danger\" href=\"https:\/\/internationalwildernessguide.com\/\" title=\"\">CSWI - Guide international de la nature sauvage<\/a><\/div><div class=\"vc_empty_space\"   style=\"height: 32px\"><span class=\"vc_empty_space_inner\"><\/span><\/div>\n\t<div class=\"wpb_video_widget wpb_content_element vc_clearfix   vc_video-aspect-ratio-169 vc_video-el-width-100 vc_video-align-center\" >\n\t\t<div class=\"wpb_wrapper\">\n\t\t\t\n\t\t\t<div class=\"wpb_video_wrapper\"><iframe loading=\"lazy\" title=\"Guide international de la nature sauvage\" src=\"https:\/\/player.vimeo.com\/video\/463163631?dnt=1&amp;app_id=122963\" width=\"500\" height=\"281\" frameborder=\"0\" allow=\"autoplay; fullscreen; picture-in-picture\"><\/iframe><\/div>\n\t\t<\/div>\n\t<\/div>\n<div class=\"vc_empty_space\"   style=\"height: 32px\"><span class=\"vc_empty_space_inner\"><\/span><\/div>\n\t<div  class=\"wpb_single_image wpb_content_element vc_align_center wpb_content_element\">\n\t\t\n\t\t<figure class=\"wpb_wrapper vc_figure\">\n\t\t\t<div class=\"vc_single_image-wrapper   vc_box_border_grey\"><img loading=\"lazy\" decoding=\"async\" width=\"819\" height=\"1024\" src=\"https:\/\/voshaaroutdoor.com\/wp-content\/uploads\/2026\/03\/Nicolas-Somers-819x1024.jpeg\" class=\"vc_single_image-img attachment-large\" alt=\"\" title=\"Nicolas Somer\" srcset=\"https:\/\/voshaaroutdoor.com\/wp-content\/uploads\/2026\/03\/Nicolas-Somers-819x1024.jpeg 819w, https:\/\/voshaaroutdoor.com\/wp-content\/uploads\/2026\/03\/Nicolas-Somers-240x300.jpeg 240w, https:\/\/voshaaroutdoor.com\/wp-content\/uploads\/2026\/03\/Nicolas-Somers-768x960.jpeg 768w, https:\/\/voshaaroutdoor.com\/wp-content\/uploads\/2026\/03\/Nicolas-Somers-10x12.jpeg 10w, https:\/\/voshaaroutdoor.com\/wp-content\/uploads\/2026\/03\/Nicolas-Somers.jpeg 1080w\" sizes=\"auto, (max-width: 819px) 100vw, 819px\" \/><\/div>\n\t\t<\/figure>\n\t<\/div>\n<div class=\"vc_empty_space\"   style=\"height: 32px\"><span class=\"vc_empty_space_inner\"><\/span><\/div><\/div><\/div><\/div><\/div><div class=\"vc_row wpb_row vc_row-fluid\" ><div class=\"wpb_column vc_column_container vc_col-sm-12\"><div class=\"vc_column-inner\"><div class=\"wpb_wrapper\"><div class=\"vc_btn3-container vc_btn3-center vc_do_btn\" ><a class=\"vc_general vc_btn3 vc_btn3-size-md vc_btn3-shape-rounded vc_btn3-style-modern vc_btn3-color-grey\" href=\"https:\/\/wildernisopleiding.com\/rooster-info\/\" title=\"\" target=\"_blank\">Connexion : Mat\u00e9riel th\u00e9orique pour les guides en milieu sauvage<\/a><\/div><div class=\"vc_empty_space\"   style=\"height: 32px\"><span class=\"vc_empty_space_inner\"><\/span><\/div><\/div><\/div><\/div><\/div><div class=\"vc_row wpb_row vc_row-fluid\" ><div class=\"wpb_column vc_column_container vc_col-sm-12\"><div class=\"vc_column-inner\"><div class=\"wpb_wrapper\">\n\t<div  class=\"wpb_single_image wpb_content_element vc_align_center wpb_content_element\">\n\t\t\n\t\t<figure class=\"wpb_wrapper vc_figure\">\n\t\t\t<div class=\"vc_single_image-wrapper   vc_box_border_grey\"><img loading=\"lazy\" decoding=\"async\" width=\"1024\" height=\"206\" src=\"https:\/\/voshaaroutdoor.com\/wp-content\/uploads\/2026\/03\/wn-2-1024x206.jpg\" class=\"vc_single_image-img attachment-large\" alt=\"\" title=\"wn (2)\" srcset=\"https:\/\/voshaaroutdoor.com\/wp-content\/uploads\/2026\/03\/wn-2-1024x206.jpg 1024w, https:\/\/voshaaroutdoor.com\/wp-content\/uploads\/2026\/03\/wn-2-300x60.jpg 300w, https:\/\/voshaaroutdoor.com\/wp-content\/uploads\/2026\/03\/wn-2-768x155.jpg 768w, https:\/\/voshaaroutdoor.com\/wp-content\/uploads\/2026\/03\/wn-2-1536x310.jpg 1536w, https:\/\/voshaaroutdoor.com\/wp-content\/uploads\/2026\/03\/wn-2-18x4.jpg 18w\" sizes=\"auto, (max-width: 1024px) 100vw, 1024px\" \/><\/div>\n\t\t<\/figure>\n\t<\/div>\n<div class=\"vc_empty_space\"   style=\"height: 32px\"><span class=\"vc_empty_space_inner\"><\/span><\/div><\/div><\/div><\/div><\/div><div class=\"vc_row wpb_row vc_row-fluid\" ><div class=\"wpb_column vc_column_container vc_col-sm-12\"><div class=\"vc_column-inner\"><div class=\"wpb_wrapper\">\n\t<div  class=\"wpb_single_image wpb_content_element vc_align_center wpb_content_element\">\n\t\t\n\t\t<figure class=\"wpb_wrapper vc_figure\">\n\t\t\t<div class=\"vc_single_image-wrapper   vc_box_border_grey\"><img loading=\"lazy\" decoding=\"async\" width=\"1024\" height=\"425\" src=\"https:\/\/voshaaroutdoor.com\/wp-content\/uploads\/2026\/03\/Grizzly-2021-9.Movie_Snapshot-1024x425.jpg\" class=\"vc_single_image-img attachment-large\" alt=\"\" title=\"Grizzly 2021 (9).Film_Instantan\u00e9\" srcset=\"https:\/\/voshaaroutdoor.com\/wp-content\/uploads\/2026\/03\/Grizzly-2021-9.Movie_Snapshot-1024x425.jpg 1024w, https:\/\/voshaaroutdoor.com\/wp-content\/uploads\/2026\/03\/Grizzly-2021-9.Movie_Snapshot-300x124.jpg 300w, https:\/\/voshaaroutdoor.com\/wp-content\/uploads\/2026\/03\/Grizzly-2021-9.Movie_Snapshot-768x319.jpg 768w, https:\/\/voshaaroutdoor.com\/wp-content\/uploads\/2026\/03\/Grizzly-2021-9.Movie_Snapshot-1536x637.jpg 1536w, https:\/\/voshaaroutdoor.com\/wp-content\/uploads\/2026\/03\/Grizzly-2021-9.Movie_Snapshot-18x7.jpg 18w, https:\/\/voshaaroutdoor.com\/wp-content\/uploads\/2026\/03\/Grizzly-2021-9.Movie_Snapshot.jpg 1899w\" sizes=\"auto, (max-width: 1024px) 100vw, 1024px\" \/><\/div>\n\t\t<\/figure>\n\t<\/div>\n<div class=\"vc_empty_space\"   style=\"height: 32px\"><span class=\"vc_empty_space_inner\"><\/span><\/div><\/div><\/div><\/div><\/div>\n<\/div>","protected":false},"excerpt":{"rendered":"Depuis 2007, De Voshaar, guide international en milieu sauvage, organise des formations annuelles de guide en milieu sauvage. Outre des journ\u00e9es de formation aux Pays-Bas, en France, en Espagne et en Pologne (selon le parcours choisi), nous nous rendons \u00e9galement au Canada. Car c&#039;est en pleine nature que l&#039;on devient guide en milieu sauvage. Trois semaines dans les Rocheuses canadiennes et leurs contreforts, avec comme point d&#039;orgue une randonn\u00e9e en solitaire de 48 heures. Les trois parcours propos\u00e9s sont pr\u00e9sent\u00e9s dans la vid\u00e9o ci-dessus. &gt; CSWI - Guide en milieu sauvage &gt; Wilderness Total &gt; Voshaar MBO Outdoorsports &amp; Guiding Ces trois parcours sont reconnus par la &gt; Wilderness Guides Association International Wilderness Guide. En plus de la formation CSWI de niveau 1, nous proposons \u00e9galement les formations CSWI de niveau 2 (Bor\u00e9al - N\u00e9moral), de niveau 2 (Arctique) et de niveau 3 (Bor\u00e9al - N\u00e9moral). Cliquez sur le lien ci-dessous pour plus d&#039;informations\u00a0: Connexion CSWI - Guide international en milieu sauvage\u00a0: Mat\u00e9riel th\u00e9orique pour guides en milieu sauvage","protected":false},"author":4,"featured_media":8233,"parent":0,"menu_order":0,"comment_status":"closed","ping_status":"closed","template":"","meta":{"footnotes":""},"class_list":["post-4719","page","type-page","status-publish","has-post-thumbnail","hentry"],"yoast_head":"<!-- This site is optimized with the Yoast SEO plugin v27.5 - https:\/\/yoast.com\/product\/yoast-seo-wordpress\/ -->\n<title>Wildernisgids - VoshaarOutdoor.com<\/title>\n<meta name=\"robots\" content=\"index, follow, max-snippet:-1, max-image-preview:large, max-video-preview:-1\" \/>\n<link rel=\"canonical\" href=\"https:\/\/voshaaroutdoor.com\/fr\/international-wilderness-guide\/\" \/>\n<meta property=\"og:locale\" content=\"fr_FR\" \/>\n<meta property=\"og:type\" content=\"article\" \/>\n<meta property=\"og:title\" content=\"Wilderness Guide\" \/>\n<meta property=\"og:description\" content=\"Opleiding to Wildernisgids.\" \/>\n<meta property=\"og:url\" content=\"https:\/\/voshaaroutdoor.com\/fr\/international-wilderness-guide\/\" \/>\n<meta property=\"og:site_name\" content=\"VoshaarOutdoor.com\" \/>\n<meta property=\"article:publisher\" content=\"https:\/\/www.facebook.com\/VoshaarOutdoorandEducation\" \/>\n<meta property=\"article:modified_time\" content=\"2026-03-21T16:34:39+00:00\" \/>\n<meta property=\"og:image\" content=\"https:\/\/voshaaroutdoor.com\/wp-content\/uploads\/2026\/03\/IMG_20160921_190328-3.jpg\" \/>\n\t<meta property=\"og:image:width\" content=\"2389\" \/>\n\t<meta property=\"og:image:height\" content=\"680\" \/>\n\t<meta property=\"og:image:type\" content=\"image\/jpeg\" \/>\n<meta name=\"twitter:card\" content=\"summary_large_image\" \/>\n<meta name=\"twitter:label1\" content=\"Dur\u00e9e de lecture estim\u00e9e\" \/>\n\t<meta name=\"twitter:data1\" content=\"3 minutes\" \/>\n<script type=\"application\/ld+json\" class=\"yoast-schema-graph\">{\"@context\":\"https:\\\/\\\/schema.org\",\"@graph\":[{\"@type\":\"WebPage\",\"@id\":\"https:\\\/\\\/voshaaroutdoor.com\\\/international-wilderness-guide\\\/\",\"url\":\"https:\\\/\\\/voshaaroutdoor.com\\\/international-wilderness-guide\\\/\",\"name\":\"Wildernisgids - VoshaarOutdoor.com\",\"isPartOf\":{\"@id\":\"https:\\\/\\\/voshaaroutdoor.com\\\/#website\"},\"primaryImageOfPage\":{\"@id\":\"https:\\\/\\\/voshaaroutdoor.com\\\/international-wilderness-guide\\\/#primaryimage\"},\"image\":{\"@id\":\"https:\\\/\\\/voshaaroutdoor.com\\\/international-wilderness-guide\\\/#primaryimage\"},\"thumbnailUrl\":\"https:\\\/\\\/voshaaroutdoor.com\\\/wp-content\\\/uploads\\\/2026\\\/03\\\/IMG_20160921_190328-3.jpg\",\"datePublished\":\"2021-12-30T08:39:59+00:00\",\"dateModified\":\"2026-03-21T16:34:39+00:00\",\"breadcrumb\":{\"@id\":\"https:\\\/\\\/voshaaroutdoor.com\\\/international-wilderness-guide\\\/#breadcrumb\"},\"inLanguage\":\"fr-FR\",\"potentialAction\":[{\"@type\":\"ReadAction\",\"target\":[\"https:\\\/\\\/voshaaroutdoor.com\\\/international-wilderness-guide\\\/\"]}]},{\"@type\":\"ImageObject\",\"inLanguage\":\"fr-FR\",\"@id\":\"https:\\\/\\\/voshaaroutdoor.com\\\/international-wilderness-guide\\\/#primaryimage\",\"url\":\"https:\\\/\\\/voshaaroutdoor.com\\\/wp-content\\\/uploads\\\/2026\\\/03\\\/IMG_20160921_190328-3.jpg\",\"contentUrl\":\"https:\\\/\\\/voshaaroutdoor.com\\\/wp-content\\\/uploads\\\/2026\\\/03\\\/IMG_20160921_190328-3.jpg\",\"width\":2389,\"height\":680},{\"@type\":\"BreadcrumbList\",\"@id\":\"https:\\\/\\\/voshaaroutdoor.com\\\/international-wilderness-guide\\\/#breadcrumb\",\"itemListElement\":[{\"@type\":\"ListItem\",\"position\":1,\"name\":\"Home\",\"item\":\"https:\\\/\\\/voshaaroutdoor.com\\\/\"},{\"@type\":\"ListItem\",\"position\":2,\"name\":\"Wildernisgids\"}]},{\"@type\":\"WebSite\",\"@id\":\"https:\\\/\\\/voshaaroutdoor.com\\\/#website\",\"url\":\"https:\\\/\\\/voshaaroutdoor.com\\\/\",\"name\":\"VoshaarOutdoor.com\",\"description\":\"Voshaar Outdoor &amp; Education - Trainingen, cursussen en opleidingen\",\"publisher\":{\"@id\":\"https:\\\/\\\/voshaaroutdoor.com\\\/#organization\"},\"potentialAction\":[{\"@type\":\"SearchAction\",\"target\":{\"@type\":\"EntryPoint\",\"urlTemplate\":\"https:\\\/\\\/voshaaroutdoor.com\\\/?s={search_term_string}\"},\"query-input\":{\"@type\":\"PropertyValueSpecification\",\"valueRequired\":true,\"valueName\":\"search_term_string\"}}],\"inLanguage\":\"fr-FR\"},{\"@type\":\"Organization\",\"@id\":\"https:\\\/\\\/voshaaroutdoor.com\\\/#organization\",\"name\":\"Voshaar Outdoor & Education\",\"url\":\"https:\\\/\\\/voshaaroutdoor.com\\\/\",\"logo\":{\"@type\":\"ImageObject\",\"inLanguage\":\"fr-FR\",\"@id\":\"https:\\\/\\\/voshaaroutdoor.com\\\/#\\\/schema\\\/logo\\\/image\\\/\",\"url\":\"https:\\\/\\\/voshaaroutdoor.com\\\/wp-content\\\/uploads\\\/2021\\\/11\\\/cropped-nieuwe-logo-rood.png\",\"contentUrl\":\"https:\\\/\\\/voshaaroutdoor.com\\\/wp-content\\\/uploads\\\/2021\\\/11\\\/cropped-nieuwe-logo-rood.png\",\"width\":512,\"height\":512,\"caption\":\"Voshaar Outdoor & Education\"},\"image\":{\"@id\":\"https:\\\/\\\/voshaaroutdoor.com\\\/#\\\/schema\\\/logo\\\/image\\\/\"},\"sameAs\":[\"https:\\\/\\\/www.facebook.com\\\/VoshaarOutdoorandEducation\",\"https:\\\/\\\/www.instagram.com\\\/voshaaroutdoorandeducation\\\/\"]}]}<\/script>\n<!-- \/ Yoast SEO plugin. -->","yoast_head_json":{"title":"Guide de la nature sauvage - VoshaarOutdoor.com","robots":{"index":"index","follow":"follow","max-snippet":"max-snippet:-1","max-image-preview":"max-image-preview:large","max-video-preview":"max-video-preview:-1"},"canonical":"https:\/\/voshaaroutdoor.com\/fr\/international-wilderness-guide\/","og_locale":"fr_FR","og_type":"article","og_title":"Wilderness Guide","og_description":"Opleiding to Wildernisgids.","og_url":"https:\/\/voshaaroutdoor.com\/fr\/international-wilderness-guide\/","og_site_name":"VoshaarOutdoor.com","article_publisher":"https:\/\/www.facebook.com\/VoshaarOutdoorandEducation","article_modified_time":"2026-03-21T16:34:39+00:00","og_image":[{"width":2389,"height":680,"url":"https:\/\/voshaaroutdoor.com\/wp-content\/uploads\/2026\/03\/IMG_20160921_190328-3.jpg","type":"image\/jpeg"}],"twitter_card":"summary_large_image","twitter_misc":{"Dur\u00e9e de lecture estim\u00e9e":"3 minutes"},"schema":{"@context":"https:\/\/schema.org","@graph":[{"@type":"WebPage","@id":"https:\/\/voshaaroutdoor.com\/international-wilderness-guide\/","url":"https:\/\/voshaaroutdoor.com\/international-wilderness-guide\/","name":"Guide de la nature sauvage - VoshaarOutdoor.com","isPartOf":{"@id":"https:\/\/voshaaroutdoor.com\/#website"},"primaryImageOfPage":{"@id":"https:\/\/voshaaroutdoor.com\/international-wilderness-guide\/#primaryimage"},"image":{"@id":"https:\/\/voshaaroutdoor.com\/international-wilderness-guide\/#primaryimage"},"thumbnailUrl":"https:\/\/voshaaroutdoor.com\/wp-content\/uploads\/2026\/03\/IMG_20160921_190328-3.jpg","datePublished":"2021-12-30T08:39:59+00:00","dateModified":"2026-03-21T16:34:39+00:00","breadcrumb":{"@id":"https:\/\/voshaaroutdoor.com\/international-wilderness-guide\/#breadcrumb"},"inLanguage":"fr-FR","potentialAction":[{"@type":"ReadAction","target":["https:\/\/voshaaroutdoor.com\/international-wilderness-guide\/"]}]},{"@type":"ImageObject","inLanguage":"fr-FR","@id":"https:\/\/voshaaroutdoor.com\/international-wilderness-guide\/#primaryimage","url":"https:\/\/voshaaroutdoor.com\/wp-content\/uploads\/2026\/03\/IMG_20160921_190328-3.jpg","contentUrl":"https:\/\/voshaaroutdoor.com\/wp-content\/uploads\/2026\/03\/IMG_20160921_190328-3.jpg","width":2389,"height":680},{"@type":"BreadcrumbList","@id":"https:\/\/voshaaroutdoor.com\/international-wilderness-guide\/#breadcrumb","itemListElement":[{"@type":"ListItem","position":1,"name":"Home","item":"https:\/\/voshaaroutdoor.com\/"},{"@type":"ListItem","position":2,"name":"Wildernisgids"}]},{"@type":"WebSite","@id":"https:\/\/voshaaroutdoor.com\/#website","url":"https:\/\/voshaaroutdoor.com\/","name":"VoshaarOutdoor.com","description":"Voshaar Outdoor &amp; Education - Formations, cours et \u00e9ducation","publisher":{"@id":"https:\/\/voshaaroutdoor.com\/#organization"},"potentialAction":[{"@type":"SearchAction","target":{"@type":"EntryPoint","urlTemplate":"https:\/\/voshaaroutdoor.com\/?s={search_term_string}"},"query-input":{"@type":"PropertyValueSpecification","valueRequired":true,"valueName":"search_term_string"}}],"inLanguage":"fr-FR"},{"@type":"Organization","@id":"https:\/\/voshaaroutdoor.com\/#organization","name":"Voshaar Plein air et \u00e9ducation","url":"https:\/\/voshaaroutdoor.com\/","logo":{"@type":"ImageObject","inLanguage":"fr-FR","@id":"https:\/\/voshaaroutdoor.com\/#\/schema\/logo\/image\/","url":"https:\/\/voshaaroutdoor.com\/wp-content\/uploads\/2021\/11\/cropped-nieuwe-logo-rood.png","contentUrl":"https:\/\/voshaaroutdoor.com\/wp-content\/uploads\/2021\/11\/cropped-nieuwe-logo-rood.png","width":512,"height":512,"caption":"Voshaar Outdoor & Education"},"image":{"@id":"https:\/\/voshaaroutdoor.com\/#\/schema\/logo\/image\/"},"sameAs":["https:\/\/www.facebook.com\/VoshaarOutdoorandEducation","https:\/\/www.instagram.com\/voshaaroutdoorandeducation\/"]}]}},"_links":{"self":[{"href":"https:\/\/voshaaroutdoor.com\/fr\/wp-json\/wp\/v2\/pages\/4719","targetHints":{"allow":["GET"]}}],"collection":[{"href":"https:\/\/voshaaroutdoor.com\/fr\/wp-json\/wp\/v2\/pages"}],"about":[{"href":"https:\/\/voshaaroutdoor.com\/fr\/wp-json\/wp\/v2\/types\/page"}],"author":[{"embeddable":true,"href":"https:\/\/voshaaroutdoor.com\/fr\/wp-json\/wp\/v2\/users\/4"}],"replies":[{"embeddable":true,"href":"https:\/\/voshaaroutdoor.com\/fr\/wp-json\/wp\/v2\/comments?post=4719"}],"version-history":[{"count":16,"href":"https:\/\/voshaaroutdoor.com\/fr\/wp-json\/wp\/v2\/pages\/4719\/revisions"}],"predecessor-version":[{"id":8259,"href":"https:\/\/voshaaroutdoor.com\/fr\/wp-json\/wp\/v2\/pages\/4719\/revisions\/8259"}],"wp:featuredmedia":[{"embeddable":true,"href":"https:\/\/voshaaroutdoor.com\/fr\/wp-json\/wp\/v2\/media\/8233"}],"wp:attachment":[{"href":"https:\/\/voshaaroutdoor.com\/fr\/wp-json\/wp\/v2\/media?parent=4719"}],"curies":[{"name":"wp","href":"https:\/\/api.w.org\/{rel}","templated":true}]}}