{"id":4577,"date":"2021-12-22T10:49:17","date_gmt":"2021-12-22T10:49:17","guid":{"rendered":"https:\/\/app-voor-campings.nl\/voshaaroutdooreduction\/?page_id=4577"},"modified":"2022-01-04T09:13:28","modified_gmt":"2022-01-04T09:13:28","slug":"activiteiten","status":"publish","type":"page","link":"https:\/\/voshaaroutdoor.com\/fr\/activiteiten\/","title":{"rendered":"Activit\u00e9s"},"content":{"rendered":"<div class=\"wpb-content-wrapper\"><div class=\"vc_row wpb_row vc_row-fluid\" ><div class=\"wpb_column vc_column_container vc_col-sm-12\"><div class=\"vc_column-inner\"><div class=\"wpb_wrapper\">\n\t<div class=\"wpb_text_column wpb_content_element\" >\n\t\t<div class=\"wpb_wrapper\">\n\t\t\t<p>Gedurende het hele jaar is er bij de Voshaar van alles te doen. Van trainingen en sportlessen op vaste tijden tot Wildernis \/ Outdoor evenementen. Wedstrijden en outdoor-cursussen. Activiteiten voor groepen, scholen en verenigingen, noem maar op.<\/p>\n\n\t\t<\/div>\n\t<\/div>\n<div class=\"vc_empty_space\"   style=\"height: 32px\"><span class=\"vc_empty_space_inner\"><\/span><\/div><a itemprop=\"url\" href=\"https:\/\/voshaaroutdoor.com\/index.php\/voshaar-agenda\/\" target=\"_self\"  class=\"mkdf-btn mkdf-btn-medium mkdf-btn-solid\"  >\n    <span class=\"mkdf-btn-text\">Voshaar Agenda<\/span>\n\t\t\t\t\t\t<\/a><div class=\"vc_empty_space\"   style=\"height: 32px\"><span class=\"vc_empty_space_inner\"><\/span><\/div><\/div><\/div><\/div><\/div><div class=\"vc_row wpb_row vc_row-fluid\" ><div class=\"wpb_column vc_column_container vc_col-sm-12\"><div class=\"vc_column-inner\"><div class=\"wpb_wrapper\"><a itemprop=\"url\" href=\"https:\/\/voshaaroutdoor.com\/index.php\/buitensport-activiteiten\/\" target=\"_self\"  class=\"mkdf-btn mkdf-btn-medium mkdf-btn-solid\"  >\n    <span class=\"mkdf-btn-text\">Buitensportactiviteiten<\/span>\n\t\t\t\t\t\t<\/a><\/div><\/div><\/div><\/div><div class=\"vc_row wpb_row vc_row-fluid\" ><div class=\"wpb_column vc_column_container vc_col-sm-12\"><div class=\"vc_column-inner\"><div class=\"wpb_wrapper\"><div class=\"vc_empty_space\"   style=\"height: 32px\"><span class=\"vc_empty_space_inner\"><\/span><\/div><\/div><\/div><\/div><\/div><div class=\"vc_row wpb_row vc_row-fluid\" ><div class=\"wpb_column vc_column_container vc_col-sm-12\"><div class=\"vc_column-inner\"><div class=\"wpb_wrapper\"><a itemprop=\"url\" href=\"https:\/\/voshaaroutdoor.com\/index.php\/bushcraft-survival\/\" target=\"_self\"  class=\"mkdf-btn mkdf-btn-medium mkdf-btn-solid\"  >\n    <span class=\"mkdf-btn-text\">Bushcraft &amp; Survival<\/span>\n\t\t\t\t\t\t<\/a><\/div><\/div><\/div><\/div><div class=\"vc_row wpb_row vc_row-fluid\" ><div class=\"wpb_column vc_column_container vc_col-sm-12\"><div class=\"vc_column-inner\"><div class=\"wpb_wrapper\"><div class=\"vc_empty_space\"   style=\"height: 32px\"><span class=\"vc_empty_space_inner\"><\/span><\/div><\/div><\/div><\/div><\/div><div class=\"vc_row wpb_row vc_row-fluid\" ><div class=\"wpb_column vc_column_container vc_col-sm-12\"><div class=\"vc_column-inner\"><div class=\"wpb_wrapper\"><a itemprop=\"url\" href=\"https:\/\/voshaaroutdoor.com\/index.php\/evenementen-en-wedstrijden\/\" target=\"_self\"  class=\"mkdf-btn mkdf-btn-medium mkdf-btn-solid\"  >\n    <span class=\"mkdf-btn-text\">Evenementen en wedstrijden<\/span>\n\t\t\t\t\t\t<\/a><\/div><\/div><\/div><\/div><div class=\"vc_row wpb_row vc_row-fluid\" ><div class=\"wpb_column vc_column_container vc_col-sm-12\"><div class=\"vc_column-inner\"><div class=\"wpb_wrapper\"><div class=\"vc_empty_space\"   style=\"height: 32px\"><span class=\"vc_empty_space_inner\"><\/span><\/div><\/div><\/div><\/div><\/div><div class=\"vc_row wpb_row vc_row-fluid\" ><div class=\"wpb_column vc_column_container vc_col-sm-12\"><div class=\"vc_column-inner\"><div class=\"wpb_wrapper\"><a itemprop=\"url\" href=\"https:\/\/voshaaroutdoor.com\/index.php\/trainingen\/\" target=\"_self\"  class=\"mkdf-btn mkdf-btn-medium mkdf-btn-solid\"  >\n    <span class=\"mkdf-btn-text\">Sport en training<\/span>\n\t\t\t\t\t\t<\/a><div class=\"vc_empty_space\"   style=\"height: 32px\"><span class=\"vc_empty_space_inner\"><\/span><\/div><\/div><\/div><\/div><\/div><div class=\"vc_row wpb_row vc_row-fluid\" ><div class=\"wpb_column vc_column_container vc_col-sm-12\"><div class=\"vc_column-inner\"><div class=\"wpb_wrapper\"><a itemprop=\"url\" href=\"https:\/\/voshaaroutdoor.com\/index.php\/wilderness-nature-english-site\/\" target=\"_self\"  class=\"mkdf-btn mkdf-btn-medium mkdf-btn-solid\"  >\n    <span class=\"mkdf-btn-text\">Natuur &amp; Tracking<\/span>\n\t\t\t\t\t\t<\/a><div class=\"vc_empty_space\"   style=\"height: 32px\"><span class=\"vc_empty_space_inner\"><\/span><\/div><a itemprop=\"url\" href=\"https:\/\/voshaaroutdoor.com\/index.php\/teambuilding-coaching\/\" target=\"_self\"  class=\"mkdf-btn mkdf-btn-medium mkdf-btn-solid\"  >\n    <span class=\"mkdf-btn-text\">Medic First Aid<\/span>\n\t\t\t\t\t\t<\/a><div class=\"vc_empty_space\"   style=\"height: 32px\"><span class=\"vc_empty_space_inner\"><\/span><\/div><a itemprop=\"url\" href=\"https:\/\/voshaaroutdoor.com\/index.php\/solo-duo-skills-training\/\" target=\"_self\"  class=\"mkdf-btn mkdf-btn-medium mkdf-btn-solid\"  >\n    <span class=\"mkdf-btn-text\">Solo \/ Duo Skills Training<\/span>\n\t\t\t\t\t\t<\/a><div class=\"vc_empty_space\"   style=\"height: 32px\"><span class=\"vc_empty_space_inner\"><\/span><\/div><a itemprop=\"url\" href=\"https:\/\/voshaaroutdoor.com\/index.php\/opleidingen-2\/\" target=\"_self\"  class=\"mkdf-btn mkdf-btn-medium mkdf-btn-solid\"  >\n    <span class=\"mkdf-btn-text\">Opleidingen <\/span>\n\t\t\t\t\t\t<\/a><div class=\"vc_empty_space\"   style=\"height: 32px\"><span class=\"vc_empty_space_inner\"><\/span><\/div><\/div><\/div><\/div><\/div><div class=\"vc_row wpb_row vc_row-fluid\" ><div class=\"wpb_column vc_column_container vc_col-sm-12\"><div class=\"vc_column-inner\"><div class=\"wpb_wrapper\"><div class=\"wpb_images_carousel wpb_content_element vc_clearfix wpb_content_element\"><div class=\"wpb_wrapper\"><div id=\"vc_images-carousel-1-1776775228\" data-ride=\"vc_carousel\" data-wrap=\"false\" style=\"width: 300px;\" data-interval=\"0\" data-auto-height=\"yes\" data-mode=\"horizontal\" data-partial=\"false\" data-per-view=\"1\" data-hide-on-end=\"true\" class=\"vc_slide vc_images_carousel\"><ol class=\"vc_carousel-indicators\"><li data-target=\"#vc_images-carousel-1-1776775228\" data-slide-to=\"0\"><\/li><li data-target=\"#vc_images-carousel-1-1776775228\" data-slide-to=\"1\"><\/li><li data-target=\"#vc_images-carousel-1-1776775228\" data-slide-to=\"2\"><\/li><li data-target=\"#vc_images-carousel-1-1776775228\" data-slide-to=\"3\"><\/li><li data-target=\"#vc_images-carousel-1-1776775228\" data-slide-to=\"4\"><\/li><li data-target=\"#vc_images-carousel-1-1776775228\" data-slide-to=\"5\"><\/li><li data-target=\"#vc_images-carousel-1-1776775228\" data-slide-to=\"6\"><\/li><\/ol><div class=\"vc_carousel-inner\"><div class=\"vc_carousel-slideline\"><div class=\"vc_carousel-slideline-inner\"><div class=\"vc_item\"><div class=\"vc_inner\"><a class=\"\" href=\"https:\/\/voshaaroutdoor.com\/wp-content\/uploads\/2021\/12\/135c-1024x682.jpg\" data-lightbox=\"lightbox[rel-4577-581923772]\"><img loading=\"lazy\" decoding=\"async\" width=\"300\" height=\"200\" src=\"https:\/\/voshaaroutdoor.com\/wp-content\/uploads\/2021\/12\/135c-300x200.jpg\" class=\"attachment-medium\" alt=\"\" title=\"135c\" srcset=\"https:\/\/voshaaroutdoor.com\/wp-content\/uploads\/2021\/12\/135c-300x200.jpg 300w, https:\/\/voshaaroutdoor.com\/wp-content\/uploads\/2021\/12\/135c-1024x682.jpg 1024w, https:\/\/voshaaroutdoor.com\/wp-content\/uploads\/2021\/12\/135c-768x512.jpg 768w, https:\/\/voshaaroutdoor.com\/wp-content\/uploads\/2021\/12\/135c-1536x1024.jpg 1536w, https:\/\/voshaaroutdoor.com\/wp-content\/uploads\/2021\/12\/135c-600x400.jpg 600w, https:\/\/voshaaroutdoor.com\/wp-content\/uploads\/2021\/12\/135c.jpg 1772w\" sizes=\"auto, (max-width: 300px) 100vw, 300px\" \/><\/a><\/div><\/div><div class=\"vc_item\"><div class=\"vc_inner\"><a class=\"\" href=\"https:\/\/voshaaroutdoor.com\/wp-content\/uploads\/2021\/12\/DSCF3321-1024x768.jpg\" data-lightbox=\"lightbox[rel-4577-581923772]\"><img loading=\"lazy\" decoding=\"async\" width=\"300\" height=\"225\" src=\"https:\/\/voshaaroutdoor.com\/wp-content\/uploads\/2021\/12\/DSCF3321-300x225.jpg\" class=\"attachment-medium\" alt=\"\" title=\"DSCF3321\" srcset=\"https:\/\/voshaaroutdoor.com\/wp-content\/uploads\/2021\/12\/DSCF3321-300x225.jpg 300w, https:\/\/voshaaroutdoor.com\/wp-content\/uploads\/2021\/12\/DSCF3321-1024x768.jpg 1024w, https:\/\/voshaaroutdoor.com\/wp-content\/uploads\/2021\/12\/DSCF3321-768x576.jpg 768w, https:\/\/voshaaroutdoor.com\/wp-content\/uploads\/2021\/12\/DSCF3321-1536x1152.jpg 1536w, https:\/\/voshaaroutdoor.com\/wp-content\/uploads\/2021\/12\/DSCF3321-600x450.jpg 600w\" sizes=\"auto, (max-width: 300px) 100vw, 300px\" \/><\/a><\/div><\/div><div class=\"vc_item\"><div class=\"vc_inner\"><a class=\"\" href=\"https:\/\/voshaaroutdoor.com\/wp-content\/uploads\/2021\/12\/173969816_5299748946761666_1119368197362759050_n.jpg\" data-lightbox=\"lightbox[rel-4577-581923772]\"><img loading=\"lazy\" decoding=\"async\" width=\"300\" height=\"228\" src=\"https:\/\/voshaaroutdoor.com\/wp-content\/uploads\/2021\/12\/173969816_5299748946761666_1119368197362759050_n-300x228.jpg\" class=\"attachment-medium\" alt=\"\" title=\"173969816_5299748946761666_1119368197362759050_n\" srcset=\"https:\/\/voshaaroutdoor.com\/wp-content\/uploads\/2021\/12\/173969816_5299748946761666_1119368197362759050_n-300x228.jpg 300w, https:\/\/voshaaroutdoor.com\/wp-content\/uploads\/2021\/12\/173969816_5299748946761666_1119368197362759050_n-600x457.jpg 600w, https:\/\/voshaaroutdoor.com\/wp-content\/uploads\/2021\/12\/173969816_5299748946761666_1119368197362759050_n.jpg 755w\" sizes=\"auto, (max-width: 300px) 100vw, 300px\" \/><\/a><\/div><\/div><div class=\"vc_item\"><div class=\"vc_inner\"><a class=\"\" href=\"https:\/\/voshaaroutdoor.com\/wp-content\/uploads\/2020\/01\/20210501_212259-1024x576.jpg\" data-lightbox=\"lightbox[rel-4577-581923772]\"><img loading=\"lazy\" decoding=\"async\" width=\"300\" height=\"169\" src=\"https:\/\/voshaaroutdoor.com\/wp-content\/uploads\/2020\/01\/20210501_212259-300x169.jpg\" class=\"attachment-medium\" alt=\"\" title=\"20210501_212259\" srcset=\"https:\/\/voshaaroutdoor.com\/wp-content\/uploads\/2020\/01\/20210501_212259-300x169.jpg 300w, https:\/\/voshaaroutdoor.com\/wp-content\/uploads\/2020\/01\/20210501_212259-1024x576.jpg 1024w, https:\/\/voshaaroutdoor.com\/wp-content\/uploads\/2020\/01\/20210501_212259-768x432.jpg 768w, https:\/\/voshaaroutdoor.com\/wp-content\/uploads\/2020\/01\/20210501_212259-1536x864.jpg 1536w, https:\/\/voshaaroutdoor.com\/wp-content\/uploads\/2020\/01\/20210501_212259-87x50.jpg 87w, https:\/\/voshaaroutdoor.com\/wp-content\/uploads\/2020\/01\/20210501_212259-600x338.jpg 600w\" sizes=\"auto, (max-width: 300px) 100vw, 300px\" \/><\/a><\/div><\/div><div class=\"vc_item\"><div class=\"vc_inner\"><a class=\"\" href=\"https:\/\/voshaaroutdoor.com\/wp-content\/uploads\/2021\/12\/DSCF1450-kopie-683x1024.jpg\" data-lightbox=\"lightbox[rel-4577-581923772]\"><img loading=\"lazy\" decoding=\"async\" width=\"200\" height=\"300\" src=\"https:\/\/voshaaroutdoor.com\/wp-content\/uploads\/2021\/12\/DSCF1450-kopie-200x300.jpg\" class=\"attachment-medium\" alt=\"\" title=\"DSCF1450 - kopie\" srcset=\"https:\/\/voshaaroutdoor.com\/wp-content\/uploads\/2021\/12\/DSCF1450-kopie-200x300.jpg 200w, https:\/\/voshaaroutdoor.com\/wp-content\/uploads\/2021\/12\/DSCF1450-kopie-683x1024.jpg 683w, https:\/\/voshaaroutdoor.com\/wp-content\/uploads\/2021\/12\/DSCF1450-kopie-768x1152.jpg 768w, https:\/\/voshaaroutdoor.com\/wp-content\/uploads\/2021\/12\/DSCF1450-kopie-1024x1536.jpg 1024w, https:\/\/voshaaroutdoor.com\/wp-content\/uploads\/2021\/12\/DSCF1450-kopie-1365x2048.jpg 1365w, https:\/\/voshaaroutdoor.com\/wp-content\/uploads\/2021\/12\/DSCF1450-kopie-600x900.jpg 600w, https:\/\/voshaaroutdoor.com\/wp-content\/uploads\/2021\/12\/DSCF1450-kopie-scaled.jpg 1707w\" sizes=\"auto, (max-width: 200px) 100vw, 200px\" \/><\/a><\/div><\/div><div class=\"vc_item\"><div class=\"vc_inner\"><a class=\"\" href=\"https:\/\/voshaaroutdoor.com\/wp-content\/uploads\/2021\/12\/DSCF1506-819x1024.jpg\" data-lightbox=\"lightbox[rel-4577-581923772]\"><img loading=\"lazy\" decoding=\"async\" width=\"240\" height=\"300\" src=\"https:\/\/voshaaroutdoor.com\/wp-content\/uploads\/2021\/12\/DSCF1506-240x300.jpg\" class=\"attachment-medium\" alt=\"\" title=\"DSCF1506\" srcset=\"https:\/\/voshaaroutdoor.com\/wp-content\/uploads\/2021\/12\/DSCF1506-240x300.jpg 240w, https:\/\/voshaaroutdoor.com\/wp-content\/uploads\/2021\/12\/DSCF1506-819x1024.jpg 819w, https:\/\/voshaaroutdoor.com\/wp-content\/uploads\/2021\/12\/DSCF1506-768x960.jpg 768w, https:\/\/voshaaroutdoor.com\/wp-content\/uploads\/2021\/12\/DSCF1506-1229x1536.jpg 1229w, https:\/\/voshaaroutdoor.com\/wp-content\/uploads\/2021\/12\/DSCF1506-1638x2048.jpg 1638w, https:\/\/voshaaroutdoor.com\/wp-content\/uploads\/2021\/12\/DSCF1506-600x750.jpg 600w\" sizes=\"auto, (max-width: 240px) 100vw, 240px\" \/><\/a><\/div><\/div><div class=\"vc_item\"><div class=\"vc_inner\"><a class=\"\" href=\"https:\/\/voshaaroutdoor.com\/wp-content\/uploads\/2021\/12\/DSCF1552-683x1024.jpg\" data-lightbox=\"lightbox[rel-4577-581923772]\"><img loading=\"lazy\" decoding=\"async\" width=\"200\" height=\"300\" src=\"https:\/\/voshaaroutdoor.com\/wp-content\/uploads\/2021\/12\/DSCF1552-200x300.jpg\" class=\"attachment-medium\" alt=\"\" title=\"DSCF1552\" srcset=\"https:\/\/voshaaroutdoor.com\/wp-content\/uploads\/2021\/12\/DSCF1552-200x300.jpg 200w, https:\/\/voshaaroutdoor.com\/wp-content\/uploads\/2021\/12\/DSCF1552-683x1024.jpg 683w, https:\/\/voshaaroutdoor.com\/wp-content\/uploads\/2021\/12\/DSCF1552-768x1152.jpg 768w, https:\/\/voshaaroutdoor.com\/wp-content\/uploads\/2021\/12\/DSCF1552-1024x1536.jpg 1024w, https:\/\/voshaaroutdoor.com\/wp-content\/uploads\/2021\/12\/DSCF1552-1365x2048.jpg 1365w, https:\/\/voshaaroutdoor.com\/wp-content\/uploads\/2021\/12\/DSCF1552-600x900.jpg 600w, https:\/\/voshaaroutdoor.com\/wp-content\/uploads\/2021\/12\/DSCF1552-scaled.jpg 1707w\" sizes=\"auto, (max-width: 200px) 100vw, 200px\" \/><\/a><\/div><\/div><\/div><\/div><\/div><a class=\"vc_left vc_carousel-control\" href=\"#vc_images-carousel-1-1776775228\" data-slide=\"prev\"><span class=\"icon-prev\"><\/span><\/a><a class=\"vc_right vc_carousel-control\" href=\"#vc_images-carousel-1-1776775228\" data-slide=\"next\"><span class=\"icon-next\"><\/span><\/a><\/div><\/div><\/div><\/div><\/div><\/div><\/div>\n<\/div>","protected":false},"excerpt":{"rendered":"Il y a beaucoup \u00e0 faire \u00e0 Voshaar toute l&#039;ann\u00e9e. Des entra\u00eenements et cours de sport \u00e0 heures fixes aux \u00e9v\u00e9nements Wilderness \/ Outdoor. Comp\u00e9titions et cours en plein air. Des activit\u00e9s pour les groupes, les \u00e9coles et les associations, \u00e0 vous de choisir. Voshaar Agenda Activit\u00e9s sportives de plein air Bushcraft &amp; Survival \u00c9v\u00e9nements et comp\u00e9titions Sports et entra\u00eenements Nature &amp; Tracking Medic First Aid Cours de formation en solo \/ duo","protected":false},"author":4,"featured_media":0,"parent":0,"menu_order":0,"comment_status":"closed","ping_status":"closed","template":"","meta":{"footnotes":""},"class_list":["post-4577","page","type-page","status-publish","hentry"],"yoast_head":"<!-- This site is optimized with the Yoast SEO plugin v27.4 - https:\/\/yoast.com\/product\/yoast-seo-wordpress\/ -->\n<title>Activiteiten - VoshaarOutdoor.com<\/title>\n<meta name=\"robots\" content=\"index, follow, max-snippet:-1, max-image-preview:large, max-video-preview:-1\" \/>\n<link rel=\"canonical\" href=\"https:\/\/voshaaroutdoor.com\/fr\/activiteiten\/\" \/>\n<meta property=\"og:locale\" content=\"fr_FR\" \/>\n<meta property=\"og:type\" content=\"article\" \/>\n<meta property=\"og:title\" content=\"Activiteiten - VoshaarOutdoor.com\" \/>\n<meta property=\"og:url\" content=\"https:\/\/voshaaroutdoor.com\/fr\/activiteiten\/\" \/>\n<meta property=\"og:site_name\" content=\"VoshaarOutdoor.com\" \/>\n<meta property=\"article:publisher\" content=\"https:\/\/www.facebook.com\/VoshaarOutdoorandEducation\" \/>\n<meta property=\"article:modified_time\" content=\"2022-01-04T09:13:28+00:00\" \/>\n<meta name=\"twitter:card\" content=\"summary_large_image\" \/>\n<meta name=\"twitter:label1\" content=\"Dur\u00e9e de lecture estim\u00e9e\" \/>\n\t<meta name=\"twitter:data1\" content=\"2 minutes\" \/>\n<script type=\"application\/ld+json\" class=\"yoast-schema-graph\">{\"@context\":\"https:\\\/\\\/schema.org\",\"@graph\":[{\"@type\":\"WebPage\",\"@id\":\"https:\\\/\\\/voshaaroutdoor.com\\\/activiteiten\\\/\",\"url\":\"https:\\\/\\\/voshaaroutdoor.com\\\/activiteiten\\\/\",\"name\":\"Activiteiten - VoshaarOutdoor.com\",\"isPartOf\":{\"@id\":\"https:\\\/\\\/voshaaroutdoor.com\\\/#website\"},\"datePublished\":\"2021-12-22T10:49:17+00:00\",\"dateModified\":\"2022-01-04T09:13:28+00:00\",\"breadcrumb\":{\"@id\":\"https:\\\/\\\/voshaaroutdoor.com\\\/activiteiten\\\/#breadcrumb\"},\"inLanguage\":\"fr-FR\",\"potentialAction\":[{\"@type\":\"ReadAction\",\"target\":[\"https:\\\/\\\/voshaaroutdoor.com\\\/activiteiten\\\/\"]}]},{\"@type\":\"BreadcrumbList\",\"@id\":\"https:\\\/\\\/voshaaroutdoor.com\\\/activiteiten\\\/#breadcrumb\",\"itemListElement\":[{\"@type\":\"ListItem\",\"position\":1,\"name\":\"Home\",\"item\":\"https:\\\/\\\/voshaaroutdoor.com\\\/\"},{\"@type\":\"ListItem\",\"position\":2,\"name\":\"Activiteiten\"}]},{\"@type\":\"WebSite\",\"@id\":\"https:\\\/\\\/voshaaroutdoor.com\\\/#website\",\"url\":\"https:\\\/\\\/voshaaroutdoor.com\\\/\",\"name\":\"VoshaarOutdoor.com\",\"description\":\"Voshaar Outdoor &amp; Education - Trainingen, cursussen en opleidingen\",\"publisher\":{\"@id\":\"https:\\\/\\\/voshaaroutdoor.com\\\/#organization\"},\"potentialAction\":[{\"@type\":\"SearchAction\",\"target\":{\"@type\":\"EntryPoint\",\"urlTemplate\":\"https:\\\/\\\/voshaaroutdoor.com\\\/?s={search_term_string}\"},\"query-input\":{\"@type\":\"PropertyValueSpecification\",\"valueRequired\":true,\"valueName\":\"search_term_string\"}}],\"inLanguage\":\"fr-FR\"},{\"@type\":\"Organization\",\"@id\":\"https:\\\/\\\/voshaaroutdoor.com\\\/#organization\",\"name\":\"Voshaar Outdoor & Education\",\"url\":\"https:\\\/\\\/voshaaroutdoor.com\\\/\",\"logo\":{\"@type\":\"ImageObject\",\"inLanguage\":\"fr-FR\",\"@id\":\"https:\\\/\\\/voshaaroutdoor.com\\\/#\\\/schema\\\/logo\\\/image\\\/\",\"url\":\"https:\\\/\\\/voshaaroutdoor.com\\\/wp-content\\\/uploads\\\/2021\\\/11\\\/cropped-nieuwe-logo-rood.png\",\"contentUrl\":\"https:\\\/\\\/voshaaroutdoor.com\\\/wp-content\\\/uploads\\\/2021\\\/11\\\/cropped-nieuwe-logo-rood.png\",\"width\":512,\"height\":512,\"caption\":\"Voshaar Outdoor & Education\"},\"image\":{\"@id\":\"https:\\\/\\\/voshaaroutdoor.com\\\/#\\\/schema\\\/logo\\\/image\\\/\"},\"sameAs\":[\"https:\\\/\\\/www.facebook.com\\\/VoshaarOutdoorandEducation\",\"https:\\\/\\\/www.instagram.com\\\/voshaaroutdoorandeducation\\\/\"]}]}<\/script>\n<!-- \/ Yoast SEO plugin. -->","yoast_head_json":{"title":"Activit\u00e9s - VoshaarOutdoor.com","robots":{"index":"index","follow":"follow","max-snippet":"max-snippet:-1","max-image-preview":"max-image-preview:large","max-video-preview":"max-video-preview:-1"},"canonical":"https:\/\/voshaaroutdoor.com\/fr\/activiteiten\/","og_locale":"fr_FR","og_type":"article","og_title":"Activiteiten - VoshaarOutdoor.com","og_url":"https:\/\/voshaaroutdoor.com\/fr\/activiteiten\/","og_site_name":"VoshaarOutdoor.com","article_publisher":"https:\/\/www.facebook.com\/VoshaarOutdoorandEducation","article_modified_time":"2022-01-04T09:13:28+00:00","twitter_card":"summary_large_image","twitter_misc":{"Dur\u00e9e de lecture estim\u00e9e":"2 minutes"},"schema":{"@context":"https:\/\/schema.org","@graph":[{"@type":"WebPage","@id":"https:\/\/voshaaroutdoor.com\/activiteiten\/","url":"https:\/\/voshaaroutdoor.com\/activiteiten\/","name":"Activit\u00e9s - VoshaarOutdoor.com","isPartOf":{"@id":"https:\/\/voshaaroutdoor.com\/#website"},"datePublished":"2021-12-22T10:49:17+00:00","dateModified":"2022-01-04T09:13:28+00:00","breadcrumb":{"@id":"https:\/\/voshaaroutdoor.com\/activiteiten\/#breadcrumb"},"inLanguage":"fr-FR","potentialAction":[{"@type":"ReadAction","target":["https:\/\/voshaaroutdoor.com\/activiteiten\/"]}]},{"@type":"BreadcrumbList","@id":"https:\/\/voshaaroutdoor.com\/activiteiten\/#breadcrumb","itemListElement":[{"@type":"ListItem","position":1,"name":"Home","item":"https:\/\/voshaaroutdoor.com\/"},{"@type":"ListItem","position":2,"name":"Activiteiten"}]},{"@type":"WebSite","@id":"https:\/\/voshaaroutdoor.com\/#website","url":"https:\/\/voshaaroutdoor.com\/","name":"VoshaarOutdoor.com","description":"Voshaar Outdoor &amp; Education - Formations, cours et \u00e9ducation","publisher":{"@id":"https:\/\/voshaaroutdoor.com\/#organization"},"potentialAction":[{"@type":"SearchAction","target":{"@type":"EntryPoint","urlTemplate":"https:\/\/voshaaroutdoor.com\/?s={search_term_string}"},"query-input":{"@type":"PropertyValueSpecification","valueRequired":true,"valueName":"search_term_string"}}],"inLanguage":"fr-FR"},{"@type":"Organization","@id":"https:\/\/voshaaroutdoor.com\/#organization","name":"Voshaar Plein air et \u00e9ducation","url":"https:\/\/voshaaroutdoor.com\/","logo":{"@type":"ImageObject","inLanguage":"fr-FR","@id":"https:\/\/voshaaroutdoor.com\/#\/schema\/logo\/image\/","url":"https:\/\/voshaaroutdoor.com\/wp-content\/uploads\/2021\/11\/cropped-nieuwe-logo-rood.png","contentUrl":"https:\/\/voshaaroutdoor.com\/wp-content\/uploads\/2021\/11\/cropped-nieuwe-logo-rood.png","width":512,"height":512,"caption":"Voshaar Outdoor & Education"},"image":{"@id":"https:\/\/voshaaroutdoor.com\/#\/schema\/logo\/image\/"},"sameAs":["https:\/\/www.facebook.com\/VoshaarOutdoorandEducation","https:\/\/www.instagram.com\/voshaaroutdoorandeducation\/"]}]}},"_links":{"self":[{"href":"https:\/\/voshaaroutdoor.com\/fr\/wp-json\/wp\/v2\/pages\/4577","targetHints":{"allow":["GET"]}}],"collection":[{"href":"https:\/\/voshaaroutdoor.com\/fr\/wp-json\/wp\/v2\/pages"}],"about":[{"href":"https:\/\/voshaaroutdoor.com\/fr\/wp-json\/wp\/v2\/types\/page"}],"author":[{"embeddable":true,"href":"https:\/\/voshaaroutdoor.com\/fr\/wp-json\/wp\/v2\/users\/4"}],"replies":[{"embeddable":true,"href":"https:\/\/voshaaroutdoor.com\/fr\/wp-json\/wp\/v2\/comments?post=4577"}],"version-history":[{"count":15,"href":"https:\/\/voshaaroutdoor.com\/fr\/wp-json\/wp\/v2\/pages\/4577\/revisions"}],"predecessor-version":[{"id":5349,"href":"https:\/\/voshaaroutdoor.com\/fr\/wp-json\/wp\/v2\/pages\/4577\/revisions\/5349"}],"wp:attachment":[{"href":"https:\/\/voshaaroutdoor.com\/fr\/wp-json\/wp\/v2\/media?parent=4577"}],"curies":[{"name":"wp","href":"https:\/\/api.w.org\/{rel}","templated":true}]}}