{"id":3641,"date":"2016-02-10T14:34:17","date_gmt":"2016-02-10T14:34:17","guid":{"rendered":"http:\/\/voshaaroutdoor.com\/?page_id=823"},"modified":"2021-11-24T13:34:35","modified_gmt":"2021-11-24T13:34:35","slug":"trektochten-en-expedities","status":"publish","type":"page","link":"https:\/\/voshaaroutdoor.com\/fr\/trektochten-en-expedities\/","title":{"rendered":"Trekking et exp\u00e9ditions"},"content":{"rendered":"<p>De Voshaar organise des randonn\u00e9es et exp\u00e9ditions dans diff\u00e9rents pays, en toutes saisons. Toutes ces destinations abritent une population de loups, d&#039;ours et\/ou de lynx. Notre principe est qu\u2019une nature sauvage sans grands pr\u00e9dateurs n\u2019est pas une nature sauvage.<\/p>\n<ul>\n<li><a href=\"https:\/\/voshaaroutdoor.com\/index.php\/canada\/\">Canada. montagnes Rocheuses<\/a><\/li>\n<li><a href=\"https:\/\/voshaaroutdoor.com\/index.php\/frankrijk\/\">France. Jura<\/a><\/li>\n<\/ul>\n<p><img loading=\"lazy\" decoding=\"async\" class=\"alignnone size-full wp-image-371\" src=\"https:\/\/voshaaroutdoor.com\/wp-content\/uploads\/2013\/06\/11.jpg\" alt=\"1\" width=\"1280\" height=\"847\" srcset=\"https:\/\/voshaaroutdoor.com\/wp-content\/uploads\/2013\/06\/11.jpg 1280w, https:\/\/voshaaroutdoor.com\/wp-content\/uploads\/2013\/06\/11-600x397.jpg 600w, https:\/\/voshaaroutdoor.com\/wp-content\/uploads\/2013\/06\/11-300x199.jpg 300w, https:\/\/voshaaroutdoor.com\/wp-content\/uploads\/2013\/06\/11-1024x678.jpg 1024w, https:\/\/voshaaroutdoor.com\/wp-content\/uploads\/2013\/06\/11-768x508.jpg 768w\" sizes=\"auto, (max-width: 1280px) 100vw, 1280px\" \/><\/p>","protected":false},"excerpt":{"rendered":"<p>De Voshaar organise des randonn\u00e9es et exp\u00e9ditions dans diff\u00e9rents pays, en toutes saisons. Toutes ces destinations abritent une population de loups, d&#039;ours et\/ou de lynx. Notre principe est qu\u2019une nature sauvage sans grands pr\u00e9dateurs n\u2019est pas une nature sauvage. Canada. Montagnes Rocheuses France. Jura<\/p>","protected":false},"author":2,"featured_media":0,"parent":0,"menu_order":0,"comment_status":"closed","ping_status":"closed","template":"","meta":{"footnotes":""},"class_list":["post-3641","page","type-page","status-publish","hentry"],"yoast_head":"<!-- This site is optimized with the Yoast SEO plugin v27.4 - https:\/\/yoast.com\/product\/yoast-seo-wordpress\/ -->\n<title>Trektochten en expedities - VoshaarOutdoor.com<\/title>\n<meta name=\"robots\" content=\"index, follow, max-snippet:-1, max-image-preview:large, max-video-preview:-1\" \/>\n<link rel=\"canonical\" href=\"https:\/\/voshaaroutdoor.com\/fr\/trektochten-en-expedities\/\" \/>\n<meta property=\"og:locale\" content=\"fr_FR\" \/>\n<meta property=\"og:type\" content=\"article\" \/>\n<meta property=\"og:title\" content=\"Trektochten en expedities - VoshaarOutdoor.com\" \/>\n<meta property=\"og:description\" content=\"De Voshaar organiseert trektochten en expedities in verschillende landen, in alle seizoenen.\u00a0Al deze bestemmingen hebben een populatie wolven, beren en\/of de lynxen. Wildernis zonder grote predatoren is geen wildernis is ons principe. Canada. Rocky Mountains Frankrijk. Jura\" \/>\n<meta property=\"og:url\" content=\"https:\/\/voshaaroutdoor.com\/fr\/trektochten-en-expedities\/\" \/>\n<meta property=\"og:site_name\" content=\"VoshaarOutdoor.com\" \/>\n<meta property=\"article:publisher\" content=\"https:\/\/www.facebook.com\/VoshaarOutdoorandEducation\" \/>\n<meta property=\"article:modified_time\" content=\"2021-11-24T13:34:35+00:00\" \/>\n<meta property=\"og:image\" content=\"https:\/\/voshaaroutdoor.com\/wp-content\/uploads\/2013\/06\/11.jpg\" \/>\n<meta name=\"twitter:card\" content=\"summary_large_image\" \/>\n<script type=\"application\/ld+json\" class=\"yoast-schema-graph\">{\"@context\":\"https:\\\/\\\/schema.org\",\"@graph\":[{\"@type\":\"WebPage\",\"@id\":\"https:\\\/\\\/voshaaroutdoor.com\\\/trektochten-en-expedities\\\/\",\"url\":\"https:\\\/\\\/voshaaroutdoor.com\\\/trektochten-en-expedities\\\/\",\"name\":\"Trektochten en expedities - VoshaarOutdoor.com\",\"isPartOf\":{\"@id\":\"https:\\\/\\\/voshaaroutdoor.com\\\/#website\"},\"primaryImageOfPage\":{\"@id\":\"https:\\\/\\\/voshaaroutdoor.com\\\/trektochten-en-expedities\\\/#primaryimage\"},\"image\":{\"@id\":\"https:\\\/\\\/voshaaroutdoor.com\\\/trektochten-en-expedities\\\/#primaryimage\"},\"thumbnailUrl\":\"https:\\\/\\\/voshaaroutdoor.com\\\/wp-content\\\/uploads\\\/2013\\\/06\\\/11.jpg\",\"datePublished\":\"2016-02-10T14:34:17+00:00\",\"dateModified\":\"2021-11-24T13:34:35+00:00\",\"breadcrumb\":{\"@id\":\"https:\\\/\\\/voshaaroutdoor.com\\\/trektochten-en-expedities\\\/#breadcrumb\"},\"inLanguage\":\"fr-FR\",\"potentialAction\":[{\"@type\":\"ReadAction\",\"target\":[\"https:\\\/\\\/voshaaroutdoor.com\\\/trektochten-en-expedities\\\/\"]}]},{\"@type\":\"ImageObject\",\"inLanguage\":\"fr-FR\",\"@id\":\"https:\\\/\\\/voshaaroutdoor.com\\\/trektochten-en-expedities\\\/#primaryimage\",\"url\":\"https:\\\/\\\/voshaaroutdoor.com\\\/wp-content\\\/uploads\\\/2013\\\/06\\\/11.jpg\",\"contentUrl\":\"https:\\\/\\\/voshaaroutdoor.com\\\/wp-content\\\/uploads\\\/2013\\\/06\\\/11.jpg\"},{\"@type\":\"BreadcrumbList\",\"@id\":\"https:\\\/\\\/voshaaroutdoor.com\\\/trektochten-en-expedities\\\/#breadcrumb\",\"itemListElement\":[{\"@type\":\"ListItem\",\"position\":1,\"name\":\"Home\",\"item\":\"https:\\\/\\\/voshaaroutdoor.com\\\/\"},{\"@type\":\"ListItem\",\"position\":2,\"name\":\"Trektochten en expedities\"}]},{\"@type\":\"WebSite\",\"@id\":\"https:\\\/\\\/voshaaroutdoor.com\\\/#website\",\"url\":\"https:\\\/\\\/voshaaroutdoor.com\\\/\",\"name\":\"VoshaarOutdoor.com\",\"description\":\"Voshaar Outdoor &amp; Education - Trainingen, cursussen en opleidingen\",\"publisher\":{\"@id\":\"https:\\\/\\\/voshaaroutdoor.com\\\/#organization\"},\"potentialAction\":[{\"@type\":\"SearchAction\",\"target\":{\"@type\":\"EntryPoint\",\"urlTemplate\":\"https:\\\/\\\/voshaaroutdoor.com\\\/?s={search_term_string}\"},\"query-input\":{\"@type\":\"PropertyValueSpecification\",\"valueRequired\":true,\"valueName\":\"search_term_string\"}}],\"inLanguage\":\"fr-FR\"},{\"@type\":\"Organization\",\"@id\":\"https:\\\/\\\/voshaaroutdoor.com\\\/#organization\",\"name\":\"Voshaar Outdoor & Education\",\"url\":\"https:\\\/\\\/voshaaroutdoor.com\\\/\",\"logo\":{\"@type\":\"ImageObject\",\"inLanguage\":\"fr-FR\",\"@id\":\"https:\\\/\\\/voshaaroutdoor.com\\\/#\\\/schema\\\/logo\\\/image\\\/\",\"url\":\"https:\\\/\\\/voshaaroutdoor.com\\\/wp-content\\\/uploads\\\/2021\\\/11\\\/cropped-nieuwe-logo-rood.png\",\"contentUrl\":\"https:\\\/\\\/voshaaroutdoor.com\\\/wp-content\\\/uploads\\\/2021\\\/11\\\/cropped-nieuwe-logo-rood.png\",\"width\":512,\"height\":512,\"caption\":\"Voshaar Outdoor & Education\"},\"image\":{\"@id\":\"https:\\\/\\\/voshaaroutdoor.com\\\/#\\\/schema\\\/logo\\\/image\\\/\"},\"sameAs\":[\"https:\\\/\\\/www.facebook.com\\\/VoshaarOutdoorandEducation\",\"https:\\\/\\\/www.instagram.com\\\/voshaaroutdoorandeducation\\\/\"]}]}<\/script>\n<!-- \/ Yoast SEO plugin. -->","yoast_head_json":{"title":"Trektochten en expedities - VoshaarOutdoor.com","robots":{"index":"index","follow":"follow","max-snippet":"max-snippet:-1","max-image-preview":"max-image-preview:large","max-video-preview":"max-video-preview:-1"},"canonical":"https:\/\/voshaaroutdoor.com\/fr\/trektochten-en-expedities\/","og_locale":"fr_FR","og_type":"article","og_title":"Trektochten en expedities - VoshaarOutdoor.com","og_description":"De Voshaar organiseert trektochten en expedities in verschillende landen, in alle seizoenen.\u00a0Al deze bestemmingen hebben een populatie wolven, beren en\/of de lynxen. Wildernis zonder grote predatoren is geen wildernis is ons principe. Canada. Rocky Mountains Frankrijk. Jura","og_url":"https:\/\/voshaaroutdoor.com\/fr\/trektochten-en-expedities\/","og_site_name":"VoshaarOutdoor.com","article_publisher":"https:\/\/www.facebook.com\/VoshaarOutdoorandEducation","article_modified_time":"2021-11-24T13:34:35+00:00","og_image":[{"url":"https:\/\/voshaaroutdoor.com\/wp-content\/uploads\/2013\/06\/11.jpg","type":"","width":"","height":""}],"twitter_card":"summary_large_image","schema":{"@context":"https:\/\/schema.org","@graph":[{"@type":"WebPage","@id":"https:\/\/voshaaroutdoor.com\/trektochten-en-expedities\/","url":"https:\/\/voshaaroutdoor.com\/trektochten-en-expedities\/","name":"Trektochten en expedities - VoshaarOutdoor.com","isPartOf":{"@id":"https:\/\/voshaaroutdoor.com\/#website"},"primaryImageOfPage":{"@id":"https:\/\/voshaaroutdoor.com\/trektochten-en-expedities\/#primaryimage"},"image":{"@id":"https:\/\/voshaaroutdoor.com\/trektochten-en-expedities\/#primaryimage"},"thumbnailUrl":"https:\/\/voshaaroutdoor.com\/wp-content\/uploads\/2013\/06\/11.jpg","datePublished":"2016-02-10T14:34:17+00:00","dateModified":"2021-11-24T13:34:35+00:00","breadcrumb":{"@id":"https:\/\/voshaaroutdoor.com\/trektochten-en-expedities\/#breadcrumb"},"inLanguage":"fr-FR","potentialAction":[{"@type":"ReadAction","target":["https:\/\/voshaaroutdoor.com\/trektochten-en-expedities\/"]}]},{"@type":"ImageObject","inLanguage":"fr-FR","@id":"https:\/\/voshaaroutdoor.com\/trektochten-en-expedities\/#primaryimage","url":"https:\/\/voshaaroutdoor.com\/wp-content\/uploads\/2013\/06\/11.jpg","contentUrl":"https:\/\/voshaaroutdoor.com\/wp-content\/uploads\/2013\/06\/11.jpg"},{"@type":"BreadcrumbList","@id":"https:\/\/voshaaroutdoor.com\/trektochten-en-expedities\/#breadcrumb","itemListElement":[{"@type":"ListItem","position":1,"name":"Home","item":"https:\/\/voshaaroutdoor.com\/"},{"@type":"ListItem","position":2,"name":"Trektochten en expedities"}]},{"@type":"WebSite","@id":"https:\/\/voshaaroutdoor.com\/#website","url":"https:\/\/voshaaroutdoor.com\/","name":"VoshaarOutdoor.com","description":"Voshaar Outdoor &amp; Education - Formations, cours et \u00e9ducation","publisher":{"@id":"https:\/\/voshaaroutdoor.com\/#organization"},"potentialAction":[{"@type":"SearchAction","target":{"@type":"EntryPoint","urlTemplate":"https:\/\/voshaaroutdoor.com\/?s={search_term_string}"},"query-input":{"@type":"PropertyValueSpecification","valueRequired":true,"valueName":"search_term_string"}}],"inLanguage":"fr-FR"},{"@type":"Organization","@id":"https:\/\/voshaaroutdoor.com\/#organization","name":"Voshaar Plein air et \u00e9ducation","url":"https:\/\/voshaaroutdoor.com\/","logo":{"@type":"ImageObject","inLanguage":"fr-FR","@id":"https:\/\/voshaaroutdoor.com\/#\/schema\/logo\/image\/","url":"https:\/\/voshaaroutdoor.com\/wp-content\/uploads\/2021\/11\/cropped-nieuwe-logo-rood.png","contentUrl":"https:\/\/voshaaroutdoor.com\/wp-content\/uploads\/2021\/11\/cropped-nieuwe-logo-rood.png","width":512,"height":512,"caption":"Voshaar Outdoor & Education"},"image":{"@id":"https:\/\/voshaaroutdoor.com\/#\/schema\/logo\/image\/"},"sameAs":["https:\/\/www.facebook.com\/VoshaarOutdoorandEducation","https:\/\/www.instagram.com\/voshaaroutdoorandeducation\/"]}]}},"_links":{"self":[{"href":"https:\/\/voshaaroutdoor.com\/fr\/wp-json\/wp\/v2\/pages\/3641","targetHints":{"allow":["GET"]}}],"collection":[{"href":"https:\/\/voshaaroutdoor.com\/fr\/wp-json\/wp\/v2\/pages"}],"about":[{"href":"https:\/\/voshaaroutdoor.com\/fr\/wp-json\/wp\/v2\/types\/page"}],"author":[{"embeddable":true,"href":"https:\/\/voshaaroutdoor.com\/fr\/wp-json\/wp\/v2\/users\/2"}],"replies":[{"embeddable":true,"href":"https:\/\/voshaaroutdoor.com\/fr\/wp-json\/wp\/v2\/comments?post=3641"}],"version-history":[{"count":2,"href":"https:\/\/voshaaroutdoor.com\/fr\/wp-json\/wp\/v2\/pages\/3641\/revisions"}],"predecessor-version":[{"id":3973,"href":"https:\/\/voshaaroutdoor.com\/fr\/wp-json\/wp\/v2\/pages\/3641\/revisions\/3973"}],"wp:attachment":[{"href":"https:\/\/voshaaroutdoor.com\/fr\/wp-json\/wp\/v2\/media?parent=3641"}],"curies":[{"name":"wp","href":"https:\/\/api.w.org\/{rel}","templated":true}]}}