{"id":899,"date":"2016-03-01T09:51:20","date_gmt":"2016-03-01T09:51:20","guid":{"rendered":"http:\/\/voshaaroutdoor.com\/?page_id=899"},"modified":"2021-12-15T22:15:53","modified_gmt":"2021-12-15T22:15:53","slug":"activiteiten-boeken","status":"publish","type":"page","link":"https:\/\/voshaaroutdoor.com\/es\/activiteiten-boeken\/","title":{"rendered":"Reservar actividades"},"content":{"rendered":"<p>Las actividades de reserva se pueden hacer a trav\u00e9s del siguiente enlace.<\/p>\n\n\n\n<p>Tan pronto como se haya realizado el pago (antes de la fecha mencionada), la reserva es oficial. Una vez que hayamos recibido el formulario de reserva, le enviaremos una factura.<\/p>\n\n\n\n<p>Es recomendable consultar primero a trav\u00e9s de la direcci\u00f3n de correo electr\u00f3nico anterior si todav\u00eda hay espacio en la fecha.<\/p>\n\n\n\n<p><a href=\"mailto:info@voshaaroutdoor.com\">info@voshaaroutdoor.com<\/a><\/p>\n\n\n\n<p>Declaraci\u00f3n de validez<\/p>\n\n\n\n<p>Antes del inicio de la actividad, la declaraci\u00f3n de validez debe completarse en su totalidad. Este formulario se puede entregar el d\u00eda de la actividad.<\/p>\n\n\n\n<p>Descargar:\u00a0<a title=\"declaraci\u00f3n-de-validez-de-voshaar-1-0\" href=\"https:\/\/voshaaroutdoor.com\/wp-content\/uploads\/2016\/03\/validiteitverklaring-de-voshaar-1-0.pdf\">declaraci\u00f3n de validez-de-voshaar<\/a><\/p>\n\n\n\n<p><\/p>\n\n\n\n<div class=\"wp-block-buttons is-layout-flex wp-block-buttons-is-layout-flex\">\n<div class=\"wp-block-button\"><a class=\"wp-block-button__link\" href=\"https:\/\/www.formfinch.com\/server\/1953545577\">libros<\/a><\/div>\n<\/div>\n\n\n\n<p><\/p>","protected":false},"excerpt":{"rendered":"<p>Las actividades se pueden reservar a trav\u00e9s del siguiente enlace. Tan pronto como se haya realizado el pago (antes de la fecha mencionada), la reserva es oficial. Una vez que hayamos recibido el formulario de reserva, le enviaremos una factura. Es aconsejable consultar primero a trav\u00e9s de la direcci\u00f3n de correo electr\u00f3nico anterior si todav\u00eda hay plazas disponibles en la fecha. info@voshaaroutdoor.com Declaraci\u00f3n de validez La declaraci\u00f3n de validez deber\u00e1 cumplimentarse en su totalidad antes del inicio de la actividad. Este formulario se podr\u00e1 presentar el d\u00eda de la actividad. Descargar: declaraci\u00f3n de validez-de-pelo de zorro<\/p>","protected":false},"author":2,"featured_media":0,"parent":0,"menu_order":0,"comment_status":"closed","ping_status":"closed","template":"","meta":{"footnotes":""},"class_list":["post-899","page","type-page","status-publish","hentry"],"yoast_head":"<!-- This site is optimized with the Yoast SEO plugin v27.5 - https:\/\/yoast.com\/product\/yoast-seo-wordpress\/ -->\n<title>Activiteiten boeken - VoshaarOutdoor.com<\/title>\n<meta name=\"robots\" content=\"index, follow, max-snippet:-1, max-image-preview:large, max-video-preview:-1\" \/>\n<link rel=\"canonical\" href=\"https:\/\/voshaaroutdoor.com\/es\/activiteiten-boeken\/\" \/>\n<meta property=\"og:locale\" content=\"es_ES\" \/>\n<meta property=\"og:type\" content=\"article\" \/>\n<meta property=\"og:title\" content=\"Activiteiten boeken - VoshaarOutdoor.com\" \/>\n<meta property=\"og:description\" content=\"Het boeken van activiteiten gaat via de onderstaande link.. Zodra de (aan) betaling (voor de genoemde datum) is gedaan is de boeking officieel. Nadat wij het boekingsformulier ontvangen hebben zenden wij een factuur toe. Het\u00a0is\u00a0aan te raden\u00a0om via het bovenstaande e-mail adres eerst te informeren of er op de datum nog ruimte is. info@voshaaroutdoor.com Validiteitverklaring Voor de start van de activiteit moet de validiteitsverklaring volledig zijn ingevuld. Dit formulier kan&nbsp;op de dag van&nbsp;de activiteit worden ingeleverd. Download:\u00a0validiteitverklaring-de-voshaar\" \/>\n<meta property=\"og:url\" content=\"https:\/\/voshaaroutdoor.com\/es\/activiteiten-boeken\/\" \/>\n<meta property=\"og:site_name\" content=\"VoshaarOutdoor.com\" \/>\n<meta property=\"article:publisher\" content=\"https:\/\/www.facebook.com\/VoshaarOutdoorandEducation\" \/>\n<meta property=\"article:modified_time\" content=\"2021-12-15T22:15:53+00:00\" \/>\n<meta name=\"twitter:card\" content=\"summary_large_image\" \/>\n<script type=\"application\/ld+json\" class=\"yoast-schema-graph\">{\"@context\":\"https:\\\/\\\/schema.org\",\"@graph\":[{\"@type\":\"WebPage\",\"@id\":\"https:\\\/\\\/voshaaroutdoor.com\\\/activiteiten-boeken\\\/\",\"url\":\"https:\\\/\\\/voshaaroutdoor.com\\\/activiteiten-boeken\\\/\",\"name\":\"Activiteiten boeken - VoshaarOutdoor.com\",\"isPartOf\":{\"@id\":\"https:\\\/\\\/voshaaroutdoor.com\\\/#website\"},\"datePublished\":\"2016-03-01T09:51:20+00:00\",\"dateModified\":\"2021-12-15T22:15:53+00:00\",\"breadcrumb\":{\"@id\":\"https:\\\/\\\/voshaaroutdoor.com\\\/activiteiten-boeken\\\/#breadcrumb\"},\"inLanguage\":\"es\",\"potentialAction\":[{\"@type\":\"ReadAction\",\"target\":[\"https:\\\/\\\/voshaaroutdoor.com\\\/activiteiten-boeken\\\/\"]}]},{\"@type\":\"BreadcrumbList\",\"@id\":\"https:\\\/\\\/voshaaroutdoor.com\\\/activiteiten-boeken\\\/#breadcrumb\",\"itemListElement\":[{\"@type\":\"ListItem\",\"position\":1,\"name\":\"Home\",\"item\":\"https:\\\/\\\/voshaaroutdoor.com\\\/\"},{\"@type\":\"ListItem\",\"position\":2,\"name\":\"Activiteiten boeken\"}]},{\"@type\":\"WebSite\",\"@id\":\"https:\\\/\\\/voshaaroutdoor.com\\\/#website\",\"url\":\"https:\\\/\\\/voshaaroutdoor.com\\\/\",\"name\":\"VoshaarOutdoor.com\",\"description\":\"Voshaar Outdoor &amp; Education - Trainingen, cursussen en opleidingen\",\"publisher\":{\"@id\":\"https:\\\/\\\/voshaaroutdoor.com\\\/#organization\"},\"potentialAction\":[{\"@type\":\"SearchAction\",\"target\":{\"@type\":\"EntryPoint\",\"urlTemplate\":\"https:\\\/\\\/voshaaroutdoor.com\\\/?s={search_term_string}\"},\"query-input\":{\"@type\":\"PropertyValueSpecification\",\"valueRequired\":true,\"valueName\":\"search_term_string\"}}],\"inLanguage\":\"es\"},{\"@type\":\"Organization\",\"@id\":\"https:\\\/\\\/voshaaroutdoor.com\\\/#organization\",\"name\":\"Voshaar Outdoor & Education\",\"url\":\"https:\\\/\\\/voshaaroutdoor.com\\\/\",\"logo\":{\"@type\":\"ImageObject\",\"inLanguage\":\"es\",\"@id\":\"https:\\\/\\\/voshaaroutdoor.com\\\/#\\\/schema\\\/logo\\\/image\\\/\",\"url\":\"https:\\\/\\\/voshaaroutdoor.com\\\/wp-content\\\/uploads\\\/2021\\\/11\\\/cropped-nieuwe-logo-rood.png\",\"contentUrl\":\"https:\\\/\\\/voshaaroutdoor.com\\\/wp-content\\\/uploads\\\/2021\\\/11\\\/cropped-nieuwe-logo-rood.png\",\"width\":512,\"height\":512,\"caption\":\"Voshaar Outdoor & Education\"},\"image\":{\"@id\":\"https:\\\/\\\/voshaaroutdoor.com\\\/#\\\/schema\\\/logo\\\/image\\\/\"},\"sameAs\":[\"https:\\\/\\\/www.facebook.com\\\/VoshaarOutdoorandEducation\",\"https:\\\/\\\/www.instagram.com\\\/voshaaroutdoorandeducation\\\/\"]}]}<\/script>\n<!-- \/ Yoast SEO plugin. -->","yoast_head_json":{"title":"Reserva actividades - VoshaarOutdoor.com","robots":{"index":"index","follow":"follow","max-snippet":"max-snippet:-1","max-image-preview":"max-image-preview:large","max-video-preview":"max-video-preview:-1"},"canonical":"https:\/\/voshaaroutdoor.com\/es\/activiteiten-boeken\/","og_locale":"es_ES","og_type":"article","og_title":"Activiteiten boeken - VoshaarOutdoor.com","og_description":"Het boeken van activiteiten gaat via de onderstaande link.. Zodra de (aan) betaling (voor de genoemde datum) is gedaan is de boeking officieel. Nadat wij het boekingsformulier ontvangen hebben zenden wij een factuur toe. Het\u00a0is\u00a0aan te raden\u00a0om via het bovenstaande e-mail adres eerst te informeren of er op de datum nog ruimte is. info@voshaaroutdoor.com Validiteitverklaring Voor de start van de activiteit moet de validiteitsverklaring volledig zijn ingevuld. Dit formulier kan&nbsp;op de dag van&nbsp;de activiteit worden ingeleverd. Download:\u00a0validiteitverklaring-de-voshaar","og_url":"https:\/\/voshaaroutdoor.com\/es\/activiteiten-boeken\/","og_site_name":"VoshaarOutdoor.com","article_publisher":"https:\/\/www.facebook.com\/VoshaarOutdoorandEducation","article_modified_time":"2021-12-15T22:15:53+00:00","twitter_card":"summary_large_image","schema":{"@context":"https:\/\/schema.org","@graph":[{"@type":"WebPage","@id":"https:\/\/voshaaroutdoor.com\/activiteiten-boeken\/","url":"https:\/\/voshaaroutdoor.com\/activiteiten-boeken\/","name":"Reserva actividades - VoshaarOutdoor.com","isPartOf":{"@id":"https:\/\/voshaaroutdoor.com\/#website"},"datePublished":"2016-03-01T09:51:20+00:00","dateModified":"2021-12-15T22:15:53+00:00","breadcrumb":{"@id":"https:\/\/voshaaroutdoor.com\/activiteiten-boeken\/#breadcrumb"},"inLanguage":"es","potentialAction":[{"@type":"ReadAction","target":["https:\/\/voshaaroutdoor.com\/activiteiten-boeken\/"]}]},{"@type":"BreadcrumbList","@id":"https:\/\/voshaaroutdoor.com\/activiteiten-boeken\/#breadcrumb","itemListElement":[{"@type":"ListItem","position":1,"name":"Home","item":"https:\/\/voshaaroutdoor.com\/"},{"@type":"ListItem","position":2,"name":"Activiteiten boeken"}]},{"@type":"WebSite","@id":"https:\/\/voshaaroutdoor.com\/#website","url":"https:\/\/voshaaroutdoor.com\/","name":"VoshaarOutdoor.com","description":"Voshaar Outdoor &amp; Education - Capacitaciones, cursos y educaci\u00f3n","publisher":{"@id":"https:\/\/voshaaroutdoor.com\/#organization"},"potentialAction":[{"@type":"SearchAction","target":{"@type":"EntryPoint","urlTemplate":"https:\/\/voshaaroutdoor.com\/?s={search_term_string}"},"query-input":{"@type":"PropertyValueSpecification","valueRequired":true,"valueName":"search_term_string"}}],"inLanguage":"es"},{"@type":"Organization","@id":"https:\/\/voshaaroutdoor.com\/#organization","name":"Voshaar Actividades al aire libre y educaci\u00f3n","url":"https:\/\/voshaaroutdoor.com\/","logo":{"@type":"ImageObject","inLanguage":"es","@id":"https:\/\/voshaaroutdoor.com\/#\/schema\/logo\/image\/","url":"https:\/\/voshaaroutdoor.com\/wp-content\/uploads\/2021\/11\/cropped-nieuwe-logo-rood.png","contentUrl":"https:\/\/voshaaroutdoor.com\/wp-content\/uploads\/2021\/11\/cropped-nieuwe-logo-rood.png","width":512,"height":512,"caption":"Voshaar Outdoor & Education"},"image":{"@id":"https:\/\/voshaaroutdoor.com\/#\/schema\/logo\/image\/"},"sameAs":["https:\/\/www.facebook.com\/VoshaarOutdoorandEducation","https:\/\/www.instagram.com\/voshaaroutdoorandeducation\/"]}]}},"_links":{"self":[{"href":"https:\/\/voshaaroutdoor.com\/es\/wp-json\/wp\/v2\/pages\/899","targetHints":{"allow":["GET"]}}],"collection":[{"href":"https:\/\/voshaaroutdoor.com\/es\/wp-json\/wp\/v2\/pages"}],"about":[{"href":"https:\/\/voshaaroutdoor.com\/es\/wp-json\/wp\/v2\/types\/page"}],"author":[{"embeddable":true,"href":"https:\/\/voshaaroutdoor.com\/es\/wp-json\/wp\/v2\/users\/2"}],"replies":[{"embeddable":true,"href":"https:\/\/voshaaroutdoor.com\/es\/wp-json\/wp\/v2\/comments?post=899"}],"version-history":[{"count":1,"href":"https:\/\/voshaaroutdoor.com\/es\/wp-json\/wp\/v2\/pages\/899\/revisions"}],"predecessor-version":[{"id":4537,"href":"https:\/\/voshaaroutdoor.com\/es\/wp-json\/wp\/v2\/pages\/899\/revisions\/4537"}],"wp:attachment":[{"href":"https:\/\/voshaaroutdoor.com\/es\/wp-json\/wp\/v2\/media?parent=899"}],"curies":[{"name":"gracias","href":"https:\/\/api.w.org\/{rel}","templated":true}]}}