{"id":8310,"date":"2026-03-28T13:30:18","date_gmt":"2026-03-28T13:30:18","guid":{"rendered":"https:\/\/voshaaroutdoor.com\/?page_id=8310"},"modified":"2026-03-28T13:32:37","modified_gmt":"2026-03-28T13:32:37","slug":"trip-planning-risico-group-management-hiking-guide","status":"publish","type":"page","link":"https:\/\/voshaaroutdoor.com\/es\/trip-planning-risico-group-management-hiking-guide\/","title":{"rendered":"Planificaci\u00f3n de viajes \/ Gesti\u00f3n de riesgos y grupos (Gu\u00eda de senderismo)"},"content":{"rendered":"<div class=\"wpb-content-wrapper\"><div class=\"vc_row wpb_row vc_row-fluid\" ><div class=\"wpb_column vc_column_container vc_col-sm-12\"><div class=\"vc_column-inner\"><div class=\"wpb_wrapper\">\n\t<div class=\"wpb_text_column wpb_content_element\" >\n\t\t<div class=\"wpb_wrapper\">\n\t\t\t<p style=\"text-align: center;\">Como gu\u00edas de senderismo, somos responsables de la seguridad y el bienestar de nuestros clientes.<\/p>\n<p style=\"text-align: center;\">Este curso abarca responsabilidad legal, atenci\u00f3n al cliente y bienestar, gesti\u00f3n de grupos, gesti\u00f3n de riesgos, planificaci\u00f3n de viajes, preparaci\u00f3n e interpretaci\u00f3n. El objetivo es brindar a sus clientes una experiencia segura, satisfactoria y enriquecedora.<\/p>\n\n\t\t<\/div>\n\t<\/div>\n<div class=\"vc_empty_space\"   style=\"height: 32px\"><span class=\"vc_empty_space_inner\"><\/span><\/div><\/div><\/div><\/div><\/div><div class=\"vc_row wpb_row vc_row-fluid\" ><div class=\"wpb_column vc_column_container vc_col-sm-12\"><div class=\"vc_column-inner\"><div class=\"wpb_wrapper\">\n\t<div  class=\"wpb_single_image wpb_content_element vc_align_center wpb_content_element\">\n\t\t\n\t\t<figure class=\"wpb_wrapper vc_figure\">\n\t\t\t<div class=\"vc_single_image-wrapper   vc_box_border_grey\"><img loading=\"lazy\" decoding=\"async\" width=\"1024\" height=\"576\" src=\"https:\/\/voshaaroutdoor.com\/wp-content\/uploads\/2026\/03\/fr-5-1024x576.jpg\" class=\"vc_single_image-img attachment-large\" alt=\"\" title=\"fr 5\" srcset=\"https:\/\/voshaaroutdoor.com\/wp-content\/uploads\/2026\/03\/fr-5-1024x576.jpg 1024w, https:\/\/voshaaroutdoor.com\/wp-content\/uploads\/2026\/03\/fr-5-300x169.jpg 300w, https:\/\/voshaaroutdoor.com\/wp-content\/uploads\/2026\/03\/fr-5-768x432.jpg 768w, https:\/\/voshaaroutdoor.com\/wp-content\/uploads\/2026\/03\/fr-5-18x10.jpg 18w, https:\/\/voshaaroutdoor.com\/wp-content\/uploads\/2026\/03\/fr-5-87x50.jpg 87w, https:\/\/voshaaroutdoor.com\/wp-content\/uploads\/2026\/03\/fr-5-rotated.jpg 1422w\" sizes=\"auto, (max-width: 1024px) 100vw, 1024px\" \/><\/div>\n\t\t<\/figure>\n\t<\/div>\n<div class=\"vc_empty_space\"   style=\"height: 32px\"><span class=\"vc_empty_space_inner\"><\/span><\/div><\/div><\/div><\/div><\/div><div class=\"vc_row wpb_row vc_row-fluid\" ><div class=\"wpb_column vc_column_container vc_col-sm-12\"><div class=\"vc_column-inner\"><div class=\"wpb_wrapper\">\n\t<div class=\"wpb_text_column wpb_content_element\" >\n\t\t<div class=\"wpb_wrapper\">\n\t\t\t<p style=\"text-align: center;\">La planificaci\u00f3n de viajes, la gesti\u00f3n de riesgos y la gesti\u00f3n de grupos se incluyen de forma est\u00e1ndar en varios de nuestros cursos de formaci\u00f3n. Ahora tambi\u00e9n ofreceremos este tema como un m\u00f3dulo independiente.<br \/>\nSe tratan los siguientes temas.<br \/>\n\u2013 Gesti\u00f3n de riesgos<br \/>\n\u2013 Planificaci\u00f3n del viaje<br \/>\n\u2013 Gesti\u00f3n del grupo<br \/>\n\u2013 Interpretaci\u00f3n<br \/>\nPronto m\u00e1s informaci\u00f3n.<\/p>\n\n\t\t<\/div>\n\t<\/div>\n<div class=\"vc_empty_space\"   style=\"height: 32px\"><span class=\"vc_empty_space_inner\"><\/span><\/div><\/div><\/div><\/div><\/div>\n<\/div>","protected":false},"excerpt":{"rendered":"Als Hiking Guide zijn we verantwoordelijk voor de veiligheid en het welzijn van onze klanten. Deze cursus behandeld wettelijke aansprakelijkheid, klant zorg en welzijn, group management, risico management, tocht planning, voorbereiding en interpretation. Met als doel je klanten een veilige, goede en leuke \/ leerzame ervaring te bezorgen. Trip Planning, Risico- en Group Management zit standaard in een aantal van onze opleidingen. We gaan dit nu ook als een losse module aanbieden. De volgende onderwerpen worden\u00a0 behandeld. \u2013 Risico management \u2013 Trip planning \u2013 Group management \u2013 Interpretation Binnenkort meer informatie.","protected":false},"author":4,"featured_media":0,"parent":0,"menu_order":0,"comment_status":"closed","ping_status":"closed","template":"","meta":{"footnotes":""},"class_list":["post-8310","page","type-page","status-publish","hentry"],"yoast_head":"<!-- This site is optimized with the Yoast SEO plugin v27.6 - https:\/\/yoast.com\/product\/yoast-seo-wordpress\/ -->\n<title>Trip Planning \/ Risico- &amp; Group Management (Hiking Guide) - VoshaarOutdoor.com<\/title>\n<meta name=\"robots\" content=\"index, follow, max-snippet:-1, max-image-preview:large, max-video-preview:-1\" \/>\n<link rel=\"canonical\" href=\"https:\/\/voshaaroutdoor.com\/es\/trip-planning-risico-group-management-hiking-guide\/\" \/>\n<meta property=\"og:locale\" content=\"es_ES\" \/>\n<meta property=\"og:type\" content=\"article\" \/>\n<meta property=\"og:title\" content=\"Trip Planning \/ Risico- &amp; Group Management (Hiking Guide) - VoshaarOutdoor.com\" \/>\n<meta property=\"og:url\" content=\"https:\/\/voshaaroutdoor.com\/es\/trip-planning-risico-group-management-hiking-guide\/\" \/>\n<meta property=\"og:site_name\" content=\"VoshaarOutdoor.com\" \/>\n<meta property=\"article:publisher\" content=\"https:\/\/www.facebook.com\/VoshaarOutdoorandEducation\" \/>\n<meta property=\"article:modified_time\" content=\"2026-03-28T13:32:37+00:00\" \/>\n<meta name=\"twitter:card\" content=\"summary_large_image\" \/>\n<meta name=\"twitter:label1\" content=\"Tiempo de lectura\" \/>\n\t<meta name=\"twitter:data1\" content=\"1 minuto\" \/>\n<script type=\"application\/ld+json\" class=\"yoast-schema-graph\">{\"@context\":\"https:\\\/\\\/schema.org\",\"@graph\":[{\"@type\":\"WebPage\",\"@id\":\"https:\\\/\\\/voshaaroutdoor.com\\\/trip-planning-risico-group-management-hiking-guide\\\/\",\"url\":\"https:\\\/\\\/voshaaroutdoor.com\\\/trip-planning-risico-group-management-hiking-guide\\\/\",\"name\":\"Trip Planning \\\/ Risico- & Group Management (Hiking Guide) - VoshaarOutdoor.com\",\"isPartOf\":{\"@id\":\"https:\\\/\\\/voshaaroutdoor.com\\\/#website\"},\"datePublished\":\"2026-03-28T13:30:18+00:00\",\"dateModified\":\"2026-03-28T13:32:37+00:00\",\"breadcrumb\":{\"@id\":\"https:\\\/\\\/voshaaroutdoor.com\\\/trip-planning-risico-group-management-hiking-guide\\\/#breadcrumb\"},\"inLanguage\":\"es\",\"potentialAction\":[{\"@type\":\"ReadAction\",\"target\":[\"https:\\\/\\\/voshaaroutdoor.com\\\/trip-planning-risico-group-management-hiking-guide\\\/\"]}]},{\"@type\":\"BreadcrumbList\",\"@id\":\"https:\\\/\\\/voshaaroutdoor.com\\\/trip-planning-risico-group-management-hiking-guide\\\/#breadcrumb\",\"itemListElement\":[{\"@type\":\"ListItem\",\"position\":1,\"name\":\"Home\",\"item\":\"https:\\\/\\\/voshaaroutdoor.com\\\/\"},{\"@type\":\"ListItem\",\"position\":2,\"name\":\"Trip Planning \\\/ Risico- &#038; Group Management (Hiking Guide)\"}]},{\"@type\":\"WebSite\",\"@id\":\"https:\\\/\\\/voshaaroutdoor.com\\\/#website\",\"url\":\"https:\\\/\\\/voshaaroutdoor.com\\\/\",\"name\":\"VoshaarOutdoor.com\",\"description\":\"Voshaar Outdoor &amp; Education - Trainingen, cursussen en opleidingen\",\"publisher\":{\"@id\":\"https:\\\/\\\/voshaaroutdoor.com\\\/#organization\"},\"potentialAction\":[{\"@type\":\"SearchAction\",\"target\":{\"@type\":\"EntryPoint\",\"urlTemplate\":\"https:\\\/\\\/voshaaroutdoor.com\\\/?s={search_term_string}\"},\"query-input\":{\"@type\":\"PropertyValueSpecification\",\"valueRequired\":true,\"valueName\":\"search_term_string\"}}],\"inLanguage\":\"es\"},{\"@type\":\"Organization\",\"@id\":\"https:\\\/\\\/voshaaroutdoor.com\\\/#organization\",\"name\":\"Voshaar Outdoor & Education\",\"url\":\"https:\\\/\\\/voshaaroutdoor.com\\\/\",\"logo\":{\"@type\":\"ImageObject\",\"inLanguage\":\"es\",\"@id\":\"https:\\\/\\\/voshaaroutdoor.com\\\/#\\\/schema\\\/logo\\\/image\\\/\",\"url\":\"https:\\\/\\\/voshaaroutdoor.com\\\/wp-content\\\/uploads\\\/2021\\\/11\\\/cropped-nieuwe-logo-rood.png\",\"contentUrl\":\"https:\\\/\\\/voshaaroutdoor.com\\\/wp-content\\\/uploads\\\/2021\\\/11\\\/cropped-nieuwe-logo-rood.png\",\"width\":512,\"height\":512,\"caption\":\"Voshaar Outdoor & Education\"},\"image\":{\"@id\":\"https:\\\/\\\/voshaaroutdoor.com\\\/#\\\/schema\\\/logo\\\/image\\\/\"},\"sameAs\":[\"https:\\\/\\\/www.facebook.com\\\/VoshaarOutdoorandEducation\",\"https:\\\/\\\/www.instagram.com\\\/voshaaroutdoorandeducation\\\/\"]}]}<\/script>\n<!-- \/ Yoast SEO plugin. -->","yoast_head_json":{"title":"Trip Planning \/ Risico- & Group Management (Hiking Guide) - VoshaarOutdoor.com","robots":{"index":"index","follow":"follow","max-snippet":"max-snippet:-1","max-image-preview":"max-image-preview:large","max-video-preview":"max-video-preview:-1"},"canonical":"https:\/\/voshaaroutdoor.com\/es\/trip-planning-risico-group-management-hiking-guide\/","og_locale":"es_ES","og_type":"article","og_title":"Trip Planning \/ Risico- & Group Management (Hiking Guide) - VoshaarOutdoor.com","og_url":"https:\/\/voshaaroutdoor.com\/es\/trip-planning-risico-group-management-hiking-guide\/","og_site_name":"VoshaarOutdoor.com","article_publisher":"https:\/\/www.facebook.com\/VoshaarOutdoorandEducation","article_modified_time":"2026-03-28T13:32:37+00:00","twitter_card":"summary_large_image","twitter_misc":{"Tiempo de lectura":"1 minuto"},"schema":{"@context":"https:\/\/schema.org","@graph":[{"@type":"WebPage","@id":"https:\/\/voshaaroutdoor.com\/trip-planning-risico-group-management-hiking-guide\/","url":"https:\/\/voshaaroutdoor.com\/trip-planning-risico-group-management-hiking-guide\/","name":"Trip Planning \/ Risico- & Group Management (Hiking Guide) - VoshaarOutdoor.com","isPartOf":{"@id":"https:\/\/voshaaroutdoor.com\/#website"},"datePublished":"2026-03-28T13:30:18+00:00","dateModified":"2026-03-28T13:32:37+00:00","breadcrumb":{"@id":"https:\/\/voshaaroutdoor.com\/trip-planning-risico-group-management-hiking-guide\/#breadcrumb"},"inLanguage":"es","potentialAction":[{"@type":"ReadAction","target":["https:\/\/voshaaroutdoor.com\/trip-planning-risico-group-management-hiking-guide\/"]}]},{"@type":"BreadcrumbList","@id":"https:\/\/voshaaroutdoor.com\/trip-planning-risico-group-management-hiking-guide\/#breadcrumb","itemListElement":[{"@type":"ListItem","position":1,"name":"Home","item":"https:\/\/voshaaroutdoor.com\/"},{"@type":"ListItem","position":2,"name":"Trip Planning \/ Risico- &#038; Group Management (Hiking Guide)"}]},{"@type":"WebSite","@id":"https:\/\/voshaaroutdoor.com\/#website","url":"https:\/\/voshaaroutdoor.com\/","name":"VoshaarOutdoor.com","description":"Voshaar Outdoor &amp; Education - Capacitaciones, cursos y educaci\u00f3n","publisher":{"@id":"https:\/\/voshaaroutdoor.com\/#organization"},"potentialAction":[{"@type":"SearchAction","target":{"@type":"EntryPoint","urlTemplate":"https:\/\/voshaaroutdoor.com\/?s={search_term_string}"},"query-input":{"@type":"PropertyValueSpecification","valueRequired":true,"valueName":"search_term_string"}}],"inLanguage":"es"},{"@type":"Organization","@id":"https:\/\/voshaaroutdoor.com\/#organization","name":"Voshaar Actividades al aire libre y educaci\u00f3n","url":"https:\/\/voshaaroutdoor.com\/","logo":{"@type":"ImageObject","inLanguage":"es","@id":"https:\/\/voshaaroutdoor.com\/#\/schema\/logo\/image\/","url":"https:\/\/voshaaroutdoor.com\/wp-content\/uploads\/2021\/11\/cropped-nieuwe-logo-rood.png","contentUrl":"https:\/\/voshaaroutdoor.com\/wp-content\/uploads\/2021\/11\/cropped-nieuwe-logo-rood.png","width":512,"height":512,"caption":"Voshaar Outdoor & Education"},"image":{"@id":"https:\/\/voshaaroutdoor.com\/#\/schema\/logo\/image\/"},"sameAs":["https:\/\/www.facebook.com\/VoshaarOutdoorandEducation","https:\/\/www.instagram.com\/voshaaroutdoorandeducation\/"]}]}},"_links":{"self":[{"href":"https:\/\/voshaaroutdoor.com\/es\/wp-json\/wp\/v2\/pages\/8310","targetHints":{"allow":["GET"]}}],"collection":[{"href":"https:\/\/voshaaroutdoor.com\/es\/wp-json\/wp\/v2\/pages"}],"about":[{"href":"https:\/\/voshaaroutdoor.com\/es\/wp-json\/wp\/v2\/types\/page"}],"author":[{"embeddable":true,"href":"https:\/\/voshaaroutdoor.com\/es\/wp-json\/wp\/v2\/users\/4"}],"replies":[{"embeddable":true,"href":"https:\/\/voshaaroutdoor.com\/es\/wp-json\/wp\/v2\/comments?post=8310"}],"version-history":[{"count":2,"href":"https:\/\/voshaaroutdoor.com\/es\/wp-json\/wp\/v2\/pages\/8310\/revisions"}],"predecessor-version":[{"id":8313,"href":"https:\/\/voshaaroutdoor.com\/es\/wp-json\/wp\/v2\/pages\/8310\/revisions\/8313"}],"wp:attachment":[{"href":"https:\/\/voshaaroutdoor.com\/es\/wp-json\/wp\/v2\/media?parent=8310"}],"curies":[{"name":"gracias","href":"https:\/\/api.w.org\/{rel}","templated":true}]}}