{"id":8177,"date":"2026-03-14T19:54:43","date_gmt":"2026-03-14T19:54:43","guid":{"rendered":"https:\/\/voshaaroutdoor.com\/?page_id=8177"},"modified":"2026-04-10T07:36:38","modified_gmt":"2026-04-10T07:36:38","slug":"hiking-backpacking-guide","status":"publish","type":"page","link":"https:\/\/voshaaroutdoor.com\/es\/hiking-backpacking-guide\/","title":{"rendered":"Senderismo y excursionismo"},"content":{"rendered":"<div class=\"wpb-content-wrapper\"><div class=\"vc_row wpb_row vc_row-fluid\" ><div class=\"wpb_column vc_column_container vc_col-sm-12\"><div class=\"vc_column-inner\"><div class=\"wpb_wrapper\">\n\t<div  class=\"wpb_single_image wpb_content_element vc_align_center wpb_content_element\">\n\t\t\n\t\t<figure class=\"wpb_wrapper vc_figure\">\n\t\t\t<div class=\"vc_single_image-wrapper   vc_box_border_grey\"><img loading=\"lazy\" decoding=\"async\" width=\"819\" height=\"1024\" src=\"https:\/\/voshaaroutdoor.com\/wp-content\/uploads\/2026\/04\/HB-1-819x1024.jpeg\" class=\"vc_single_image-img attachment-large\" alt=\"\" title=\"HB 1\" srcset=\"https:\/\/voshaaroutdoor.com\/wp-content\/uploads\/2026\/04\/HB-1-819x1024.jpeg 819w, https:\/\/voshaaroutdoor.com\/wp-content\/uploads\/2026\/04\/HB-1-240x300.jpeg 240w, https:\/\/voshaaroutdoor.com\/wp-content\/uploads\/2026\/04\/HB-1-768x960.jpeg 768w, https:\/\/voshaaroutdoor.com\/wp-content\/uploads\/2026\/04\/HB-1-1229x1536.jpeg 1229w, https:\/\/voshaaroutdoor.com\/wp-content\/uploads\/2026\/04\/HB-1-1638x2048.jpeg 1638w, https:\/\/voshaaroutdoor.com\/wp-content\/uploads\/2026\/04\/HB-1-10x12.jpeg 10w\" sizes=\"auto, (max-width: 819px) 100vw, 819px\" \/><\/div>\n\t\t<\/figure>\n\t<\/div>\n<div class=\"vc_empty_space\"   style=\"height: 32px\"><span class=\"vc_empty_space_inner\"><\/span><\/div><\/div><\/div><\/div><\/div><div class=\"vc_row wpb_row vc_row-fluid\" ><div class=\"wpb_column vc_column_container vc_col-sm-12\"><div class=\"vc_column-inner\"><div class=\"wpb_wrapper\">\n\t<div class=\"wpb_text_column wpb_content_element\" >\n\t\t<div class=\"wpb_wrapper\">\n\t\t\t<p style=\"text-align: center;\">Este curso de especializaci\u00f3n solo se puede cursar tras completar el curso de Instructor de Senderismo y Supervivencia (o en el mismo a\u00f1o) y\/o el curso de Instructor de Deportes al Aire Libre. Tambi\u00e9n se aceptar\u00e1 un programa de formaci\u00f3n equivalente, incluso de otro instituto. Esto tambi\u00e9n se aplica a la experiencia suficiente y al dominio de t\u00e9cnicas b\u00e1sicas como encender fuego, construir refugios y orientarse.<\/p>\n<p style=\"text-align: center;\">Recibir\u00e1s formaci\u00f3n como gu\u00eda de senderismo y excursionismo, y aprender\u00e1s a planificar, organizar y dirigir viajes de varios d\u00edas en zonas silvestres semi-remotas.<\/p>\n<p style=\"text-align: center;\">Reconocido como curso de especializaci\u00f3n por la Asociaci\u00f3n de Gu\u00edas de Naturaleza.<\/p>\n<p style=\"text-align: center;\">Jornadas de formaci\u00f3n en De Voshaar en Eibergen<br \/>\nUn curso de formaci\u00f3n de 5 d\u00edas en invierno (Francia). Centrado principalmente en la orientaci\u00f3n y la supervivencia invernal.<br \/>\nUn curso de formaci\u00f3n de 5 d\u00edas en verano (Alpes).<br \/>\nUn desaf\u00edo de habilidad individual de 24 o 48 horas.<br \/>\nTeor\u00eda: Curso b\u00e1sico sobre monta\u00f1as<\/p>\n<p style=\"text-align: center;\">Este curso se ofrece de forma est\u00e1ndar dentro del programa MBO Wilderness.<\/p>\n<p style=\"text-align: center;\">Al realizar el curso de Senderismo y Excursionismo, tambi\u00e9n es posible obtener la certificaci\u00f3n de L\u00edder en la Naturaleza \u2013 Gu\u00eda de Senderismo Interpretativo.<br \/>\nPara ello, deber\u00e1 inscribirse en el curso IGA de dos d\u00edas.<\/p>\n\n\t\t<\/div>\n\t<\/div>\n<div class=\"vc_empty_space\"   style=\"height: 32px\"><span class=\"vc_empty_space_inner\"><\/span><\/div><div class=\"vc_btn3-container vc_btn3-center vc_do_btn\" ><a class=\"vc_general vc_btn3 vc_btn3-size-md vc_btn3-shape-rounded vc_btn3-style-modern vc_btn3-color-grey\" href=\"https:\/\/www.formfinch.com\/server\/484791989\" title=\"\">Para inscribirse<\/a><\/div><div class=\"vc_empty_space\"   style=\"height: 32px\"><span class=\"vc_empty_space_inner\"><\/span><\/div><\/div><\/div><\/div><\/div><div class=\"vc_row wpb_row vc_row-fluid\" ><div class=\"wpb_column vc_column_container vc_col-sm-12\"><div class=\"vc_column-inner\"><div class=\"wpb_wrapper\">\n\t<div  class=\"wpb_single_image wpb_content_element vc_align_center wpb_content_element\">\n\t\t\n\t\t<figure class=\"wpb_wrapper vc_figure\">\n\t\t\t<div class=\"vc_single_image-wrapper   vc_box_border_grey\"><img loading=\"lazy\" decoding=\"async\" width=\"1024\" height=\"390\" src=\"https:\/\/voshaaroutdoor.com\/wp-content\/uploads\/2026\/03\/20200119_171405-2-1024x390.jpg\" class=\"vc_single_image-img attachment-large\" alt=\"\" title=\"20200119_171405 (2)\" srcset=\"https:\/\/voshaaroutdoor.com\/wp-content\/uploads\/2026\/03\/20200119_171405-2-1024x390.jpg 1024w, https:\/\/voshaaroutdoor.com\/wp-content\/uploads\/2026\/03\/20200119_171405-2-300x114.jpg 300w, https:\/\/voshaaroutdoor.com\/wp-content\/uploads\/2026\/03\/20200119_171405-2-768x293.jpg 768w, https:\/\/voshaaroutdoor.com\/wp-content\/uploads\/2026\/03\/20200119_171405-2-1536x585.jpg 1536w, https:\/\/voshaaroutdoor.com\/wp-content\/uploads\/2026\/03\/20200119_171405-2-18x7.jpg 18w\" sizes=\"auto, (max-width: 1024px) 100vw, 1024px\" \/><\/div>\n\t\t<\/figure>\n\t<\/div>\n<div class=\"vc_empty_space\"   style=\"height: 32px\"><span class=\"vc_empty_space_inner\"><\/span><\/div><\/div><\/div><\/div><\/div><div class=\"vc_row wpb_row vc_row-fluid\" ><div class=\"wpb_column vc_column_container vc_col-sm-12\"><div class=\"vc_column-inner\"><div class=\"wpb_wrapper\">\n\t<div class=\"wpb_text_column wpb_content_element\" >\n\t\t<div class=\"wpb_wrapper\">\n\t\t\t<p style=\"text-align: center;\">Contenido<br \/>\n\u2013 Primeros auxilios m\u00e9dicos<br \/>\nPrimeros auxilios en zonas remotas<\/p>\n<p style=\"text-align: center;\">\u2013 Planificaci\u00f3n, log\u00edstica y organizaci\u00f3n<br \/>\n\u2013 Normativa y permisos<br \/>\n\u2013 B\u00fasqueda de rutas y orientaci\u00f3n<br \/>\n\u2013 Procedimientos de emergencia<br \/>\n\u2013 Acampada en zonas remotas<br \/>\n\u2013 Gesti\u00f3n de grupo<br \/>\n\u2013 Ense\u00f1ar y liderar<br \/>\n-Seguridad ante depredadores<\/p>\n<p style=\"text-align: center;\">Examen \/ evaluaci\u00f3n<br \/>\n\u2013 Maestr\u00eda en Bellas Artes: Pr\u00e1ctica y teor\u00eda<br \/>\n-Pr\u00e1ctica de la WFA<br \/>\n\u2013 Introducci\u00f3n a la monta\u00f1a: despu\u00e9s de cada lecci\u00f3n hay una prueba.<br \/>\n\u2013 Seguridad frente a depredadores: Teor\u00eda<br \/>\n\u2013 Ense\u00f1ar y liderar<br \/>\n\u2013 Planificaci\u00f3n del viaje<\/p>\n<p style=\"text-align: center;\">Material te\u00f3rico incluido<br \/>\nEl manual de la naturaleza salvaje\u00a0<a href=\"https:\/\/tracksofthewhitewolf.com\/\" target=\"_blank\" rel=\"noopener\">Huellas del Lobo Blanco<\/a>\u00a0Tienes que comprarlo t\u00fa mismo<\/p>\n\n\t\t<\/div>\n\t<\/div>\n<div class=\"vc_empty_space\"   style=\"height: 32px\"><span class=\"vc_empty_space_inner\"><\/span><\/div><\/div><\/div><\/div><\/div><div class=\"vc_row wpb_row vc_row-fluid\" ><div class=\"wpb_column vc_column_container vc_col-sm-12\"><div class=\"vc_column-inner\"><div class=\"wpb_wrapper\">\n\t<div  class=\"wpb_single_image wpb_content_element vc_align_center wpb_content_element\">\n\t\t\n\t\t<figure class=\"wpb_wrapper vc_figure\">\n\t\t\t<div class=\"vc_single_image-wrapper   vc_box_border_grey\"><img loading=\"lazy\" decoding=\"async\" width=\"1024\" height=\"547\" src=\"https:\/\/voshaaroutdoor.com\/wp-content\/uploads\/2026\/03\/aiguille-1024x547.jpg\" class=\"vc_single_image-img attachment-large\" alt=\"\" title=\"barrena\" srcset=\"https:\/\/voshaaroutdoor.com\/wp-content\/uploads\/2026\/03\/aiguille-1024x547.jpg 1024w, https:\/\/voshaaroutdoor.com\/wp-content\/uploads\/2026\/03\/aiguille-300x160.jpg 300w, https:\/\/voshaaroutdoor.com\/wp-content\/uploads\/2026\/03\/aiguille-768x410.jpg 768w, https:\/\/voshaaroutdoor.com\/wp-content\/uploads\/2026\/03\/aiguille-1536x820.jpg 1536w, https:\/\/voshaaroutdoor.com\/wp-content\/uploads\/2026\/03\/aiguille-18x10.jpg 18w\" sizes=\"auto, (max-width: 1024px) 100vw, 1024px\" \/><\/div>\n\t\t<\/figure>\n\t<\/div>\n\n\t<div class=\"wpb_text_column wpb_content_element\" >\n\t\t<div class=\"wpb_wrapper\">\n\t\t\t<p style=\"text-align: center;\">Costos<br \/>\n\u20ac 1715,-<br \/>\n1.575 \u20ac si el curso se combina con el curso de senderismo y supervivencia en el mismo a\u00f1o.<\/p>\n<p style=\"text-align: center;\">Excluyendo seguro, viaje, alojamiento en Francia, comida y bebida.<br \/>\nIncluye pernoctaciones en el Voshaar.<br \/>\nPernoctaciones en Francia en invierno: 20 \u20ac por persona y noche.<br \/>\nFrancia, verano, entre 10 y 15 euros por persona y noche.<\/p>\n<p style=\"text-align: center;\">El desaf\u00edo individual de 48 horas no tiene una fecha fija. Se pueden realizar varias veces y la fecha final se determinar\u00e1 junto con el participante.<\/p>\n<p style=\"text-align: center;\">Datos 2026<br \/>\n<a href=\"https:\/\/buitensportopleiding.nl\/wilderness-first-aid\/\" target=\"_blank\" rel=\"noopener\">Primeros auxilios<\/a>\u00a0(Programa t\u00fa mismo el curso de repaso o el curso completo)<\/p>\n<p style=\"text-align: center;\">10-11 de enero Voshaar \u00a1CONGELACI\u00d3N! Reuni\u00f3n en el desierto<br \/>\n22-26 de enero, Francia<br \/>\n28 y 29 de marzo &gt;<a href=\"https:\/\/buitensportopleiding.nl\/wilderness-first-aid\/\" target=\"_blank\" rel=\"noopener\">Primeros auxilios remotos y en zonas salvajes<\/a><br \/>\n12 de junio: Planificaci\u00f3n del viaje<br \/>\n13 y 14 de junio &gt;<a href=\"https:\/\/buitensportopleiding.nl\/predator-safety\/\" target=\"_blank\" rel=\"noopener\">Seguridad contra depredadores<\/a><br \/>\n24-28 de julio, Francia<\/p>\n<p style=\"text-align: center;\">Fechas 2027<br \/>\n<a href=\"https:\/\/buitensportopleiding.nl\/wilderness-first-aid\/\" target=\"_blank\" rel=\"noopener\">Primeros auxilios<\/a> (Programa t\u00fa mismo el curso de repaso o el curso completo para los d\u00edas 3 y 4 de abril)<br \/>\n9 y 10 de enero Voshaar Eibergen, \u00a1CONGELACI\u00d3N! Reuni\u00f3n en el desierto<br \/>\nDel 21 al 25 de enero: Viajes y supervivencia en Francia durante el invierno.<br \/>\n3 y 4 de abril Voshaar, Eibergen Wilderness y primeros auxilios remotos<br \/>\n11 de junio Voshaar, Eibergen Planificaci\u00f3n del viaje<br \/>\n12 y 13 de junio Voshaar Eibergen Seguridad contra depredadores<br \/>\n26-27 de junio Voshaar Eibergen \u00a1GOLPE DE CALOR! Reuni\u00f3n en el desierto<br \/>\nDel 23 al 27 de julio, Francia: Senderismo y excursionismo.<\/p>\n<p class=\"has-text-align-left\" style=\"text-align: center;\">Materiales<\/p>\n<p class=\"has-text-align-left\" style=\"text-align: center;\">Necesitar\u00e1s los materiales que se enumeran a continuaci\u00f3n durante el curso. Estos materiales no los proporciona De Voshaar.<\/p>\n<p class=\"has-text-align-left\" style=\"text-align: center;\">\u2013 Ropa buena y adecuada<br \/>\n- Calzado resistente<br \/>\n- Carpa<br \/>\n\u2013 Matje<br \/>\n\u2013 Cuchillo, preferiblemente con hoja fija de 8 a 11 cm.<br \/>\n\u2013 Saco de dormir, resistente a temperaturas de al menos -5 grados Celsius.<br \/>\n\u2013 Utensilios para cocinar, beber y comer.<br \/>\n\u2013 Marcador resistente al agua y bol\u00edgrafo de punta fina resistente al agua (un marcador fino)<br \/>\n\u2013 Papel y bol\u00edgrafo para escribir<br \/>\n\u2013 Ordenador port\u00e1til, tableta o tel\u00e9fono inteligente<br \/>\n\u2013 Faro o linterna<br \/>\nGPS<br \/>\n\u2013 Lona, vela o poncho<br \/>\n\u2013 Mochila de al menos 60 litros.<br \/>\n\u2013 Botiqu\u00edn personal de primeros auxilios<br \/>\n\u2013 Funda de tarjeta<br \/>\n\u2013 Medidor de \u00e1ngulos de mapas<br \/>\n\u2013 Br\u00fajula<br \/>\n\u2013 GSM<br \/>\n\u2013 Encendedor \/ palo de fuego<\/p>\n\n\t\t<\/div>\n\t<\/div>\n<div class=\"vc_empty_space\"   style=\"height: 32px\"><span class=\"vc_empty_space_inner\"><\/span><\/div><\/div><\/div><\/div><\/div><div class=\"vc_row wpb_row vc_row-fluid\" ><div class=\"wpb_column vc_column_container vc_col-sm-12\"><div class=\"vc_column-inner\"><div class=\"wpb_wrapper\">\n\t<div class=\"wpb_video_widget wpb_content_element vc_clearfix   vc_video-aspect-ratio-169 vc_video-el-width-100 vc_video-align-center\" >\n\t\t<div class=\"wpb_wrapper\">\n\t\t\t\n\t\t\t<div class=\"wpb_video_wrapper\"><iframe loading=\"lazy\" title=\"Senderismo y excursionismo\" src=\"https:\/\/player.vimeo.com\/video\/545442035?dnt=1&amp;app_id=122963\" width=\"500\" height=\"281\" frameborder=\"0\" allow=\"autoplay; fullscreen; picture-in-picture; clipboard-write; encrypted-media; web-share\" referrerpolicy=\"strict-origin-when-cross-origin\"><\/iframe><\/div>\n\t\t<\/div>\n\t<\/div>\n<div class=\"vc_empty_space\"   style=\"height: 32px\"><span class=\"vc_empty_space_inner\"><\/span><\/div><\/div><\/div><\/div><\/div>\n<\/div>","protected":false},"excerpt":{"rendered":"Deze specialisatie opleiding kan alleen gedaan worden na het afronden van de opleiding tot Hike &amp; Survival Instructeur (of in het zelfde jaar) en\/of na het afronden de Buitensport Instructeur opleiding. Een equivalent of trainingsprogramma, ook van een ander opleidingsinstituut, kan ook geaccepteerd worden. Dit kan ook gelden voor voldoende ervaring en het beheersen van de basistechnieken als vuur, shelter en ori\u00ebntatie. Je wordt opgeleid tot Hiking &amp; Backpacking Guide\u00a0en leert het plannen, organiseren en leiden van\u00a0meerdaagse tochten in \u2018semi remote\u2019 Wildernis gebieden. Erkend als specialisatie opleiding door de Wilderness Guides Association Opleidingsdagen op de Voshaar in Eibergen E\u00e9n training van 5 dagen in de winter (Frankrijk) Vooral gericht op ori\u00ebntatie en Winter Survival E\u00e9n training van 5 dagen in de zomer (Alpen) Een 24 of 48 uurs Solo Skill Challenge Theorie: Mountains 101 Course Deze opleiding wordt standaard aangeboden binnen de MBO Wildernis opleiding. Wanneer je de Hiking &amp; [...]","protected":false},"author":4,"featured_media":8331,"parent":0,"menu_order":0,"comment_status":"closed","ping_status":"closed","template":"","meta":{"footnotes":""},"class_list":["post-8177","page","type-page","status-publish","has-post-thumbnail","hentry"],"yoast_head":"<!-- This site is optimized with the Yoast SEO plugin v27.4 - https:\/\/yoast.com\/product\/yoast-seo-wordpress\/ -->\n<title>Hiking &amp; Backpacking - VoshaarOutdoor.com<\/title>\n<meta name=\"robots\" content=\"index, follow, max-snippet:-1, max-image-preview:large, max-video-preview:-1\" \/>\n<link rel=\"canonical\" href=\"https:\/\/voshaaroutdoor.com\/es\/hiking-backpacking-guide\/\" \/>\n<meta property=\"og:locale\" content=\"es_ES\" \/>\n<meta property=\"og:type\" content=\"article\" \/>\n<meta property=\"og:title\" content=\"Hiking &amp; Backpacking Guide\" \/>\n<meta property=\"og:url\" content=\"https:\/\/voshaaroutdoor.com\/es\/hiking-backpacking-guide\/\" \/>\n<meta property=\"og:site_name\" content=\"VoshaarOutdoor.com\" \/>\n<meta property=\"article:publisher\" content=\"https:\/\/www.facebook.com\/VoshaarOutdoorandEducation\" \/>\n<meta property=\"article:modified_time\" content=\"2026-04-10T07:36:38+00:00\" \/>\n<meta property=\"og:image\" content=\"https:\/\/voshaaroutdoor.com\/wp-content\/uploads\/2026\/04\/HB-1-scaled.jpeg\" \/>\n\t<meta property=\"og:image:width\" content=\"2048\" \/>\n\t<meta property=\"og:image:height\" content=\"2560\" \/>\n\t<meta property=\"og:image:type\" content=\"image\/jpeg\" \/>\n<meta name=\"twitter:card\" content=\"summary_large_image\" \/>\n<meta name=\"twitter:label1\" content=\"Tiempo de lectura\" \/>\n\t<meta name=\"twitter:data1\" content=\"4 minutos\" \/>\n<script type=\"application\/ld+json\" class=\"yoast-schema-graph\">{\"@context\":\"https:\\\/\\\/schema.org\",\"@graph\":[{\"@type\":\"WebPage\",\"@id\":\"https:\\\/\\\/voshaaroutdoor.com\\\/hiking-backpacking-guide\\\/\",\"url\":\"https:\\\/\\\/voshaaroutdoor.com\\\/hiking-backpacking-guide\\\/\",\"name\":\"Hiking & Backpacking - VoshaarOutdoor.com\",\"isPartOf\":{\"@id\":\"https:\\\/\\\/voshaaroutdoor.com\\\/#website\"},\"primaryImageOfPage\":{\"@id\":\"https:\\\/\\\/voshaaroutdoor.com\\\/hiking-backpacking-guide\\\/#primaryimage\"},\"image\":{\"@id\":\"https:\\\/\\\/voshaaroutdoor.com\\\/hiking-backpacking-guide\\\/#primaryimage\"},\"thumbnailUrl\":\"https:\\\/\\\/voshaaroutdoor.com\\\/wp-content\\\/uploads\\\/2026\\\/04\\\/HB-1-scaled.jpeg\",\"datePublished\":\"2026-03-14T19:54:43+00:00\",\"dateModified\":\"2026-04-10T07:36:38+00:00\",\"breadcrumb\":{\"@id\":\"https:\\\/\\\/voshaaroutdoor.com\\\/hiking-backpacking-guide\\\/#breadcrumb\"},\"inLanguage\":\"es\",\"potentialAction\":[{\"@type\":\"ReadAction\",\"target\":[\"https:\\\/\\\/voshaaroutdoor.com\\\/hiking-backpacking-guide\\\/\"]}]},{\"@type\":\"ImageObject\",\"inLanguage\":\"es\",\"@id\":\"https:\\\/\\\/voshaaroutdoor.com\\\/hiking-backpacking-guide\\\/#primaryimage\",\"url\":\"https:\\\/\\\/voshaaroutdoor.com\\\/wp-content\\\/uploads\\\/2026\\\/04\\\/HB-1-scaled.jpeg\",\"contentUrl\":\"https:\\\/\\\/voshaaroutdoor.com\\\/wp-content\\\/uploads\\\/2026\\\/04\\\/HB-1-scaled.jpeg\",\"width\":2048,\"height\":2560},{\"@type\":\"BreadcrumbList\",\"@id\":\"https:\\\/\\\/voshaaroutdoor.com\\\/hiking-backpacking-guide\\\/#breadcrumb\",\"itemListElement\":[{\"@type\":\"ListItem\",\"position\":1,\"name\":\"Home\",\"item\":\"https:\\\/\\\/voshaaroutdoor.com\\\/\"},{\"@type\":\"ListItem\",\"position\":2,\"name\":\"Hiking &#038; Backpacking\"}]},{\"@type\":\"WebSite\",\"@id\":\"https:\\\/\\\/voshaaroutdoor.com\\\/#website\",\"url\":\"https:\\\/\\\/voshaaroutdoor.com\\\/\",\"name\":\"VoshaarOutdoor.com\",\"description\":\"Voshaar Outdoor &amp; Education - Trainingen, cursussen en opleidingen\",\"publisher\":{\"@id\":\"https:\\\/\\\/voshaaroutdoor.com\\\/#organization\"},\"potentialAction\":[{\"@type\":\"SearchAction\",\"target\":{\"@type\":\"EntryPoint\",\"urlTemplate\":\"https:\\\/\\\/voshaaroutdoor.com\\\/?s={search_term_string}\"},\"query-input\":{\"@type\":\"PropertyValueSpecification\",\"valueRequired\":true,\"valueName\":\"search_term_string\"}}],\"inLanguage\":\"es\"},{\"@type\":\"Organization\",\"@id\":\"https:\\\/\\\/voshaaroutdoor.com\\\/#organization\",\"name\":\"Voshaar Outdoor & Education\",\"url\":\"https:\\\/\\\/voshaaroutdoor.com\\\/\",\"logo\":{\"@type\":\"ImageObject\",\"inLanguage\":\"es\",\"@id\":\"https:\\\/\\\/voshaaroutdoor.com\\\/#\\\/schema\\\/logo\\\/image\\\/\",\"url\":\"https:\\\/\\\/voshaaroutdoor.com\\\/wp-content\\\/uploads\\\/2021\\\/11\\\/cropped-nieuwe-logo-rood.png\",\"contentUrl\":\"https:\\\/\\\/voshaaroutdoor.com\\\/wp-content\\\/uploads\\\/2021\\\/11\\\/cropped-nieuwe-logo-rood.png\",\"width\":512,\"height\":512,\"caption\":\"Voshaar Outdoor & Education\"},\"image\":{\"@id\":\"https:\\\/\\\/voshaaroutdoor.com\\\/#\\\/schema\\\/logo\\\/image\\\/\"},\"sameAs\":[\"https:\\\/\\\/www.facebook.com\\\/VoshaarOutdoorandEducation\",\"https:\\\/\\\/www.instagram.com\\\/voshaaroutdoorandeducation\\\/\"]}]}<\/script>\n<!-- \/ Yoast SEO plugin. -->","yoast_head_json":{"title":"Hiking & Backpacking - VoshaarOutdoor.com","robots":{"index":"index","follow":"follow","max-snippet":"max-snippet:-1","max-image-preview":"max-image-preview:large","max-video-preview":"max-video-preview:-1"},"canonical":"https:\/\/voshaaroutdoor.com\/es\/hiking-backpacking-guide\/","og_locale":"es_ES","og_type":"article","og_title":"Hiking & Backpacking Guide","og_url":"https:\/\/voshaaroutdoor.com\/es\/hiking-backpacking-guide\/","og_site_name":"VoshaarOutdoor.com","article_publisher":"https:\/\/www.facebook.com\/VoshaarOutdoorandEducation","article_modified_time":"2026-04-10T07:36:38+00:00","og_image":[{"width":2048,"height":2560,"url":"https:\/\/voshaaroutdoor.com\/wp-content\/uploads\/2026\/04\/HB-1-scaled.jpeg","type":"image\/jpeg"}],"twitter_card":"summary_large_image","twitter_misc":{"Tiempo de lectura":"4 minutos"},"schema":{"@context":"https:\/\/schema.org","@graph":[{"@type":"WebPage","@id":"https:\/\/voshaaroutdoor.com\/hiking-backpacking-guide\/","url":"https:\/\/voshaaroutdoor.com\/hiking-backpacking-guide\/","name":"Hiking & Backpacking - VoshaarOutdoor.com","isPartOf":{"@id":"https:\/\/voshaaroutdoor.com\/#website"},"primaryImageOfPage":{"@id":"https:\/\/voshaaroutdoor.com\/hiking-backpacking-guide\/#primaryimage"},"image":{"@id":"https:\/\/voshaaroutdoor.com\/hiking-backpacking-guide\/#primaryimage"},"thumbnailUrl":"https:\/\/voshaaroutdoor.com\/wp-content\/uploads\/2026\/04\/HB-1-scaled.jpeg","datePublished":"2026-03-14T19:54:43+00:00","dateModified":"2026-04-10T07:36:38+00:00","breadcrumb":{"@id":"https:\/\/voshaaroutdoor.com\/hiking-backpacking-guide\/#breadcrumb"},"inLanguage":"es","potentialAction":[{"@type":"ReadAction","target":["https:\/\/voshaaroutdoor.com\/hiking-backpacking-guide\/"]}]},{"@type":"ImageObject","inLanguage":"es","@id":"https:\/\/voshaaroutdoor.com\/hiking-backpacking-guide\/#primaryimage","url":"https:\/\/voshaaroutdoor.com\/wp-content\/uploads\/2026\/04\/HB-1-scaled.jpeg","contentUrl":"https:\/\/voshaaroutdoor.com\/wp-content\/uploads\/2026\/04\/HB-1-scaled.jpeg","width":2048,"height":2560},{"@type":"BreadcrumbList","@id":"https:\/\/voshaaroutdoor.com\/hiking-backpacking-guide\/#breadcrumb","itemListElement":[{"@type":"ListItem","position":1,"name":"Home","item":"https:\/\/voshaaroutdoor.com\/"},{"@type":"ListItem","position":2,"name":"Hiking &#038; Backpacking"}]},{"@type":"WebSite","@id":"https:\/\/voshaaroutdoor.com\/#website","url":"https:\/\/voshaaroutdoor.com\/","name":"VoshaarOutdoor.com","description":"Voshaar Outdoor &amp; Education - Capacitaciones, cursos y educaci\u00f3n","publisher":{"@id":"https:\/\/voshaaroutdoor.com\/#organization"},"potentialAction":[{"@type":"SearchAction","target":{"@type":"EntryPoint","urlTemplate":"https:\/\/voshaaroutdoor.com\/?s={search_term_string}"},"query-input":{"@type":"PropertyValueSpecification","valueRequired":true,"valueName":"search_term_string"}}],"inLanguage":"es"},{"@type":"Organization","@id":"https:\/\/voshaaroutdoor.com\/#organization","name":"Voshaar Actividades al aire libre y educaci\u00f3n","url":"https:\/\/voshaaroutdoor.com\/","logo":{"@type":"ImageObject","inLanguage":"es","@id":"https:\/\/voshaaroutdoor.com\/#\/schema\/logo\/image\/","url":"https:\/\/voshaaroutdoor.com\/wp-content\/uploads\/2021\/11\/cropped-nieuwe-logo-rood.png","contentUrl":"https:\/\/voshaaroutdoor.com\/wp-content\/uploads\/2021\/11\/cropped-nieuwe-logo-rood.png","width":512,"height":512,"caption":"Voshaar Outdoor & Education"},"image":{"@id":"https:\/\/voshaaroutdoor.com\/#\/schema\/logo\/image\/"},"sameAs":["https:\/\/www.facebook.com\/VoshaarOutdoorandEducation","https:\/\/www.instagram.com\/voshaaroutdoorandeducation\/"]}]}},"_links":{"self":[{"href":"https:\/\/voshaaroutdoor.com\/es\/wp-json\/wp\/v2\/pages\/8177","targetHints":{"allow":["GET"]}}],"collection":[{"href":"https:\/\/voshaaroutdoor.com\/es\/wp-json\/wp\/v2\/pages"}],"about":[{"href":"https:\/\/voshaaroutdoor.com\/es\/wp-json\/wp\/v2\/types\/page"}],"author":[{"embeddable":true,"href":"https:\/\/voshaaroutdoor.com\/es\/wp-json\/wp\/v2\/users\/4"}],"replies":[{"embeddable":true,"href":"https:\/\/voshaaroutdoor.com\/es\/wp-json\/wp\/v2\/comments?post=8177"}],"version-history":[{"count":5,"href":"https:\/\/voshaaroutdoor.com\/es\/wp-json\/wp\/v2\/pages\/8177\/revisions"}],"predecessor-version":[{"id":8353,"href":"https:\/\/voshaaroutdoor.com\/es\/wp-json\/wp\/v2\/pages\/8177\/revisions\/8353"}],"wp:featuredmedia":[{"embeddable":true,"href":"https:\/\/voshaaroutdoor.com\/es\/wp-json\/wp\/v2\/media\/8331"}],"wp:attachment":[{"href":"https:\/\/voshaaroutdoor.com\/es\/wp-json\/wp\/v2\/media?parent=8177"}],"curies":[{"name":"gracias","href":"https:\/\/api.w.org\/{rel}","templated":true}]}}