{"id":7775,"date":"2026-03-07T15:11:01","date_gmt":"2026-03-07T15:11:01","guid":{"rendered":"https:\/\/voshaaroutdoor.com\/?page_id=7775"},"modified":"2026-05-01T12:10:03","modified_gmt":"2026-05-01T12:10:03","slug":"zuid-europa-special","status":"publish","type":"page","link":"https:\/\/voshaaroutdoor.com\/es\/zuid-europa-special\/","title":{"rendered":"Especial del sur de Europa"},"content":{"rendered":"<div class=\"wpb-content-wrapper\"><div class=\"vc_row wpb_row vc_row-fluid\" ><div class=\"wpb_column vc_column_container vc_col-sm-12\"><div class=\"vc_column-inner\"><div class=\"wpb_wrapper\">\n\t<div  class=\"wpb_single_image wpb_content_element vc_align_center wpb_content_element\">\n\t\t\n\t\t<figure class=\"wpb_wrapper vc_figure\">\n\t\t\t<div class=\"vc_single_image-wrapper   vc_box_border_grey\"><img loading=\"lazy\" decoding=\"async\" width=\"819\" height=\"1024\" src=\"https:\/\/voshaaroutdoor.com\/wp-content\/uploads\/2026\/03\/Zuid-Europa-819x1024.jpeg\" class=\"vc_single_image-img attachment-large\" alt=\"\" title=\"Europa del Sur\" srcset=\"https:\/\/voshaaroutdoor.com\/wp-content\/uploads\/2026\/03\/Zuid-Europa-819x1024.jpeg 819w, https:\/\/voshaaroutdoor.com\/wp-content\/uploads\/2026\/03\/Zuid-Europa-240x300.jpeg 240w, https:\/\/voshaaroutdoor.com\/wp-content\/uploads\/2026\/03\/Zuid-Europa-768x960.jpeg 768w, https:\/\/voshaaroutdoor.com\/wp-content\/uploads\/2026\/03\/Zuid-Europa-1229x1536.jpeg 1229w, https:\/\/voshaaroutdoor.com\/wp-content\/uploads\/2026\/03\/Zuid-Europa-1638x2048.jpeg 1638w, https:\/\/voshaaroutdoor.com\/wp-content\/uploads\/2026\/03\/Zuid-Europa-10x12.jpeg 10w\" sizes=\"auto, (max-width: 819px) 100vw, 819px\" \/><\/div>\n\t\t<\/figure>\n\t<\/div>\n<div class=\"vc_empty_space\"   style=\"height: 32px\"><span class=\"vc_empty_space_inner\"><\/span><\/div><\/div><\/div><\/div><\/div><div class=\"vc_row wpb_row vc_row-fluid\" ><div class=\"wpb_column vc_column_container vc_col-sm-12\"><div class=\"vc_column-inner\"><div class=\"wpb_wrapper\">\n\t<div class=\"wpb_text_column wpb_content_element\" >\n\t\t<div class=\"wpb_wrapper\">\n\t\t\t<p style=\"text-align: center;\">\u00bfQuieres saber m\u00e1s, mucho m\u00e1s, sobre la naturaleza del sur de Europa?<br \/>\nEntonces este curso es para ti.<br \/>\nTe llevamos a las zonas m\u00e1s bellas del Sur de Francia y Espa\u00f1a.<br \/>\nLas zonas que visitamos incluyen Vercors, Provenza, Pirineos, Asturias, Castilla y Le\u00f3n, Arag\u00f3n y Extremadura.<br \/>\nEl sur de Europa cuenta con una rica biodiversidad. Francia y Espa\u00f1a se encuentran entre los mejores pa\u00edses europeos en cuanto a aves rapaces, y tambi\u00e9n habitan all\u00ed grandes mam\u00edferos como el oso pardo, el lobo, el rebeco, el ciervo, el corzo, el gamo, el jabal\u00ed, el lince ib\u00e9rico y la cabra mont\u00e9s.<br \/>\nLa flora tanto de la sierra como de la llanura es muy especial y no hay que olvidar las numerosas especies de reptiles y anfibios.<br \/>\n\u00a1Se abrir\u00e1 ante ti un mundo completamente nuevo!<br \/>\nEl recorrido no es f\u00edsicamente exigente; se trata de ver, experimentar y aprender a identificar especies. Durante los paseos, nos tomaremos tiempo para disfrutar. Tambi\u00e9n dedicaremos tiempo a visitar los encantadores pueblos y terrazas tan caracter\u00edsticos de esta regi\u00f3n. En verano, suele hacer calor al mediod\u00eda, as\u00ed que un rinc\u00f3n a la sombra con algo para beber a veces es bienvenido.<br \/>\nNaturalmente, trabajamos junto con especialistas locales.<\/p>\n\n\t\t<\/div>\n\t<\/div>\n<div class=\"vc_empty_space\"   style=\"height: 32px\"><span class=\"vc_empty_space_inner\"><\/span><\/div><\/div><\/div><\/div><\/div><div class=\"vc_row wpb_row vc_row-fluid\" ><div class=\"wpb_column vc_column_container vc_col-sm-12\"><div class=\"vc_column-inner\"><div class=\"wpb_wrapper\">\n\t<div  class=\"wpb_single_image wpb_content_element vc_align_center wpb_content_element\">\n\t\t\n\t\t<figure class=\"wpb_wrapper vc_figure\">\n\t\t\t<div class=\"vc_single_image-wrapper   vc_box_border_grey\"><img loading=\"lazy\" decoding=\"async\" width=\"1024\" height=\"577\" src=\"https:\/\/voshaaroutdoor.com\/wp-content\/uploads\/2026\/05\/20260419_082631-1024x577.jpg\" class=\"vc_single_image-img attachment-large\" alt=\"\" title=\"20260419_082631\" srcset=\"https:\/\/voshaaroutdoor.com\/wp-content\/uploads\/2026\/05\/20260419_082631-1024x577.jpg 1024w, https:\/\/voshaaroutdoor.com\/wp-content\/uploads\/2026\/05\/20260419_082631-300x169.jpg 300w, https:\/\/voshaaroutdoor.com\/wp-content\/uploads\/2026\/05\/20260419_082631-768x432.jpg 768w, https:\/\/voshaaroutdoor.com\/wp-content\/uploads\/2026\/05\/20260419_082631-1536x865.jpg 1536w, https:\/\/voshaaroutdoor.com\/wp-content\/uploads\/2026\/05\/20260419_082631-18x10.jpg 18w, https:\/\/voshaaroutdoor.com\/wp-content\/uploads\/2026\/05\/20260419_082631-87x50.jpg 87w\" sizes=\"auto, (max-width: 1024px) 100vw, 1024px\" \/><\/div>\n\t\t<\/figure>\n\t<\/div>\n<div class=\"vc_empty_space\"   style=\"height: 32px\"><span class=\"vc_empty_space_inner\"><\/span><\/div><\/div><\/div><\/div><\/div><div class=\"vc_row wpb_row vc_row-fluid\" ><div class=\"wpb_column vc_column_container vc_col-sm-12\"><div class=\"vc_column-inner\"><div class=\"wpb_wrapper\">\n\t<div class=\"wpb_text_column wpb_content_element\" >\n\t\t<div class=\"wpb_wrapper\">\n\t\t\t<p style=\"text-align: center;\">El curso es adecuado para todos aquellos que aman el sur de Europa y la naturaleza.<br \/>\n\u00bfEres un simple entusiasta o quieres usar el curso como gu\u00eda en tu trabajo, por ejemplo? Entonces este curso es para ti.<\/p>\n<p style=\"text-align: center;\">En busca de osos y lobos en Asturias, aves rapaces y lince ib\u00e9rico en Extremadura, flora, mariposas, cabras montesas, rebecos y buitres en Vercors, Provenza y Pirineos o explorando los semidesiertos de Castilla y Le\u00f3n y Arag\u00f3n, en busca de aves, serpientes y lagartos.<br \/>\nSe incluye un programa de lecciones en l\u00ednea centrado en especies del sur de Europa.<br \/>\nEn este curso tambi\u00e9n ofrecemos consejos sobre las mejores zonas para la vida salvaje en el sur de Europa y los paseos m\u00e1s bonitos de Francia y Espa\u00f1a.<br \/>\nLlevamos desde los a\u00f1os 70 visitando el sur de Europa y conocemos los mejores lugares para observar aves y mam\u00edferos, entre otras cosas.<br \/>\nEstas lecciones estar\u00e1n disponibles a partir del a\u00f1o acad\u00e9mico 2026-2027.<br \/>\nLos viajes constan de 5 a 10 d\u00edas y en ocasiones se pueden combinar viajes en un solo viaje o en un periodo.<\/p>\n<p style=\"text-align: center;\">Tienes dos a\u00f1os desde la fecha de tu primer viaje al extranjero para completar el curso. Puedes inscribirte en cualquier momento. Desde el momento de la inscripci\u00f3n, tendr\u00e1s acceso a los materiales del curso en l\u00ednea.<\/p>\n<p style=\"text-align: center;\">Puedes distribuir tus viajes internacionales a lo largo de dos a\u00f1os y elegir qu\u00e9 viaje hacer y cu\u00e1ndo, seg\u00fan la disponibilidad, por supuesto. Tambi\u00e9n puedes hacer un viaje espec\u00edfico dos veces. \u00bfPrefieres las aves rapaces? Entonces podr\u00edas hacer dos viajes a Extremadura, por ejemplo.<\/p>\n<p style=\"text-align: center;\">Duraci\u00f3n del curso: Tres viajes por el sur de Europa a su elecci\u00f3n (de 15 a 18 d\u00edas en total).<br \/>\nCoste: 1.350 \u20ac<\/p>\n<p style=\"text-align: center;\">El curso finalizar\u00e1 con un examen te\u00f3rico en l\u00ednea sobre conocimientos de especies si desea obtener el Certificado de Especializaci\u00f3n en Europa del Norte y Suroeste. Esto no es obligatorio, por supuesto. Tambi\u00e9n puede participar simplemente por los conocimientos y la experiencia.<\/p>\n\n\t\t<\/div>\n\t<\/div>\n<div class=\"vc_empty_space\"   style=\"height: 32px\"><span class=\"vc_empty_space_inner\"><\/span><\/div><div class=\"vc_btn3-container vc_btn3-center vc_do_btn\" ><a class=\"vc_general vc_btn3 vc_btn3-size-md vc_btn3-shape-rounded vc_btn3-style-modern vc_btn3-color-grey\" href=\"https:\/\/voshaaroutdoor.com\/es\/tracks-of-the-white-wolf-travels\/\" title=\"\" target=\"_blank\">Viajes individuales<\/a><\/div><div class=\"vc_empty_space\"   style=\"height: 32px\"><span class=\"vc_empty_space_inner\"><\/span><\/div><\/div><\/div><\/div><\/div><div class=\"vc_row wpb_row vc_row-fluid\" ><div class=\"wpb_column vc_column_container vc_col-sm-12\"><div class=\"vc_column-inner\"><div class=\"wpb_wrapper\">\n\t<div  class=\"wpb_single_image wpb_content_element vc_align_center wpb_content_element\">\n\t\t\n\t\t<figure class=\"wpb_wrapper vc_figure\">\n\t\t\t<div class=\"vc_single_image-wrapper   vc_box_border_grey\"><img loading=\"lazy\" decoding=\"async\" width=\"879\" height=\"380\" src=\"https:\/\/voshaaroutdoor.com\/wp-content\/uploads\/2026\/03\/283540778_415385210593771_3276460483903211780_n-2.jpg\" class=\"vc_single_image-img attachment-large\" alt=\"\" title=\"283540778_415385210593771_3276460483903211780_n (2)\" srcset=\"https:\/\/voshaaroutdoor.com\/wp-content\/uploads\/2026\/03\/283540778_415385210593771_3276460483903211780_n-2.jpg 879w, https:\/\/voshaaroutdoor.com\/wp-content\/uploads\/2026\/03\/283540778_415385210593771_3276460483903211780_n-2-300x130.jpg 300w, https:\/\/voshaaroutdoor.com\/wp-content\/uploads\/2026\/03\/283540778_415385210593771_3276460483903211780_n-2-768x332.jpg 768w, https:\/\/voshaaroutdoor.com\/wp-content\/uploads\/2026\/03\/283540778_415385210593771_3276460483903211780_n-2-18x8.jpg 18w\" sizes=\"auto, (max-width: 879px) 100vw, 879px\" \/><\/div>\n\t\t<\/figure>\n\t<\/div>\n<div class=\"vc_empty_space\"   style=\"height: 32px\"><span class=\"vc_empty_space_inner\"><\/span><\/div><\/div><\/div><\/div><\/div><div class=\"vc_row wpb_row vc_row-fluid\" ><div class=\"wpb_column vc_column_container vc_col-sm-12\"><div class=\"vc_column-inner\"><div class=\"wpb_wrapper\"><div class=\"vc_btn3-container vc_btn3-center vc_do_btn\" ><a class=\"vc_general vc_btn3 vc_btn3-size-md vc_btn3-shape-rounded vc_btn3-style-modern vc_btn3-color-danger\" href=\"https:\/\/www.formfinch.com\/server\/1516932724\" title=\"\" target=\"_blank\">Para inscribirse<\/a><\/div><div class=\"vc_empty_space\"   style=\"height: 32px\"><span class=\"vc_empty_space_inner\"><\/span><\/div><\/div><\/div><\/div><\/div><div class=\"vc_row wpb_row vc_row-fluid\" ><div class=\"wpb_column vc_column_container vc_col-sm-12\"><div class=\"vc_column-inner\"><div class=\"wpb_wrapper\"><div class=\"vc_btn3-container vc_btn3-center vc_do_btn\" ><a class=\"vc_general vc_btn3 vc_btn3-size-md vc_btn3-shape-rounded vc_btn3-style-modern vc_btn3-color-grey\" href=\"https:\/\/voshaaroutdoor.com\/es\/login-roofvogels\/\" title=\"Iniciar sesi\u00f3n: Aves rapaces\" target=\"_blank\">Iniciar sesi\u00f3n: Aves rapaces<\/a><\/div><div class=\"vc_empty_space\"   style=\"height: 32px\"><span class=\"vc_empty_space_inner\"><\/span><\/div><\/div><\/div><\/div><\/div><div class=\"vc_row wpb_row vc_row-fluid\" ><div class=\"wpb_column vc_column_container vc_col-sm-12\"><div class=\"vc_column-inner\"><div class=\"wpb_wrapper\"><div class=\"vc_btn3-container vc_btn3-center vc_do_btn\" ><button class=\"vc_general vc_btn3 vc_btn3-size-md vc_btn3-shape-rounded vc_btn3-style-modern vc_btn3-color-grey\">Iniciar sesi\u00f3n: El sur de Europa estar\u00e1 disponible pr\u00f3ximamente.<\/button><\/div><\/div><\/div><\/div><\/div><div class=\"vc_row wpb_row vc_row-fluid\" ><div class=\"wpb_column vc_column_container vc_col-sm-12\"><div class=\"vc_column-inner\"><div class=\"wpb_wrapper\"><div class=\"vc_empty_space\"   style=\"height: 32px\"><span class=\"vc_empty_space_inner\"><\/span><\/div><\/div><\/div><\/div><\/div><div class=\"vc_row wpb_row vc_row-fluid\" ><div class=\"wpb_column vc_column_container vc_col-sm-12\"><div class=\"vc_column-inner\"><div class=\"wpb_wrapper\">\n\t<div class=\"wpb_video_widget wpb_content_element vc_clearfix   vc_video-aspect-ratio-169 vc_video-el-width-100 vc_video-align-center\" >\n\t\t<div class=\"wpb_wrapper\">\n\t\t\t\n\t\t\t<div class=\"wpb_video_wrapper\"><iframe loading=\"lazy\" title=\"2026 Somiedo\" width=\"500\" height=\"281\" src=\"https:\/\/www.youtube.com\/embed\/QOtDrRFjgFY?feature=oembed\" frameborder=\"0\" allow=\"accelerometer; autoplay; clipboard-write; encrypted-media; gyroscope; picture-in-picture; web-share\" referrerpolicy=\"strict-origin-when-cross-origin\" allowfullscreen><\/iframe><\/div>\n\t\t<\/div>\n\t<\/div>\n<div class=\"vc_empty_space\"   style=\"height: 32px\"><span class=\"vc_empty_space_inner\"><\/span><\/div><\/div><\/div><\/div><\/div><div class=\"vc_row wpb_row vc_row-fluid\" ><div class=\"wpb_column vc_column_container vc_col-sm-12\"><div class=\"vc_column-inner\"><div class=\"wpb_wrapper\">\n\t<div class=\"wpb_video_widget wpb_content_element vc_clearfix   vc_video-aspect-ratio-169 vc_video-el-width-100 vc_video-align-center\" >\n\t\t<div class=\"wpb_wrapper\">\n\t\t\t\n\t\t\t<div class=\"wpb_video_wrapper\"><iframe loading=\"lazy\" title=\"2026 Extremadura\" width=\"500\" height=\"281\" src=\"https:\/\/www.youtube.com\/embed\/Rtbfx1ynzOM?feature=oembed\" frameborder=\"0\" allow=\"accelerometer; autoplay; clipboard-write; encrypted-media; gyroscope; picture-in-picture; web-share\" referrerpolicy=\"strict-origin-when-cross-origin\" allowfullscreen><\/iframe><\/div>\n\t\t<\/div>\n\t<\/div>\n<div class=\"vc_empty_space\"   style=\"height: 32px\"><span class=\"vc_empty_space_inner\"><\/span><\/div><\/div><\/div><\/div><\/div>\n<\/div>","protected":false},"excerpt":{"rendered":"Wil je meer, veel meer, weten over de natuur van Zuid Europa? Dan is deze cursus wat voor jou. We nemen je mee naar de mooiste gebieden van Zuid Frankrijk en Spanje. Gebieden die we bezoeken zijn o.a. de Vercors, de Provence, de Pyrenee\u00ebn, Asturias, Castilla y Le\u00f3n, Aragon en de Extremadura. Zuid Europa heeft een grote soortenrijkdom. Frankrijk en Spanje zijn de beste (roof)vogellanden van Europa en ook grote zoogdieren als de bruine beer, de wolf, gems, edelhert, ree, damhert, wild zwijn, (Iberische) Lynx en steenbok komen er voor. De flora van zowel het gebergtes als de vlaktes is heel speciaal en vergeet niet de vele soorten reptielen en amfibie\u00ebn. Er gaat een wereld voor je open! De cursus is fysiek niet zwaar, het gaat om dingen zien, beleven en soorten leren herkennen. Tijdens de wandelingen die we maken nemen we de tijd om te genieten. Er wordt ook [...]","protected":false},"author":4,"featured_media":7776,"parent":0,"menu_order":0,"comment_status":"closed","ping_status":"closed","template":"","meta":{"footnotes":""},"class_list":["post-7775","page","type-page","status-publish","has-post-thumbnail","hentry"],"yoast_head":"<!-- This site is optimized with the Yoast SEO plugin v27.5 - https:\/\/yoast.com\/product\/yoast-seo-wordpress\/ -->\n<title>Zuid Europa Special - VoshaarOutdoor.com<\/title>\n<meta name=\"robots\" content=\"index, follow, max-snippet:-1, max-image-preview:large, max-video-preview:-1\" \/>\n<link rel=\"canonical\" href=\"https:\/\/voshaaroutdoor.com\/es\/zuid-europa-special\/\" \/>\n<meta property=\"og:locale\" content=\"es_ES\" \/>\n<meta property=\"og:type\" content=\"article\" \/>\n<meta property=\"og:title\" content=\"Zuid Europa Special\" \/>\n<meta property=\"og:description\" content=\"Fauna en Flora in Zuid Europa\" \/>\n<meta property=\"og:url\" content=\"https:\/\/voshaaroutdoor.com\/es\/zuid-europa-special\/\" \/>\n<meta property=\"og:site_name\" content=\"VoshaarOutdoor.com\" \/>\n<meta property=\"article:publisher\" content=\"https:\/\/www.facebook.com\/VoshaarOutdoorandEducation\" \/>\n<meta property=\"article:modified_time\" content=\"2026-05-01T12:10:03+00:00\" \/>\n<meta property=\"og:image\" content=\"https:\/\/voshaaroutdoor.com\/wp-content\/uploads\/2026\/03\/Z-Europa-FB-scaled.jpeg\" \/>\n\t<meta property=\"og:image:width\" content=\"2560\" \/>\n\t<meta property=\"og:image:height\" content=\"1440\" \/>\n\t<meta property=\"og:image:type\" content=\"image\/jpeg\" \/>\n<meta name=\"twitter:card\" content=\"summary_large_image\" \/>\n<meta name=\"twitter:label1\" content=\"Tiempo de lectura\" \/>\n\t<meta name=\"twitter:data1\" content=\"4 minutos\" \/>\n<script type=\"application\/ld+json\" class=\"yoast-schema-graph\">{\"@context\":\"https:\\\/\\\/schema.org\",\"@graph\":[{\"@type\":\"WebPage\",\"@id\":\"https:\\\/\\\/voshaaroutdoor.com\\\/zuid-europa-special\\\/\",\"url\":\"https:\\\/\\\/voshaaroutdoor.com\\\/zuid-europa-special\\\/\",\"name\":\"Zuid Europa Special - VoshaarOutdoor.com\",\"isPartOf\":{\"@id\":\"https:\\\/\\\/voshaaroutdoor.com\\\/#website\"},\"primaryImageOfPage\":{\"@id\":\"https:\\\/\\\/voshaaroutdoor.com\\\/zuid-europa-special\\\/#primaryimage\"},\"image\":{\"@id\":\"https:\\\/\\\/voshaaroutdoor.com\\\/zuid-europa-special\\\/#primaryimage\"},\"thumbnailUrl\":\"https:\\\/\\\/voshaaroutdoor.com\\\/wp-content\\\/uploads\\\/2026\\\/03\\\/Z-Europa-FB-scaled.jpeg\",\"datePublished\":\"2026-03-07T15:11:01+00:00\",\"dateModified\":\"2026-05-01T12:10:03+00:00\",\"breadcrumb\":{\"@id\":\"https:\\\/\\\/voshaaroutdoor.com\\\/zuid-europa-special\\\/#breadcrumb\"},\"inLanguage\":\"es\",\"potentialAction\":[{\"@type\":\"ReadAction\",\"target\":[\"https:\\\/\\\/voshaaroutdoor.com\\\/zuid-europa-special\\\/\"]}]},{\"@type\":\"ImageObject\",\"inLanguage\":\"es\",\"@id\":\"https:\\\/\\\/voshaaroutdoor.com\\\/zuid-europa-special\\\/#primaryimage\",\"url\":\"https:\\\/\\\/voshaaroutdoor.com\\\/wp-content\\\/uploads\\\/2026\\\/03\\\/Z-Europa-FB-scaled.jpeg\",\"contentUrl\":\"https:\\\/\\\/voshaaroutdoor.com\\\/wp-content\\\/uploads\\\/2026\\\/03\\\/Z-Europa-FB-scaled.jpeg\",\"width\":2560,\"height\":1440},{\"@type\":\"BreadcrumbList\",\"@id\":\"https:\\\/\\\/voshaaroutdoor.com\\\/zuid-europa-special\\\/#breadcrumb\",\"itemListElement\":[{\"@type\":\"ListItem\",\"position\":1,\"name\":\"Home\",\"item\":\"https:\\\/\\\/voshaaroutdoor.com\\\/\"},{\"@type\":\"ListItem\",\"position\":2,\"name\":\"Zuid Europa Special\"}]},{\"@type\":\"WebSite\",\"@id\":\"https:\\\/\\\/voshaaroutdoor.com\\\/#website\",\"url\":\"https:\\\/\\\/voshaaroutdoor.com\\\/\",\"name\":\"VoshaarOutdoor.com\",\"description\":\"Voshaar Outdoor &amp; Education - Trainingen, cursussen en opleidingen\",\"publisher\":{\"@id\":\"https:\\\/\\\/voshaaroutdoor.com\\\/#organization\"},\"potentialAction\":[{\"@type\":\"SearchAction\",\"target\":{\"@type\":\"EntryPoint\",\"urlTemplate\":\"https:\\\/\\\/voshaaroutdoor.com\\\/?s={search_term_string}\"},\"query-input\":{\"@type\":\"PropertyValueSpecification\",\"valueRequired\":true,\"valueName\":\"search_term_string\"}}],\"inLanguage\":\"es\"},{\"@type\":\"Organization\",\"@id\":\"https:\\\/\\\/voshaaroutdoor.com\\\/#organization\",\"name\":\"Voshaar Outdoor & Education\",\"url\":\"https:\\\/\\\/voshaaroutdoor.com\\\/\",\"logo\":{\"@type\":\"ImageObject\",\"inLanguage\":\"es\",\"@id\":\"https:\\\/\\\/voshaaroutdoor.com\\\/#\\\/schema\\\/logo\\\/image\\\/\",\"url\":\"https:\\\/\\\/voshaaroutdoor.com\\\/wp-content\\\/uploads\\\/2021\\\/11\\\/cropped-nieuwe-logo-rood.png\",\"contentUrl\":\"https:\\\/\\\/voshaaroutdoor.com\\\/wp-content\\\/uploads\\\/2021\\\/11\\\/cropped-nieuwe-logo-rood.png\",\"width\":512,\"height\":512,\"caption\":\"Voshaar Outdoor & Education\"},\"image\":{\"@id\":\"https:\\\/\\\/voshaaroutdoor.com\\\/#\\\/schema\\\/logo\\\/image\\\/\"},\"sameAs\":[\"https:\\\/\\\/www.facebook.com\\\/VoshaarOutdoorandEducation\",\"https:\\\/\\\/www.instagram.com\\\/voshaaroutdoorandeducation\\\/\"]}]}<\/script>\n<!-- \/ Yoast SEO plugin. -->","yoast_head_json":{"title":"Zuid Europa Special - VoshaarOutdoor.com","robots":{"index":"index","follow":"follow","max-snippet":"max-snippet:-1","max-image-preview":"max-image-preview:large","max-video-preview":"max-video-preview:-1"},"canonical":"https:\/\/voshaaroutdoor.com\/es\/zuid-europa-special\/","og_locale":"es_ES","og_type":"article","og_title":"Zuid Europa Special","og_description":"Fauna en Flora in Zuid Europa","og_url":"https:\/\/voshaaroutdoor.com\/es\/zuid-europa-special\/","og_site_name":"VoshaarOutdoor.com","article_publisher":"https:\/\/www.facebook.com\/VoshaarOutdoorandEducation","article_modified_time":"2026-05-01T12:10:03+00:00","og_image":[{"width":2560,"height":1440,"url":"https:\/\/voshaaroutdoor.com\/wp-content\/uploads\/2026\/03\/Z-Europa-FB-scaled.jpeg","type":"image\/jpeg"}],"twitter_card":"summary_large_image","twitter_misc":{"Tiempo de lectura":"4 minutos"},"schema":{"@context":"https:\/\/schema.org","@graph":[{"@type":"WebPage","@id":"https:\/\/voshaaroutdoor.com\/zuid-europa-special\/","url":"https:\/\/voshaaroutdoor.com\/zuid-europa-special\/","name":"Zuid Europa Special - VoshaarOutdoor.com","isPartOf":{"@id":"https:\/\/voshaaroutdoor.com\/#website"},"primaryImageOfPage":{"@id":"https:\/\/voshaaroutdoor.com\/zuid-europa-special\/#primaryimage"},"image":{"@id":"https:\/\/voshaaroutdoor.com\/zuid-europa-special\/#primaryimage"},"thumbnailUrl":"https:\/\/voshaaroutdoor.com\/wp-content\/uploads\/2026\/03\/Z-Europa-FB-scaled.jpeg","datePublished":"2026-03-07T15:11:01+00:00","dateModified":"2026-05-01T12:10:03+00:00","breadcrumb":{"@id":"https:\/\/voshaaroutdoor.com\/zuid-europa-special\/#breadcrumb"},"inLanguage":"es","potentialAction":[{"@type":"ReadAction","target":["https:\/\/voshaaroutdoor.com\/zuid-europa-special\/"]}]},{"@type":"ImageObject","inLanguage":"es","@id":"https:\/\/voshaaroutdoor.com\/zuid-europa-special\/#primaryimage","url":"https:\/\/voshaaroutdoor.com\/wp-content\/uploads\/2026\/03\/Z-Europa-FB-scaled.jpeg","contentUrl":"https:\/\/voshaaroutdoor.com\/wp-content\/uploads\/2026\/03\/Z-Europa-FB-scaled.jpeg","width":2560,"height":1440},{"@type":"BreadcrumbList","@id":"https:\/\/voshaaroutdoor.com\/zuid-europa-special\/#breadcrumb","itemListElement":[{"@type":"ListItem","position":1,"name":"Home","item":"https:\/\/voshaaroutdoor.com\/"},{"@type":"ListItem","position":2,"name":"Zuid Europa Special"}]},{"@type":"WebSite","@id":"https:\/\/voshaaroutdoor.com\/#website","url":"https:\/\/voshaaroutdoor.com\/","name":"VoshaarOutdoor.com","description":"Voshaar Outdoor &amp; Education - Capacitaciones, cursos y educaci\u00f3n","publisher":{"@id":"https:\/\/voshaaroutdoor.com\/#organization"},"potentialAction":[{"@type":"SearchAction","target":{"@type":"EntryPoint","urlTemplate":"https:\/\/voshaaroutdoor.com\/?s={search_term_string}"},"query-input":{"@type":"PropertyValueSpecification","valueRequired":true,"valueName":"search_term_string"}}],"inLanguage":"es"},{"@type":"Organization","@id":"https:\/\/voshaaroutdoor.com\/#organization","name":"Voshaar Actividades al aire libre y educaci\u00f3n","url":"https:\/\/voshaaroutdoor.com\/","logo":{"@type":"ImageObject","inLanguage":"es","@id":"https:\/\/voshaaroutdoor.com\/#\/schema\/logo\/image\/","url":"https:\/\/voshaaroutdoor.com\/wp-content\/uploads\/2021\/11\/cropped-nieuwe-logo-rood.png","contentUrl":"https:\/\/voshaaroutdoor.com\/wp-content\/uploads\/2021\/11\/cropped-nieuwe-logo-rood.png","width":512,"height":512,"caption":"Voshaar Outdoor & Education"},"image":{"@id":"https:\/\/voshaaroutdoor.com\/#\/schema\/logo\/image\/"},"sameAs":["https:\/\/www.facebook.com\/VoshaarOutdoorandEducation","https:\/\/www.instagram.com\/voshaaroutdoorandeducation\/"]}]}},"_links":{"self":[{"href":"https:\/\/voshaaroutdoor.com\/es\/wp-json\/wp\/v2\/pages\/7775","targetHints":{"allow":["GET"]}}],"collection":[{"href":"https:\/\/voshaaroutdoor.com\/es\/wp-json\/wp\/v2\/pages"}],"about":[{"href":"https:\/\/voshaaroutdoor.com\/es\/wp-json\/wp\/v2\/types\/page"}],"author":[{"embeddable":true,"href":"https:\/\/voshaaroutdoor.com\/es\/wp-json\/wp\/v2\/users\/4"}],"replies":[{"embeddable":true,"href":"https:\/\/voshaaroutdoor.com\/es\/wp-json\/wp\/v2\/comments?post=7775"}],"version-history":[{"count":10,"href":"https:\/\/voshaaroutdoor.com\/es\/wp-json\/wp\/v2\/pages\/7775\/revisions"}],"predecessor-version":[{"id":8407,"href":"https:\/\/voshaaroutdoor.com\/es\/wp-json\/wp\/v2\/pages\/7775\/revisions\/8407"}],"wp:featuredmedia":[{"embeddable":true,"href":"https:\/\/voshaaroutdoor.com\/es\/wp-json\/wp\/v2\/media\/7776"}],"wp:attachment":[{"href":"https:\/\/voshaaroutdoor.com\/es\/wp-json\/wp\/v2\/media?parent=7775"}],"curies":[{"name":"gracias","href":"https:\/\/api.w.org\/{rel}","templated":true}]}}