{"id":7109,"date":"2024-12-04T19:09:51","date_gmt":"2024-12-04T19:09:51","guid":{"rendered":"https:\/\/voshaaroutdoor.com\/?page_id=7109"},"modified":"2024-12-04T19:09:51","modified_gmt":"2024-12-04T19:09:51","slug":"algemene-voorwaarden-wedstrijden-en-evenementen","status":"publish","type":"page","link":"https:\/\/voshaaroutdoor.com\/es\/algemene-voorwaarden-wedstrijden-en-evenementen\/","title":{"rendered":"T\u00e9rminos y condiciones generales para concursos y eventos."},"content":{"rendered":"<div class=\"wpb-content-wrapper\"><div class=\"vc_row wpb_row vc_row-fluid\" ><div class=\"wpb_column vc_column_container vc_col-sm-12\"><div class=\"vc_column-inner\"><div class=\"wpb_wrapper\">\n\t<div class=\"wpb_text_column wpb_content_element\" >\n\t\t<div class=\"wpb_wrapper\">\n\t\t\t<p><strong>T\u00e9rminos y condiciones generales para la participaci\u00f3n en concursos y eventos de Voshaar.<\/strong><\/p>\n<p>&nbsp;<\/p>\n<p>Art\u00edculo 1 Definiciones En estos t\u00e9rminos y condiciones generales se aplican las siguientes definiciones:<\/p>\n<ol>\n<li>a) Organizador: .<\/li>\n<li>b) Evento: Los eventos\/competiciones organizados por el Organizador o bajo el auspicio del Organizador.<\/li>\n<li>c) Participante: la persona f\u00edsica, que no act\u00faa como empresario, que se ha registrado para participar en el Evento en la forma permitida por el Organizador.<\/li>\n<li>d) Acuerdo: el acuerdo relativo a la participaci\u00f3n del Participante en el Evento.<\/li>\n<\/ol>\n<p>Estos t\u00e9rminos y condiciones generales se aplican a todos los Acuerdos.<\/p>\n<p>&nbsp;<\/p>\n<p>Art\u00edculo 2 Participaci\u00f3n<\/p>\n<ol>\n<li>La participaci\u00f3n en el Evento s\u00f3lo es posible para una persona f\u00edsica que cumpla con las disposiciones establecidas por el Organizador.<\/li>\n<li>El Participante s\u00f3lo podr\u00e1 participar en el Evento si ha cumplimentado de forma completa y veraz el correspondiente formulario de inscripci\u00f3n, si ha pagado la cuota de inscripci\u00f3n en su totalidad y si el participante ha aceptado los t\u00e9rminos y condiciones generales. El Organizador se reserva el derecho de eliminar en cualquier momento las inscripciones con datos personales introducidos incorrectamente.<\/li>\n<li>La inscripci\u00f3n y participaci\u00f3n en el Evento es personal e intransferible.<\/li>\n<li>Despu\u00e9s de la inscripci\u00f3n, ya no es posible el reembolso del importe de la inscripci\u00f3n.<\/li>\n<li>Al registrarse, el Participante se compromete a pagar la tarifa de inscripci\u00f3n, incluidos los extras solicitados, independientemente de la participaci\u00f3n real.<\/li>\n<li>Todos los participantes &quot;rechazados&quot; recibir\u00e1n su cuota de inscripci\u00f3n una vez cerrada la inscripci\u00f3n.<\/li>\n<li>Si el Evento no pudiera celebrarse por circunstancias excepcionales, se reembolsar\u00e1 el importe de la inscripci\u00f3n.<\/li>\n<li>El Organizador o una autoridad competente podr\u00e1 decidir terminar prematuramente, suspender o neutralizar el Evento debido a circunstancias excepcionales. El Organizador o una autoridad competente tambi\u00e9n podr\u00e1 decidir mover, adelantar o abandonar o incluso cancelar partes bas\u00e1ndose en circunstancias excepcionales. En estos casos no se realizar\u00e1 ninguna devoluci\u00f3n del importe de la inscripci\u00f3n.<\/li>\n<\/ol>\n<p>&nbsp;<\/p>\n<p>Art\u00edculo 3 Responsabilidad<\/p>\n<ol>\n<li>La participaci\u00f3n es bajo su propio riesgo. El Organizador no se hace responsable de ning\u00fan da\u00f1o, cualquiera que sea su denominaci\u00f3n, que el Participante pueda sufrir como consecuencia de su participaci\u00f3n, salvo que dicho da\u00f1o sea consecuencia directa de dolo o negligencia grave imputable al Organizador. Esta exclusi\u00f3n de responsabilidad tambi\u00e9n se aplica a tipos de da\u00f1os graves, como todos los tipos posibles de da\u00f1os derivados de lesiones o muerte.<\/li>\n<li>Si, a pesar de lo dispuesto en el primer p\u00e1rrafo de este art\u00edculo, debe asumirse la responsabilidad del Organizador por da\u00f1os causados al Participante, la obligaci\u00f3n del Organizador de compensar ese da\u00f1o queda limitada a un m\u00e1ximo de la cantidad que el asegurador del Organizador que paga da\u00f1os y perjuicios.<\/li>\n<li>El Participante deber\u00e1 estar adecuadamente asegurado contra el riesgo de da\u00f1o que \u00e9l o un familiar sobreviviente pueda sufrir como resultado de su muerte, lesi\u00f3n o enfermedad causada por su participaci\u00f3n en el Evento.<\/li>\n<li>El Participante declara que es consciente de que la participaci\u00f3n requiere buena salud tanto en el sentido psicol\u00f3gico como f\u00edsico, y declara que cumple con este requisito y que se ha preparado suficientemente para el Evento mediante el entrenamiento y otros medios. El Organizador aconseja expresa y urgentemente al Participante que se someta a un reconocimiento m\u00e9dico deportivo en relaci\u00f3n con la participaci\u00f3n en una competici\u00f3n.<\/li>\n<li>El Participante indemnizar\u00e1 al Organizador por los da\u00f1os que puedan sufrir terceros como consecuencia de un acto u omisi\u00f3n imputable al Participante respecto del Evento. El Participante deber\u00e1 estar adecuadamente asegurado contra el riesgo de responsabilidad por dichos da\u00f1os.<\/li>\n<li>Los Patrocinadores del Evento en el que se desarrolla el Evento quedan excluidos de responsabilidad.<\/li>\n<\/ol>\n<p>&nbsp;<\/p>\n<p>Art\u00edculo 4 Derecho de retrato<\/p>\n<p>El Participante da permiso por adelantado al Organizador y sus socios para la publicaci\u00f3n de fotograf\u00edas e im\u00e1genes y similares tomadas durante o alrededor del Evento, en las que el Participante es visible. El Organizador no debe al Participante ninguna compensaci\u00f3n a este respecto.<\/p>\n<p>&nbsp;<\/p>\n<p>Art\u00edculo 5 Datos personales<\/p>\n<p>Los datos personales facilitados por el Participante ser\u00e1n incluidos en un fichero del Organizador. Al celebrar el Acuerdo, el Participante otorga permiso al Organizador para utilizar los datos personales para enviar informaci\u00f3n al Participante y para proporcionar los datos personales al Organizador con el fin de enviar informaci\u00f3n al Participante. El Participante puede indicar en cualquier momento, de forma gratuita, por escrito o por correo electr\u00f3nico, que se opone al env\u00edo de informaci\u00f3n o al suministro de datos personales por parte del Organizador, tras lo cual el Organizador dejar\u00e1 de enviar o proporcionar datos personales. Al celebrar el Acuerdo, el Participante otorga permiso al Organizador para hacer p\u00fablicos su nombre y los resultados de la competencia, por ejemplo mediante publicaci\u00f3n a trav\u00e9s de Internet y otros medios.<\/p>\n<p>&nbsp;<\/p>\n<p>Art\u00edculo 6 Reglas de Competici\u00f3n (Competiciones)<\/p>\n<p>Al participar en el Evento, el Participante acepta la aplicaci\u00f3n de las reglas de la competencia y cualquier disposici\u00f3n de la competencia. Las citadas normas y disposiciones forman parte integrante de los presentes t\u00e9rminos y condiciones generales.<\/p>\n<p>&nbsp;<\/p>\n<p>Art\u00edculo 7 Validez de las disposiciones<\/p>\n<p>Si uno o m\u00e1s art\u00edculos de estas condiciones son nulos o ilegales, por cualquier motivo, esto no afectar\u00e1 la validez de las dem\u00e1s partes de las condiciones.<\/p>\n<p>&nbsp;<\/p>\n<p>&nbsp;<\/p>\n<p>&nbsp;<\/p>\n\n\t\t<\/div>\n\t<\/div>\n<div class=\"vc_empty_space\"   style=\"height: 32px\"><span class=\"vc_empty_space_inner\"><\/span><\/div><\/div><\/div><\/div><\/div><div class=\"vc_row wpb_row vc_row-fluid\" ><div class=\"wpb_column vc_column_container vc_col-sm-12\"><div class=\"vc_column-inner\"><div class=\"wpb_wrapper\"><\/div><\/div><\/div><\/div><div class=\"vc_row wpb_row vc_row-fluid\" ><div class=\"wpb_column vc_column_container vc_col-sm-12\"><div class=\"vc_column-inner\"><div class=\"wpb_wrapper\">\n\t<div class=\"wpb_text_column wpb_content_element\" >\n\t\t<div class=\"wpb_wrapper\">\n\t\t\t<a href=\"https:\/\/voshaaroutdoor.com\/wp-content\/uploads\/2024\/12\/Voshaar-Algemene-voorwaarden-wedstrijden-en-evenementen.pdf\" class=\"pdfemb-viewer\" style=\"\" data-width=\"max\" data-height=\"max\" data-toolbar=\"bottom\" data-toolbar-fixed=\"off\">Voshaar T\u00e9rminos y condiciones generales para concursos y eventos<\/a>\n\n\t\t<\/div>\n\t<\/div>\n<div class=\"vc_empty_space\"   style=\"height: 32px\"><span class=\"vc_empty_space_inner\"><\/span><\/div><\/div><\/div><\/div><\/div>\n<\/div>","protected":false},"excerpt":{"rendered":"Algemene voorwaarden deelname Voshaar wedstrijden en evenementen. &nbsp; Artikel 1 \u00a0Definities In deze algemene voorwaarden wordt verstaan onder: a) Organisator: . b) Evenement: De evenementen \/ wedstrijden die door de Organisator c.q. onder auspici\u00ebn van de Organisator worden georganiseerd. c) Deelnemer: de natuurlijke persoon, niet handelend als ondernemer, die zich op een door de Organisator toegelaten wijze heeft ingeschreven voor deelname aan het Evenement. d) Overeenkomst: de overeenkomst strekkend tot deelname van de Deelnemer aan het Evenement. Deze algemene voorwaarden zijn van toepassing op elke Overeenkomst. &nbsp; Artikel 2 Deelname Deelname aan het Evenement is uitsluitend mogelijk voor een natuurlijke persoon die voldoet aan de door de Organisator vastgestelde bepalingen. De Deelnemer mag aan het Evenement slechts deelnemen indien hij het daartoe strekkende inschrijfformulier volledig en naar waarheid heeft ingevuld, indien het inschrijfgeld volledig is voldaan en indien de deelnemer akkoord is gegaan met de algemene voorwaarden. De Organisator behoudt [...]","protected":false},"author":4,"featured_media":0,"parent":0,"menu_order":0,"comment_status":"closed","ping_status":"closed","template":"","meta":{"footnotes":""},"class_list":["post-7109","page","type-page","status-publish","hentry"],"yoast_head":"<!-- This site is optimized with the Yoast SEO plugin v27.4 - https:\/\/yoast.com\/product\/yoast-seo-wordpress\/ -->\n<title>Algemene voorwaarden wedstrijden en evenementen - VoshaarOutdoor.com<\/title>\n<meta name=\"robots\" content=\"index, follow, max-snippet:-1, max-image-preview:large, max-video-preview:-1\" \/>\n<link rel=\"canonical\" href=\"https:\/\/voshaaroutdoor.com\/es\/algemene-voorwaarden-wedstrijden-en-evenementen\/\" \/>\n<meta property=\"og:locale\" content=\"es_ES\" \/>\n<meta property=\"og:type\" content=\"article\" \/>\n<meta property=\"og:title\" content=\"Algemene voorwaarden wedstrijden en evenementen - VoshaarOutdoor.com\" \/>\n<meta property=\"og:url\" content=\"https:\/\/voshaaroutdoor.com\/es\/algemene-voorwaarden-wedstrijden-en-evenementen\/\" \/>\n<meta property=\"og:site_name\" content=\"VoshaarOutdoor.com\" \/>\n<meta property=\"article:publisher\" content=\"https:\/\/www.facebook.com\/VoshaarOutdoorandEducation\" \/>\n<meta name=\"twitter:card\" content=\"summary_large_image\" \/>\n<meta name=\"twitter:label1\" content=\"Tiempo de lectura\" \/>\n\t<meta name=\"twitter:data1\" content=\"5 minutos\" \/>\n<script type=\"application\/ld+json\" class=\"yoast-schema-graph\">{\"@context\":\"https:\\\/\\\/schema.org\",\"@graph\":[{\"@type\":\"WebPage\",\"@id\":\"https:\\\/\\\/voshaaroutdoor.com\\\/algemene-voorwaarden-wedstrijden-en-evenementen\\\/\",\"url\":\"https:\\\/\\\/voshaaroutdoor.com\\\/algemene-voorwaarden-wedstrijden-en-evenementen\\\/\",\"name\":\"Algemene voorwaarden wedstrijden en evenementen - VoshaarOutdoor.com\",\"isPartOf\":{\"@id\":\"https:\\\/\\\/voshaaroutdoor.com\\\/#website\"},\"datePublished\":\"2024-12-04T19:09:51+00:00\",\"breadcrumb\":{\"@id\":\"https:\\\/\\\/voshaaroutdoor.com\\\/algemene-voorwaarden-wedstrijden-en-evenementen\\\/#breadcrumb\"},\"inLanguage\":\"es\",\"potentialAction\":[{\"@type\":\"ReadAction\",\"target\":[\"https:\\\/\\\/voshaaroutdoor.com\\\/algemene-voorwaarden-wedstrijden-en-evenementen\\\/\"]}]},{\"@type\":\"BreadcrumbList\",\"@id\":\"https:\\\/\\\/voshaaroutdoor.com\\\/algemene-voorwaarden-wedstrijden-en-evenementen\\\/#breadcrumb\",\"itemListElement\":[{\"@type\":\"ListItem\",\"position\":1,\"name\":\"Home\",\"item\":\"https:\\\/\\\/voshaaroutdoor.com\\\/\"},{\"@type\":\"ListItem\",\"position\":2,\"name\":\"Algemene voorwaarden wedstrijden en evenementen\"}]},{\"@type\":\"WebSite\",\"@id\":\"https:\\\/\\\/voshaaroutdoor.com\\\/#website\",\"url\":\"https:\\\/\\\/voshaaroutdoor.com\\\/\",\"name\":\"VoshaarOutdoor.com\",\"description\":\"Voshaar Outdoor &amp; Education - Trainingen, cursussen en opleidingen\",\"publisher\":{\"@id\":\"https:\\\/\\\/voshaaroutdoor.com\\\/#organization\"},\"potentialAction\":[{\"@type\":\"SearchAction\",\"target\":{\"@type\":\"EntryPoint\",\"urlTemplate\":\"https:\\\/\\\/voshaaroutdoor.com\\\/?s={search_term_string}\"},\"query-input\":{\"@type\":\"PropertyValueSpecification\",\"valueRequired\":true,\"valueName\":\"search_term_string\"}}],\"inLanguage\":\"es\"},{\"@type\":\"Organization\",\"@id\":\"https:\\\/\\\/voshaaroutdoor.com\\\/#organization\",\"name\":\"Voshaar Outdoor & Education\",\"url\":\"https:\\\/\\\/voshaaroutdoor.com\\\/\",\"logo\":{\"@type\":\"ImageObject\",\"inLanguage\":\"es\",\"@id\":\"https:\\\/\\\/voshaaroutdoor.com\\\/#\\\/schema\\\/logo\\\/image\\\/\",\"url\":\"https:\\\/\\\/voshaaroutdoor.com\\\/wp-content\\\/uploads\\\/2021\\\/11\\\/cropped-nieuwe-logo-rood.png\",\"contentUrl\":\"https:\\\/\\\/voshaaroutdoor.com\\\/wp-content\\\/uploads\\\/2021\\\/11\\\/cropped-nieuwe-logo-rood.png\",\"width\":512,\"height\":512,\"caption\":\"Voshaar Outdoor & Education\"},\"image\":{\"@id\":\"https:\\\/\\\/voshaaroutdoor.com\\\/#\\\/schema\\\/logo\\\/image\\\/\"},\"sameAs\":[\"https:\\\/\\\/www.facebook.com\\\/VoshaarOutdoorandEducation\",\"https:\\\/\\\/www.instagram.com\\\/voshaaroutdoorandeducation\\\/\"]}]}<\/script>\n<!-- \/ Yoast SEO plugin. -->","yoast_head_json":{"title":"Condiciones generales para competiciones y eventos - VoshaarOutdoor.com","robots":{"index":"index","follow":"follow","max-snippet":"max-snippet:-1","max-image-preview":"max-image-preview:large","max-video-preview":"max-video-preview:-1"},"canonical":"https:\/\/voshaaroutdoor.com\/es\/algemene-voorwaarden-wedstrijden-en-evenementen\/","og_locale":"es_ES","og_type":"article","og_title":"Algemene voorwaarden wedstrijden en evenementen - VoshaarOutdoor.com","og_url":"https:\/\/voshaaroutdoor.com\/es\/algemene-voorwaarden-wedstrijden-en-evenementen\/","og_site_name":"VoshaarOutdoor.com","article_publisher":"https:\/\/www.facebook.com\/VoshaarOutdoorandEducation","twitter_card":"summary_large_image","twitter_misc":{"Tiempo de lectura":"5 minutos"},"schema":{"@context":"https:\/\/schema.org","@graph":[{"@type":"WebPage","@id":"https:\/\/voshaaroutdoor.com\/algemene-voorwaarden-wedstrijden-en-evenementen\/","url":"https:\/\/voshaaroutdoor.com\/algemene-voorwaarden-wedstrijden-en-evenementen\/","name":"Condiciones generales para competiciones y eventos - VoshaarOutdoor.com","isPartOf":{"@id":"https:\/\/voshaaroutdoor.com\/#website"},"datePublished":"2024-12-04T19:09:51+00:00","breadcrumb":{"@id":"https:\/\/voshaaroutdoor.com\/algemene-voorwaarden-wedstrijden-en-evenementen\/#breadcrumb"},"inLanguage":"es","potentialAction":[{"@type":"ReadAction","target":["https:\/\/voshaaroutdoor.com\/algemene-voorwaarden-wedstrijden-en-evenementen\/"]}]},{"@type":"BreadcrumbList","@id":"https:\/\/voshaaroutdoor.com\/algemene-voorwaarden-wedstrijden-en-evenementen\/#breadcrumb","itemListElement":[{"@type":"ListItem","position":1,"name":"Home","item":"https:\/\/voshaaroutdoor.com\/"},{"@type":"ListItem","position":2,"name":"Algemene voorwaarden wedstrijden en evenementen"}]},{"@type":"WebSite","@id":"https:\/\/voshaaroutdoor.com\/#website","url":"https:\/\/voshaaroutdoor.com\/","name":"VoshaarOutdoor.com","description":"Voshaar Outdoor &amp; Education - Capacitaciones, cursos y educaci\u00f3n","publisher":{"@id":"https:\/\/voshaaroutdoor.com\/#organization"},"potentialAction":[{"@type":"SearchAction","target":{"@type":"EntryPoint","urlTemplate":"https:\/\/voshaaroutdoor.com\/?s={search_term_string}"},"query-input":{"@type":"PropertyValueSpecification","valueRequired":true,"valueName":"search_term_string"}}],"inLanguage":"es"},{"@type":"Organization","@id":"https:\/\/voshaaroutdoor.com\/#organization","name":"Voshaar Actividades al aire libre y educaci\u00f3n","url":"https:\/\/voshaaroutdoor.com\/","logo":{"@type":"ImageObject","inLanguage":"es","@id":"https:\/\/voshaaroutdoor.com\/#\/schema\/logo\/image\/","url":"https:\/\/voshaaroutdoor.com\/wp-content\/uploads\/2021\/11\/cropped-nieuwe-logo-rood.png","contentUrl":"https:\/\/voshaaroutdoor.com\/wp-content\/uploads\/2021\/11\/cropped-nieuwe-logo-rood.png","width":512,"height":512,"caption":"Voshaar Outdoor & Education"},"image":{"@id":"https:\/\/voshaaroutdoor.com\/#\/schema\/logo\/image\/"},"sameAs":["https:\/\/www.facebook.com\/VoshaarOutdoorandEducation","https:\/\/www.instagram.com\/voshaaroutdoorandeducation\/"]}]}},"_links":{"self":[{"href":"https:\/\/voshaaroutdoor.com\/es\/wp-json\/wp\/v2\/pages\/7109","targetHints":{"allow":["GET"]}}],"collection":[{"href":"https:\/\/voshaaroutdoor.com\/es\/wp-json\/wp\/v2\/pages"}],"about":[{"href":"https:\/\/voshaaroutdoor.com\/es\/wp-json\/wp\/v2\/types\/page"}],"author":[{"embeddable":true,"href":"https:\/\/voshaaroutdoor.com\/es\/wp-json\/wp\/v2\/users\/4"}],"replies":[{"embeddable":true,"href":"https:\/\/voshaaroutdoor.com\/es\/wp-json\/wp\/v2\/comments?post=7109"}],"version-history":[{"count":1,"href":"https:\/\/voshaaroutdoor.com\/es\/wp-json\/wp\/v2\/pages\/7109\/revisions"}],"predecessor-version":[{"id":7111,"href":"https:\/\/voshaaroutdoor.com\/es\/wp-json\/wp\/v2\/pages\/7109\/revisions\/7111"}],"wp:attachment":[{"href":"https:\/\/voshaaroutdoor.com\/es\/wp-json\/wp\/v2\/media?parent=7109"}],"curies":[{"name":"gracias","href":"https:\/\/api.w.org\/{rel}","templated":true}]}}