{"id":6730,"date":"2024-08-15T20:16:09","date_gmt":"2024-08-15T20:16:09","guid":{"rendered":"https:\/\/voshaaroutdoor.com\/?page_id=6730"},"modified":"2025-12-27T10:23:46","modified_gmt":"2025-12-27T10:23:46","slug":"extremadura","status":"publish","type":"page","link":"https:\/\/voshaaroutdoor.com\/es\/extremadura\/","title":{"rendered":"Espa\u00f1a \u2013 Extremadura"},"content":{"rendered":"<div class=\"wpb-content-wrapper\"><div class=\"vc_row wpb_row vc_row-fluid\" ><div class=\"wpb_column vc_column_container vc_col-sm-12\"><div class=\"vc_column-inner\"><div class=\"wpb_wrapper\">\n\t<div class=\"wpb_text_column wpb_content_element\" >\n\t\t<div class=\"wpb_wrapper\">\n\t\t\t<p style=\"text-align: center;\">Cinco d\u00edas en el para\u00edso de las aves espa\u00f1olas, Extremadura.<\/p>\n\n\t\t<\/div>\n\t<\/div>\n<div class=\"vc_empty_space\"   style=\"height: 32px\"><span class=\"vc_empty_space_inner\"><\/span><\/div><div class=\"vc_btn3-container vc_btn3-center vc_do_btn\" ><a class=\"vc_general vc_btn3 vc_btn3-size-md vc_btn3-shape-rounded vc_btn3-style-modern vc_btn3-color-grey\" href=\"https:\/\/www.nowonlinetickets.nl\/Shop\/EventDetails\/EDCF101A8002FFF29525332DAE471B32\" title=\"\" target=\"_blank\">Inscripci\u00f3n 2026<\/a><\/div><div class=\"vc_empty_space\"   style=\"height: 32px\"><span class=\"vc_empty_space_inner\"><\/span><\/div><\/div><\/div><\/div><\/div><div class=\"vc_row wpb_row vc_row-fluid\" ><div class=\"wpb_column vc_column_container vc_col-sm-12\"><div class=\"vc_column-inner\"><div class=\"wpb_wrapper\">\n\t<div class=\"wpb_video_widget wpb_content_element vc_clearfix   vc_video-aspect-ratio-169 vc_video-el-width-100 vc_video-align-center\" >\n\t\t<div class=\"wpb_wrapper\">\n\t\t\t\n\t\t\t<div class=\"wpb_video_wrapper\"><iframe loading=\"lazy\" title=\"Extremadura, Espa\u00f1a\" width=\"500\" height=\"281\" src=\"https:\/\/www.youtube.com\/embed\/SUN3A93UDHM?feature=oembed\" frameborder=\"0\" allow=\"accelerometer; autoplay; clipboard-write; encrypted-media; gyroscope; picture-in-picture; web-share\" referrerpolicy=\"strict-origin-when-cross-origin\" allowfullscreen><\/iframe><\/div>\n\t\t<\/div>\n\t<\/div>\n<div class=\"vc_empty_space\"   style=\"height: 32px\"><span class=\"vc_empty_space_inner\"><\/span><\/div><\/div><\/div><\/div><\/div><div class=\"vc_row wpb_row vc_row-fluid\" ><div class=\"wpb_column vc_column_container vc_col-sm-12\"><div class=\"vc_column-inner\"><div class=\"wpb_wrapper\">\n\t<div class=\"wpb_text_column wpb_content_element\" >\n\t\t<div class=\"wpb_wrapper\">\n\t\t\t<p style=\"text-align: center;\">Cinco d\u00edas en el Parque Nacional de Monfrag\u00fce y alrededores (con posibles excursiones a Canamero y\/o Caseres) con especial atenci\u00f3n a aves rapaces como el \u00e1guila imperial ib\u00e9rica, buitre negro, \u00e1guila calzada, \u00e1guila real, buitre leonado, \u00e1guila aguililla , alimoche, milano gris, \u00e1guila culebra, milano real y milano negro. Adem\u00e1s, otras especies de aves como el abejaruco, la abubilla, la orop\u00e9ndola, el b\u00faho real y la cig\u00fce\u00f1a negra.<br \/>\nEn el parque tambi\u00e9n se encuentra el lince ib\u00e9rico y hay muchos ciervos y jabal\u00edes.<br \/>\nNuestros gu\u00edas conocen los mejores lugares. Las caminatas no son largas ni dif\u00edciles para llegar a los mejores lugares.<\/p>\n<p style=\"text-align: center;\">Fechas:<br \/>\n18-22 de abril de 2026<br \/>\nCoste: 400,00\u20ac<br \/>\n(excluidos viajes, alojamiento, comidas y bebidas)<br \/>\nInicio d\u00eda 1: 13:00<br \/>\nFin del d\u00eda 5: 13:00<br \/>\nConsejos para alojamiento pr\u00f3ximamente en esta p\u00e1gina.<br \/>\n<strong>Para todos nuestros viajes, los participantes deben tener 18 a\u00f1os o m\u00e1s al momento del viaje.<\/strong><\/p>\n<p style=\"text-align: center;\">Puedes combinar este viaje con Somiedo<br \/>\nLa Vuelta<br \/>\n<a href=\"https:\/\/voshaaroutdoor.com\/es\/spanje-la-vuelta\/\" target=\"_blank\" rel=\"noopener\">&gt; Informaci\u00f3n<\/a><\/p>\n\n\t\t<\/div>\n\t<\/div>\n<div class=\"vc_empty_space\"   style=\"height: 32px\"><span class=\"vc_empty_space_inner\"><\/span><\/div><\/div><\/div><\/div><\/div><div class=\"vc_row wpb_row vc_row-fluid\" ><div class=\"wpb_column vc_column_container vc_col-sm-12\"><div class=\"vc_column-inner\"><div class=\"wpb_wrapper\">\n\t<div  class=\"wpb_single_image wpb_content_element vc_align_center wpb_content_element\">\n\t\t\n\t\t<figure class=\"wpb_wrapper vc_figure\">\n\t\t\t<div class=\"vc_single_image-wrapper   vc_box_border_grey\"><img loading=\"lazy\" decoding=\"async\" width=\"1024\" height=\"768\" src=\"https:\/\/voshaaroutdoor.com\/wp-content\/uploads\/2024\/08\/101_0352-1024x768.jpg\" class=\"vc_single_image-img attachment-large\" alt=\"\" title=\"C\u00e1mara fotogr\u00e1fica digital KODAK\" srcset=\"https:\/\/voshaaroutdoor.com\/wp-content\/uploads\/2024\/08\/101_0352-1024x768.jpg 1024w, https:\/\/voshaaroutdoor.com\/wp-content\/uploads\/2024\/08\/101_0352-300x225.jpg 300w, https:\/\/voshaaroutdoor.com\/wp-content\/uploads\/2024\/08\/101_0352-768x576.jpg 768w, https:\/\/voshaaroutdoor.com\/wp-content\/uploads\/2024\/08\/101_0352-1536x1152.jpg 1536w, https:\/\/voshaaroutdoor.com\/wp-content\/uploads\/2024\/08\/101_0352-16x12.jpg 16w\" sizes=\"auto, (max-width: 1024px) 100vw, 1024px\" \/><\/div>\n\t\t<\/figure>\n\t<\/div>\n<div class=\"vc_empty_space\"   style=\"height: 32px\"><span class=\"vc_empty_space_inner\"><\/span><\/div><\/div><\/div><\/div><\/div><div class=\"vc_row wpb_row vc_row-fluid\" ><div class=\"wpb_column vc_column_container vc_col-sm-12\"><div class=\"vc_column-inner\"><div class=\"wpb_wrapper\">\n\t<div  class=\"wpb_single_image wpb_content_element vc_align_center wpb_content_element\">\n\t\t\n\t\t<figure class=\"wpb_wrapper vc_figure\">\n\t\t\t<div class=\"vc_single_image-wrapper   vc_box_border_grey\"><img loading=\"lazy\" decoding=\"async\" width=\"1024\" height=\"577\" src=\"https:\/\/voshaaroutdoor.com\/wp-content\/uploads\/2024\/08\/20240804_101134-1024x577.jpg\" class=\"vc_single_image-img attachment-large\" alt=\"\" title=\"20240804_101134\" srcset=\"https:\/\/voshaaroutdoor.com\/wp-content\/uploads\/2024\/08\/20240804_101134-1024x577.jpg 1024w, https:\/\/voshaaroutdoor.com\/wp-content\/uploads\/2024\/08\/20240804_101134-300x169.jpg 300w, https:\/\/voshaaroutdoor.com\/wp-content\/uploads\/2024\/08\/20240804_101134-768x432.jpg 768w, https:\/\/voshaaroutdoor.com\/wp-content\/uploads\/2024\/08\/20240804_101134-1536x865.jpg 1536w, https:\/\/voshaaroutdoor.com\/wp-content\/uploads\/2024\/08\/20240804_101134-18x10.jpg 18w, https:\/\/voshaaroutdoor.com\/wp-content\/uploads\/2024\/08\/20240804_101134-87x50.jpg 87w\" sizes=\"auto, (max-width: 1024px) 100vw, 1024px\" \/><\/div>\n\t\t<\/figure>\n\t<\/div>\n<div class=\"vc_empty_space\"   style=\"height: 32px\"><span class=\"vc_empty_space_inner\"><\/span><\/div><\/div><\/div><\/div><\/div><div class=\"vc_row wpb_row vc_row-fluid\" ><div class=\"wpb_column vc_column_container vc_col-sm-12\"><div class=\"vc_column-inner\"><div class=\"wpb_wrapper\">\n\t<div  class=\"wpb_single_image wpb_content_element vc_align_center wpb_content_element\">\n\t\t\n\t\t<figure class=\"wpb_wrapper vc_figure\">\n\t\t\t<div class=\"vc_single_image-wrapper   vc_box_border_grey\"><img loading=\"lazy\" decoding=\"async\" width=\"1024\" height=\"720\" src=\"https:\/\/voshaaroutdoor.com\/wp-content\/uploads\/2024\/08\/65561889_1060992204094578_3884162118043303936_n-1024x720.jpg\" class=\"vc_single_image-img attachment-large\" alt=\"\" title=\"65561889_1060992204094578_3884162118043303936_n\" srcset=\"https:\/\/voshaaroutdoor.com\/wp-content\/uploads\/2024\/08\/65561889_1060992204094578_3884162118043303936_n-1024x720.jpg 1024w, https:\/\/voshaaroutdoor.com\/wp-content\/uploads\/2024\/08\/65561889_1060992204094578_3884162118043303936_n-300x211.jpg 300w, https:\/\/voshaaroutdoor.com\/wp-content\/uploads\/2024\/08\/65561889_1060992204094578_3884162118043303936_n-768x540.jpg 768w, https:\/\/voshaaroutdoor.com\/wp-content\/uploads\/2024\/08\/65561889_1060992204094578_3884162118043303936_n-1536x1080.jpg 1536w, https:\/\/voshaaroutdoor.com\/wp-content\/uploads\/2024\/08\/65561889_1060992204094578_3884162118043303936_n-18x12.jpg 18w, https:\/\/voshaaroutdoor.com\/wp-content\/uploads\/2024\/08\/65561889_1060992204094578_3884162118043303936_n.jpg 1600w\" sizes=\"auto, (max-width: 1024px) 100vw, 1024px\" \/><\/div>\n\t\t<\/figure>\n\t<\/div>\n<div class=\"vc_empty_space\"   style=\"height: 32px\"><span class=\"vc_empty_space_inner\"><\/span><\/div><\/div><\/div><\/div><\/div>\n<\/div>","protected":false},"excerpt":{"rendered":"Vijf dagen in het Spaanse vogelparadijs, de Extremadura. Inschrijven 2026 Vijf dagen in het National Park Monfrag\u00fce en de directe omgeving (met mogelijke uitstapjes naar Canamero en\/of Caseres)\u00a0 met een focus op roofvogels als de Spaanse keizerarend, monniksgier, dwergarend, steenarend, vale gier, havikarend, aasgier, grijze wouw, slangenarend, rode wouw en zwarte wouw. Daarnaast ook andere vogelsoorten als de bijeneter, hop, wielewaal, oehoe en zwarte ooievaar. Ook de Iberische lynx komt voor in het park en er zijn heel veel edelherten en ook wilde zwijnen. Onze gidsen kennen de beste plekken. De wandelingen zijn niet lang en niet zwaar om op de beste locaties te komen. Data: 2026 18-22 april Kosten: \u20ac 400,- (exclusief reis, verblijf eten en drinken) Start dag 1: 13.00 Eind dag 5: 13.00 Tips voor accommodatie spoedig op deze pagina. Voor al onze reizen geldt dat deelnemers 18 jaar of ouder moeten zijn op het moment van [...]","protected":false},"author":4,"featured_media":6731,"parent":0,"menu_order":0,"comment_status":"closed","ping_status":"closed","template":"","meta":{"footnotes":""},"class_list":["post-6730","page","type-page","status-publish","has-post-thumbnail","hentry"],"yoast_head":"<!-- This site is optimized with the Yoast SEO plugin v27.4 - https:\/\/yoast.com\/product\/yoast-seo-wordpress\/ -->\n<title>Spanje - Extremadura - VoshaarOutdoor.com<\/title>\n<meta name=\"robots\" content=\"index, follow, max-snippet:-1, max-image-preview:large, max-video-preview:-1\" \/>\n<link rel=\"canonical\" href=\"https:\/\/voshaaroutdoor.com\/es\/extremadura\/\" \/>\n<meta property=\"og:locale\" content=\"es_ES\" \/>\n<meta property=\"og:type\" content=\"article\" \/>\n<meta property=\"og:title\" content=\"Extremadura\" \/>\n<meta property=\"og:url\" content=\"https:\/\/voshaaroutdoor.com\/es\/extremadura\/\" \/>\n<meta property=\"og:site_name\" content=\"VoshaarOutdoor.com\" \/>\n<meta property=\"article:publisher\" content=\"https:\/\/www.facebook.com\/VoshaarOutdoorandEducation\" \/>\n<meta property=\"article:modified_time\" content=\"2025-12-27T10:23:46+00:00\" \/>\n<meta property=\"og:image\" content=\"https:\/\/voshaaroutdoor.com\/wp-content\/uploads\/2024\/08\/101_0352-scaled.jpg\" \/>\n\t<meta property=\"og:image:width\" content=\"2560\" \/>\n\t<meta property=\"og:image:height\" content=\"1920\" \/>\n\t<meta property=\"og:image:type\" content=\"image\/jpeg\" \/>\n<meta name=\"twitter:card\" content=\"summary_large_image\" \/>\n<meta name=\"twitter:label1\" content=\"Tiempo de lectura\" \/>\n\t<meta name=\"twitter:data1\" content=\"2 minutos\" \/>\n<script type=\"application\/ld+json\" class=\"yoast-schema-graph\">{\"@context\":\"https:\\\/\\\/schema.org\",\"@graph\":[{\"@type\":\"WebPage\",\"@id\":\"https:\\\/\\\/voshaaroutdoor.com\\\/extremadura\\\/\",\"url\":\"https:\\\/\\\/voshaaroutdoor.com\\\/extremadura\\\/\",\"name\":\"Spanje - Extremadura - VoshaarOutdoor.com\",\"isPartOf\":{\"@id\":\"https:\\\/\\\/voshaaroutdoor.com\\\/#website\"},\"primaryImageOfPage\":{\"@id\":\"https:\\\/\\\/voshaaroutdoor.com\\\/extremadura\\\/#primaryimage\"},\"image\":{\"@id\":\"https:\\\/\\\/voshaaroutdoor.com\\\/extremadura\\\/#primaryimage\"},\"thumbnailUrl\":\"https:\\\/\\\/voshaaroutdoor.com\\\/wp-content\\\/uploads\\\/2024\\\/08\\\/101_0352-scaled.jpg\",\"datePublished\":\"2024-08-15T20:16:09+00:00\",\"dateModified\":\"2025-12-27T10:23:46+00:00\",\"breadcrumb\":{\"@id\":\"https:\\\/\\\/voshaaroutdoor.com\\\/extremadura\\\/#breadcrumb\"},\"inLanguage\":\"es\",\"potentialAction\":[{\"@type\":\"ReadAction\",\"target\":[\"https:\\\/\\\/voshaaroutdoor.com\\\/extremadura\\\/\"]}]},{\"@type\":\"ImageObject\",\"inLanguage\":\"es\",\"@id\":\"https:\\\/\\\/voshaaroutdoor.com\\\/extremadura\\\/#primaryimage\",\"url\":\"https:\\\/\\\/voshaaroutdoor.com\\\/wp-content\\\/uploads\\\/2024\\\/08\\\/101_0352-scaled.jpg\",\"contentUrl\":\"https:\\\/\\\/voshaaroutdoor.com\\\/wp-content\\\/uploads\\\/2024\\\/08\\\/101_0352-scaled.jpg\",\"width\":2560,\"height\":1920,\"caption\":\"KODAK Digital Still Camera\"},{\"@type\":\"BreadcrumbList\",\"@id\":\"https:\\\/\\\/voshaaroutdoor.com\\\/extremadura\\\/#breadcrumb\",\"itemListElement\":[{\"@type\":\"ListItem\",\"position\":1,\"name\":\"Home\",\"item\":\"https:\\\/\\\/voshaaroutdoor.com\\\/\"},{\"@type\":\"ListItem\",\"position\":2,\"name\":\"Spanje &#8211; Extremadura\"}]},{\"@type\":\"WebSite\",\"@id\":\"https:\\\/\\\/voshaaroutdoor.com\\\/#website\",\"url\":\"https:\\\/\\\/voshaaroutdoor.com\\\/\",\"name\":\"VoshaarOutdoor.com\",\"description\":\"Voshaar Outdoor &amp; Education - Trainingen, cursussen en opleidingen\",\"publisher\":{\"@id\":\"https:\\\/\\\/voshaaroutdoor.com\\\/#organization\"},\"potentialAction\":[{\"@type\":\"SearchAction\",\"target\":{\"@type\":\"EntryPoint\",\"urlTemplate\":\"https:\\\/\\\/voshaaroutdoor.com\\\/?s={search_term_string}\"},\"query-input\":{\"@type\":\"PropertyValueSpecification\",\"valueRequired\":true,\"valueName\":\"search_term_string\"}}],\"inLanguage\":\"es\"},{\"@type\":\"Organization\",\"@id\":\"https:\\\/\\\/voshaaroutdoor.com\\\/#organization\",\"name\":\"Voshaar Outdoor & Education\",\"url\":\"https:\\\/\\\/voshaaroutdoor.com\\\/\",\"logo\":{\"@type\":\"ImageObject\",\"inLanguage\":\"es\",\"@id\":\"https:\\\/\\\/voshaaroutdoor.com\\\/#\\\/schema\\\/logo\\\/image\\\/\",\"url\":\"https:\\\/\\\/voshaaroutdoor.com\\\/wp-content\\\/uploads\\\/2021\\\/11\\\/cropped-nieuwe-logo-rood.png\",\"contentUrl\":\"https:\\\/\\\/voshaaroutdoor.com\\\/wp-content\\\/uploads\\\/2021\\\/11\\\/cropped-nieuwe-logo-rood.png\",\"width\":512,\"height\":512,\"caption\":\"Voshaar Outdoor & Education\"},\"image\":{\"@id\":\"https:\\\/\\\/voshaaroutdoor.com\\\/#\\\/schema\\\/logo\\\/image\\\/\"},\"sameAs\":[\"https:\\\/\\\/www.facebook.com\\\/VoshaarOutdoorandEducation\",\"https:\\\/\\\/www.instagram.com\\\/voshaaroutdoorandeducation\\\/\"]}]}<\/script>\n<!-- \/ Yoast SEO plugin. -->","yoast_head_json":{"title":"Espa\u00f1a - Extremadura - VoshaarOutdoor.com","robots":{"index":"index","follow":"follow","max-snippet":"max-snippet:-1","max-image-preview":"max-image-preview:large","max-video-preview":"max-video-preview:-1"},"canonical":"https:\/\/voshaaroutdoor.com\/es\/extremadura\/","og_locale":"es_ES","og_type":"article","og_title":"Extremadura","og_url":"https:\/\/voshaaroutdoor.com\/es\/extremadura\/","og_site_name":"VoshaarOutdoor.com","article_publisher":"https:\/\/www.facebook.com\/VoshaarOutdoorandEducation","article_modified_time":"2025-12-27T10:23:46+00:00","og_image":[{"width":2560,"height":1920,"url":"https:\/\/voshaaroutdoor.com\/wp-content\/uploads\/2024\/08\/101_0352-scaled.jpg","type":"image\/jpeg"}],"twitter_card":"summary_large_image","twitter_misc":{"Tiempo de lectura":"2 minutos"},"schema":{"@context":"https:\/\/schema.org","@graph":[{"@type":"WebPage","@id":"https:\/\/voshaaroutdoor.com\/extremadura\/","url":"https:\/\/voshaaroutdoor.com\/extremadura\/","name":"Espa\u00f1a - Extremadura - VoshaarOutdoor.com","isPartOf":{"@id":"https:\/\/voshaaroutdoor.com\/#website"},"primaryImageOfPage":{"@id":"https:\/\/voshaaroutdoor.com\/extremadura\/#primaryimage"},"image":{"@id":"https:\/\/voshaaroutdoor.com\/extremadura\/#primaryimage"},"thumbnailUrl":"https:\/\/voshaaroutdoor.com\/wp-content\/uploads\/2024\/08\/101_0352-scaled.jpg","datePublished":"2024-08-15T20:16:09+00:00","dateModified":"2025-12-27T10:23:46+00:00","breadcrumb":{"@id":"https:\/\/voshaaroutdoor.com\/extremadura\/#breadcrumb"},"inLanguage":"es","potentialAction":[{"@type":"ReadAction","target":["https:\/\/voshaaroutdoor.com\/extremadura\/"]}]},{"@type":"ImageObject","inLanguage":"es","@id":"https:\/\/voshaaroutdoor.com\/extremadura\/#primaryimage","url":"https:\/\/voshaaroutdoor.com\/wp-content\/uploads\/2024\/08\/101_0352-scaled.jpg","contentUrl":"https:\/\/voshaaroutdoor.com\/wp-content\/uploads\/2024\/08\/101_0352-scaled.jpg","width":2560,"height":1920,"caption":"KODAK Digital Still Camera"},{"@type":"BreadcrumbList","@id":"https:\/\/voshaaroutdoor.com\/extremadura\/#breadcrumb","itemListElement":[{"@type":"ListItem","position":1,"name":"Home","item":"https:\/\/voshaaroutdoor.com\/"},{"@type":"ListItem","position":2,"name":"Spanje &#8211; Extremadura"}]},{"@type":"WebSite","@id":"https:\/\/voshaaroutdoor.com\/#website","url":"https:\/\/voshaaroutdoor.com\/","name":"VoshaarOutdoor.com","description":"Voshaar Outdoor &amp; Education - Capacitaciones, cursos y educaci\u00f3n","publisher":{"@id":"https:\/\/voshaaroutdoor.com\/#organization"},"potentialAction":[{"@type":"SearchAction","target":{"@type":"EntryPoint","urlTemplate":"https:\/\/voshaaroutdoor.com\/?s={search_term_string}"},"query-input":{"@type":"PropertyValueSpecification","valueRequired":true,"valueName":"search_term_string"}}],"inLanguage":"es"},{"@type":"Organization","@id":"https:\/\/voshaaroutdoor.com\/#organization","name":"Voshaar Actividades al aire libre y educaci\u00f3n","url":"https:\/\/voshaaroutdoor.com\/","logo":{"@type":"ImageObject","inLanguage":"es","@id":"https:\/\/voshaaroutdoor.com\/#\/schema\/logo\/image\/","url":"https:\/\/voshaaroutdoor.com\/wp-content\/uploads\/2021\/11\/cropped-nieuwe-logo-rood.png","contentUrl":"https:\/\/voshaaroutdoor.com\/wp-content\/uploads\/2021\/11\/cropped-nieuwe-logo-rood.png","width":512,"height":512,"caption":"Voshaar Outdoor & Education"},"image":{"@id":"https:\/\/voshaaroutdoor.com\/#\/schema\/logo\/image\/"},"sameAs":["https:\/\/www.facebook.com\/VoshaarOutdoorandEducation","https:\/\/www.instagram.com\/voshaaroutdoorandeducation\/"]}]}},"_links":{"self":[{"href":"https:\/\/voshaaroutdoor.com\/es\/wp-json\/wp\/v2\/pages\/6730","targetHints":{"allow":["GET"]}}],"collection":[{"href":"https:\/\/voshaaroutdoor.com\/es\/wp-json\/wp\/v2\/pages"}],"about":[{"href":"https:\/\/voshaaroutdoor.com\/es\/wp-json\/wp\/v2\/types\/page"}],"author":[{"embeddable":true,"href":"https:\/\/voshaaroutdoor.com\/es\/wp-json\/wp\/v2\/users\/4"}],"replies":[{"embeddable":true,"href":"https:\/\/voshaaroutdoor.com\/es\/wp-json\/wp\/v2\/comments?post=6730"}],"version-history":[{"count":17,"href":"https:\/\/voshaaroutdoor.com\/es\/wp-json\/wp\/v2\/pages\/6730\/revisions"}],"predecessor-version":[{"id":7666,"href":"https:\/\/voshaaroutdoor.com\/es\/wp-json\/wp\/v2\/pages\/6730\/revisions\/7666"}],"wp:featuredmedia":[{"embeddable":true,"href":"https:\/\/voshaaroutdoor.com\/es\/wp-json\/wp\/v2\/media\/6731"}],"wp:attachment":[{"href":"https:\/\/voshaaroutdoor.com\/es\/wp-json\/wp\/v2\/media?parent=6730"}],"curies":[{"name":"gracias","href":"https:\/\/api.w.org\/{rel}","templated":true}]}}