{"id":6399,"date":"2023-06-08T08:33:45","date_gmt":"2023-06-08T08:33:45","guid":{"rendered":"https:\/\/voshaaroutdoor.com\/?page_id=6399"},"modified":"2026-04-29T18:36:03","modified_gmt":"2026-04-29T18:36:03","slug":"shirts","status":"publish","type":"page","link":"https:\/\/voshaaroutdoor.com\/es\/shirts\/","title":{"rendered":"Ropa"},"content":{"rendered":"<div class=\"wpb-content-wrapper\"><div class=\"vc_row wpb_row vc_row-fluid\" ><div class=\"wpb_column vc_column_container vc_col-sm-12\"><div class=\"vc_column-inner\"><div class=\"wpb_wrapper\">\n\t<div class=\"wpb_text_column wpb_content_element\" >\n\t\t<div class=\"wpb_wrapper\">\n\t\t\t<p style=\"text-align: center;\">Tenemos ropa Craft en stock y siempre podemos pedir m\u00e1s.<\/p>\n\n\t\t<\/div>\n\t<\/div>\n<div class=\"vc_empty_space\"   style=\"height: 32px\"><span class=\"vc_empty_space_inner\"><\/span><\/div>\n\t<div  class=\"wpb_single_image wpb_content_element vc_align_center wpb_content_element\">\n\t\t\n\t\t<figure class=\"wpb_wrapper vc_figure\">\n\t\t\t<div class=\"vc_single_image-wrapper   vc_box_border_grey\"><img loading=\"lazy\" decoding=\"async\" width=\"819\" height=\"1024\" src=\"https:\/\/voshaaroutdoor.com\/wp-content\/uploads\/2025\/12\/Craft-Team-kleding-1-819x1024.jpeg\" class=\"vc_single_image-img attachment-large\" alt=\"\" title=\"Ropa del equipo de artesan\u00eda 1\" srcset=\"https:\/\/voshaaroutdoor.com\/wp-content\/uploads\/2025\/12\/Craft-Team-kleding-1-819x1024.jpeg 819w, https:\/\/voshaaroutdoor.com\/wp-content\/uploads\/2025\/12\/Craft-Team-kleding-1-240x300.jpeg 240w, https:\/\/voshaaroutdoor.com\/wp-content\/uploads\/2025\/12\/Craft-Team-kleding-1-768x960.jpeg 768w, https:\/\/voshaaroutdoor.com\/wp-content\/uploads\/2025\/12\/Craft-Team-kleding-1-1229x1536.jpeg 1229w, https:\/\/voshaaroutdoor.com\/wp-content\/uploads\/2025\/12\/Craft-Team-kleding-1-1638x2048.jpeg 1638w, https:\/\/voshaaroutdoor.com\/wp-content\/uploads\/2025\/12\/Craft-Team-kleding-1-10x12.jpeg 10w\" sizes=\"auto, (max-width: 819px) 100vw, 819px\" \/><\/div>\n\t\t<\/figure>\n\t<\/div>\n\n\t<div  class=\"wpb_single_image wpb_content_element vc_align_center wpb_content_element\">\n\t\t\n\t\t<figure class=\"wpb_wrapper vc_figure\">\n\t\t\t<div class=\"vc_single_image-wrapper   vc_box_border_grey\"><img loading=\"lazy\" decoding=\"async\" width=\"819\" height=\"1024\" src=\"https:\/\/voshaaroutdoor.com\/wp-content\/uploads\/2026\/01\/Craft-Teamkleding-2-819x1024.jpeg\" class=\"vc_single_image-img attachment-large\" alt=\"\" title=\"Ropa de equipo artesanal 2\" srcset=\"https:\/\/voshaaroutdoor.com\/wp-content\/uploads\/2026\/01\/Craft-Teamkleding-2-819x1024.jpeg 819w, https:\/\/voshaaroutdoor.com\/wp-content\/uploads\/2026\/01\/Craft-Teamkleding-2-240x300.jpeg 240w, https:\/\/voshaaroutdoor.com\/wp-content\/uploads\/2026\/01\/Craft-Teamkleding-2-768x960.jpeg 768w, https:\/\/voshaaroutdoor.com\/wp-content\/uploads\/2026\/01\/Craft-Teamkleding-2-1229x1536.jpeg 1229w, https:\/\/voshaaroutdoor.com\/wp-content\/uploads\/2026\/01\/Craft-Teamkleding-2-1638x2048.jpeg 1638w, https:\/\/voshaaroutdoor.com\/wp-content\/uploads\/2026\/01\/Craft-Teamkleding-2-10x12.jpeg 10w\" sizes=\"auto, (max-width: 819px) 100vw, 819px\" \/><\/div>\n\t\t<\/figure>\n\t<\/div>\n<div class=\"vc_empty_space\"   style=\"height: 32px\"><span class=\"vc_empty_space_inner\"><\/span><\/div><div class=\"vc_empty_space\"   style=\"height: 32px\"><span class=\"vc_empty_space_inner\"><\/span><\/div>\n\t<div class=\"wpb_text_column wpb_content_element\" >\n\t\t<div class=\"wpb_wrapper\">\n\t\t\t<p style=\"text-align: center;\">(Junioren) Tights Allsur5<\/p>\n<ol style=\"text-align: center;\">\n<li style=\"font-weight: 400;\" aria-level=\"1\"><span style=\"font-weight: 400;\">Ga naar\u00a0<\/span><a href=\"http:\/\/www.survivalkleding.nl\/\" target=\"_blank\" rel=\"noopener\"><span style=\"font-weight: 400;\">www.survivalkleding.nl<\/span><\/a><\/li>\n<li style=\"font-weight: 400;\" aria-level=\"1\"><span style=\"font-weight: 400;\">Kies rechtsboven voor &#8216;Account aanmaken&#8217;<\/span><\/li>\n<li style=\"font-weight: 400;\" aria-level=\"1\"><span style=\"font-weight: 400;\">Vul je gegevens in en kies een wachtwoord<\/span><\/li>\n<li style=\"font-weight: 400;\" aria-level=\"1\"><span style=\"font-weight: 400;\">Bij het kopje &#8216;Clubcode&#8217; vul je &#8216;Voshaar0545&#8217; in\u00a0<\/span><\/li>\n<li style=\"font-weight: 400;\" aria-level=\"1\"><span style=\"font-weight: 400;\">Je account is aangemaakt, Je kunt nu bij &#8216;Teamkleding &#8211; Voshaar&#8217; je producten bestellen. Uiteraard kun je ook producten uit de rest van de webshop in je winkelwagen gooien.\u00a0<\/span><\/li>\n<\/ol>\n<p style=\"text-align: center;\"><span style=\"font-weight: 400;\">Heb je al een account? Bij het inloggen verschijnt een melding met &#8216;Bestellen als club?&#8217;. Hier kun je dan alsnog de\u00a0clubcode\u00a0&#8216;Voshaar0545&#8217; invullen en je eigen clubkleding bestellen. Ook wanneer je reeds ingelogd bent, kun je de clubcode nog toevoegen door rechts bovenin op je naam te klikken. In het volgende menu staat rechtsonder het blokje &#8216;Clubcode&#8217;.\u00a0<\/span><\/p>\n\n\t\t<\/div>\n\t<\/div>\n\n\t<div class=\"wpb_text_column wpb_content_element\" >\n\t\t<div class=\"wpb_wrapper\">\n\t\t\t<p style=\"text-align: center;\">Tenemos muchas camisetas y sudaderas bonitas, divertidas y a veces hilarantes en la tienda.<\/p>\n\n\t\t<\/div>\n\t<\/div>\n<\/div><\/div><\/div><\/div><div class=\"vc_row wpb_row vc_row-fluid\" ><div class=\"wpb_column vc_column_container vc_col-sm-12\"><div class=\"vc_column-inner\"><div class=\"wpb_wrapper\"><div class=\"vc_btn3-container vc_btn3-center vc_do_btn\" ><a class=\"vc_general vc_btn3 vc_btn3-size-md vc_btn3-shape-rounded vc_btn3-style-modern vc_btn3-color-pink\" href=\"https:\/\/voshaar-outdoor-education.myshopify.com\/\" title=\"\" target=\"_blank\">COMERCIO<\/a><\/div><div class=\"vc_empty_space\"   style=\"height: 32px\"><span class=\"vc_empty_space_inner\"><\/span><\/div><\/div><\/div><\/div><\/div><div class=\"vc_row wpb_row vc_row-fluid\" ><div class=\"wpb_column vc_column_container vc_col-sm-12\"><div class=\"vc_column-inner\"><div class=\"wpb_wrapper\">\n\t<div class=\"wpb_text_column wpb_content_element\" >\n\t\t<div class=\"wpb_wrapper\">\n\t\t\t<p style=\"text-align: center;\">A continuaci\u00f3n se muestra una peque\u00f1a selecci\u00f3n de nuestra oferta.<\/p>\n\n\t\t<\/div>\n\t<\/div>\n<div class=\"vc_empty_space\"   style=\"height: 32px\"><span class=\"vc_empty_space_inner\"><\/span><\/div><\/div><\/div><\/div><\/div><div class=\"vc_row wpb_row vc_row-fluid\" ><div class=\"wpb_column vc_column_container vc_col-sm-12\"><div class=\"vc_column-inner\"><div class=\"wpb_wrapper\">\n\t<div  class=\"wpb_single_image wpb_content_element vc_align_center wpb_content_element\">\n\t\t\n\t\t<figure class=\"wpb_wrapper vc_figure\">\n\t\t\t<div class=\"vc_single_image-wrapper   vc_box_border_grey\"><img loading=\"lazy\" decoding=\"async\" width=\"671\" height=\"606\" src=\"https:\/\/voshaaroutdoor.com\/wp-content\/uploads\/2023\/06\/3.png\" class=\"vc_single_image-img attachment-large\" alt=\"\" title=\"3\" srcset=\"https:\/\/voshaaroutdoor.com\/wp-content\/uploads\/2023\/06\/3.png 671w, https:\/\/voshaaroutdoor.com\/wp-content\/uploads\/2023\/06\/3-300x271.png 300w\" sizes=\"auto, (max-width: 671px) 100vw, 671px\" \/><\/div>\n\t\t<\/figure>\n\t<\/div>\n<div class=\"vc_empty_space\"   style=\"height: 32px\"><span class=\"vc_empty_space_inner\"><\/span><\/div><\/div><\/div><\/div><\/div><div class=\"vc_row wpb_row vc_row-fluid\" ><div class=\"wpb_column vc_column_container vc_col-sm-12\"><div class=\"vc_column-inner\"><div class=\"wpb_wrapper\">\n\t<div  class=\"wpb_single_image wpb_content_element vc_align_center wpb_content_element\">\n\t\t\n\t\t<figure class=\"wpb_wrapper vc_figure\">\n\t\t\t<div class=\"vc_single_image-wrapper   vc_box_border_grey\"><img loading=\"lazy\" decoding=\"async\" width=\"776\" height=\"800\" src=\"https:\/\/voshaaroutdoor.com\/wp-content\/uploads\/2023\/06\/2.png\" class=\"vc_single_image-img attachment-large\" alt=\"\" title=\"2\" srcset=\"https:\/\/voshaaroutdoor.com\/wp-content\/uploads\/2023\/06\/2.png 776w, https:\/\/voshaaroutdoor.com\/wp-content\/uploads\/2023\/06\/2-291x300.png 291w, https:\/\/voshaaroutdoor.com\/wp-content\/uploads\/2023\/06\/2-768x792.png 768w\" sizes=\"auto, (max-width: 776px) 100vw, 776px\" \/><\/div>\n\t\t<\/figure>\n\t<\/div>\n<div class=\"vc_empty_space\"   style=\"height: 32px\"><span class=\"vc_empty_space_inner\"><\/span><\/div><\/div><\/div><\/div><\/div><div class=\"vc_row wpb_row vc_row-fluid\" ><div class=\"wpb_column vc_column_container vc_col-sm-12\"><div class=\"vc_column-inner\"><div class=\"wpb_wrapper\">\n\t<div  class=\"wpb_single_image wpb_content_element vc_align_center wpb_content_element\">\n\t\t\n\t\t<figure class=\"wpb_wrapper vc_figure\">\n\t\t\t<div class=\"vc_single_image-wrapper   vc_box_border_grey\"><img loading=\"lazy\" decoding=\"async\" width=\"630\" height=\"459\" src=\"https:\/\/voshaaroutdoor.com\/wp-content\/uploads\/2023\/06\/Schermopname-2092.png\" class=\"vc_single_image-img attachment-large\" alt=\"\" title=\"Grabaci\u00f3n de pantalla (2092)\" srcset=\"https:\/\/voshaaroutdoor.com\/wp-content\/uploads\/2023\/06\/Schermopname-2092.png 630w, https:\/\/voshaaroutdoor.com\/wp-content\/uploads\/2023\/06\/Schermopname-2092-300x219.png 300w\" sizes=\"auto, (max-width: 630px) 100vw, 630px\" \/><\/div>\n\t\t<\/figure>\n\t<\/div>\n<div class=\"vc_empty_space\"   style=\"height: 32px\"><span class=\"vc_empty_space_inner\"><\/span><\/div><\/div><\/div><\/div><\/div><div class=\"vc_row wpb_row vc_row-fluid\" ><div class=\"wpb_column vc_column_container vc_col-sm-12\"><div class=\"vc_column-inner\"><div class=\"wpb_wrapper\">\n\t<div  class=\"wpb_single_image wpb_content_element vc_align_center wpb_content_element\">\n\t\t\n\t\t<figure class=\"wpb_wrapper vc_figure\">\n\t\t\t<div class=\"vc_single_image-wrapper   vc_box_border_grey\"><img loading=\"lazy\" decoding=\"async\" width=\"685\" height=\"596\" src=\"https:\/\/voshaaroutdoor.com\/wp-content\/uploads\/2023\/06\/Schermopname-2915.png\" class=\"vc_single_image-img attachment-large\" alt=\"\" title=\"Grabaci\u00f3n de pantalla (2915)\" srcset=\"https:\/\/voshaaroutdoor.com\/wp-content\/uploads\/2023\/06\/Schermopname-2915.png 685w, https:\/\/voshaaroutdoor.com\/wp-content\/uploads\/2023\/06\/Schermopname-2915-300x261.png 300w\" sizes=\"auto, (max-width: 685px) 100vw, 685px\" \/><\/div>\n\t\t<\/figure>\n\t<\/div>\n<div class=\"vc_empty_space\"   style=\"height: 32px\"><span class=\"vc_empty_space_inner\"><\/span><\/div><\/div><\/div><\/div><\/div><div class=\"vc_row wpb_row vc_row-fluid\" ><div class=\"wpb_column vc_column_container vc_col-sm-12\"><div class=\"vc_column-inner\"><div class=\"wpb_wrapper\">\n\t<div  class=\"wpb_single_image wpb_content_element vc_align_center wpb_content_element\">\n\t\t\n\t\t<figure class=\"wpb_wrapper vc_figure\">\n\t\t\t<div class=\"vc_single_image-wrapper   vc_box_border_grey\"><img loading=\"lazy\" decoding=\"async\" width=\"653\" height=\"435\" src=\"https:\/\/voshaaroutdoor.com\/wp-content\/uploads\/2023\/06\/TN.png\" class=\"vc_single_image-img attachment-large\" alt=\"\" title=\"Tennesse\" srcset=\"https:\/\/voshaaroutdoor.com\/wp-content\/uploads\/2023\/06\/TN.png 653w, https:\/\/voshaaroutdoor.com\/wp-content\/uploads\/2023\/06\/TN-300x200.png 300w\" sizes=\"auto, (max-width: 653px) 100vw, 653px\" \/><\/div>\n\t\t<\/figure>\n\t<\/div>\n<div class=\"vc_empty_space\"   style=\"height: 32px\"><span class=\"vc_empty_space_inner\"><\/span><\/div>\n\t<div  class=\"wpb_single_image wpb_content_element vc_align_center wpb_content_element\">\n\t\t\n\t\t<figure class=\"wpb_wrapper vc_figure\">\n\t\t\t<div class=\"vc_single_image-wrapper   vc_box_border_grey\"><img loading=\"lazy\" decoding=\"async\" width=\"776\" height=\"674\" src=\"https:\/\/voshaaroutdoor.com\/wp-content\/uploads\/2023\/06\/11.png\" class=\"vc_single_image-img attachment-large\" alt=\"\" title=\"11\" srcset=\"https:\/\/voshaaroutdoor.com\/wp-content\/uploads\/2023\/06\/11.png 776w, https:\/\/voshaaroutdoor.com\/wp-content\/uploads\/2023\/06\/11-300x261.png 300w, https:\/\/voshaaroutdoor.com\/wp-content\/uploads\/2023\/06\/11-768x667.png 768w\" sizes=\"auto, (max-width: 776px) 100vw, 776px\" \/><\/div>\n\t\t<\/figure>\n\t<\/div>\n<div class=\"vc_empty_space\"   style=\"height: 32px\"><span class=\"vc_empty_space_inner\"><\/span><\/div>\n\t<div  class=\"wpb_single_image wpb_content_element vc_align_center wpb_content_element\">\n\t\t\n\t\t<figure class=\"wpb_wrapper vc_figure\">\n\t\t\t<div class=\"vc_single_image-wrapper   vc_box_border_grey\"><img loading=\"lazy\" decoding=\"async\" width=\"568\" height=\"335\" src=\"https:\/\/voshaaroutdoor.com\/wp-content\/uploads\/2023\/06\/survivalrun.png\" class=\"vc_single_image-img attachment-large\" alt=\"\" title=\"carrera de supervivencia\" srcset=\"https:\/\/voshaaroutdoor.com\/wp-content\/uploads\/2023\/06\/survivalrun.png 568w, https:\/\/voshaaroutdoor.com\/wp-content\/uploads\/2023\/06\/survivalrun-300x177.png 300w, https:\/\/voshaaroutdoor.com\/wp-content\/uploads\/2023\/06\/survivalrun-87x50.png 87w\" sizes=\"auto, (max-width: 568px) 100vw, 568px\" \/><\/div>\n\t\t<\/figure>\n\t<\/div>\n<div class=\"vc_empty_space\"   style=\"height: 32px\"><span class=\"vc_empty_space_inner\"><\/span><\/div>\n\t<div  class=\"wpb_single_image wpb_content_element vc_align_center wpb_content_element\">\n\t\t\n\t\t<figure class=\"wpb_wrapper vc_figure\">\n\t\t\t<div class=\"vc_single_image-wrapper   vc_box_border_grey\"><img loading=\"lazy\" decoding=\"async\" width=\"763\" height=\"755\" src=\"https:\/\/voshaaroutdoor.com\/wp-content\/uploads\/2023\/06\/15.png\" class=\"vc_single_image-img attachment-large\" alt=\"\" title=\"15\" srcset=\"https:\/\/voshaaroutdoor.com\/wp-content\/uploads\/2023\/06\/15.png 763w, https:\/\/voshaaroutdoor.com\/wp-content\/uploads\/2023\/06\/15-300x297.png 300w\" sizes=\"auto, (max-width: 763px) 100vw, 763px\" \/><\/div>\n\t\t<\/figure>\n\t<\/div>\n<div class=\"vc_empty_space\"   style=\"height: 32px\"><span class=\"vc_empty_space_inner\"><\/span><\/div><\/div><\/div><\/div><\/div><div class=\"vc_row wpb_row vc_row-fluid\" ><div class=\"wpb_column vc_column_container vc_col-sm-12\"><div class=\"vc_column-inner\"><div class=\"wpb_wrapper\">\n\t<div class=\"wpb_text_column wpb_content_element\" >\n\t\t<div class=\"wpb_wrapper\">\n\t\t\t<p style=\"text-align: center;\">\u00a1Hay muchos m\u00e1s!<\/p>\n\n\t\t<\/div>\n\t<\/div>\n<div class=\"vc_empty_space\"   style=\"height: 32px\"><span class=\"vc_empty_space_inner\"><\/span><\/div><\/div><\/div><\/div><\/div><div class=\"vc_row wpb_row vc_row-fluid\" ><div class=\"wpb_column vc_column_container vc_col-sm-12\"><div class=\"vc_column-inner\"><div class=\"wpb_wrapper\"><div class=\"vc_btn3-container vc_btn3-center vc_do_btn\" ><a class=\"vc_general vc_btn3 vc_btn3-size-md vc_btn3-shape-rounded vc_btn3-style-modern vc_btn3-color-danger\" href=\"https:\/\/voshaar-outdoor-education.myshopify.com\/\" title=\"\" target=\"_blank\">COMERCIO<\/a><\/div><div class=\"vc_empty_space\"   style=\"height: 32px\"><span class=\"vc_empty_space_inner\"><\/span><\/div><\/div><\/div><\/div><\/div>\n<\/div>","protected":false},"excerpt":{"rendered":"Wij hebben Craft kleding op voorraad en kunnen altijd bijbestellen. (Junioren) Tights Allsur5 Ga naar\u00a0www.survivalkleding.nl Kies rechtsboven voor 'Account aanmaken' Vul je gegevens in en kies een wachtwoord Bij het kopje 'Clubcode' vul je 'Voshaar0545' in\u00a0 Je account is aangemaakt, Je kunt nu bij 'Teamkleding - Voshaar' je producten bestellen. Uiteraard kun je ook producten uit de rest van de webshop in je winkelwagen gooien.\u00a0 Heb je al een account? Bij het inloggen verschijnt een melding met 'Bestellen als club?'. Hier kun je dan alsnog de\u00a0clubcode\u00a0'Voshaar0545' invullen en je eigen clubkleding bestellen. Ook wanneer je reeds ingelogd bent, kun je de clubcode nog toevoegen door rechts bovenin op je naam te klikken. In het volgende menu staat rechtsonder het blokje 'Clubcode'.\u00a0 We hebben veel mooie, grappige en soms hilarische shirts en hoodies in de shop. SHOP Hieronder staat een kleine selectie van ons aanbod Er zijn er nog veel meer! [...]","protected":false},"author":4,"featured_media":7655,"parent":0,"menu_order":0,"comment_status":"closed","ping_status":"closed","template":"","meta":{"footnotes":""},"class_list":["post-6399","page","type-page","status-publish","has-post-thumbnail","hentry"],"yoast_head":"<!-- This site is optimized with the Yoast SEO plugin v27.5 - https:\/\/yoast.com\/product\/yoast-seo-wordpress\/ -->\n<title>Kleding - VoshaarOutdoor.com<\/title>\n<meta name=\"robots\" content=\"index, follow, max-snippet:-1, max-image-preview:large, max-video-preview:-1\" \/>\n<link rel=\"canonical\" href=\"https:\/\/voshaaroutdoor.com\/es\/shirts\/\" \/>\n<meta property=\"og:locale\" content=\"es_ES\" \/>\n<meta property=\"og:type\" content=\"article\" \/>\n<meta property=\"og:title\" content=\"Kleding\" \/>\n<meta property=\"og:description\" content=\"Sportkleding en mooie, grappige en hilarische Voshaar-shirts\" \/>\n<meta property=\"og:url\" content=\"https:\/\/voshaaroutdoor.com\/es\/shirts\/\" \/>\n<meta property=\"og:site_name\" content=\"VoshaarOutdoor.com\" \/>\n<meta property=\"article:publisher\" content=\"https:\/\/www.facebook.com\/VoshaarOutdoorandEducation\" \/>\n<meta property=\"article:modified_time\" content=\"2026-04-29T18:36:03+00:00\" \/>\n<meta property=\"og:image\" content=\"https:\/\/voshaaroutdoor.com\/wp-content\/uploads\/2025\/12\/Schermopname-151.png\" \/>\n\t<meta property=\"og:image:width\" content=\"546\" \/>\n\t<meta property=\"og:image:height\" content=\"837\" \/>\n\t<meta property=\"og:image:type\" content=\"image\/png\" \/>\n<meta name=\"twitter:card\" content=\"summary_large_image\" \/>\n<meta name=\"twitter:label1\" content=\"Tiempo de lectura\" \/>\n\t<meta name=\"twitter:data1\" content=\"4 minutos\" \/>\n<script type=\"application\/ld+json\" class=\"yoast-schema-graph\">{\"@context\":\"https:\\\/\\\/schema.org\",\"@graph\":[{\"@type\":\"WebPage\",\"@id\":\"https:\\\/\\\/voshaaroutdoor.com\\\/shirts\\\/\",\"url\":\"https:\\\/\\\/voshaaroutdoor.com\\\/shirts\\\/\",\"name\":\"Kleding - VoshaarOutdoor.com\",\"isPartOf\":{\"@id\":\"https:\\\/\\\/voshaaroutdoor.com\\\/#website\"},\"primaryImageOfPage\":{\"@id\":\"https:\\\/\\\/voshaaroutdoor.com\\\/shirts\\\/#primaryimage\"},\"image\":{\"@id\":\"https:\\\/\\\/voshaaroutdoor.com\\\/shirts\\\/#primaryimage\"},\"thumbnailUrl\":\"https:\\\/\\\/voshaaroutdoor.com\\\/wp-content\\\/uploads\\\/2025\\\/12\\\/Schermopname-151.png\",\"datePublished\":\"2023-06-08T08:33:45+00:00\",\"dateModified\":\"2026-04-29T18:36:03+00:00\",\"breadcrumb\":{\"@id\":\"https:\\\/\\\/voshaaroutdoor.com\\\/shirts\\\/#breadcrumb\"},\"inLanguage\":\"es\",\"potentialAction\":[{\"@type\":\"ReadAction\",\"target\":[\"https:\\\/\\\/voshaaroutdoor.com\\\/shirts\\\/\"]}]},{\"@type\":\"ImageObject\",\"inLanguage\":\"es\",\"@id\":\"https:\\\/\\\/voshaaroutdoor.com\\\/shirts\\\/#primaryimage\",\"url\":\"https:\\\/\\\/voshaaroutdoor.com\\\/wp-content\\\/uploads\\\/2025\\\/12\\\/Schermopname-151.png\",\"contentUrl\":\"https:\\\/\\\/voshaaroutdoor.com\\\/wp-content\\\/uploads\\\/2025\\\/12\\\/Schermopname-151.png\",\"width\":546,\"height\":837},{\"@type\":\"BreadcrumbList\",\"@id\":\"https:\\\/\\\/voshaaroutdoor.com\\\/shirts\\\/#breadcrumb\",\"itemListElement\":[{\"@type\":\"ListItem\",\"position\":1,\"name\":\"Home\",\"item\":\"https:\\\/\\\/voshaaroutdoor.com\\\/\"},{\"@type\":\"ListItem\",\"position\":2,\"name\":\"Kleding\"}]},{\"@type\":\"WebSite\",\"@id\":\"https:\\\/\\\/voshaaroutdoor.com\\\/#website\",\"url\":\"https:\\\/\\\/voshaaroutdoor.com\\\/\",\"name\":\"VoshaarOutdoor.com\",\"description\":\"Voshaar Outdoor &amp; Education - Trainingen, cursussen en opleidingen\",\"publisher\":{\"@id\":\"https:\\\/\\\/voshaaroutdoor.com\\\/#organization\"},\"potentialAction\":[{\"@type\":\"SearchAction\",\"target\":{\"@type\":\"EntryPoint\",\"urlTemplate\":\"https:\\\/\\\/voshaaroutdoor.com\\\/?s={search_term_string}\"},\"query-input\":{\"@type\":\"PropertyValueSpecification\",\"valueRequired\":true,\"valueName\":\"search_term_string\"}}],\"inLanguage\":\"es\"},{\"@type\":\"Organization\",\"@id\":\"https:\\\/\\\/voshaaroutdoor.com\\\/#organization\",\"name\":\"Voshaar Outdoor & Education\",\"url\":\"https:\\\/\\\/voshaaroutdoor.com\\\/\",\"logo\":{\"@type\":\"ImageObject\",\"inLanguage\":\"es\",\"@id\":\"https:\\\/\\\/voshaaroutdoor.com\\\/#\\\/schema\\\/logo\\\/image\\\/\",\"url\":\"https:\\\/\\\/voshaaroutdoor.com\\\/wp-content\\\/uploads\\\/2021\\\/11\\\/cropped-nieuwe-logo-rood.png\",\"contentUrl\":\"https:\\\/\\\/voshaaroutdoor.com\\\/wp-content\\\/uploads\\\/2021\\\/11\\\/cropped-nieuwe-logo-rood.png\",\"width\":512,\"height\":512,\"caption\":\"Voshaar Outdoor & Education\"},\"image\":{\"@id\":\"https:\\\/\\\/voshaaroutdoor.com\\\/#\\\/schema\\\/logo\\\/image\\\/\"},\"sameAs\":[\"https:\\\/\\\/www.facebook.com\\\/VoshaarOutdoorandEducation\",\"https:\\\/\\\/www.instagram.com\\\/voshaaroutdoorandeducation\\\/\"]}]}<\/script>\n<!-- \/ Yoast SEO plugin. -->","yoast_head_json":{"title":"Ropa - VoshaarOutdoor.com","robots":{"index":"index","follow":"follow","max-snippet":"max-snippet:-1","max-image-preview":"max-image-preview:large","max-video-preview":"max-video-preview:-1"},"canonical":"https:\/\/voshaaroutdoor.com\/es\/shirts\/","og_locale":"es_ES","og_type":"article","og_title":"Kleding","og_description":"Sportkleding en mooie, grappige en hilarische Voshaar-shirts","og_url":"https:\/\/voshaaroutdoor.com\/es\/shirts\/","og_site_name":"VoshaarOutdoor.com","article_publisher":"https:\/\/www.facebook.com\/VoshaarOutdoorandEducation","article_modified_time":"2026-04-29T18:36:03+00:00","og_image":[{"width":546,"height":837,"url":"https:\/\/voshaaroutdoor.com\/wp-content\/uploads\/2025\/12\/Schermopname-151.png","type":"image\/png"}],"twitter_card":"summary_large_image","twitter_misc":{"Tiempo de lectura":"4 minutos"},"schema":{"@context":"https:\/\/schema.org","@graph":[{"@type":"WebPage","@id":"https:\/\/voshaaroutdoor.com\/shirts\/","url":"https:\/\/voshaaroutdoor.com\/shirts\/","name":"Ropa - VoshaarOutdoor.com","isPartOf":{"@id":"https:\/\/voshaaroutdoor.com\/#website"},"primaryImageOfPage":{"@id":"https:\/\/voshaaroutdoor.com\/shirts\/#primaryimage"},"image":{"@id":"https:\/\/voshaaroutdoor.com\/shirts\/#primaryimage"},"thumbnailUrl":"https:\/\/voshaaroutdoor.com\/wp-content\/uploads\/2025\/12\/Schermopname-151.png","datePublished":"2023-06-08T08:33:45+00:00","dateModified":"2026-04-29T18:36:03+00:00","breadcrumb":{"@id":"https:\/\/voshaaroutdoor.com\/shirts\/#breadcrumb"},"inLanguage":"es","potentialAction":[{"@type":"ReadAction","target":["https:\/\/voshaaroutdoor.com\/shirts\/"]}]},{"@type":"ImageObject","inLanguage":"es","@id":"https:\/\/voshaaroutdoor.com\/shirts\/#primaryimage","url":"https:\/\/voshaaroutdoor.com\/wp-content\/uploads\/2025\/12\/Schermopname-151.png","contentUrl":"https:\/\/voshaaroutdoor.com\/wp-content\/uploads\/2025\/12\/Schermopname-151.png","width":546,"height":837},{"@type":"BreadcrumbList","@id":"https:\/\/voshaaroutdoor.com\/shirts\/#breadcrumb","itemListElement":[{"@type":"ListItem","position":1,"name":"Home","item":"https:\/\/voshaaroutdoor.com\/"},{"@type":"ListItem","position":2,"name":"Kleding"}]},{"@type":"WebSite","@id":"https:\/\/voshaaroutdoor.com\/#website","url":"https:\/\/voshaaroutdoor.com\/","name":"VoshaarOutdoor.com","description":"Voshaar Outdoor &amp; Education - Capacitaciones, cursos y educaci\u00f3n","publisher":{"@id":"https:\/\/voshaaroutdoor.com\/#organization"},"potentialAction":[{"@type":"SearchAction","target":{"@type":"EntryPoint","urlTemplate":"https:\/\/voshaaroutdoor.com\/?s={search_term_string}"},"query-input":{"@type":"PropertyValueSpecification","valueRequired":true,"valueName":"search_term_string"}}],"inLanguage":"es"},{"@type":"Organization","@id":"https:\/\/voshaaroutdoor.com\/#organization","name":"Voshaar Actividades al aire libre y educaci\u00f3n","url":"https:\/\/voshaaroutdoor.com\/","logo":{"@type":"ImageObject","inLanguage":"es","@id":"https:\/\/voshaaroutdoor.com\/#\/schema\/logo\/image\/","url":"https:\/\/voshaaroutdoor.com\/wp-content\/uploads\/2021\/11\/cropped-nieuwe-logo-rood.png","contentUrl":"https:\/\/voshaaroutdoor.com\/wp-content\/uploads\/2021\/11\/cropped-nieuwe-logo-rood.png","width":512,"height":512,"caption":"Voshaar Outdoor & Education"},"image":{"@id":"https:\/\/voshaaroutdoor.com\/#\/schema\/logo\/image\/"},"sameAs":["https:\/\/www.facebook.com\/VoshaarOutdoorandEducation","https:\/\/www.instagram.com\/voshaaroutdoorandeducation\/"]}]}},"_links":{"self":[{"href":"https:\/\/voshaaroutdoor.com\/es\/wp-json\/wp\/v2\/pages\/6399","targetHints":{"allow":["GET"]}}],"collection":[{"href":"https:\/\/voshaaroutdoor.com\/es\/wp-json\/wp\/v2\/pages"}],"about":[{"href":"https:\/\/voshaaroutdoor.com\/es\/wp-json\/wp\/v2\/types\/page"}],"author":[{"embeddable":true,"href":"https:\/\/voshaaroutdoor.com\/es\/wp-json\/wp\/v2\/users\/4"}],"replies":[{"embeddable":true,"href":"https:\/\/voshaaroutdoor.com\/es\/wp-json\/wp\/v2\/comments?post=6399"}],"version-history":[{"count":9,"href":"https:\/\/voshaaroutdoor.com\/es\/wp-json\/wp\/v2\/pages\/6399\/revisions"}],"predecessor-version":[{"id":8392,"href":"https:\/\/voshaaroutdoor.com\/es\/wp-json\/wp\/v2\/pages\/6399\/revisions\/8392"}],"wp:featuredmedia":[{"embeddable":true,"href":"https:\/\/voshaaroutdoor.com\/es\/wp-json\/wp\/v2\/media\/7655"}],"wp:attachment":[{"href":"https:\/\/voshaaroutdoor.com\/es\/wp-json\/wp\/v2\/media?parent=6399"}],"curies":[{"name":"gracias","href":"https:\/\/api.w.org\/{rel}","templated":true}]}}