{"id":6099,"date":"2022-11-23T21:18:21","date_gmt":"2022-11-23T21:18:21","guid":{"rendered":"https:\/\/voshaaroutdoor.com\/?page_id=6099"},"modified":"2026-03-09T13:59:40","modified_gmt":"2026-03-09T13:59:40","slug":"online-cursus-wilderness-nature-preps-home","status":"publish","type":"page","link":"https:\/\/voshaaroutdoor.com\/es\/online-cursus-wilderness-nature-preps-home\/","title":{"rendered":"Habilidades en la naturaleza en l\u00ednea"},"content":{"rendered":"<div class=\"wpb-content-wrapper\"><div class=\"vc_row wpb_row vc_row-fluid\" ><div class=\"wpb_column vc_column_container vc_col-sm-12\"><div class=\"vc_column-inner\"><div class=\"wpb_wrapper\">\n\t<div  class=\"wpb_single_image wpb_content_element vc_align_center wpb_content_element\">\n\t\t\n\t\t<figure class=\"wpb_wrapper vc_figure\">\n\t\t\t<div class=\"vc_single_image-wrapper   vc_box_border_grey\"><img loading=\"lazy\" decoding=\"async\" width=\"1024\" height=\"421\" src=\"https:\/\/voshaaroutdoor.com\/wp-content\/uploads\/2024\/12\/Wilderness-Skills-Knowledge-1024x421.jpeg\" class=\"vc_single_image-img attachment-large\" alt=\"\" title=\"Habilidades y conocimientos en la naturaleza\" srcset=\"https:\/\/voshaaroutdoor.com\/wp-content\/uploads\/2024\/12\/Wilderness-Skills-Knowledge-1024x421.jpeg 1024w, https:\/\/voshaaroutdoor.com\/wp-content\/uploads\/2024\/12\/Wilderness-Skills-Knowledge-300x123.jpeg 300w, https:\/\/voshaaroutdoor.com\/wp-content\/uploads\/2024\/12\/Wilderness-Skills-Knowledge-768x315.jpeg 768w, https:\/\/voshaaroutdoor.com\/wp-content\/uploads\/2024\/12\/Wilderness-Skills-Knowledge-1536x631.jpeg 1536w, https:\/\/voshaaroutdoor.com\/wp-content\/uploads\/2024\/12\/Wilderness-Skills-Knowledge-18x7.jpeg 18w\" sizes=\"auto, (max-width: 1024px) 100vw, 1024px\" \/><\/div>\n\t\t<\/figure>\n\t<\/div>\n<div class=\"vc_empty_space\"   style=\"height: 32px\"><span class=\"vc_empty_space_inner\"><\/span><\/div><\/div><\/div><\/div><\/div><div class=\"vc_row wpb_row vc_row-fluid\" ><div class=\"wpb_column vc_column_container vc_col-sm-12\"><div class=\"vc_column-inner\"><div class=\"wpb_wrapper\">\n\t<div class=\"wpb_text_column wpb_content_element\" >\n\t\t<div class=\"wpb_wrapper\">\n\t\t\t<div class=\"wpb_text_column wpb_content_element\">\n<div class=\"wpb_wrapper\">\n<p style=\"text-align: center;\"><strong>Naturaleza y \u00e1reas silvestres<br \/>\nHabilidades y conocimientos<br \/>\n<\/strong><\/p>\n<p style=\"text-align: center;\">Puedes cambiar al ingl\u00e9s en esta p\u00e1gina. Casi todos los v\u00eddeos de este curso est\u00e1n en ingl\u00e9s.<\/p>\n<\/div>\n<\/div>\n<div class=\"wpb_text_column wpb_content_element\">\n<div class=\"wpb_wrapper\">\n<p style=\"text-align: center;\">Este curso comenz\u00f3 en enero de 2023. .<br \/>\nYa hay m\u00e1s de 75 v\u00eddeos disponibles en l\u00ednea (a fecha de 1 de marzo de 2025).<\/p>\n<p style=\"text-align: center;\">Habr\u00e1 varios v\u00eddeos instructivos disponibles en ingl\u00e9s y en neerland\u00e9s.<br \/>\nPara la terminolog\u00eda espec\u00edfica, utilizaremos habitualmente las palabras en ingl\u00e9s y en neerland\u00e9s.<\/p>\n<p style=\"text-align: center;\">Los v\u00eddeos instructivos permanecen disponibles durante al menos un a\u00f1o a partir del momento de la inscripci\u00f3n.<\/p>\n<\/div>\n<\/div>\n\n\t\t<\/div>\n\t<\/div>\n<div class=\"vc_empty_space\"   style=\"height: 32px\"><span class=\"vc_empty_space_inner\"><\/span><\/div><\/div><\/div><\/div><\/div><div class=\"vc_row wpb_row vc_row-fluid\" ><div class=\"wpb_column vc_column_container vc_col-sm-12\"><div class=\"vc_column-inner\"><div class=\"wpb_wrapper\">\n\t<div class=\"wpb_video_widget wpb_content_element vc_clearfix   vc_video-aspect-ratio-169 vc_video-el-width-100 vc_video-align-center\" >\n\t\t<div class=\"wpb_wrapper\">\n\t\t\t\n\t\t\t<div class=\"wpb_video_wrapper\"><iframe loading=\"lazy\" title=\"Habilidades y conocimientos para la supervivencia en la naturaleza 2025\" src=\"https:\/\/player.vimeo.com\/video\/1041342212?dnt=1&amp;app_id=122963\" width=\"500\" height=\"281\" frameborder=\"0\" allow=\"autoplay; fullscreen; picture-in-picture; clipboard-write; encrypted-media; web-share\" referrerpolicy=\"strict-origin-when-cross-origin\"><\/iframe><\/div>\n\t\t<\/div>\n\t<\/div>\n<div class=\"vc_empty_space\"   style=\"height: 32px\"><span class=\"vc_empty_space_inner\"><\/span><\/div><\/div><\/div><\/div><\/div><div class=\"vc_row wpb_row vc_row-fluid\" ><div class=\"wpb_column vc_column_container vc_col-sm-12\"><div class=\"vc_column-inner\"><div class=\"wpb_wrapper\">\n\t<div class=\"wpb_text_column wpb_content_element\" >\n\t\t<div class=\"wpb_wrapper\">\n\t\t\t<div class=\"wpb_text_column wpb_content_element\">\n<div class=\"wpb_wrapper\">\n<p style=\"text-align: center;\"><strong>Temas:<\/strong><\/p>\n<\/div>\n<\/div>\n<div class=\"wpb_text_column wpb_content_element\">\n<div class=\"wpb_wrapper\">\n<p style=\"text-align: center;\">Varios temas contienen m\u00faltiples lecciones.<\/p>\n<p style=\"text-align: center;\">Flora<br \/>\nFauna<br \/>\nPlantas comestibles y medicinales<br \/>\nBushcraft y Supervivencia<br \/>\n(fuego, refugio, hacha, cuchillo, trampas y lazos, etc.)<br \/>\nV\u00edas y se\u00f1alizaci\u00f3n<br \/>\nMapa, br\u00fajula, GPS<br \/>\nEntrenamiento y nutrici\u00f3n<br \/>\nPrimeros auxilios y primeros auxilios en zonas remotas<br \/>\nNudos y aparejos<br \/>\nExcursiones de varios d\u00edas<\/p>\n<p style=\"text-align: center;\">y mucho m\u00e1s\u2026.<\/p>\n<p style=\"text-align: center;\">Se publican nuevos v\u00eddeos a lo largo del a\u00f1o.<\/p>\n<\/div>\n<\/div>\n\n\t\t<\/div>\n\t<\/div>\n<div class=\"vc_empty_space\"   style=\"height: 32px\"><span class=\"vc_empty_space_inner\"><\/span><\/div><\/div><\/div><\/div><\/div><div class=\"vc_row wpb_row vc_row-fluid\" ><div class=\"wpb_column vc_column_container vc_col-sm-12\"><div class=\"vc_column-inner\"><div class=\"wpb_wrapper\">\n\t<div  class=\"wpb_single_image wpb_content_element vc_align_center wpb_content_element\">\n\t\t\n\t\t<figure class=\"wpb_wrapper vc_figure\">\n\t\t\t<div class=\"vc_single_image-wrapper   vc_box_border_grey\"><img loading=\"lazy\" decoding=\"async\" width=\"1024\" height=\"318\" src=\"https:\/\/voshaaroutdoor.com\/wp-content\/uploads\/2025\/08\/1267091_548627468540528_1759573076_o-2-1024x318.jpg\" class=\"vc_single_image-img attachment-large\" alt=\"\" title=\"1267091_548627468540528_1759573076_o (2)\" srcset=\"https:\/\/voshaaroutdoor.com\/wp-content\/uploads\/2025\/08\/1267091_548627468540528_1759573076_o-2-1024x318.jpg 1024w, https:\/\/voshaaroutdoor.com\/wp-content\/uploads\/2025\/08\/1267091_548627468540528_1759573076_o-2-300x93.jpg 300w, https:\/\/voshaaroutdoor.com\/wp-content\/uploads\/2025\/08\/1267091_548627468540528_1759573076_o-2-768x238.jpg 768w, https:\/\/voshaaroutdoor.com\/wp-content\/uploads\/2025\/08\/1267091_548627468540528_1759573076_o-2-1536x476.jpg 1536w, https:\/\/voshaaroutdoor.com\/wp-content\/uploads\/2025\/08\/1267091_548627468540528_1759573076_o-2-18x6.jpg 18w, https:\/\/voshaaroutdoor.com\/wp-content\/uploads\/2025\/08\/1267091_548627468540528_1759573076_o-2.jpg 1877w\" sizes=\"auto, (max-width: 1024px) 100vw, 1024px\" \/><\/div>\n\t\t<\/figure>\n\t<\/div>\n<div class=\"vc_empty_space\"   style=\"height: 32px\"><span class=\"vc_empty_space_inner\"><\/span><\/div><\/div><\/div><\/div><\/div><div class=\"vc_row wpb_row vc_row-fluid\" ><div class=\"wpb_column vc_column_container vc_col-sm-12\"><div class=\"vc_column-inner\"><div class=\"wpb_wrapper\">\n\t<div class=\"wpb_text_column wpb_content_element\" >\n\t\t<div class=\"wpb_wrapper\">\n\t\t\t<p style=\"text-align: center;\">El curso est\u00e1 incluido en los programas Wildernis Totaal, Wilderness Guide, Wilderness Leader, Hiking &amp; Backpacking, Hike &amp; Survival y Voshaar MBO.<\/p>\n<p style=\"text-align: center;\">Coste: 100 \u20ac<br \/>\nTras registrarte, env\u00eda un correo electr\u00f3nico a info@voshaaroutdoor.com.<br \/>\nSe enviar\u00e1 el c\u00f3digo de acceso.<\/p>\n\n\t\t<\/div>\n\t<\/div>\n<div class=\"vc_empty_space\"   style=\"height: 32px\"><span class=\"vc_empty_space_inner\"><\/span><\/div><\/div><\/div><\/div><\/div><div class=\"vc_row wpb_row vc_row-fluid\" ><div class=\"wpb_column vc_column_container vc_col-sm-12\"><div class=\"vc_column-inner\"><div class=\"wpb_wrapper\"><div class=\"vc_btn3-container vc_btn3-center vc_do_btn\" ><a class=\"vc_general vc_btn3 vc_btn3-size-md vc_btn3-shape-rounded vc_btn3-style-modern vc_btn3-color-grey\" href=\"https:\/\/www.nowonlinetickets.nl\/Shop\/EventDetails\/0CEC3D8AAADDA5338769CCA2A5CEAA68\" title=\"\" target=\"_blank\">Para inscribirse<\/a><\/div><div class=\"vc_empty_space\"   style=\"height: 32px\"><span class=\"vc_empty_space_inner\"><\/span><\/div><\/div><\/div><\/div><\/div>\n<\/div>","protected":false},"excerpt":{"rendered":"Wilderness &amp; Nature Skills &amp; Knowledge You can switch to English on this page. Almost all Videos in this course are in English. Deze cursus is gestart in januari 2023 . &gt; 75 video\u2019s staan al online (per 1-3-2025) Een aantal instructievideo\u2019s zullen beschikbaar zijn in het Engels EN het Nederlands. Bij specifieke terminologie zullen we geregeld het Engelse en Nederlandse woord gebruiken. De instructievideo\u2019s blijven minimaal een jaar beschikbaar vanaf het moment van aanmelden Onderwerpen: Een aantal onderwerpen bevatten meerdere lessen. Flora Fauna Eetbare en Medicinale planten Bushcraft &amp; Survival (vuur, shelter, bijl, mes, vallen &amp; strikken etc) Tracks &amp; Sign Kaart, kompas, GPS Training &amp; voeding First Aid &amp; Wilderness First Aid Knopen en takels Meerdaagse trekkings en nog veel meer\u2026. Gedurende het jaar worden nieuwe video\u2019s geplaatst. Bij de opleiding Wildernis Totaal, Wilderness Guide, Wilderness Leader, Hiking &amp; Backpacking, Hike &amp; Survival en het Voshaar MBO is [...]","protected":false},"author":4,"featured_media":7186,"parent":0,"menu_order":0,"comment_status":"closed","ping_status":"closed","template":"","meta":{"footnotes":""},"class_list":["post-6099","page","type-page","status-publish","has-post-thumbnail","hentry"],"yoast_head":"<!-- This site is optimized with the Yoast SEO plugin v27.5 - https:\/\/yoast.com\/product\/yoast-seo-wordpress\/ -->\n<title>Wilderness Skills Online - VoshaarOutdoor.com<\/title>\n<meta name=\"robots\" content=\"index, follow, max-snippet:-1, max-image-preview:large, max-video-preview:-1\" \/>\n<link rel=\"canonical\" href=\"https:\/\/voshaaroutdoor.com\/es\/online-cursus-wilderness-nature-preps-home\/\" \/>\n<meta property=\"og:locale\" content=\"es_ES\" \/>\n<meta property=\"og:type\" content=\"article\" \/>\n<meta property=\"og:title\" content=\"Online Cursus Wilderness &amp; Nature\" \/>\n<meta property=\"og:url\" content=\"https:\/\/voshaaroutdoor.com\/es\/online-cursus-wilderness-nature-preps-home\/\" \/>\n<meta property=\"og:site_name\" content=\"VoshaarOutdoor.com\" \/>\n<meta property=\"article:publisher\" content=\"https:\/\/www.facebook.com\/VoshaarOutdoorandEducation\" \/>\n<meta property=\"article:modified_time\" content=\"2026-03-09T13:59:40+00:00\" \/>\n<meta property=\"og:image\" content=\"https:\/\/voshaaroutdoor.com\/wp-content\/uploads\/2024\/12\/Wilderness-Skills-Knowledge-scaled.jpeg\" \/>\n\t<meta property=\"og:image:width\" content=\"2560\" \/>\n\t<meta property=\"og:image:height\" content=\"1051\" \/>\n\t<meta property=\"og:image:type\" content=\"image\/jpeg\" \/>\n<meta name=\"twitter:card\" content=\"summary_large_image\" \/>\n<meta name=\"twitter:label1\" content=\"Tiempo de lectura\" \/>\n\t<meta name=\"twitter:data1\" content=\"2 minutos\" \/>\n<script type=\"application\/ld+json\" class=\"yoast-schema-graph\">{\"@context\":\"https:\\\/\\\/schema.org\",\"@graph\":[{\"@type\":\"WebPage\",\"@id\":\"https:\\\/\\\/voshaaroutdoor.com\\\/online-cursus-wilderness-nature-preps-home\\\/\",\"url\":\"https:\\\/\\\/voshaaroutdoor.com\\\/online-cursus-wilderness-nature-preps-home\\\/\",\"name\":\"Wilderness Skills Online - VoshaarOutdoor.com\",\"isPartOf\":{\"@id\":\"https:\\\/\\\/voshaaroutdoor.com\\\/#website\"},\"primaryImageOfPage\":{\"@id\":\"https:\\\/\\\/voshaaroutdoor.com\\\/online-cursus-wilderness-nature-preps-home\\\/#primaryimage\"},\"image\":{\"@id\":\"https:\\\/\\\/voshaaroutdoor.com\\\/online-cursus-wilderness-nature-preps-home\\\/#primaryimage\"},\"thumbnailUrl\":\"https:\\\/\\\/voshaaroutdoor.com\\\/wp-content\\\/uploads\\\/2024\\\/12\\\/Wilderness-Skills-Knowledge-scaled.jpeg\",\"datePublished\":\"2022-11-23T21:18:21+00:00\",\"dateModified\":\"2026-03-09T13:59:40+00:00\",\"breadcrumb\":{\"@id\":\"https:\\\/\\\/voshaaroutdoor.com\\\/online-cursus-wilderness-nature-preps-home\\\/#breadcrumb\"},\"inLanguage\":\"es\",\"potentialAction\":[{\"@type\":\"ReadAction\",\"target\":[\"https:\\\/\\\/voshaaroutdoor.com\\\/online-cursus-wilderness-nature-preps-home\\\/\"]}]},{\"@type\":\"ImageObject\",\"inLanguage\":\"es\",\"@id\":\"https:\\\/\\\/voshaaroutdoor.com\\\/online-cursus-wilderness-nature-preps-home\\\/#primaryimage\",\"url\":\"https:\\\/\\\/voshaaroutdoor.com\\\/wp-content\\\/uploads\\\/2024\\\/12\\\/Wilderness-Skills-Knowledge-scaled.jpeg\",\"contentUrl\":\"https:\\\/\\\/voshaaroutdoor.com\\\/wp-content\\\/uploads\\\/2024\\\/12\\\/Wilderness-Skills-Knowledge-scaled.jpeg\",\"width\":2560,\"height\":1051},{\"@type\":\"BreadcrumbList\",\"@id\":\"https:\\\/\\\/voshaaroutdoor.com\\\/online-cursus-wilderness-nature-preps-home\\\/#breadcrumb\",\"itemListElement\":[{\"@type\":\"ListItem\",\"position\":1,\"name\":\"Home\",\"item\":\"https:\\\/\\\/voshaaroutdoor.com\\\/\"},{\"@type\":\"ListItem\",\"position\":2,\"name\":\"Wilderness Skills Online\"}]},{\"@type\":\"WebSite\",\"@id\":\"https:\\\/\\\/voshaaroutdoor.com\\\/#website\",\"url\":\"https:\\\/\\\/voshaaroutdoor.com\\\/\",\"name\":\"VoshaarOutdoor.com\",\"description\":\"Voshaar Outdoor &amp; Education - Trainingen, cursussen en opleidingen\",\"publisher\":{\"@id\":\"https:\\\/\\\/voshaaroutdoor.com\\\/#organization\"},\"potentialAction\":[{\"@type\":\"SearchAction\",\"target\":{\"@type\":\"EntryPoint\",\"urlTemplate\":\"https:\\\/\\\/voshaaroutdoor.com\\\/?s={search_term_string}\"},\"query-input\":{\"@type\":\"PropertyValueSpecification\",\"valueRequired\":true,\"valueName\":\"search_term_string\"}}],\"inLanguage\":\"es\"},{\"@type\":\"Organization\",\"@id\":\"https:\\\/\\\/voshaaroutdoor.com\\\/#organization\",\"name\":\"Voshaar Outdoor & Education\",\"url\":\"https:\\\/\\\/voshaaroutdoor.com\\\/\",\"logo\":{\"@type\":\"ImageObject\",\"inLanguage\":\"es\",\"@id\":\"https:\\\/\\\/voshaaroutdoor.com\\\/#\\\/schema\\\/logo\\\/image\\\/\",\"url\":\"https:\\\/\\\/voshaaroutdoor.com\\\/wp-content\\\/uploads\\\/2021\\\/11\\\/cropped-nieuwe-logo-rood.png\",\"contentUrl\":\"https:\\\/\\\/voshaaroutdoor.com\\\/wp-content\\\/uploads\\\/2021\\\/11\\\/cropped-nieuwe-logo-rood.png\",\"width\":512,\"height\":512,\"caption\":\"Voshaar Outdoor & Education\"},\"image\":{\"@id\":\"https:\\\/\\\/voshaaroutdoor.com\\\/#\\\/schema\\\/logo\\\/image\\\/\"},\"sameAs\":[\"https:\\\/\\\/www.facebook.com\\\/VoshaarOutdoorandEducation\",\"https:\\\/\\\/www.instagram.com\\\/voshaaroutdoorandeducation\\\/\"]}]}<\/script>\n<!-- \/ Yoast SEO plugin. -->","yoast_head_json":{"title":"Wilderness Skills Online - VoshaarOutdoor.com","robots":{"index":"index","follow":"follow","max-snippet":"max-snippet:-1","max-image-preview":"max-image-preview:large","max-video-preview":"max-video-preview:-1"},"canonical":"https:\/\/voshaaroutdoor.com\/es\/online-cursus-wilderness-nature-preps-home\/","og_locale":"es_ES","og_type":"article","og_title":"Online Cursus Wilderness & Nature","og_url":"https:\/\/voshaaroutdoor.com\/es\/online-cursus-wilderness-nature-preps-home\/","og_site_name":"VoshaarOutdoor.com","article_publisher":"https:\/\/www.facebook.com\/VoshaarOutdoorandEducation","article_modified_time":"2026-03-09T13:59:40+00:00","og_image":[{"width":2560,"height":1051,"url":"https:\/\/voshaaroutdoor.com\/wp-content\/uploads\/2024\/12\/Wilderness-Skills-Knowledge-scaled.jpeg","type":"image\/jpeg"}],"twitter_card":"summary_large_image","twitter_misc":{"Tiempo de lectura":"2 minutos"},"schema":{"@context":"https:\/\/schema.org","@graph":[{"@type":"WebPage","@id":"https:\/\/voshaaroutdoor.com\/online-cursus-wilderness-nature-preps-home\/","url":"https:\/\/voshaaroutdoor.com\/online-cursus-wilderness-nature-preps-home\/","name":"Wilderness Skills Online - VoshaarOutdoor.com","isPartOf":{"@id":"https:\/\/voshaaroutdoor.com\/#website"},"primaryImageOfPage":{"@id":"https:\/\/voshaaroutdoor.com\/online-cursus-wilderness-nature-preps-home\/#primaryimage"},"image":{"@id":"https:\/\/voshaaroutdoor.com\/online-cursus-wilderness-nature-preps-home\/#primaryimage"},"thumbnailUrl":"https:\/\/voshaaroutdoor.com\/wp-content\/uploads\/2024\/12\/Wilderness-Skills-Knowledge-scaled.jpeg","datePublished":"2022-11-23T21:18:21+00:00","dateModified":"2026-03-09T13:59:40+00:00","breadcrumb":{"@id":"https:\/\/voshaaroutdoor.com\/online-cursus-wilderness-nature-preps-home\/#breadcrumb"},"inLanguage":"es","potentialAction":[{"@type":"ReadAction","target":["https:\/\/voshaaroutdoor.com\/online-cursus-wilderness-nature-preps-home\/"]}]},{"@type":"ImageObject","inLanguage":"es","@id":"https:\/\/voshaaroutdoor.com\/online-cursus-wilderness-nature-preps-home\/#primaryimage","url":"https:\/\/voshaaroutdoor.com\/wp-content\/uploads\/2024\/12\/Wilderness-Skills-Knowledge-scaled.jpeg","contentUrl":"https:\/\/voshaaroutdoor.com\/wp-content\/uploads\/2024\/12\/Wilderness-Skills-Knowledge-scaled.jpeg","width":2560,"height":1051},{"@type":"BreadcrumbList","@id":"https:\/\/voshaaroutdoor.com\/online-cursus-wilderness-nature-preps-home\/#breadcrumb","itemListElement":[{"@type":"ListItem","position":1,"name":"Home","item":"https:\/\/voshaaroutdoor.com\/"},{"@type":"ListItem","position":2,"name":"Wilderness Skills Online"}]},{"@type":"WebSite","@id":"https:\/\/voshaaroutdoor.com\/#website","url":"https:\/\/voshaaroutdoor.com\/","name":"VoshaarOutdoor.com","description":"Voshaar Outdoor &amp; Education - Capacitaciones, cursos y educaci\u00f3n","publisher":{"@id":"https:\/\/voshaaroutdoor.com\/#organization"},"potentialAction":[{"@type":"SearchAction","target":{"@type":"EntryPoint","urlTemplate":"https:\/\/voshaaroutdoor.com\/?s={search_term_string}"},"query-input":{"@type":"PropertyValueSpecification","valueRequired":true,"valueName":"search_term_string"}}],"inLanguage":"es"},{"@type":"Organization","@id":"https:\/\/voshaaroutdoor.com\/#organization","name":"Voshaar Actividades al aire libre y educaci\u00f3n","url":"https:\/\/voshaaroutdoor.com\/","logo":{"@type":"ImageObject","inLanguage":"es","@id":"https:\/\/voshaaroutdoor.com\/#\/schema\/logo\/image\/","url":"https:\/\/voshaaroutdoor.com\/wp-content\/uploads\/2021\/11\/cropped-nieuwe-logo-rood.png","contentUrl":"https:\/\/voshaaroutdoor.com\/wp-content\/uploads\/2021\/11\/cropped-nieuwe-logo-rood.png","width":512,"height":512,"caption":"Voshaar Outdoor & Education"},"image":{"@id":"https:\/\/voshaaroutdoor.com\/#\/schema\/logo\/image\/"},"sameAs":["https:\/\/www.facebook.com\/VoshaarOutdoorandEducation","https:\/\/www.instagram.com\/voshaaroutdoorandeducation\/"]}]}},"_links":{"self":[{"href":"https:\/\/voshaaroutdoor.com\/es\/wp-json\/wp\/v2\/pages\/6099","targetHints":{"allow":["GET"]}}],"collection":[{"href":"https:\/\/voshaaroutdoor.com\/es\/wp-json\/wp\/v2\/pages"}],"about":[{"href":"https:\/\/voshaaroutdoor.com\/es\/wp-json\/wp\/v2\/types\/page"}],"author":[{"embeddable":true,"href":"https:\/\/voshaaroutdoor.com\/es\/wp-json\/wp\/v2\/users\/4"}],"replies":[{"embeddable":true,"href":"https:\/\/voshaaroutdoor.com\/es\/wp-json\/wp\/v2\/comments?post=6099"}],"version-history":[{"count":8,"href":"https:\/\/voshaaroutdoor.com\/es\/wp-json\/wp\/v2\/pages\/6099\/revisions"}],"predecessor-version":[{"id":8096,"href":"https:\/\/voshaaroutdoor.com\/es\/wp-json\/wp\/v2\/pages\/6099\/revisions\/8096"}],"wp:featuredmedia":[{"embeddable":true,"href":"https:\/\/voshaaroutdoor.com\/es\/wp-json\/wp\/v2\/media\/7186"}],"wp:attachment":[{"href":"https:\/\/voshaaroutdoor.com\/es\/wp-json\/wp\/v2\/media?parent=6099"}],"curies":[{"name":"gracias","href":"https:\/\/api.w.org\/{rel}","templated":true}]}}