{"id":4710,"date":"2021-12-30T08:29:32","date_gmt":"2021-12-30T08:29:32","guid":{"rendered":"https:\/\/app-voor-campings.nl\/voshaaroutdooreduction\/?page_id=4710"},"modified":"2022-01-04T09:25:17","modified_gmt":"2022-01-04T09:25:17","slug":"voshaar-mbo-sb","status":"publish","type":"page","link":"https:\/\/voshaaroutdoor.com\/es\/voshaar-mbo-sb\/","title":{"rendered":"Voshaar MBO SB"},"content":{"rendered":"<div class=\"wpb-content-wrapper\"><div class=\"vc_row wpb_row vc_row-fluid\" ><div class=\"wpb_column vc_column_container vc_col-sm-12\"><div class=\"vc_column-inner\"><div class=\"wpb_wrapper\">\n\t<div class=\"wpb_text_column wpb_content_element\" >\n\t\t<div class=\"wpb_wrapper\">\n\t\t\t<p>De Voshaar comenz\u00f3 en 2015 con su propio entrenamiento MBO Sport &amp; Exercise;<br \/>\n<strong>Voshaar MBO Deportes al aire libre y gu\u00eda.<\/strong><br \/>\nEl programa funciona de forma independiente y, por lo tanto, no est\u00e1 vinculado a un ROC u otra instituci\u00f3n educativa.<\/p>\n<p>Este es, con mucho, el entrenamiento al aire libre m\u00e1s completo en los Pa\u00edses Bajos y probablemente en Europa.<br \/>\nEn el 1er a\u00f1o te formar\u00e1s como instructor integral ya partir del 2\u00ba a\u00f1o te especializar\u00e1s en la direcci\u00f3n de &#039;Outdoor&#039; o &#039;Wilderness&#039; o ambas especializaciones en tres a\u00f1os.<\/p>\n<p>El curso es de tiempo completo (BOL) y los estudiantes tienen derecho a financiamiento estudiantil\/pr\u00e9stamos estudiantiles y una tarjeta de transporte p\u00fablico.<br \/>\nUno puede graduarse en el nivel 3 de MBO (l\u00edder deportivo y de ejercicio) o en el nivel 4 de MBO (coordinador de instrucci\u00f3n, entrenamiento y entrenamiento deportivo).<\/p>\n\n\t\t<\/div>\n\t<\/div>\n<div class=\"vc_empty_space\"   style=\"height: 32px\"><span class=\"vc_empty_space_inner\"><\/span><\/div><div class=\"vc_btn3-container vc_btn3-inline vc_do_btn\" ><a class=\"vc_general vc_btn3 vc_btn3-size-md vc_btn3-shape-rounded vc_btn3-style-modern vc_btn3-color-danger\" href=\"https:\/\/mbooutdoor.com\/\" title=\"\">Voshaar MBO SB Deportes al aire libre y gu\u00eda<\/a><\/div><div class=\"vc_empty_space\"   style=\"height: 32px\"><span class=\"vc_empty_space_inner\"><\/span><\/div>\n\t<div  class=\"wpb_single_image wpb_content_element vc_align_left wpb_content_element\">\n\t\t\n\t\t<figure class=\"wpb_wrapper vc_figure\">\n\t\t\t<div class=\"vc_single_image-wrapper   vc_box_border_grey\"><img loading=\"lazy\" decoding=\"async\" width=\"300\" height=\"99\" src=\"https:\/\/voshaaroutdoor.com\/wp-content\/uploads\/2022\/01\/Logo-Ministerie-OCW-groot-300x99.gif\" class=\"vc_single_image-img attachment-medium\" alt=\"\" title=\"Logo-Ministerio-OCW-grande\" srcset=\"https:\/\/voshaaroutdoor.com\/wp-content\/uploads\/2022\/01\/Logo-Ministerie-OCW-groot-300x99.gif 300w, https:\/\/voshaaroutdoor.com\/wp-content\/uploads\/2022\/01\/Logo-Ministerie-OCW-groot-600x197.gif 600w\" sizes=\"auto, (max-width: 300px) 100vw, 300px\" \/><\/div>\n\t\t<\/figure>\n\t<\/div>\n<div class=\"vc_empty_space\"   style=\"height: 32px\"><span class=\"vc_empty_space_inner\"><\/span><\/div><\/div><\/div><\/div><\/div><div class=\"vc_row wpb_row vc_row-fluid\" ><div class=\"wpb_column vc_column_container vc_col-sm-12\"><div class=\"vc_column-inner\"><div class=\"wpb_wrapper\">\n\t<div  class=\"wpb_single_image wpb_content_element vc_align_center wpb_content_element\">\n\t\t\n\t\t<figure class=\"wpb_wrapper vc_figure\">\n\t\t\t<a href=\"https:\/\/mbooutdoor.com\/\" target=\"_self\" class=\"vc_single_image-wrapper   vc_box_border_grey\"><img loading=\"lazy\" decoding=\"async\" width=\"300\" height=\"231\" src=\"https:\/\/voshaaroutdoor.com\/wp-content\/uploads\/2021\/12\/MBO-outdoor-jpeg-300x231.jpg\" class=\"vc_single_image-img attachment-medium\" alt=\"\" title=\"MBO al aire libre jpeg\" srcset=\"https:\/\/voshaaroutdoor.com\/wp-content\/uploads\/2021\/12\/MBO-outdoor-jpeg-300x231.jpg 300w, https:\/\/voshaaroutdoor.com\/wp-content\/uploads\/2021\/12\/MBO-outdoor-jpeg-1024x788.jpg 1024w, https:\/\/voshaaroutdoor.com\/wp-content\/uploads\/2021\/12\/MBO-outdoor-jpeg-768x591.jpg 768w, https:\/\/voshaaroutdoor.com\/wp-content\/uploads\/2021\/12\/MBO-outdoor-jpeg-600x462.jpg 600w, https:\/\/voshaaroutdoor.com\/wp-content\/uploads\/2021\/12\/MBO-outdoor-jpeg.jpg 1248w\" sizes=\"auto, (max-width: 300px) 100vw, 300px\" \/><\/a>\n\t\t<\/figure>\n\t<\/div>\n<div class=\"vc_empty_space\"   style=\"height: 32px\"><span class=\"vc_empty_space_inner\"><\/span><\/div>\n\t<div class=\"wpb_video_widget wpb_content_element vc_clearfix   vc_video-aspect-ratio-169 vc_video-el-width-70 vc_video-align-center\" >\n\t\t<div class=\"wpb_wrapper\">\n\t\t\t\n\t\t\t<div class=\"wpb_video_wrapper\"><iframe loading=\"lazy\" title=\"Voshaar MBO Deportes al aire libre y gu\u00edas 2018\" src=\"https:\/\/player.vimeo.com\/video\/301500084?dnt=1&amp;app_id=122963\" width=\"500\" height=\"281\" frameborder=\"0\" allow=\"autoplay; fullscreen; picture-in-picture\"><\/iframe><\/div>\n\t\t<\/div>\n\t<\/div>\n<\/div><\/div><\/div><\/div>\n<\/div>","protected":false},"excerpt":{"rendered":"De Voshaar inici\u00f3 su propio curso MBO Sports &amp; Ejercicio en 2015; Voshaar MBO Deportes al aire libre y gu\u00edas. El curso funciona de forma independiente y, por lo tanto, no est\u00e1 vinculado a una Rep\u00fablica de China ni a otra instituci\u00f3n educativa. Este es, con diferencia, el entrenamiento al aire libre m\u00e1s completo de los Pa\u00edses Bajos y probablemente de Europa. En el primer a\u00f1o recibes formaci\u00f3n como instructor polivalente y a partir del segundo a\u00f1o te especializas en &#039;Outdoor&#039; o &#039;Wilderness&#039; o ambas especializaciones en tres a\u00f1os. El curso es a tiempo completo (BOL) y los estudiantes tienen derecho a financiaci\u00f3n\/pr\u00e9stamo estudiantil y a un pase anual de transporte p\u00fablico. Se puede graduar en MBO nivel 3 (L\u00edder de deportes y ejercicio) o MBO nivel 4 (Coordinador de instrucci\u00f3n, entrenamiento y entrenamiento deportivo). Voshaar MBO SB Deportes al aire libre y gu\u00eda","protected":false},"author":4,"featured_media":0,"parent":0,"menu_order":0,"comment_status":"closed","ping_status":"closed","template":"","meta":{"footnotes":""},"class_list":["post-4710","page","type-page","status-publish","hentry"],"yoast_head":"<!-- This site is optimized with the Yoast SEO plugin v27.5 - https:\/\/yoast.com\/product\/yoast-seo-wordpress\/ -->\n<title>Voshaar MBO SB - VoshaarOutdoor.com<\/title>\n<meta name=\"robots\" content=\"index, follow, max-snippet:-1, max-image-preview:large, max-video-preview:-1\" \/>\n<link rel=\"canonical\" href=\"https:\/\/voshaaroutdoor.com\/es\/voshaar-mbo-sb\/\" \/>\n<meta property=\"og:locale\" content=\"es_ES\" \/>\n<meta property=\"og:type\" content=\"article\" \/>\n<meta property=\"og:title\" content=\"Voshaar MBO SB - VoshaarOutdoor.com\" \/>\n<meta property=\"og:url\" content=\"https:\/\/voshaaroutdoor.com\/es\/voshaar-mbo-sb\/\" \/>\n<meta property=\"og:site_name\" content=\"VoshaarOutdoor.com\" \/>\n<meta property=\"article:publisher\" content=\"https:\/\/www.facebook.com\/VoshaarOutdoorandEducation\" \/>\n<meta property=\"article:modified_time\" content=\"2022-01-04T09:25:17+00:00\" \/>\n<meta name=\"twitter:card\" content=\"summary_large_image\" \/>\n<meta name=\"twitter:label1\" content=\"Tiempo de lectura\" \/>\n\t<meta name=\"twitter:data1\" content=\"1 minuto\" \/>\n<script type=\"application\/ld+json\" class=\"yoast-schema-graph\">{\"@context\":\"https:\\\/\\\/schema.org\",\"@graph\":[{\"@type\":\"WebPage\",\"@id\":\"https:\\\/\\\/voshaaroutdoor.com\\\/voshaar-mbo-sb\\\/\",\"url\":\"https:\\\/\\\/voshaaroutdoor.com\\\/voshaar-mbo-sb\\\/\",\"name\":\"Voshaar MBO SB - VoshaarOutdoor.com\",\"isPartOf\":{\"@id\":\"https:\\\/\\\/voshaaroutdoor.com\\\/#website\"},\"datePublished\":\"2021-12-30T08:29:32+00:00\",\"dateModified\":\"2022-01-04T09:25:17+00:00\",\"breadcrumb\":{\"@id\":\"https:\\\/\\\/voshaaroutdoor.com\\\/voshaar-mbo-sb\\\/#breadcrumb\"},\"inLanguage\":\"es\",\"potentialAction\":[{\"@type\":\"ReadAction\",\"target\":[\"https:\\\/\\\/voshaaroutdoor.com\\\/voshaar-mbo-sb\\\/\"]}]},{\"@type\":\"BreadcrumbList\",\"@id\":\"https:\\\/\\\/voshaaroutdoor.com\\\/voshaar-mbo-sb\\\/#breadcrumb\",\"itemListElement\":[{\"@type\":\"ListItem\",\"position\":1,\"name\":\"Home\",\"item\":\"https:\\\/\\\/voshaaroutdoor.com\\\/\"},{\"@type\":\"ListItem\",\"position\":2,\"name\":\"Voshaar MBO SB\"}]},{\"@type\":\"WebSite\",\"@id\":\"https:\\\/\\\/voshaaroutdoor.com\\\/#website\",\"url\":\"https:\\\/\\\/voshaaroutdoor.com\\\/\",\"name\":\"VoshaarOutdoor.com\",\"description\":\"Voshaar Outdoor &amp; Education - Trainingen, cursussen en opleidingen\",\"publisher\":{\"@id\":\"https:\\\/\\\/voshaaroutdoor.com\\\/#organization\"},\"potentialAction\":[{\"@type\":\"SearchAction\",\"target\":{\"@type\":\"EntryPoint\",\"urlTemplate\":\"https:\\\/\\\/voshaaroutdoor.com\\\/?s={search_term_string}\"},\"query-input\":{\"@type\":\"PropertyValueSpecification\",\"valueRequired\":true,\"valueName\":\"search_term_string\"}}],\"inLanguage\":\"es\"},{\"@type\":\"Organization\",\"@id\":\"https:\\\/\\\/voshaaroutdoor.com\\\/#organization\",\"name\":\"Voshaar Outdoor & Education\",\"url\":\"https:\\\/\\\/voshaaroutdoor.com\\\/\",\"logo\":{\"@type\":\"ImageObject\",\"inLanguage\":\"es\",\"@id\":\"https:\\\/\\\/voshaaroutdoor.com\\\/#\\\/schema\\\/logo\\\/image\\\/\",\"url\":\"https:\\\/\\\/voshaaroutdoor.com\\\/wp-content\\\/uploads\\\/2021\\\/11\\\/cropped-nieuwe-logo-rood.png\",\"contentUrl\":\"https:\\\/\\\/voshaaroutdoor.com\\\/wp-content\\\/uploads\\\/2021\\\/11\\\/cropped-nieuwe-logo-rood.png\",\"width\":512,\"height\":512,\"caption\":\"Voshaar Outdoor & Education\"},\"image\":{\"@id\":\"https:\\\/\\\/voshaaroutdoor.com\\\/#\\\/schema\\\/logo\\\/image\\\/\"},\"sameAs\":[\"https:\\\/\\\/www.facebook.com\\\/VoshaarOutdoorandEducation\",\"https:\\\/\\\/www.instagram.com\\\/voshaaroutdoorandeducation\\\/\"]}]}<\/script>\n<!-- \/ Yoast SEO plugin. -->","yoast_head_json":{"title":"Voshaar MBO SB - VoshaarOutdoor.com","robots":{"index":"index","follow":"follow","max-snippet":"max-snippet:-1","max-image-preview":"max-image-preview:large","max-video-preview":"max-video-preview:-1"},"canonical":"https:\/\/voshaaroutdoor.com\/es\/voshaar-mbo-sb\/","og_locale":"es_ES","og_type":"article","og_title":"Voshaar MBO SB - VoshaarOutdoor.com","og_url":"https:\/\/voshaaroutdoor.com\/es\/voshaar-mbo-sb\/","og_site_name":"VoshaarOutdoor.com","article_publisher":"https:\/\/www.facebook.com\/VoshaarOutdoorandEducation","article_modified_time":"2022-01-04T09:25:17+00:00","twitter_card":"summary_large_image","twitter_misc":{"Tiempo de lectura":"1 minuto"},"schema":{"@context":"https:\/\/schema.org","@graph":[{"@type":"WebPage","@id":"https:\/\/voshaaroutdoor.com\/voshaar-mbo-sb\/","url":"https:\/\/voshaaroutdoor.com\/voshaar-mbo-sb\/","name":"Voshaar MBO SB - VoshaarOutdoor.com","isPartOf":{"@id":"https:\/\/voshaaroutdoor.com\/#website"},"datePublished":"2021-12-30T08:29:32+00:00","dateModified":"2022-01-04T09:25:17+00:00","breadcrumb":{"@id":"https:\/\/voshaaroutdoor.com\/voshaar-mbo-sb\/#breadcrumb"},"inLanguage":"es","potentialAction":[{"@type":"ReadAction","target":["https:\/\/voshaaroutdoor.com\/voshaar-mbo-sb\/"]}]},{"@type":"BreadcrumbList","@id":"https:\/\/voshaaroutdoor.com\/voshaar-mbo-sb\/#breadcrumb","itemListElement":[{"@type":"ListItem","position":1,"name":"Home","item":"https:\/\/voshaaroutdoor.com\/"},{"@type":"ListItem","position":2,"name":"Voshaar MBO SB"}]},{"@type":"WebSite","@id":"https:\/\/voshaaroutdoor.com\/#website","url":"https:\/\/voshaaroutdoor.com\/","name":"VoshaarOutdoor.com","description":"Voshaar Outdoor &amp; Education - Capacitaciones, cursos y educaci\u00f3n","publisher":{"@id":"https:\/\/voshaaroutdoor.com\/#organization"},"potentialAction":[{"@type":"SearchAction","target":{"@type":"EntryPoint","urlTemplate":"https:\/\/voshaaroutdoor.com\/?s={search_term_string}"},"query-input":{"@type":"PropertyValueSpecification","valueRequired":true,"valueName":"search_term_string"}}],"inLanguage":"es"},{"@type":"Organization","@id":"https:\/\/voshaaroutdoor.com\/#organization","name":"Voshaar Actividades al aire libre y educaci\u00f3n","url":"https:\/\/voshaaroutdoor.com\/","logo":{"@type":"ImageObject","inLanguage":"es","@id":"https:\/\/voshaaroutdoor.com\/#\/schema\/logo\/image\/","url":"https:\/\/voshaaroutdoor.com\/wp-content\/uploads\/2021\/11\/cropped-nieuwe-logo-rood.png","contentUrl":"https:\/\/voshaaroutdoor.com\/wp-content\/uploads\/2021\/11\/cropped-nieuwe-logo-rood.png","width":512,"height":512,"caption":"Voshaar Outdoor & Education"},"image":{"@id":"https:\/\/voshaaroutdoor.com\/#\/schema\/logo\/image\/"},"sameAs":["https:\/\/www.facebook.com\/VoshaarOutdoorandEducation","https:\/\/www.instagram.com\/voshaaroutdoorandeducation\/"]}]}},"_links":{"self":[{"href":"https:\/\/voshaaroutdoor.com\/es\/wp-json\/wp\/v2\/pages\/4710","targetHints":{"allow":["GET"]}}],"collection":[{"href":"https:\/\/voshaaroutdoor.com\/es\/wp-json\/wp\/v2\/pages"}],"about":[{"href":"https:\/\/voshaaroutdoor.com\/es\/wp-json\/wp\/v2\/types\/page"}],"author":[{"embeddable":true,"href":"https:\/\/voshaaroutdoor.com\/es\/wp-json\/wp\/v2\/users\/4"}],"replies":[{"embeddable":true,"href":"https:\/\/voshaaroutdoor.com\/es\/wp-json\/wp\/v2\/comments?post=4710"}],"version-history":[{"count":5,"href":"https:\/\/voshaaroutdoor.com\/es\/wp-json\/wp\/v2\/pages\/4710\/revisions"}],"predecessor-version":[{"id":5354,"href":"https:\/\/voshaaroutdoor.com\/es\/wp-json\/wp\/v2\/pages\/4710\/revisions\/5354"}],"wp:attachment":[{"href":"https:\/\/voshaaroutdoor.com\/es\/wp-json\/wp\/v2\/media?parent=4710"}],"curies":[{"name":"gracias","href":"https:\/\/api.w.org\/{rel}","templated":true}]}}