{"id":3635,"date":"2013-06-12T19:28:13","date_gmt":"2013-06-12T19:28:13","guid":{"rendered":"http:\/\/voshaaroutdoor.wordpress.com\/?page_id=114"},"modified":"2024-10-24T19:05:07","modified_gmt":"2024-10-24T19:05:07","slug":"trainingen-volwassenen","status":"publish","type":"page","link":"https:\/\/voshaaroutdoor.com\/es\/trainingen-volwassenen\/","title":{"rendered":"entrenamiento de adultos"},"content":{"rendered":"<div class=\"wpb-content-wrapper\"><div class=\"vc_row wpb_row vc_row-fluid\" ><div class=\"wpb_column vc_column_container vc_col-sm-12\"><div class=\"vc_column-inner\"><div class=\"wpb_wrapper\">\n\t<div  class=\"wpb_single_image wpb_content_element vc_align_center wpb_content_element\">\n\t\t\n\t\t<figure class=\"wpb_wrapper vc_figure\">\n\t\t\t<div class=\"vc_single_image-wrapper   vc_box_border_grey\"><img loading=\"lazy\" decoding=\"async\" width=\"819\" height=\"1024\" src=\"https:\/\/voshaaroutdoor.com\/wp-content\/uploads\/2024\/10\/Poster-A2-42x59.4-cm-Poster-A3-Poster-A4-Verticale-Instagrampost-819x1024.jpeg\" class=\"vc_single_image-img attachment-large\" alt=\"\" title=\"P\u00f3ster A2 42x59,4 cm - P\u00f3ster A3 - P\u00f3ster A4 - Publicaci\u00f3n vertical de Instagram\" srcset=\"https:\/\/voshaaroutdoor.com\/wp-content\/uploads\/2024\/10\/Poster-A2-42x59.4-cm-Poster-A3-Poster-A4-Verticale-Instagrampost-819x1024.jpeg 819w, https:\/\/voshaaroutdoor.com\/wp-content\/uploads\/2024\/10\/Poster-A2-42x59.4-cm-Poster-A3-Poster-A4-Verticale-Instagrampost-240x300.jpeg 240w, https:\/\/voshaaroutdoor.com\/wp-content\/uploads\/2024\/10\/Poster-A2-42x59.4-cm-Poster-A3-Poster-A4-Verticale-Instagrampost-768x960.jpeg 768w, https:\/\/voshaaroutdoor.com\/wp-content\/uploads\/2024\/10\/Poster-A2-42x59.4-cm-Poster-A3-Poster-A4-Verticale-Instagrampost-1229x1536.jpeg 1229w, https:\/\/voshaaroutdoor.com\/wp-content\/uploads\/2024\/10\/Poster-A2-42x59.4-cm-Poster-A3-Poster-A4-Verticale-Instagrampost-1638x2048.jpeg 1638w, https:\/\/voshaaroutdoor.com\/wp-content\/uploads\/2024\/10\/Poster-A2-42x59.4-cm-Poster-A3-Poster-A4-Verticale-Instagrampost-10x12.jpeg 10w\" sizes=\"auto, (max-width: 819px) 100vw, 819px\" \/><\/div>\n\t\t<\/figure>\n\t<\/div>\n<div class=\"vc_empty_space\"   style=\"height: 32px\"><span class=\"vc_empty_space_inner\"><\/span><\/div>\n\t<div class=\"wpb_text_column wpb_content_element\" >\n\t\t<div class=\"wpb_wrapper\">\n\t\t\t<p style=\"text-align: center;\" align=\"center\"><b>La condici\u00f3n es: Fuerza, agilidad, velocidad, resistencia y coordinaci\u00f3n. Estos aspectos vuelven en todos nuestros cursos de formaci\u00f3n.<\/b><\/p>\n<p style=\"text-align: center;\"><strong>Entrenamiento de carrera, entrenamiento de resistencia, entrenamiento de carrera de supervivencia<\/strong><\/p>\n<p style=\"text-align: center;\">Pero tambi\u00e9n:<\/p>\n<p style=\"text-align: center;\" align=\"center\"><b>-  Entrenamiento con pesas<br \/>\n<\/b>De Voshaar tambi\u00e9n tiene una sala de pesas. No se dan clases en grupo. Se puede hacer un horario personal para esto. <b>\u00a0\u00a0\u00a0\u00a0\u00a0\u00a0\u00a0\u00a0 <\/b><\/p>\n<p style=\"text-align: center;\" align=\"center\"><b>-Otros entrenamientos<br \/>\n<\/b>Los siguientes componentes tambi\u00e9n se cubren durante varias sesiones de capacitaci\u00f3n. Todos estos cursos de formaci\u00f3n son accesibles para los miembros de Voshaar.<br \/>\n\u2013 Kayak<br \/>\n\u2013 Escalada deportiva<br \/>\n\u2013 Tiro con arco<br \/>\n- Nadar<br \/>\n- Orientaci\u00f3n<\/p>\n<p style=\"text-align: center;\" align=\"center\">En invierno, por supuesto, esperamos hielo y nieve. \u00a1Eso hace que nuestro entrenamiento sea a\u00fan m\u00e1s variado!<\/p>\n\n\t\t<\/div>\n\t<\/div>\n<div class=\"vc_row wpb_row vc_inner vc_row-fluid\" ><div class=\"wpb_column vc_column_container vc_col-sm-12\"><div class=\"vc_column-inner\"><div class=\"wpb_wrapper\"><div class=\"vc_empty_space\"   style=\"height: 32px\"><span class=\"vc_empty_space_inner\"><\/span><\/div><a itemprop=\"url\" href=\"https:\/\/voshaaroutdoor.com\/index.php\/looptraining-2\/\" target=\"_self\"  class=\"mkdf-btn mkdf-btn-medium mkdf-btn-solid\"  >\n    <span class=\"mkdf-btn-text\">Entrenamiento de la marcha<\/span>\n\t\t\t\t\t\t<\/a><\/div><\/div><\/div><\/div><\/div><\/div><\/div><\/div><div class=\"vc_row wpb_row vc_row-fluid\" ><div class=\"wpb_column vc_column_container vc_col-sm-12\"><div class=\"vc_column-inner\"><div class=\"wpb_wrapper\"><div class=\"vc_empty_space\"   style=\"height: 32px\"><span class=\"vc_empty_space_inner\"><\/span><\/div><a itemprop=\"url\" href=\"https:\/\/voshaaroutdoor.com\/index.php\/survivalrun-training\/\" target=\"_self\"  class=\"mkdf-btn mkdf-btn-medium mkdf-btn-solid\"  >\n    <span class=\"mkdf-btn-text\">Entrenamiento de carrera de supervivencia<\/span>\n\t\t\t\t\t\t<\/a><div class=\"vc_empty_space\"   style=\"height: 32px\"><span class=\"vc_empty_space_inner\"><\/span><\/div><\/div><\/div><\/div><\/div><div class=\"vc_row wpb_row vc_row-fluid\" ><div class=\"wpb_column vc_column_container vc_col-sm-12\"><div class=\"vc_column-inner\"><div class=\"wpb_wrapper\"><a itemprop=\"url\" href=\"https:\/\/voshaaroutdoor.com\/index.php\/conditietraining\/\" target=\"_self\"  class=\"mkdf-btn mkdf-btn-medium mkdf-btn-solid\"  >\n    <span class=\"mkdf-btn-text\">entrenamiento de condici\u00f3n<\/span>\n\t\t\t\t\t\t<\/a><div class=\"vc_empty_space\"   style=\"height: 32px\"><span class=\"vc_empty_space_inner\"><\/span><\/div><a itemprop=\"url\" href=\"https:\/\/voshaaroutdoor.com\/index.php\/dames-conditietraining\/\" target=\"_self\"  class=\"mkdf-btn mkdf-btn-medium mkdf-btn-solid\"  >\n    <span class=\"mkdf-btn-text\">Mi\u00e9rcoles ma\u00f1ana entrenando damas<\/span>\n\t\t\t\t\t\t<\/a><\/div><\/div><\/div><\/div><div class=\"vc_row wpb_row vc_row-fluid\" ><div class=\"wpb_column vc_column_container vc_col-sm-12\"><div class=\"vc_column-inner\"><div class=\"wpb_wrapper\"><div class=\"vc_empty_space\"   style=\"height: 32px\"><span class=\"vc_empty_space_inner\"><\/span><\/div><\/div><\/div><\/div><\/div><div class=\"vc_row wpb_row vc_row-fluid\" ><div class=\"wpb_column vc_column_container vc_col-sm-12\"><div class=\"vc_column-inner\"><div class=\"wpb_wrapper\">\n\t<div class=\"wpb_video_widget wpb_content_element vc_clearfix   vc_video-aspect-ratio-169 vc_video-el-width-100 vc_video-align-left\" >\n\t\t<div class=\"wpb_wrapper\">\n\t\t\t\n\t\t\t<div class=\"wpb_video_wrapper\"><iframe loading=\"lazy\" title=\"Formaci\u00f3n junio 2023\" src=\"https:\/\/player.vimeo.com\/video\/836698908?dnt=1&amp;app_id=122963\" width=\"500\" height=\"281\" frameborder=\"0\" allow=\"autoplay; fullscreen; picture-in-picture\"><\/iframe><\/div>\n\t\t<\/div>\n\t<\/div>\n<div class=\"vc_empty_space\"   style=\"height: 32px\"><span class=\"vc_empty_space_inner\"><\/span><\/div><\/div><\/div><\/div><\/div>\n<\/div>","protected":false},"excerpt":{"rendered":"La condici\u00f3n es: Fuerza, flexibilidad, velocidad, resistencia y coordinaci\u00f3n. Estas facetas se reflejan en todos nuestros cursos de formaci\u00f3n. Entrenamiento de carrera, entrenamiento f\u00edsico, entrenamiento de carrera de supervivencia Pero tambi\u00e9n: - Entrenamiento de fuerza De Voshaar tambi\u00e9n dispone de una sala de fuerza. No se dan lecciones grupales. Se puede hacer un horario personal para esto.         -Otros cursos de formaci\u00f3n Los siguientes componentes tambi\u00e9n se cubren durante varios cursos de formaci\u00f3n. Todos estos cursos de formaci\u00f3n son accesibles para los miembros de Voshaar. - Kayak - Escalada deportiva - Tiro con arco - Nataci\u00f3n - Orientaci\u00f3n En invierno, por supuesto, esperamos hielo y nieve. \u00a1Eso hace que nuestra formaci\u00f3n sea a\u00fan m\u00e1s variada! Entrenamiento de carrera Entrenamiento de carrera de supervivencia Entrenamiento de acondicionamiento Entrenamiento del mi\u00e9rcoles por la ma\u00f1ana damas","protected":false},"author":2,"featured_media":6438,"parent":0,"menu_order":0,"comment_status":"closed","ping_status":"closed","template":"","meta":{"footnotes":""},"class_list":["post-3635","page","type-page","status-publish","has-post-thumbnail","hentry"],"yoast_head":"<!-- This site is optimized with the Yoast SEO plugin v27.5 - https:\/\/yoast.com\/product\/yoast-seo-wordpress\/ -->\n<title>Trainingen volwassenen - VoshaarOutdoor.com<\/title>\n<meta name=\"robots\" content=\"index, follow, max-snippet:-1, max-image-preview:large, max-video-preview:-1\" \/>\n<link rel=\"canonical\" href=\"https:\/\/voshaaroutdoor.com\/es\/trainingen-volwassenen\/\" \/>\n<meta property=\"og:locale\" content=\"es_ES\" \/>\n<meta property=\"og:type\" content=\"article\" \/>\n<meta property=\"og:title\" content=\"Trainingen volwassenen - VoshaarOutdoor.com\" \/>\n<meta property=\"og:url\" content=\"https:\/\/voshaaroutdoor.com\/es\/trainingen-volwassenen\/\" \/>\n<meta property=\"og:site_name\" content=\"VoshaarOutdoor.com\" \/>\n<meta property=\"article:publisher\" content=\"https:\/\/www.facebook.com\/VoshaarOutdoorandEducation\" \/>\n<meta property=\"article:modified_time\" content=\"2024-10-24T19:05:07+00:00\" \/>\n<meta property=\"og:image\" content=\"https:\/\/voshaaroutdoor.com\/wp-content\/uploads\/2023\/06\/2023-MZAL-2.jpg\" \/>\n\t<meta property=\"og:image:width\" content=\"1997\" \/>\n\t<meta property=\"og:image:height\" content=\"717\" \/>\n\t<meta property=\"og:image:type\" content=\"image\/jpeg\" \/>\n<meta name=\"twitter:card\" content=\"summary_large_image\" \/>\n<meta name=\"twitter:label1\" content=\"Tiempo de lectura\" \/>\n\t<meta name=\"twitter:data1\" content=\"1 minuto\" \/>\n<script type=\"application\/ld+json\" class=\"yoast-schema-graph\">{\"@context\":\"https:\\\/\\\/schema.org\",\"@graph\":[{\"@type\":\"WebPage\",\"@id\":\"https:\\\/\\\/voshaaroutdoor.com\\\/trainingen-volwassenen\\\/\",\"url\":\"https:\\\/\\\/voshaaroutdoor.com\\\/trainingen-volwassenen\\\/\",\"name\":\"Trainingen volwassenen - VoshaarOutdoor.com\",\"isPartOf\":{\"@id\":\"https:\\\/\\\/voshaaroutdoor.com\\\/#website\"},\"primaryImageOfPage\":{\"@id\":\"https:\\\/\\\/voshaaroutdoor.com\\\/trainingen-volwassenen\\\/#primaryimage\"},\"image\":{\"@id\":\"https:\\\/\\\/voshaaroutdoor.com\\\/trainingen-volwassenen\\\/#primaryimage\"},\"thumbnailUrl\":\"https:\\\/\\\/voshaaroutdoor.com\\\/wp-content\\\/uploads\\\/2023\\\/06\\\/2023-MZAL.jpg\",\"datePublished\":\"2013-06-12T19:28:13+00:00\",\"dateModified\":\"2024-10-24T19:05:07+00:00\",\"breadcrumb\":{\"@id\":\"https:\\\/\\\/voshaaroutdoor.com\\\/trainingen-volwassenen\\\/#breadcrumb\"},\"inLanguage\":\"es\",\"potentialAction\":[{\"@type\":\"ReadAction\",\"target\":[\"https:\\\/\\\/voshaaroutdoor.com\\\/trainingen-volwassenen\\\/\"]}]},{\"@type\":\"ImageObject\",\"inLanguage\":\"es\",\"@id\":\"https:\\\/\\\/voshaaroutdoor.com\\\/trainingen-volwassenen\\\/#primaryimage\",\"url\":\"https:\\\/\\\/voshaaroutdoor.com\\\/wp-content\\\/uploads\\\/2023\\\/06\\\/2023-MZAL.jpg\",\"contentUrl\":\"https:\\\/\\\/voshaaroutdoor.com\\\/wp-content\\\/uploads\\\/2023\\\/06\\\/2023-MZAL.jpg\",\"width\":2048,\"height\":1152},{\"@type\":\"BreadcrumbList\",\"@id\":\"https:\\\/\\\/voshaaroutdoor.com\\\/trainingen-volwassenen\\\/#breadcrumb\",\"itemListElement\":[{\"@type\":\"ListItem\",\"position\":1,\"name\":\"Home\",\"item\":\"https:\\\/\\\/voshaaroutdoor.com\\\/\"},{\"@type\":\"ListItem\",\"position\":2,\"name\":\"Trainingen volwassenen\"}]},{\"@type\":\"WebSite\",\"@id\":\"https:\\\/\\\/voshaaroutdoor.com\\\/#website\",\"url\":\"https:\\\/\\\/voshaaroutdoor.com\\\/\",\"name\":\"VoshaarOutdoor.com\",\"description\":\"Voshaar Outdoor &amp; Education - Trainingen, cursussen en opleidingen\",\"publisher\":{\"@id\":\"https:\\\/\\\/voshaaroutdoor.com\\\/#organization\"},\"potentialAction\":[{\"@type\":\"SearchAction\",\"target\":{\"@type\":\"EntryPoint\",\"urlTemplate\":\"https:\\\/\\\/voshaaroutdoor.com\\\/?s={search_term_string}\"},\"query-input\":{\"@type\":\"PropertyValueSpecification\",\"valueRequired\":true,\"valueName\":\"search_term_string\"}}],\"inLanguage\":\"es\"},{\"@type\":\"Organization\",\"@id\":\"https:\\\/\\\/voshaaroutdoor.com\\\/#organization\",\"name\":\"Voshaar Outdoor & Education\",\"url\":\"https:\\\/\\\/voshaaroutdoor.com\\\/\",\"logo\":{\"@type\":\"ImageObject\",\"inLanguage\":\"es\",\"@id\":\"https:\\\/\\\/voshaaroutdoor.com\\\/#\\\/schema\\\/logo\\\/image\\\/\",\"url\":\"https:\\\/\\\/voshaaroutdoor.com\\\/wp-content\\\/uploads\\\/2021\\\/11\\\/cropped-nieuwe-logo-rood.png\",\"contentUrl\":\"https:\\\/\\\/voshaaroutdoor.com\\\/wp-content\\\/uploads\\\/2021\\\/11\\\/cropped-nieuwe-logo-rood.png\",\"width\":512,\"height\":512,\"caption\":\"Voshaar Outdoor & Education\"},\"image\":{\"@id\":\"https:\\\/\\\/voshaaroutdoor.com\\\/#\\\/schema\\\/logo\\\/image\\\/\"},\"sameAs\":[\"https:\\\/\\\/www.facebook.com\\\/VoshaarOutdoorandEducation\",\"https:\\\/\\\/www.instagram.com\\\/voshaaroutdoorandeducation\\\/\"]}]}<\/script>\n<!-- \/ Yoast SEO plugin. -->","yoast_head_json":{"title":"Entrenamiento para adultos - VoshaarOutdoor.com","robots":{"index":"index","follow":"follow","max-snippet":"max-snippet:-1","max-image-preview":"max-image-preview:large","max-video-preview":"max-video-preview:-1"},"canonical":"https:\/\/voshaaroutdoor.com\/es\/trainingen-volwassenen\/","og_locale":"es_ES","og_type":"article","og_title":"Trainingen volwassenen - VoshaarOutdoor.com","og_url":"https:\/\/voshaaroutdoor.com\/es\/trainingen-volwassenen\/","og_site_name":"VoshaarOutdoor.com","article_publisher":"https:\/\/www.facebook.com\/VoshaarOutdoorandEducation","article_modified_time":"2024-10-24T19:05:07+00:00","og_image":[{"width":1997,"height":717,"url":"https:\/\/voshaaroutdoor.com\/wp-content\/uploads\/2023\/06\/2023-MZAL-2.jpg","type":"image\/jpeg"}],"twitter_card":"summary_large_image","twitter_misc":{"Tiempo de lectura":"1 minuto"},"schema":{"@context":"https:\/\/schema.org","@graph":[{"@type":"WebPage","@id":"https:\/\/voshaaroutdoor.com\/trainingen-volwassenen\/","url":"https:\/\/voshaaroutdoor.com\/trainingen-volwassenen\/","name":"Entrenamiento para adultos - VoshaarOutdoor.com","isPartOf":{"@id":"https:\/\/voshaaroutdoor.com\/#website"},"primaryImageOfPage":{"@id":"https:\/\/voshaaroutdoor.com\/trainingen-volwassenen\/#primaryimage"},"image":{"@id":"https:\/\/voshaaroutdoor.com\/trainingen-volwassenen\/#primaryimage"},"thumbnailUrl":"https:\/\/voshaaroutdoor.com\/wp-content\/uploads\/2023\/06\/2023-MZAL.jpg","datePublished":"2013-06-12T19:28:13+00:00","dateModified":"2024-10-24T19:05:07+00:00","breadcrumb":{"@id":"https:\/\/voshaaroutdoor.com\/trainingen-volwassenen\/#breadcrumb"},"inLanguage":"es","potentialAction":[{"@type":"ReadAction","target":["https:\/\/voshaaroutdoor.com\/trainingen-volwassenen\/"]}]},{"@type":"ImageObject","inLanguage":"es","@id":"https:\/\/voshaaroutdoor.com\/trainingen-volwassenen\/#primaryimage","url":"https:\/\/voshaaroutdoor.com\/wp-content\/uploads\/2023\/06\/2023-MZAL.jpg","contentUrl":"https:\/\/voshaaroutdoor.com\/wp-content\/uploads\/2023\/06\/2023-MZAL.jpg","width":2048,"height":1152},{"@type":"BreadcrumbList","@id":"https:\/\/voshaaroutdoor.com\/trainingen-volwassenen\/#breadcrumb","itemListElement":[{"@type":"ListItem","position":1,"name":"Home","item":"https:\/\/voshaaroutdoor.com\/"},{"@type":"ListItem","position":2,"name":"Trainingen volwassenen"}]},{"@type":"WebSite","@id":"https:\/\/voshaaroutdoor.com\/#website","url":"https:\/\/voshaaroutdoor.com\/","name":"VoshaarOutdoor.com","description":"Voshaar Outdoor &amp; Education - Capacitaciones, cursos y educaci\u00f3n","publisher":{"@id":"https:\/\/voshaaroutdoor.com\/#organization"},"potentialAction":[{"@type":"SearchAction","target":{"@type":"EntryPoint","urlTemplate":"https:\/\/voshaaroutdoor.com\/?s={search_term_string}"},"query-input":{"@type":"PropertyValueSpecification","valueRequired":true,"valueName":"search_term_string"}}],"inLanguage":"es"},{"@type":"Organization","@id":"https:\/\/voshaaroutdoor.com\/#organization","name":"Voshaar Actividades al aire libre y educaci\u00f3n","url":"https:\/\/voshaaroutdoor.com\/","logo":{"@type":"ImageObject","inLanguage":"es","@id":"https:\/\/voshaaroutdoor.com\/#\/schema\/logo\/image\/","url":"https:\/\/voshaaroutdoor.com\/wp-content\/uploads\/2021\/11\/cropped-nieuwe-logo-rood.png","contentUrl":"https:\/\/voshaaroutdoor.com\/wp-content\/uploads\/2021\/11\/cropped-nieuwe-logo-rood.png","width":512,"height":512,"caption":"Voshaar Outdoor & Education"},"image":{"@id":"https:\/\/voshaaroutdoor.com\/#\/schema\/logo\/image\/"},"sameAs":["https:\/\/www.facebook.com\/VoshaarOutdoorandEducation","https:\/\/www.instagram.com\/voshaaroutdoorandeducation\/"]}]}},"_links":{"self":[{"href":"https:\/\/voshaaroutdoor.com\/es\/wp-json\/wp\/v2\/pages\/3635","targetHints":{"allow":["GET"]}}],"collection":[{"href":"https:\/\/voshaaroutdoor.com\/es\/wp-json\/wp\/v2\/pages"}],"about":[{"href":"https:\/\/voshaaroutdoor.com\/es\/wp-json\/wp\/v2\/types\/page"}],"author":[{"embeddable":true,"href":"https:\/\/voshaaroutdoor.com\/es\/wp-json\/wp\/v2\/users\/2"}],"replies":[{"embeddable":true,"href":"https:\/\/voshaaroutdoor.com\/es\/wp-json\/wp\/v2\/comments?post=3635"}],"version-history":[{"count":12,"href":"https:\/\/voshaaroutdoor.com\/es\/wp-json\/wp\/v2\/pages\/3635\/revisions"}],"predecessor-version":[{"id":6954,"href":"https:\/\/voshaaroutdoor.com\/es\/wp-json\/wp\/v2\/pages\/3635\/revisions\/6954"}],"wp:featuredmedia":[{"embeddable":true,"href":"https:\/\/voshaaroutdoor.com\/es\/wp-json\/wp\/v2\/media\/6438"}],"wp:attachment":[{"href":"https:\/\/voshaaroutdoor.com\/es\/wp-json\/wp\/v2\/media?parent=3635"}],"curies":[{"name":"gracias","href":"https:\/\/api.w.org\/{rel}","templated":true}]}}