{"id":3632,"date":"2013-06-12T18:32:03","date_gmt":"2013-06-12T18:32:03","guid":{"rendered":"http:\/\/voshaaroutdoor.wordpress.com\/?page_id=25"},"modified":"2021-12-30T22:35:10","modified_gmt":"2021-12-30T22:35:10","slug":"links","status":"publish","type":"page","link":"https:\/\/voshaaroutdoor.com\/es\/links\/","title":{"rendered":"Izquierda"},"content":{"rendered":"<div class=\"wpb-content-wrapper\"><div class=\"vc_row wpb_row vc_row-fluid\" ><div class=\"wpb_column vc_column_container vc_col-sm-12\"><div class=\"vc_column-inner\"><div class=\"wpb_wrapper\">\n\t<div class=\"wpb_text_column wpb_content_element\" >\n\t\t<div class=\"wpb_wrapper\">\n\t\t\t<p>Organisaties waar de Voshaar mee samenwerkt.<\/p>\n\n\t\t<\/div>\n\t<\/div>\n<div class=\"vc_empty_space\"   style=\"height: 32px\"><span class=\"vc_empty_space_inner\"><\/span><\/div><a itemprop=\"url\" href=\"https:\/\/mahikan.ca\/\" target=\"_blank\"  class=\"mkdf-btn mkdf-btn-medium mkdf-btn-solid\"  >\n    <span class=\"mkdf-btn-text\">Mahikan Trails Canada<\/span>\n\t\t\t\t\t\t<\/a><div class=\"vc_empty_space\"   style=\"height: 32px\"><span class=\"vc_empty_space_inner\"><\/span><\/div><a itemprop=\"url\" href=\"https:\/\/www.paintedwarriors.ca\/\" target=\"_blank\"  class=\"mkdf-btn mkdf-btn-medium mkdf-btn-solid\"  >\n    <span class=\"mkdf-btn-text\">Painted Warriors, Canada<\/span>\n\t\t\t\t\t\t<\/a><div class=\"vc_empty_space\"   style=\"height: 32px\"><span class=\"vc_empty_space_inner\"><\/span><\/div><a itemprop=\"url\" href=\"https:\/\/interpretiveguides.org\/\" target=\"_self\"  class=\"mkdf-btn mkdf-btn-medium mkdf-btn-solid\"  >\n    <span class=\"mkdf-btn-text\">Interpretive Guides Association<\/span>\n\t\t\t\t\t\t<\/a><div class=\"vc_empty_space\"   style=\"height: 32px\"><span class=\"vc_empty_space_inner\"><\/span><\/div><a itemprop=\"url\" href=\"https:\/\/wildernessguidesassociation.com\/\" target=\"_self\"  class=\"mkdf-btn mkdf-btn-medium mkdf-btn-solid\"  >\n    <span class=\"mkdf-btn-text\">Wilderness Guides Association<\/span>\n\t\t\t\t\t\t<\/a><\/div><\/div><\/div><\/div><div class=\"vc_row wpb_row vc_row-fluid\" ><div class=\"wpb_column vc_column_container vc_col-sm-12\"><div class=\"vc_column-inner\"><div class=\"wpb_wrapper\"><div class=\"vc_empty_space\"   style=\"height: 32px\"><span class=\"vc_empty_space_inner\"><\/span><\/div><\/div><\/div><\/div><\/div><div class=\"vc_row wpb_row vc_row-fluid\" ><div class=\"wpb_column vc_column_container vc_col-sm-12\"><div class=\"vc_column-inner\"><div class=\"wpb_wrapper\"><div class=\"wpb_images_carousel wpb_content_element vc_clearfix wpb_content_element\"><div class=\"wpb_wrapper\"><div id=\"vc_images-carousel-1-1777542962\" data-ride=\"vc_carousel\" data-wrap=\"false\" style=\"width: 1024px;\" data-interval=\"0\" data-auto-height=\"yes\" data-mode=\"horizontal\" data-partial=\"false\" data-per-view=\"1\" data-hide-on-end=\"true\" class=\"vc_slide vc_images_carousel\"><ol class=\"vc_carousel-indicators\"><li data-target=\"#vc_images-carousel-1-1777542962\" data-slide-to=\"0\"><\/li><li data-target=\"#vc_images-carousel-1-1777542962\" data-slide-to=\"1\"><\/li><li data-target=\"#vc_images-carousel-1-1777542962\" data-slide-to=\"2\"><\/li><li data-target=\"#vc_images-carousel-1-1777542962\" data-slide-to=\"3\"><\/li><\/ol><div class=\"vc_carousel-inner\"><div class=\"vc_carousel-slideline\"><div class=\"vc_carousel-slideline-inner\"><div class=\"vc_item\"><div class=\"vc_inner\"><a class=\"\" href=\"https:\/\/voshaaroutdoor.com\/wp-content\/uploads\/2021\/12\/7-1-1024x768.jpg\" data-lightbox=\"lightbox[rel-3632-3042894533]\"><img loading=\"lazy\" decoding=\"async\" width=\"1024\" height=\"768\" src=\"https:\/\/voshaaroutdoor.com\/wp-content\/uploads\/2021\/12\/7-1-1024x768.jpg\" class=\"attachment-large\" alt=\"\" title=\"7\" srcset=\"https:\/\/voshaaroutdoor.com\/wp-content\/uploads\/2021\/12\/7-1-1024x768.jpg 1024w, https:\/\/voshaaroutdoor.com\/wp-content\/uploads\/2021\/12\/7-1-300x225.jpg 300w, https:\/\/voshaaroutdoor.com\/wp-content\/uploads\/2021\/12\/7-1-768x576.jpg 768w, https:\/\/voshaaroutdoor.com\/wp-content\/uploads\/2021\/12\/7-1-1536x1152.jpg 1536w, https:\/\/voshaaroutdoor.com\/wp-content\/uploads\/2021\/12\/7-1-600x450.jpg 600w, https:\/\/voshaaroutdoor.com\/wp-content\/uploads\/2021\/12\/7-1.jpg 1632w\" sizes=\"auto, (max-width: 1024px) 100vw, 1024px\" \/><\/a><\/div><\/div><div class=\"vc_item\"><div class=\"vc_inner\"><a class=\"\" href=\"https:\/\/voshaaroutdoor.com\/wp-content\/uploads\/2021\/12\/Tracey-and-Brenda.jpg\" data-lightbox=\"lightbox[rel-3632-3042894533]\"><img loading=\"lazy\" decoding=\"async\" width=\"960\" height=\"960\" src=\"https:\/\/voshaaroutdoor.com\/wp-content\/uploads\/2021\/12\/Tracey-and-Brenda.jpg\" class=\"attachment-large\" alt=\"\" title=\"Tracey and Brenda\" srcset=\"https:\/\/voshaaroutdoor.com\/wp-content\/uploads\/2021\/12\/Tracey-and-Brenda.jpg 960w, https:\/\/voshaaroutdoor.com\/wp-content\/uploads\/2021\/12\/Tracey-and-Brenda-300x300.jpg 300w, https:\/\/voshaaroutdoor.com\/wp-content\/uploads\/2021\/12\/Tracey-and-Brenda-150x150.jpg 150w, https:\/\/voshaaroutdoor.com\/wp-content\/uploads\/2021\/12\/Tracey-and-Brenda-768x768.jpg 768w, https:\/\/voshaaroutdoor.com\/wp-content\/uploads\/2021\/12\/Tracey-and-Brenda-650x650.jpg 650w, https:\/\/voshaaroutdoor.com\/wp-content\/uploads\/2021\/12\/Tracey-and-Brenda-600x600.jpg 600w, https:\/\/voshaaroutdoor.com\/wp-content\/uploads\/2021\/12\/Tracey-and-Brenda-100x100.jpg 100w\" sizes=\"auto, (max-width: 960px) 100vw, 960px\" \/><\/a><\/div><\/div><div class=\"vc_item\"><div class=\"vc_inner\"><a class=\"\" href=\"https:\/\/voshaaroutdoor.com\/wp-content\/uploads\/2021\/12\/20180220_113436-768x1024.jpg\" data-lightbox=\"lightbox[rel-3632-3042894533]\"><img loading=\"lazy\" decoding=\"async\" width=\"768\" height=\"1024\" src=\"https:\/\/voshaaroutdoor.com\/wp-content\/uploads\/2021\/12\/20180220_113436-768x1024.jpg\" class=\"attachment-large\" alt=\"\" title=\"20180220_113436\" srcset=\"https:\/\/voshaaroutdoor.com\/wp-content\/uploads\/2021\/12\/20180220_113436-768x1024.jpg 768w, https:\/\/voshaaroutdoor.com\/wp-content\/uploads\/2021\/12\/20180220_113436-225x300.jpg 225w, https:\/\/voshaaroutdoor.com\/wp-content\/uploads\/2021\/12\/20180220_113436-1152x1536.jpg 1152w, https:\/\/voshaaroutdoor.com\/wp-content\/uploads\/2021\/12\/20180220_113436-1536x2048.jpg 1536w, https:\/\/voshaaroutdoor.com\/wp-content\/uploads\/2021\/12\/20180220_113436-600x800.jpg 600w, https:\/\/voshaaroutdoor.com\/wp-content\/uploads\/2021\/12\/20180220_113436-scaled.jpg 1920w\" sizes=\"auto, (max-width: 768px) 100vw, 768px\" \/><\/a><\/div><\/div><div class=\"vc_item\"><div class=\"vc_inner\"><a class=\"\" href=\"https:\/\/voshaaroutdoor.com\/wp-content\/uploads\/2021\/12\/IMG_20180215_161155_877-1024x1024.jpg\" data-lightbox=\"lightbox[rel-3632-3042894533]\"><img loading=\"lazy\" decoding=\"async\" width=\"1024\" height=\"1024\" src=\"https:\/\/voshaaroutdoor.com\/wp-content\/uploads\/2021\/12\/IMG_20180215_161155_877-1024x1024.jpg\" class=\"attachment-large\" alt=\"\" title=\"IMG_20180215_161155_877\" srcset=\"https:\/\/voshaaroutdoor.com\/wp-content\/uploads\/2021\/12\/IMG_20180215_161155_877-1024x1024.jpg 1024w, https:\/\/voshaaroutdoor.com\/wp-content\/uploads\/2021\/12\/IMG_20180215_161155_877-300x300.jpg 300w, https:\/\/voshaaroutdoor.com\/wp-content\/uploads\/2021\/12\/IMG_20180215_161155_877-150x150.jpg 150w, https:\/\/voshaaroutdoor.com\/wp-content\/uploads\/2021\/12\/IMG_20180215_161155_877-768x768.jpg 768w, https:\/\/voshaaroutdoor.com\/wp-content\/uploads\/2021\/12\/IMG_20180215_161155_877-1536x1536.jpg 1536w, https:\/\/voshaaroutdoor.com\/wp-content\/uploads\/2021\/12\/IMG_20180215_161155_877-650x650.jpg 650w, https:\/\/voshaaroutdoor.com\/wp-content\/uploads\/2021\/12\/IMG_20180215_161155_877-1300x1300.jpg 1300w, https:\/\/voshaaroutdoor.com\/wp-content\/uploads\/2021\/12\/IMG_20180215_161155_877-600x600.jpg 600w, https:\/\/voshaaroutdoor.com\/wp-content\/uploads\/2021\/12\/IMG_20180215_161155_877-100x100.jpg 100w\" sizes=\"auto, (max-width: 1024px) 100vw, 1024px\" \/><\/a><\/div><\/div><\/div><\/div><\/div><a class=\"vc_left vc_carousel-control\" href=\"#vc_images-carousel-1-1777542962\" data-slide=\"prev\"><span class=\"icon-prev\"><\/span><\/a><a class=\"vc_right vc_carousel-control\" href=\"#vc_images-carousel-1-1777542962\" data-slide=\"next\"><span class=\"icon-next\"><\/span><\/a><\/div><\/div><\/div><\/div><\/div><\/div><\/div>\n<\/div>","protected":false},"excerpt":{"rendered":"Organizaciones con las que colabora de Voshaar. Mahikan Trails Canada Painted Warriors, Asociaci\u00f3n de Gu\u00edas Interpretativos de Canad\u00e1 Asociaci\u00f3n de Gu\u00edas de Naturaleza","protected":false},"author":2,"featured_media":0,"parent":0,"menu_order":0,"comment_status":"closed","ping_status":"closed","template":"","meta":{"footnotes":""},"class_list":["post-3632","page","type-page","status-publish","hentry"],"yoast_head":"<!-- This site is optimized with the Yoast SEO plugin v27.5 - https:\/\/yoast.com\/product\/yoast-seo-wordpress\/ -->\n<title>Links - VoshaarOutdoor.com<\/title>\n<meta name=\"robots\" content=\"index, follow, max-snippet:-1, max-image-preview:large, max-video-preview:-1\" \/>\n<link rel=\"canonical\" href=\"https:\/\/voshaaroutdoor.com\/es\/links\/\" \/>\n<meta property=\"og:locale\" content=\"es_ES\" \/>\n<meta property=\"og:type\" content=\"article\" \/>\n<meta property=\"og:title\" content=\"Links - VoshaarOutdoor.com\" \/>\n<meta property=\"og:url\" content=\"https:\/\/voshaaroutdoor.com\/es\/links\/\" \/>\n<meta property=\"og:site_name\" content=\"VoshaarOutdoor.com\" \/>\n<meta property=\"article:publisher\" content=\"https:\/\/www.facebook.com\/VoshaarOutdoorandEducation\" \/>\n<meta property=\"article:modified_time\" content=\"2021-12-30T22:35:10+00:00\" \/>\n<meta name=\"twitter:card\" content=\"summary_large_image\" \/>\n<meta name=\"twitter:label1\" content=\"Tiempo de lectura\" \/>\n\t<meta name=\"twitter:data1\" content=\"1 minuto\" \/>\n<script type=\"application\/ld+json\" class=\"yoast-schema-graph\">{\"@context\":\"https:\\\/\\\/schema.org\",\"@graph\":[{\"@type\":\"WebPage\",\"@id\":\"https:\\\/\\\/voshaaroutdoor.com\\\/links\\\/\",\"url\":\"https:\\\/\\\/voshaaroutdoor.com\\\/links\\\/\",\"name\":\"Links - VoshaarOutdoor.com\",\"isPartOf\":{\"@id\":\"https:\\\/\\\/voshaaroutdoor.com\\\/#website\"},\"datePublished\":\"2013-06-12T18:32:03+00:00\",\"dateModified\":\"2021-12-30T22:35:10+00:00\",\"breadcrumb\":{\"@id\":\"https:\\\/\\\/voshaaroutdoor.com\\\/links\\\/#breadcrumb\"},\"inLanguage\":\"es\",\"potentialAction\":[{\"@type\":\"ReadAction\",\"target\":[\"https:\\\/\\\/voshaaroutdoor.com\\\/links\\\/\"]}]},{\"@type\":\"BreadcrumbList\",\"@id\":\"https:\\\/\\\/voshaaroutdoor.com\\\/links\\\/#breadcrumb\",\"itemListElement\":[{\"@type\":\"ListItem\",\"position\":1,\"name\":\"Home\",\"item\":\"https:\\\/\\\/voshaaroutdoor.com\\\/\"},{\"@type\":\"ListItem\",\"position\":2,\"name\":\"Links\"}]},{\"@type\":\"WebSite\",\"@id\":\"https:\\\/\\\/voshaaroutdoor.com\\\/#website\",\"url\":\"https:\\\/\\\/voshaaroutdoor.com\\\/\",\"name\":\"VoshaarOutdoor.com\",\"description\":\"Voshaar Outdoor &amp; Education - Trainingen, cursussen en opleidingen\",\"publisher\":{\"@id\":\"https:\\\/\\\/voshaaroutdoor.com\\\/#organization\"},\"potentialAction\":[{\"@type\":\"SearchAction\",\"target\":{\"@type\":\"EntryPoint\",\"urlTemplate\":\"https:\\\/\\\/voshaaroutdoor.com\\\/?s={search_term_string}\"},\"query-input\":{\"@type\":\"PropertyValueSpecification\",\"valueRequired\":true,\"valueName\":\"search_term_string\"}}],\"inLanguage\":\"es\"},{\"@type\":\"Organization\",\"@id\":\"https:\\\/\\\/voshaaroutdoor.com\\\/#organization\",\"name\":\"Voshaar Outdoor & Education\",\"url\":\"https:\\\/\\\/voshaaroutdoor.com\\\/\",\"logo\":{\"@type\":\"ImageObject\",\"inLanguage\":\"es\",\"@id\":\"https:\\\/\\\/voshaaroutdoor.com\\\/#\\\/schema\\\/logo\\\/image\\\/\",\"url\":\"https:\\\/\\\/voshaaroutdoor.com\\\/wp-content\\\/uploads\\\/2021\\\/11\\\/cropped-nieuwe-logo-rood.png\",\"contentUrl\":\"https:\\\/\\\/voshaaroutdoor.com\\\/wp-content\\\/uploads\\\/2021\\\/11\\\/cropped-nieuwe-logo-rood.png\",\"width\":512,\"height\":512,\"caption\":\"Voshaar Outdoor & Education\"},\"image\":{\"@id\":\"https:\\\/\\\/voshaaroutdoor.com\\\/#\\\/schema\\\/logo\\\/image\\\/\"},\"sameAs\":[\"https:\\\/\\\/www.facebook.com\\\/VoshaarOutdoorandEducation\",\"https:\\\/\\\/www.instagram.com\\\/voshaaroutdoorandeducation\\\/\"]}]}<\/script>\n<!-- \/ Yoast SEO plugin. -->","yoast_head_json":{"title":"Enlaces - VoshaarOutdoor.com","robots":{"index":"index","follow":"follow","max-snippet":"max-snippet:-1","max-image-preview":"max-image-preview:large","max-video-preview":"max-video-preview:-1"},"canonical":"https:\/\/voshaaroutdoor.com\/es\/links\/","og_locale":"es_ES","og_type":"article","og_title":"Links - VoshaarOutdoor.com","og_url":"https:\/\/voshaaroutdoor.com\/es\/links\/","og_site_name":"VoshaarOutdoor.com","article_publisher":"https:\/\/www.facebook.com\/VoshaarOutdoorandEducation","article_modified_time":"2021-12-30T22:35:10+00:00","twitter_card":"summary_large_image","twitter_misc":{"Tiempo de lectura":"1 minuto"},"schema":{"@context":"https:\/\/schema.org","@graph":[{"@type":"WebPage","@id":"https:\/\/voshaaroutdoor.com\/links\/","url":"https:\/\/voshaaroutdoor.com\/links\/","name":"Enlaces - VoshaarOutdoor.com","isPartOf":{"@id":"https:\/\/voshaaroutdoor.com\/#website"},"datePublished":"2013-06-12T18:32:03+00:00","dateModified":"2021-12-30T22:35:10+00:00","breadcrumb":{"@id":"https:\/\/voshaaroutdoor.com\/links\/#breadcrumb"},"inLanguage":"es","potentialAction":[{"@type":"ReadAction","target":["https:\/\/voshaaroutdoor.com\/links\/"]}]},{"@type":"BreadcrumbList","@id":"https:\/\/voshaaroutdoor.com\/links\/#breadcrumb","itemListElement":[{"@type":"ListItem","position":1,"name":"Home","item":"https:\/\/voshaaroutdoor.com\/"},{"@type":"ListItem","position":2,"name":"Links"}]},{"@type":"WebSite","@id":"https:\/\/voshaaroutdoor.com\/#website","url":"https:\/\/voshaaroutdoor.com\/","name":"VoshaarOutdoor.com","description":"Voshaar Outdoor &amp; Education - Capacitaciones, cursos y educaci\u00f3n","publisher":{"@id":"https:\/\/voshaaroutdoor.com\/#organization"},"potentialAction":[{"@type":"SearchAction","target":{"@type":"EntryPoint","urlTemplate":"https:\/\/voshaaroutdoor.com\/?s={search_term_string}"},"query-input":{"@type":"PropertyValueSpecification","valueRequired":true,"valueName":"search_term_string"}}],"inLanguage":"es"},{"@type":"Organization","@id":"https:\/\/voshaaroutdoor.com\/#organization","name":"Voshaar Actividades al aire libre y educaci\u00f3n","url":"https:\/\/voshaaroutdoor.com\/","logo":{"@type":"ImageObject","inLanguage":"es","@id":"https:\/\/voshaaroutdoor.com\/#\/schema\/logo\/image\/","url":"https:\/\/voshaaroutdoor.com\/wp-content\/uploads\/2021\/11\/cropped-nieuwe-logo-rood.png","contentUrl":"https:\/\/voshaaroutdoor.com\/wp-content\/uploads\/2021\/11\/cropped-nieuwe-logo-rood.png","width":512,"height":512,"caption":"Voshaar Outdoor & Education"},"image":{"@id":"https:\/\/voshaaroutdoor.com\/#\/schema\/logo\/image\/"},"sameAs":["https:\/\/www.facebook.com\/VoshaarOutdoorandEducation","https:\/\/www.instagram.com\/voshaaroutdoorandeducation\/"]}]}},"_links":{"self":[{"href":"https:\/\/voshaaroutdoor.com\/es\/wp-json\/wp\/v2\/pages\/3632","targetHints":{"allow":["GET"]}}],"collection":[{"href":"https:\/\/voshaaroutdoor.com\/es\/wp-json\/wp\/v2\/pages"}],"about":[{"href":"https:\/\/voshaaroutdoor.com\/es\/wp-json\/wp\/v2\/types\/page"}],"author":[{"embeddable":true,"href":"https:\/\/voshaaroutdoor.com\/es\/wp-json\/wp\/v2\/users\/2"}],"replies":[{"embeddable":true,"href":"https:\/\/voshaaroutdoor.com\/es\/wp-json\/wp\/v2\/comments?post=3632"}],"version-history":[{"count":2,"href":"https:\/\/voshaaroutdoor.com\/es\/wp-json\/wp\/v2\/pages\/3632\/revisions"}],"predecessor-version":[{"id":4705,"href":"https:\/\/voshaaroutdoor.com\/es\/wp-json\/wp\/v2\/pages\/3632\/revisions\/4705"}],"wp:attachment":[{"href":"https:\/\/voshaaroutdoor.com\/es\/wp-json\/wp\/v2\/media?parent=3632"}],"curies":[{"name":"gracias","href":"https:\/\/api.w.org\/{rel}","templated":true}]}}