{"id":120,"date":"2013-06-12T19:31:17","date_gmt":"2013-06-12T19:31:17","guid":{"rendered":"http:\/\/voshaaroutdoor.wordpress.com\/?page_id=120"},"modified":"2025-08-06T07:27:53","modified_gmt":"2025-08-06T07:27:53","slug":"avonturen-week","status":"publish","type":"page","link":"https:\/\/voshaaroutdoor.com\/es\/avonturen-week\/","title":{"rendered":"Semana de aventura en Francia"},"content":{"rendered":"<div class=\"wpb-content-wrapper\"><div class=\"vc_row wpb_row vc_row-fluid\" ><div class=\"wpb_column vc_column_container vc_col-sm-12\"><div class=\"vc_column-inner\"><div class=\"wpb_wrapper\">\n\t<div  class=\"wpb_single_image wpb_content_element vc_align_center wpb_content_element\">\n\t\t\n\t\t<figure class=\"wpb_wrapper vc_figure\">\n\t\t\t<div class=\"vc_single_image-wrapper   vc_box_border_grey\"><img loading=\"lazy\" decoding=\"async\" width=\"1024\" height=\"484\" src=\"https:\/\/voshaaroutdoor.com\/wp-content\/uploads\/2025\/04\/fr-2-1024x484.jpg\" class=\"vc_single_image-img attachment-large\" alt=\"\" title=\"fr 2\" srcset=\"https:\/\/voshaaroutdoor.com\/wp-content\/uploads\/2025\/04\/fr-2-1024x484.jpg 1024w, https:\/\/voshaaroutdoor.com\/wp-content\/uploads\/2025\/04\/fr-2-300x142.jpg 300w, https:\/\/voshaaroutdoor.com\/wp-content\/uploads\/2025\/04\/fr-2-768x363.jpg 768w, https:\/\/voshaaroutdoor.com\/wp-content\/uploads\/2025\/04\/fr-2-1536x727.jpg 1536w, https:\/\/voshaaroutdoor.com\/wp-content\/uploads\/2025\/04\/fr-2-18x9.jpg 18w, https:\/\/voshaaroutdoor.com\/wp-content\/uploads\/2025\/04\/fr-2.jpg 1691w\" sizes=\"auto, (max-width: 1024px) 100vw, 1024px\" \/><\/div>\n\t\t<\/figure>\n\t<\/div>\n<div class=\"vc_empty_space\"   style=\"height: 32px\"><span class=\"vc_empty_space_inner\"><\/span><\/div>\n\t<div class=\"wpb_text_column wpb_content_element\" >\n\t\t<div class=\"wpb_wrapper\">\n\t\t\t<p style=\"text-align: center;\">Una mezcla de actividades al aire libre en Francia, que incluyen kayak, rafting, escalada en roca, senderismo y v\u00eda ferrata.<br \/>\nEdad m\u00ednima: 18 a\u00f1os<\/p>\n<p style=\"text-align: center;\">Nuestra base es el Camping Robert en el lago de Paladru (Charavines)<\/p>\n<p style=\"text-align: center;\">Fechas: 25-29 de julio de 2026<br \/>\nCoste: 390,00\u20ac<br \/>\nIncluye gastos de acampada (tienda propia, 6 noches)<br \/>\nExcluye comida, bebidas y seguro personal (de viaje).<\/p>\n\n\t\t<\/div>\n\t<\/div>\n<div class=\"vc_btn3-container vc_btn3-center vc_do_btn\" ><a class=\"vc_general vc_btn3 vc_btn3-size-md vc_btn3-shape-rounded vc_btn3-style-modern vc_btn3-color-grey\" href=\"https:\/\/www.nowonlinetickets.nl\/Shop\/EventDetails\/4BB37D8176C39B8E75B0AB96137B8255\" title=\"\" target=\"_blank\">Para inscribirse<\/a><\/div><div class=\"vc_empty_space\"   style=\"height: 32px\"><span class=\"vc_empty_space_inner\"><\/span><\/div>\n\t<div class=\"wpb_video_widget wpb_content_element vc_clearfix   vc_video-aspect-ratio-169 vc_video-el-width-70 vc_video-align-center\" >\n\t\t<div class=\"wpb_wrapper\">\n\t\t\t\n\t\t\t<div class=\"wpb_video_wrapper\"><iframe loading=\"lazy\" title=\"Aftermovie Charavines.\" src=\"https:\/\/player.vimeo.com\/video\/518067417?dnt=1&amp;app_id=122963\" width=\"500\" height=\"281\" frameborder=\"0\" allow=\"autoplay; fullscreen; picture-in-picture\"><\/iframe><\/div>\n\t\t<\/div>\n\t<\/div>\n<div class=\"vc_empty_space\"   style=\"height: 32px\"><span class=\"vc_empty_space_inner\"><\/span><\/div>\n\t<div  class=\"wpb_single_image wpb_content_element vc_align_center wpb_content_element\">\n\t\t\n\t\t<figure class=\"wpb_wrapper vc_figure\">\n\t\t\t<div class=\"vc_single_image-wrapper   vc_box_border_grey\"><img loading=\"lazy\" decoding=\"async\" width=\"1024\" height=\"425\" src=\"https:\/\/voshaaroutdoor.com\/wp-content\/uploads\/2025\/04\/gkm-07-08-01-252-wo-kajak-2-1024x425.jpg\" class=\"vc_single_image-img attachment-large\" alt=\"\" title=\"gkm 07-08-01 252 kayaks de dos ruedas (2)\" srcset=\"https:\/\/voshaaroutdoor.com\/wp-content\/uploads\/2025\/04\/gkm-07-08-01-252-wo-kajak-2-1024x425.jpg 1024w, https:\/\/voshaaroutdoor.com\/wp-content\/uploads\/2025\/04\/gkm-07-08-01-252-wo-kajak-2-300x124.jpg 300w, https:\/\/voshaaroutdoor.com\/wp-content\/uploads\/2025\/04\/gkm-07-08-01-252-wo-kajak-2-768x319.jpg 768w, https:\/\/voshaaroutdoor.com\/wp-content\/uploads\/2025\/04\/gkm-07-08-01-252-wo-kajak-2-1536x637.jpg 1536w, https:\/\/voshaaroutdoor.com\/wp-content\/uploads\/2025\/04\/gkm-07-08-01-252-wo-kajak-2-18x7.jpg 18w\" sizes=\"auto, (max-width: 1024px) 100vw, 1024px\" \/><\/div>\n\t\t<\/figure>\n\t<\/div>\n<\/div><\/div><\/div><\/div><div class=\"vc_row wpb_row vc_row-fluid\" ><div class=\"wpb_column vc_column_container vc_col-sm-12\"><div class=\"vc_column-inner\"><div class=\"wpb_wrapper\"><div class=\"vc_empty_space\"   style=\"height: 32px\"><span class=\"vc_empty_space_inner\"><\/span><\/div>\n\t<div  class=\"wpb_single_image wpb_content_element vc_align_center wpb_content_element\">\n\t\t\n\t\t<figure class=\"wpb_wrapper vc_figure\">\n\t\t\t<div class=\"vc_single_image-wrapper   vc_box_border_grey\"><img loading=\"lazy\" decoding=\"async\" width=\"930\" height=\"765\" src=\"https:\/\/voshaaroutdoor.com\/wp-content\/uploads\/2025\/04\/20200806_141507.jpg\" class=\"vc_single_image-img attachment-large\" alt=\"\" title=\"20200806_141507\" srcset=\"https:\/\/voshaaroutdoor.com\/wp-content\/uploads\/2025\/04\/20200806_141507.jpg 930w, https:\/\/voshaaroutdoor.com\/wp-content\/uploads\/2025\/04\/20200806_141507-300x247.jpg 300w, https:\/\/voshaaroutdoor.com\/wp-content\/uploads\/2025\/04\/20200806_141507-768x632.jpg 768w, https:\/\/voshaaroutdoor.com\/wp-content\/uploads\/2025\/04\/20200806_141507-15x12.jpg 15w\" sizes=\"auto, (max-width: 930px) 100vw, 930px\" \/><\/div>\n\t\t<\/figure>\n\t<\/div>\n<\/div><\/div><\/div><\/div><div class=\"vc_row wpb_row vc_row-fluid\" ><div class=\"wpb_column vc_column_container vc_col-sm-12\"><div class=\"vc_column-inner\"><div class=\"wpb_wrapper\"><div class=\"vc_empty_space\"   style=\"height: 32px\"><span class=\"vc_empty_space_inner\"><\/span><\/div><\/div><\/div><\/div><\/div>\n<\/div>","protected":false},"excerpt":{"rendered":"Una combinaci\u00f3n de actividades al aire libre en Francia, incluyendo kayak, rafting, escalada, senderismo y v\u00edas ferratas. Edad m\u00ednima: 18 a\u00f1os. Nuestra base es el Camping Robert en el Lago de Paladru (Charavines). Fechas: del 25 al 29 de julio de 2026. Coste: 390 \u20ac. Incluye gastos de acampada (tienda propia, 6 noches). No incluye comida, bebida ni seguro de viaje.","protected":false},"author":2,"featured_media":7348,"parent":0,"menu_order":0,"comment_status":"closed","ping_status":"closed","template":"","meta":{"footnotes":""},"class_list":["post-120","page","type-page","status-publish","has-post-thumbnail","hentry"],"yoast_head":"<!-- This site is optimized with the Yoast SEO plugin v27.5 - https:\/\/yoast.com\/product\/yoast-seo-wordpress\/ -->\n<title>Avonturenweek Frankrijk - VoshaarOutdoor.com<\/title>\n<meta name=\"robots\" content=\"index, follow, max-snippet:-1, max-image-preview:large, max-video-preview:-1\" \/>\n<link rel=\"canonical\" href=\"https:\/\/voshaaroutdoor.com\/es\/avonturen-week\/\" \/>\n<meta property=\"og:locale\" content=\"es_ES\" \/>\n<meta property=\"og:type\" content=\"article\" \/>\n<meta property=\"og:title\" content=\"Avonturenweek Frankrijk\" \/>\n<meta property=\"og:url\" content=\"https:\/\/voshaaroutdoor.com\/es\/avonturen-week\/\" \/>\n<meta property=\"og:site_name\" content=\"VoshaarOutdoor.com\" \/>\n<meta property=\"article:publisher\" content=\"https:\/\/www.facebook.com\/VoshaarOutdoorandEducation\" \/>\n<meta property=\"article:modified_time\" content=\"2025-08-06T07:27:53+00:00\" \/>\n<meta property=\"og:image\" content=\"https:\/\/voshaaroutdoor.com\/wp-content\/uploads\/2025\/04\/gkm-07-08-01-252-wo-kajak-2-scaled.jpg\" \/>\n\t<meta property=\"og:image:width\" content=\"2560\" \/>\n\t<meta property=\"og:image:height\" content=\"1062\" \/>\n\t<meta property=\"og:image:type\" content=\"image\/jpeg\" \/>\n<meta name=\"twitter:card\" content=\"summary_large_image\" \/>\n<meta name=\"twitter:label1\" content=\"Tiempo de lectura\" \/>\n\t<meta name=\"twitter:data1\" content=\"2 minutos\" \/>\n<script type=\"application\/ld+json\" class=\"yoast-schema-graph\">{\"@context\":\"https:\\\/\\\/schema.org\",\"@graph\":[{\"@type\":\"WebPage\",\"@id\":\"https:\\\/\\\/voshaaroutdoor.com\\\/avonturen-week\\\/\",\"url\":\"https:\\\/\\\/voshaaroutdoor.com\\\/avonturen-week\\\/\",\"name\":\"Avonturenweek Frankrijk - VoshaarOutdoor.com\",\"isPartOf\":{\"@id\":\"https:\\\/\\\/voshaaroutdoor.com\\\/#website\"},\"primaryImageOfPage\":{\"@id\":\"https:\\\/\\\/voshaaroutdoor.com\\\/avonturen-week\\\/#primaryimage\"},\"image\":{\"@id\":\"https:\\\/\\\/voshaaroutdoor.com\\\/avonturen-week\\\/#primaryimage\"},\"thumbnailUrl\":\"https:\\\/\\\/voshaaroutdoor.com\\\/wp-content\\\/uploads\\\/2025\\\/04\\\/gkm-07-08-01-252-wo-kajak-2-scaled.jpg\",\"datePublished\":\"2013-06-12T19:31:17+00:00\",\"dateModified\":\"2025-08-06T07:27:53+00:00\",\"breadcrumb\":{\"@id\":\"https:\\\/\\\/voshaaroutdoor.com\\\/avonturen-week\\\/#breadcrumb\"},\"inLanguage\":\"es\",\"potentialAction\":[{\"@type\":\"ReadAction\",\"target\":[\"https:\\\/\\\/voshaaroutdoor.com\\\/avonturen-week\\\/\"]}]},{\"@type\":\"ImageObject\",\"inLanguage\":\"es\",\"@id\":\"https:\\\/\\\/voshaaroutdoor.com\\\/avonturen-week\\\/#primaryimage\",\"url\":\"https:\\\/\\\/voshaaroutdoor.com\\\/wp-content\\\/uploads\\\/2025\\\/04\\\/gkm-07-08-01-252-wo-kajak-2-scaled.jpg\",\"contentUrl\":\"https:\\\/\\\/voshaaroutdoor.com\\\/wp-content\\\/uploads\\\/2025\\\/04\\\/gkm-07-08-01-252-wo-kajak-2-scaled.jpg\",\"width\":2560,\"height\":1062},{\"@type\":\"BreadcrumbList\",\"@id\":\"https:\\\/\\\/voshaaroutdoor.com\\\/avonturen-week\\\/#breadcrumb\",\"itemListElement\":[{\"@type\":\"ListItem\",\"position\":1,\"name\":\"Home\",\"item\":\"https:\\\/\\\/voshaaroutdoor.com\\\/\"},{\"@type\":\"ListItem\",\"position\":2,\"name\":\"Avonturenweek Frankrijk\"}]},{\"@type\":\"WebSite\",\"@id\":\"https:\\\/\\\/voshaaroutdoor.com\\\/#website\",\"url\":\"https:\\\/\\\/voshaaroutdoor.com\\\/\",\"name\":\"VoshaarOutdoor.com\",\"description\":\"Voshaar Outdoor &amp; Education - Trainingen, cursussen en opleidingen\",\"publisher\":{\"@id\":\"https:\\\/\\\/voshaaroutdoor.com\\\/#organization\"},\"potentialAction\":[{\"@type\":\"SearchAction\",\"target\":{\"@type\":\"EntryPoint\",\"urlTemplate\":\"https:\\\/\\\/voshaaroutdoor.com\\\/?s={search_term_string}\"},\"query-input\":{\"@type\":\"PropertyValueSpecification\",\"valueRequired\":true,\"valueName\":\"search_term_string\"}}],\"inLanguage\":\"es\"},{\"@type\":\"Organization\",\"@id\":\"https:\\\/\\\/voshaaroutdoor.com\\\/#organization\",\"name\":\"Voshaar Outdoor & Education\",\"url\":\"https:\\\/\\\/voshaaroutdoor.com\\\/\",\"logo\":{\"@type\":\"ImageObject\",\"inLanguage\":\"es\",\"@id\":\"https:\\\/\\\/voshaaroutdoor.com\\\/#\\\/schema\\\/logo\\\/image\\\/\",\"url\":\"https:\\\/\\\/voshaaroutdoor.com\\\/wp-content\\\/uploads\\\/2021\\\/11\\\/cropped-nieuwe-logo-rood.png\",\"contentUrl\":\"https:\\\/\\\/voshaaroutdoor.com\\\/wp-content\\\/uploads\\\/2021\\\/11\\\/cropped-nieuwe-logo-rood.png\",\"width\":512,\"height\":512,\"caption\":\"Voshaar Outdoor & Education\"},\"image\":{\"@id\":\"https:\\\/\\\/voshaaroutdoor.com\\\/#\\\/schema\\\/logo\\\/image\\\/\"},\"sameAs\":[\"https:\\\/\\\/www.facebook.com\\\/VoshaarOutdoorandEducation\",\"https:\\\/\\\/www.instagram.com\\\/voshaaroutdoorandeducation\\\/\"]}]}<\/script>\n<!-- \/ Yoast SEO plugin. -->","yoast_head_json":{"title":"Semana de Aventura en Francia - VoshaarOutdoor.com","robots":{"index":"index","follow":"follow","max-snippet":"max-snippet:-1","max-image-preview":"max-image-preview:large","max-video-preview":"max-video-preview:-1"},"canonical":"https:\/\/voshaaroutdoor.com\/es\/avonturen-week\/","og_locale":"es_ES","og_type":"article","og_title":"Avonturenweek Frankrijk","og_url":"https:\/\/voshaaroutdoor.com\/es\/avonturen-week\/","og_site_name":"VoshaarOutdoor.com","article_publisher":"https:\/\/www.facebook.com\/VoshaarOutdoorandEducation","article_modified_time":"2025-08-06T07:27:53+00:00","og_image":[{"width":2560,"height":1062,"url":"https:\/\/voshaaroutdoor.com\/wp-content\/uploads\/2025\/04\/gkm-07-08-01-252-wo-kajak-2-scaled.jpg","type":"image\/jpeg"}],"twitter_card":"summary_large_image","twitter_misc":{"Tiempo de lectura":"2 minutos"},"schema":{"@context":"https:\/\/schema.org","@graph":[{"@type":"WebPage","@id":"https:\/\/voshaaroutdoor.com\/avonturen-week\/","url":"https:\/\/voshaaroutdoor.com\/avonturen-week\/","name":"Semana de Aventura en Francia - VoshaarOutdoor.com","isPartOf":{"@id":"https:\/\/voshaaroutdoor.com\/#website"},"primaryImageOfPage":{"@id":"https:\/\/voshaaroutdoor.com\/avonturen-week\/#primaryimage"},"image":{"@id":"https:\/\/voshaaroutdoor.com\/avonturen-week\/#primaryimage"},"thumbnailUrl":"https:\/\/voshaaroutdoor.com\/wp-content\/uploads\/2025\/04\/gkm-07-08-01-252-wo-kajak-2-scaled.jpg","datePublished":"2013-06-12T19:31:17+00:00","dateModified":"2025-08-06T07:27:53+00:00","breadcrumb":{"@id":"https:\/\/voshaaroutdoor.com\/avonturen-week\/#breadcrumb"},"inLanguage":"es","potentialAction":[{"@type":"ReadAction","target":["https:\/\/voshaaroutdoor.com\/avonturen-week\/"]}]},{"@type":"ImageObject","inLanguage":"es","@id":"https:\/\/voshaaroutdoor.com\/avonturen-week\/#primaryimage","url":"https:\/\/voshaaroutdoor.com\/wp-content\/uploads\/2025\/04\/gkm-07-08-01-252-wo-kajak-2-scaled.jpg","contentUrl":"https:\/\/voshaaroutdoor.com\/wp-content\/uploads\/2025\/04\/gkm-07-08-01-252-wo-kajak-2-scaled.jpg","width":2560,"height":1062},{"@type":"BreadcrumbList","@id":"https:\/\/voshaaroutdoor.com\/avonturen-week\/#breadcrumb","itemListElement":[{"@type":"ListItem","position":1,"name":"Home","item":"https:\/\/voshaaroutdoor.com\/"},{"@type":"ListItem","position":2,"name":"Avonturenweek Frankrijk"}]},{"@type":"WebSite","@id":"https:\/\/voshaaroutdoor.com\/#website","url":"https:\/\/voshaaroutdoor.com\/","name":"VoshaarOutdoor.com","description":"Voshaar Outdoor &amp; Education - Capacitaciones, cursos y educaci\u00f3n","publisher":{"@id":"https:\/\/voshaaroutdoor.com\/#organization"},"potentialAction":[{"@type":"SearchAction","target":{"@type":"EntryPoint","urlTemplate":"https:\/\/voshaaroutdoor.com\/?s={search_term_string}"},"query-input":{"@type":"PropertyValueSpecification","valueRequired":true,"valueName":"search_term_string"}}],"inLanguage":"es"},{"@type":"Organization","@id":"https:\/\/voshaaroutdoor.com\/#organization","name":"Voshaar Actividades al aire libre y educaci\u00f3n","url":"https:\/\/voshaaroutdoor.com\/","logo":{"@type":"ImageObject","inLanguage":"es","@id":"https:\/\/voshaaroutdoor.com\/#\/schema\/logo\/image\/","url":"https:\/\/voshaaroutdoor.com\/wp-content\/uploads\/2021\/11\/cropped-nieuwe-logo-rood.png","contentUrl":"https:\/\/voshaaroutdoor.com\/wp-content\/uploads\/2021\/11\/cropped-nieuwe-logo-rood.png","width":512,"height":512,"caption":"Voshaar Outdoor & Education"},"image":{"@id":"https:\/\/voshaaroutdoor.com\/#\/schema\/logo\/image\/"},"sameAs":["https:\/\/www.facebook.com\/VoshaarOutdoorandEducation","https:\/\/www.instagram.com\/voshaaroutdoorandeducation\/"]}]}},"_links":{"self":[{"href":"https:\/\/voshaaroutdoor.com\/es\/wp-json\/wp\/v2\/pages\/120","targetHints":{"allow":["GET"]}}],"collection":[{"href":"https:\/\/voshaaroutdoor.com\/es\/wp-json\/wp\/v2\/pages"}],"about":[{"href":"https:\/\/voshaaroutdoor.com\/es\/wp-json\/wp\/v2\/types\/page"}],"author":[{"embeddable":true,"href":"https:\/\/voshaaroutdoor.com\/es\/wp-json\/wp\/v2\/users\/2"}],"replies":[{"embeddable":true,"href":"https:\/\/voshaaroutdoor.com\/es\/wp-json\/wp\/v2\/comments?post=120"}],"version-history":[{"count":17,"href":"https:\/\/voshaaroutdoor.com\/es\/wp-json\/wp\/v2\/pages\/120\/revisions"}],"predecessor-version":[{"id":7568,"href":"https:\/\/voshaaroutdoor.com\/es\/wp-json\/wp\/v2\/pages\/120\/revisions\/7568"}],"wp:featuredmedia":[{"embeddable":true,"href":"https:\/\/voshaaroutdoor.com\/es\/wp-json\/wp\/v2\/media\/7348"}],"wp:attachment":[{"href":"https:\/\/voshaaroutdoor.com\/es\/wp-json\/wp\/v2\/media?parent=120"}],"curies":[{"name":"gracias","href":"https:\/\/api.w.org\/{rel}","templated":true}]}}