{"id":5814,"date":"2022-08-16T20:42:06","date_gmt":"2022-08-16T20:42:06","guid":{"rendered":"https:\/\/voshaaroutdoor.com\/?page_id=5814"},"modified":"2026-04-27T05:25:30","modified_gmt":"2026-04-27T05:25:30","slug":"spanje-wandelreizen","status":"publish","type":"page","link":"https:\/\/voshaaroutdoor.com\/en\/spanje-wandelreizen\/","title":{"rendered":"Spain \u2013 Somiedo"},"content":{"rendered":"<div class=\"wpb-content-wrapper\"><div class=\"vc_row wpb_row vc_row-fluid\" ><div class=\"wpb_column vc_column_container vc_col-sm-12\"><div class=\"vc_column-inner\"><div class=\"wpb_wrapper\">\n\t<div class=\"wpb_text_column wpb_content_element\" >\n\t\t<div class=\"wpb_wrapper\">\n\t\t\t<p style=\"text-align: center;\"><strong>Spain<br \/>\n<\/strong>Asturias \u2013 Somiedo<\/p>\n<h3 class=\"textheading3\" style=\"text-align: center;\">Follow in the footsteps of bears and wolves in Parque Natural de Somiedo<\/h3>\n<p class=\"mobile-undersized-upper\" style=\"text-align: center;\"><span class=\"mobile-undersized-upper\">We organize a nature trip in Asturias and Le\u00f3n in NW Spain.<\/span><span class=\"mobile-undersized-upper\">\u00a0We dive into the Cantabrian Mountains and go to Parque Natural de Somiedo. This area is known as beautiful and rugged. Perfect for us, but also for the wolves, bears and birds of prey that live here. Day trips from Pola de Somiedo to the locations with the best chance of seeing bears and other animals.<br \/>\nEnjoy a fantastic rugged environment, nice authentic villages, nice people and lots of wildlife.\u00a0<\/span><\/p>\n<p class=\"mobile-undersized-upper\" style=\"text-align: center;\">Dates:<br \/>\n2027: TBA<br \/>\nWith the focus on the brown bear.<br \/>\nWe meet daily in Pola de Somiedo or G\u00faa, in the heart of the National Park. We&#039;ll spend 6 to 10 hours each day searching for brown bears, chamois, wolves, and birds of prey. We often do this in two blocks throughout the day. Participants are responsible for arranging their own transportation. A ride with the guide (limited numbers) is possible upon request. We collaborate with the local specialists from Somiedo Experience. The hikes are not strenuous, and we take plenty of time to enjoy nature and regularly wait at a good viewpoint for animals to appear.<\/p>\n<p style=\"text-align: center;\">Costs six days:<br \/>\n\u20ac 500,-<br \/>\nCosts exclude travel, overnight stays, meals, drinks and travel insurance.<br \/>\nYou have to arrange your own accommodation. There is a camping in Pola and there are hotels and B&amp;Bs in Pola and the villages around Pola.<br \/>\n<a href=\"https:\/\/www.lapomaradadesomiedo.es\/\" target=\"_blank\" rel=\"noopener\">&gt; Camping Pola de Somiedo<\/a><\/p>\n<p style=\"text-align: center;\">We will do everything we can to see bears and\/or wolves, and anyone who knows Voshaar knows that there is a good chance of special sightings when you go out with us.<br \/>\nDay 1: Start 13.00<br \/>\nDay 5: End 17:00<\/p>\n\n\t\t<\/div>\n\t<\/div>\n<div class=\"vc_empty_space\"   style=\"height: 32px\"><span class=\"vc_empty_space_inner\"><\/span><\/div><div class=\"vc_btn3-container vc_btn3-center vc_do_btn\" ><button class=\"vc_general vc_btn3 vc_btn3-size-md vc_btn3-shape-rounded vc_btn3-style-modern vc_btn3-color-danger\">You can register soon<\/button><\/div><div class=\"vc_empty_space\"   style=\"height: 32px\"><span class=\"vc_empty_space_inner\"><\/span><\/div>\n\t<div  class=\"wpb_single_image wpb_content_element vc_align_center wpb_content_element\">\n\t\t\n\t\t<figure class=\"wpb_wrapper vc_figure\">\n\t\t\t<div class=\"vc_single_image-wrapper   vc_box_border_grey\"><img loading=\"lazy\" decoding=\"async\" width=\"1024\" height=\"1001\" src=\"https:\/\/voshaaroutdoor.com\/wp-content\/uploads\/2026\/04\/IMG-20260415-WA0030-1024x1001.jpg\" class=\"vc_single_image-img attachment-large\" alt=\"\" title=\"IMG-20260415-WA0030\" srcset=\"https:\/\/voshaaroutdoor.com\/wp-content\/uploads\/2026\/04\/IMG-20260415-WA0030-1024x1001.jpg 1024w, https:\/\/voshaaroutdoor.com\/wp-content\/uploads\/2026\/04\/IMG-20260415-WA0030-300x293.jpg 300w, https:\/\/voshaaroutdoor.com\/wp-content\/uploads\/2026\/04\/IMG-20260415-WA0030-768x751.jpg 768w, https:\/\/voshaaroutdoor.com\/wp-content\/uploads\/2026\/04\/IMG-20260415-WA0030-1536x1502.jpg 1536w, https:\/\/voshaaroutdoor.com\/wp-content\/uploads\/2026\/04\/IMG-20260415-WA0030-12x12.jpg 12w\" sizes=\"auto, (max-width: 1024px) 100vw, 1024px\" \/><\/div>\n\t\t<\/figure>\n\t<\/div>\n<div class=\"vc_empty_space\"   style=\"height: 32px\"><span class=\"vc_empty_space_inner\"><\/span><\/div>\n\t<div class=\"wpb_video_widget wpb_content_element vc_clearfix   vc_video-aspect-ratio-169 vc_video-el-width-100 vc_video-align-center\" >\n\t\t<div class=\"wpb_wrapper\">\n\t\t\t\n\t\t\t<div class=\"wpb_video_wrapper\"><iframe loading=\"lazy\" title=\"Somiedo, Spain\" width=\"500\" height=\"281\" src=\"https:\/\/www.youtube.com\/embed\/fcvcKB2-_sI?feature=oembed\" frameborder=\"0\" allow=\"accelerometer; autoplay; clipboard-write; encrypted-media; gyroscope; picture-in-picture; web-share\" referrerpolicy=\"strict-origin-when-cross-origin\" allowfullscreen><\/iframe><\/div>\n\t\t<\/div>\n\t<\/div>\n<div class=\"vc_empty_space\"   style=\"height: 32px\"><span class=\"vc_empty_space_inner\"><\/span><\/div><\/div><\/div><\/div><\/div><div class=\"vc_row wpb_row vc_row-fluid\" ><div class=\"wpb_column vc_column_container vc_col-sm-12\"><div class=\"vc_column-inner\"><div class=\"wpb_wrapper\"><div class=\"vc_btn3-container vc_btn3-center vc_do_btn\" ><a class=\"vc_general vc_btn3 vc_btn3-size-md vc_btn3-shape-rounded vc_btn3-style-modern vc_btn3-color-grey\" href=\"https:\/\/parquenaturalsomiedo.com\/\" title=\"\" target=\"_blank\">Natural Park of Somiedo<\/a><\/div><div class=\"vc_empty_space\"   style=\"height: 32px\"><span class=\"vc_empty_space_inner\"><\/span><\/div>\n\t<div class=\"wpb_text_column wpb_content_element\" >\n\t\t<div class=\"wpb_wrapper\">\n\t\t\t<p style=\"text-align: center;\"><em>Raoul took us to the most beautiful places of this Spanish \u201cnational parc\u201d. In the morning of the first day we already received a message that a bear had been spotted from the lookout point near the hotel where we stayed. A simple &#039;self catering&#039; apartment hotel located in the beautiful nature of G\u00faa near Pola de Somiedo. After the first bear, 7 more followed for me and further much more natural beauty, birds of prey, butterflies (lots of butterflies!), flowers and plants and above all a breathtakingly beautiful landscape that looks different after every bend. The beautiful Spanish weather also helps a lot of course. Northern Spain is not as hot as other parts.<\/em><br \/>\n<em>Raoul will do everything he can to show you as much beauty as possible, but leaves plenty of room for relaxation, good food and drinks on a Spanish terrace and, if necessary, a siesta<\/em><br \/>\n<em>An absolute must!!<br \/>\nRene<\/em><\/p>\n\n\t\t<\/div>\n\t<\/div>\n<\/div><\/div><\/div><\/div><div class=\"vc_row wpb_row vc_row-fluid\" ><div class=\"wpb_column vc_column_container vc_col-sm-12\"><div class=\"vc_column-inner\"><div class=\"wpb_wrapper\"><div class=\"vc_empty_space\"   style=\"height: 32px\"><span class=\"vc_empty_space_inner\"><\/span><\/div>\n\t<div  class=\"wpb_single_image wpb_content_element vc_align_center wpb_content_element\">\n\t\t\n\t\t<figure class=\"wpb_wrapper vc_figure\">\n\t\t\t<div class=\"vc_single_image-wrapper   vc_box_border_grey\"><img loading=\"lazy\" decoding=\"async\" width=\"1024\" height=\"577\" src=\"https:\/\/voshaaroutdoor.com\/wp-content\/uploads\/2024\/08\/20240812_132313-1024x577.jpg\" class=\"vc_single_image-img attachment-large\" alt=\"\" title=\"20240812_132313\" srcset=\"https:\/\/voshaaroutdoor.com\/wp-content\/uploads\/2024\/08\/20240812_132313-1024x577.jpg 1024w, https:\/\/voshaaroutdoor.com\/wp-content\/uploads\/2024\/08\/20240812_132313-300x169.jpg 300w, https:\/\/voshaaroutdoor.com\/wp-content\/uploads\/2024\/08\/20240812_132313-768x432.jpg 768w, https:\/\/voshaaroutdoor.com\/wp-content\/uploads\/2024\/08\/20240812_132313-1536x865.jpg 1536w, https:\/\/voshaaroutdoor.com\/wp-content\/uploads\/2024\/08\/20240812_132313-18x10.jpg 18w, https:\/\/voshaaroutdoor.com\/wp-content\/uploads\/2024\/08\/20240812_132313-87x50.jpg 87w\" sizes=\"auto, (max-width: 1024px) 100vw, 1024px\" \/><\/div>\n\t\t<\/figure>\n\t<\/div>\n<\/div><\/div><\/div><\/div><div class=\"vc_row wpb_row vc_row-fluid\" ><div class=\"wpb_column vc_column_container vc_col-sm-12\"><div class=\"vc_column-inner\"><div class=\"wpb_wrapper\"><div class=\"vc_empty_space\"   style=\"height: 32px\"><span class=\"vc_empty_space_inner\"><\/span><\/div><\/div><\/div><\/div><\/div><div class=\"vc_row wpb_row vc_row-fluid\" ><div class=\"wpb_column vc_column_container vc_col-sm-12\"><div class=\"vc_column-inner\"><div class=\"wpb_wrapper\">\n\t<div class=\"wpb_text_column wpb_content_element\" >\n\t\t<div class=\"wpb_wrapper\">\n\t\t\t<p style=\"text-align: center;\">In association with <a href=\"https:\/\/www.somiedoexperience.com\/\" target=\"_blank\" rel=\"noopener\">Somiedo Experience<\/a><\/p>\n\n\t\t<\/div>\n\t<\/div>\n<div class=\"vc_empty_space\"   style=\"height: 32px\"><span class=\"vc_empty_space_inner\"><\/span><\/div><\/div><\/div><\/div><\/div><div class=\"vc_row wpb_row vc_row-fluid\" ><div class=\"wpb_column vc_column_container vc_col-sm-12\"><div class=\"vc_column-inner\"><div class=\"wpb_wrapper\">\n\t<div  class=\"wpb_single_image wpb_content_element vc_align_center wpb_content_element\">\n\t\t\n\t\t<figure class=\"wpb_wrapper vc_figure\">\n\t\t\t<div class=\"vc_single_image-wrapper   vc_box_border_grey\"><img loading=\"lazy\" decoding=\"async\" width=\"300\" height=\"239\" src=\"https:\/\/voshaaroutdoor.com\/wp-content\/uploads\/2023\/10\/Somiedo-experience-1-300x239.jpg\" class=\"vc_single_image-img attachment-medium\" alt=\"\" title=\"Somiedo experience 1\" srcset=\"https:\/\/voshaaroutdoor.com\/wp-content\/uploads\/2023\/10\/Somiedo-experience-1-300x239.jpg 300w, https:\/\/voshaaroutdoor.com\/wp-content\/uploads\/2023\/10\/Somiedo-experience-1-768x611.jpg 768w, https:\/\/voshaaroutdoor.com\/wp-content\/uploads\/2023\/10\/Somiedo-experience-1-15x12.jpg 15w, https:\/\/voshaaroutdoor.com\/wp-content\/uploads\/2023\/10\/Somiedo-experience-1.jpg 827w\" sizes=\"auto, (max-width: 300px) 100vw, 300px\" \/><\/div>\n\t\t<\/figure>\n\t<\/div>\n<\/div><\/div><\/div><\/div><div class=\"vc_row wpb_row vc_row-fluid\" ><div class=\"wpb_column vc_column_container vc_col-sm-12\"><div class=\"vc_column-inner\"><div class=\"wpb_wrapper\"><div class=\"vc_empty_space\"   style=\"height: 32px\"><span class=\"vc_empty_space_inner\"><\/span><\/div><\/div><\/div><\/div><\/div><div class=\"vc_row wpb_row vc_row-fluid\" ><div class=\"wpb_column vc_column_container vc_col-sm-12\"><div class=\"vc_column-inner\"><div class=\"wpb_wrapper\">\n\t<div  class=\"wpb_single_image wpb_content_element vc_align_center wpb_content_element\">\n\t\t\n\t\t<figure class=\"wpb_wrapper vc_figure\">\n\t\t\t<div class=\"vc_single_image-wrapper   vc_box_border_grey\"><img loading=\"lazy\" decoding=\"async\" width=\"1024\" height=\"990\" src=\"https:\/\/voshaaroutdoor.com\/wp-content\/uploads\/2026\/04\/IMG-20260414-WA0005-1024x990.jpg\" class=\"vc_single_image-img attachment-large\" alt=\"\" title=\"IMG-20260414-WA0005\" srcset=\"https:\/\/voshaaroutdoor.com\/wp-content\/uploads\/2026\/04\/IMG-20260414-WA0005-1024x990.jpg 1024w, https:\/\/voshaaroutdoor.com\/wp-content\/uploads\/2026\/04\/IMG-20260414-WA0005-300x290.jpg 300w, https:\/\/voshaaroutdoor.com\/wp-content\/uploads\/2026\/04\/IMG-20260414-WA0005-768x742.jpg 768w, https:\/\/voshaaroutdoor.com\/wp-content\/uploads\/2026\/04\/IMG-20260414-WA0005-1536x1484.jpg 1536w, https:\/\/voshaaroutdoor.com\/wp-content\/uploads\/2026\/04\/IMG-20260414-WA0005-12x12.jpg 12w\" sizes=\"auto, (max-width: 1024px) 100vw, 1024px\" \/><\/div>\n\t\t<\/figure>\n\t<\/div>\n<div class=\"vc_empty_space\"   style=\"height: 32px\"><span class=\"vc_empty_space_inner\"><\/span><\/div><\/div><\/div><\/div><\/div><div class=\"vc_row wpb_row vc_row-fluid\" ><div class=\"wpb_column vc_column_container vc_col-sm-12\"><div class=\"vc_column-inner\"><div class=\"wpb_wrapper\">\n\t<div  class=\"wpb_single_image wpb_content_element vc_align_center wpb_content_element\">\n\t\t\n\t\t<figure class=\"wpb_wrapper vc_figure\">\n\t\t\t<div class=\"vc_single_image-wrapper   vc_box_border_grey\"><img loading=\"lazy\" decoding=\"async\" width=\"956\" height=\"1024\" src=\"https:\/\/voshaaroutdoor.com\/wp-content\/uploads\/2026\/04\/IMG-20260415-WA0031-956x1024.jpg\" class=\"vc_single_image-img attachment-large\" alt=\"\" title=\"IMG-20260415-WA0031\" srcset=\"https:\/\/voshaaroutdoor.com\/wp-content\/uploads\/2026\/04\/IMG-20260415-WA0031-956x1024.jpg 956w, https:\/\/voshaaroutdoor.com\/wp-content\/uploads\/2026\/04\/IMG-20260415-WA0031-280x300.jpg 280w, https:\/\/voshaaroutdoor.com\/wp-content\/uploads\/2026\/04\/IMG-20260415-WA0031-768x823.jpg 768w, https:\/\/voshaaroutdoor.com\/wp-content\/uploads\/2026\/04\/IMG-20260415-WA0031-11x12.jpg 11w, https:\/\/voshaaroutdoor.com\/wp-content\/uploads\/2026\/04\/IMG-20260415-WA0031.jpg 1148w\" sizes=\"auto, (max-width: 956px) 100vw, 956px\" \/><\/div>\n\t\t<\/figure>\n\t<\/div>\n<div class=\"vc_empty_space\"   style=\"height: 32px\"><span class=\"vc_empty_space_inner\"><\/span><\/div><\/div><\/div><\/div><\/div>\n<\/div>","protected":false},"excerpt":{"rendered":"Spanje Asturi\u00eb - Somiedo Treed in de sporen van beren en wolven in Parque Natural de Somiedo Wij organiseren een natuurreis in Asturi\u00eb en Le\u00f3n in NW Spanje.\u00a0We duiken het Cantabrische gebergte in en gaan naar Parque Natural de Somiedo. Dit gebied staat bekend als prachtig en ruig. Perfect voor ons dus, maar ook voor de wolven, beren en roofvogels die hier leven. Dagtochten vanuit Pola de Somiedo naar de locaties met de meeste kans op beren en andere dieren. Genieten van een fantastische ruige omgeving, leuke authentieke dorpjes, toffe mensen en heel veel wildlife.\u00a0 Data: 2027: TBA Met de focus op de bruine beer. We verzamelen iedere dag in Pola de Somiedo of in G\u00faa, in het hart van het Nationaal park. We gaan dagelijks 6 a 10 uur op pad op zoek naar de bruine beer, maar ook o.a. naar gemzen, wolven en roofvogels. Vaak in twee blokken [...]","protected":false},"author":4,"featured_media":7597,"parent":0,"menu_order":0,"comment_status":"closed","ping_status":"closed","template":"","meta":{"footnotes":""},"class_list":["post-5814","page","type-page","status-publish","has-post-thumbnail","hentry"],"yoast_head":"<!-- This site is optimized with the Yoast SEO plugin v27.5 - https:\/\/yoast.com\/product\/yoast-seo-wordpress\/ -->\n<title>Spanje - Somiedo - VoshaarOutdoor.com<\/title>\n<meta name=\"robots\" content=\"index, follow, max-snippet:-1, max-image-preview:large, max-video-preview:-1\" \/>\n<link rel=\"canonical\" href=\"https:\/\/voshaaroutdoor.com\/en\/spanje-wandelreizen\/\" \/>\n<meta property=\"og:locale\" content=\"en_US\" \/>\n<meta property=\"og:type\" content=\"article\" \/>\n<meta property=\"og:title\" content=\"Natuurreis Somiedo\" \/>\n<meta property=\"og:description\" content=\"Een reis met de focus op de bruine beer\" \/>\n<meta property=\"og:url\" content=\"https:\/\/voshaaroutdoor.com\/en\/spanje-wandelreizen\/\" \/>\n<meta property=\"og:site_name\" content=\"VoshaarOutdoor.com\" \/>\n<meta property=\"article:publisher\" content=\"https:\/\/www.facebook.com\/VoshaarOutdoorandEducation\" \/>\n<meta property=\"article:modified_time\" content=\"2026-04-27T05:25:30+00:00\" \/>\n<meta property=\"og:image\" content=\"https:\/\/voshaaroutdoor.com\/wp-content\/uploads\/2025\/08\/Somiedo-Facebook-evenementencover-scaled.jpeg\" \/>\n\t<meta property=\"og:image:width\" content=\"2560\" \/>\n\t<meta property=\"og:image:height\" content=\"1440\" \/>\n\t<meta property=\"og:image:type\" content=\"image\/jpeg\" \/>\n<meta name=\"twitter:card\" content=\"summary_large_image\" \/>\n<meta name=\"twitter:label1\" content=\"Est. reading time\" \/>\n\t<meta name=\"twitter:data1\" content=\"4 minutes\" \/>\n<script type=\"application\/ld+json\" class=\"yoast-schema-graph\">{\"@context\":\"https:\\\/\\\/schema.org\",\"@graph\":[{\"@type\":\"WebPage\",\"@id\":\"https:\\\/\\\/voshaaroutdoor.com\\\/spanje-wandelreizen\\\/\",\"url\":\"https:\\\/\\\/voshaaroutdoor.com\\\/spanje-wandelreizen\\\/\",\"name\":\"Spanje - Somiedo - VoshaarOutdoor.com\",\"isPartOf\":{\"@id\":\"https:\\\/\\\/voshaaroutdoor.com\\\/#website\"},\"primaryImageOfPage\":{\"@id\":\"https:\\\/\\\/voshaaroutdoor.com\\\/spanje-wandelreizen\\\/#primaryimage\"},\"image\":{\"@id\":\"https:\\\/\\\/voshaaroutdoor.com\\\/spanje-wandelreizen\\\/#primaryimage\"},\"thumbnailUrl\":\"https:\\\/\\\/voshaaroutdoor.com\\\/wp-content\\\/uploads\\\/2025\\\/08\\\/Somiedo-Facebook-evenementencover-scaled.jpeg\",\"datePublished\":\"2022-08-16T20:42:06+00:00\",\"dateModified\":\"2026-04-27T05:25:30+00:00\",\"breadcrumb\":{\"@id\":\"https:\\\/\\\/voshaaroutdoor.com\\\/spanje-wandelreizen\\\/#breadcrumb\"},\"inLanguage\":\"en-CA\",\"potentialAction\":[{\"@type\":\"ReadAction\",\"target\":[\"https:\\\/\\\/voshaaroutdoor.com\\\/spanje-wandelreizen\\\/\"]}]},{\"@type\":\"ImageObject\",\"inLanguage\":\"en-CA\",\"@id\":\"https:\\\/\\\/voshaaroutdoor.com\\\/spanje-wandelreizen\\\/#primaryimage\",\"url\":\"https:\\\/\\\/voshaaroutdoor.com\\\/wp-content\\\/uploads\\\/2025\\\/08\\\/Somiedo-Facebook-evenementencover-scaled.jpeg\",\"contentUrl\":\"https:\\\/\\\/voshaaroutdoor.com\\\/wp-content\\\/uploads\\\/2025\\\/08\\\/Somiedo-Facebook-evenementencover-scaled.jpeg\",\"width\":2560,\"height\":1440},{\"@type\":\"BreadcrumbList\",\"@id\":\"https:\\\/\\\/voshaaroutdoor.com\\\/spanje-wandelreizen\\\/#breadcrumb\",\"itemListElement\":[{\"@type\":\"ListItem\",\"position\":1,\"name\":\"Home\",\"item\":\"https:\\\/\\\/voshaaroutdoor.com\\\/\"},{\"@type\":\"ListItem\",\"position\":2,\"name\":\"Spanje &#8211; Somiedo\"}]},{\"@type\":\"WebSite\",\"@id\":\"https:\\\/\\\/voshaaroutdoor.com\\\/#website\",\"url\":\"https:\\\/\\\/voshaaroutdoor.com\\\/\",\"name\":\"VoshaarOutdoor.com\",\"description\":\"Voshaar Outdoor &amp; Education - Trainingen, cursussen en opleidingen\",\"publisher\":{\"@id\":\"https:\\\/\\\/voshaaroutdoor.com\\\/#organization\"},\"potentialAction\":[{\"@type\":\"SearchAction\",\"target\":{\"@type\":\"EntryPoint\",\"urlTemplate\":\"https:\\\/\\\/voshaaroutdoor.com\\\/?s={search_term_string}\"},\"query-input\":{\"@type\":\"PropertyValueSpecification\",\"valueRequired\":true,\"valueName\":\"search_term_string\"}}],\"inLanguage\":\"en-CA\"},{\"@type\":\"Organization\",\"@id\":\"https:\\\/\\\/voshaaroutdoor.com\\\/#organization\",\"name\":\"Voshaar Outdoor & Education\",\"url\":\"https:\\\/\\\/voshaaroutdoor.com\\\/\",\"logo\":{\"@type\":\"ImageObject\",\"inLanguage\":\"en-CA\",\"@id\":\"https:\\\/\\\/voshaaroutdoor.com\\\/#\\\/schema\\\/logo\\\/image\\\/\",\"url\":\"https:\\\/\\\/voshaaroutdoor.com\\\/wp-content\\\/uploads\\\/2021\\\/11\\\/cropped-nieuwe-logo-rood.png\",\"contentUrl\":\"https:\\\/\\\/voshaaroutdoor.com\\\/wp-content\\\/uploads\\\/2021\\\/11\\\/cropped-nieuwe-logo-rood.png\",\"width\":512,\"height\":512,\"caption\":\"Voshaar Outdoor & Education\"},\"image\":{\"@id\":\"https:\\\/\\\/voshaaroutdoor.com\\\/#\\\/schema\\\/logo\\\/image\\\/\"},\"sameAs\":[\"https:\\\/\\\/www.facebook.com\\\/VoshaarOutdoorandEducation\",\"https:\\\/\\\/www.instagram.com\\\/voshaaroutdoorandeducation\\\/\"]}]}<\/script>\n<!-- \/ Yoast SEO plugin. -->","yoast_head_json":{"title":"Spain - Somiedo - VoshaarOutdoor.com","robots":{"index":"index","follow":"follow","max-snippet":"max-snippet:-1","max-image-preview":"max-image-preview:large","max-video-preview":"max-video-preview:-1"},"canonical":"https:\/\/voshaaroutdoor.com\/en\/spanje-wandelreizen\/","og_locale":"en_US","og_type":"article","og_title":"Natuurreis Somiedo","og_description":"Een reis met de focus op de bruine beer","og_url":"https:\/\/voshaaroutdoor.com\/en\/spanje-wandelreizen\/","og_site_name":"VoshaarOutdoor.com","article_publisher":"https:\/\/www.facebook.com\/VoshaarOutdoorandEducation","article_modified_time":"2026-04-27T05:25:30+00:00","og_image":[{"width":2560,"height":1440,"url":"https:\/\/voshaaroutdoor.com\/wp-content\/uploads\/2025\/08\/Somiedo-Facebook-evenementencover-scaled.jpeg","type":"image\/jpeg"}],"twitter_card":"summary_large_image","twitter_misc":{"Est. reading time":"4 minutes"},"schema":{"@context":"https:\/\/schema.org","@graph":[{"@type":"WebPage","@id":"https:\/\/voshaaroutdoor.com\/spanje-wandelreizen\/","url":"https:\/\/voshaaroutdoor.com\/spanje-wandelreizen\/","name":"Spain - Somiedo - VoshaarOutdoor.com","isPartOf":{"@id":"https:\/\/voshaaroutdoor.com\/#website"},"primaryImageOfPage":{"@id":"https:\/\/voshaaroutdoor.com\/spanje-wandelreizen\/#primaryimage"},"image":{"@id":"https:\/\/voshaaroutdoor.com\/spanje-wandelreizen\/#primaryimage"},"thumbnailUrl":"https:\/\/voshaaroutdoor.com\/wp-content\/uploads\/2025\/08\/Somiedo-Facebook-evenementencover-scaled.jpeg","datePublished":"2022-08-16T20:42:06+00:00","dateModified":"2026-04-27T05:25:30+00:00","breadcrumb":{"@id":"https:\/\/voshaaroutdoor.com\/spanje-wandelreizen\/#breadcrumb"},"inLanguage":"en-CA","potentialAction":[{"@type":"ReadAction","target":["https:\/\/voshaaroutdoor.com\/spanje-wandelreizen\/"]}]},{"@type":"ImageObject","inLanguage":"en-CA","@id":"https:\/\/voshaaroutdoor.com\/spanje-wandelreizen\/#primaryimage","url":"https:\/\/voshaaroutdoor.com\/wp-content\/uploads\/2025\/08\/Somiedo-Facebook-evenementencover-scaled.jpeg","contentUrl":"https:\/\/voshaaroutdoor.com\/wp-content\/uploads\/2025\/08\/Somiedo-Facebook-evenementencover-scaled.jpeg","width":2560,"height":1440},{"@type":"BreadcrumbList","@id":"https:\/\/voshaaroutdoor.com\/spanje-wandelreizen\/#breadcrumb","itemListElement":[{"@type":"ListItem","position":1,"name":"Home","item":"https:\/\/voshaaroutdoor.com\/"},{"@type":"ListItem","position":2,"name":"Spanje &#8211; Somiedo"}]},{"@type":"WebSite","@id":"https:\/\/voshaaroutdoor.com\/#website","url":"https:\/\/voshaaroutdoor.com\/","name":"VoshaarOutdoor.com","description":"Voshaar Outdoor &amp; Education - Trainings, courses and education","publisher":{"@id":"https:\/\/voshaaroutdoor.com\/#organization"},"potentialAction":[{"@type":"SearchAction","target":{"@type":"EntryPoint","urlTemplate":"https:\/\/voshaaroutdoor.com\/?s={search_term_string}"},"query-input":{"@type":"PropertyValueSpecification","valueRequired":true,"valueName":"search_term_string"}}],"inLanguage":"en-CA"},{"@type":"Organization","@id":"https:\/\/voshaaroutdoor.com\/#organization","name":"Voshaar Outdoor &amp; Education","url":"https:\/\/voshaaroutdoor.com\/","logo":{"@type":"ImageObject","inLanguage":"en-CA","@id":"https:\/\/voshaaroutdoor.com\/#\/schema\/logo\/image\/","url":"https:\/\/voshaaroutdoor.com\/wp-content\/uploads\/2021\/11\/cropped-nieuwe-logo-rood.png","contentUrl":"https:\/\/voshaaroutdoor.com\/wp-content\/uploads\/2021\/11\/cropped-nieuwe-logo-rood.png","width":512,"height":512,"caption":"Voshaar Outdoor & Education"},"image":{"@id":"https:\/\/voshaaroutdoor.com\/#\/schema\/logo\/image\/"},"sameAs":["https:\/\/www.facebook.com\/VoshaarOutdoorandEducation","https:\/\/www.instagram.com\/voshaaroutdoorandeducation\/"]}]}},"_links":{"self":[{"href":"https:\/\/voshaaroutdoor.com\/en\/wp-json\/wp\/v2\/pages\/5814","targetHints":{"allow":["GET"]}}],"collection":[{"href":"https:\/\/voshaaroutdoor.com\/en\/wp-json\/wp\/v2\/pages"}],"about":[{"href":"https:\/\/voshaaroutdoor.com\/en\/wp-json\/wp\/v2\/types\/page"}],"author":[{"embeddable":true,"href":"https:\/\/voshaaroutdoor.com\/en\/wp-json\/wp\/v2\/users\/4"}],"replies":[{"embeddable":true,"href":"https:\/\/voshaaroutdoor.com\/en\/wp-json\/wp\/v2\/comments?post=5814"}],"version-history":[{"count":71,"href":"https:\/\/voshaaroutdoor.com\/en\/wp-json\/wp\/v2\/pages\/5814\/revisions"}],"predecessor-version":[{"id":8381,"href":"https:\/\/voshaaroutdoor.com\/en\/wp-json\/wp\/v2\/pages\/5814\/revisions\/8381"}],"wp:featuredmedia":[{"embeddable":true,"href":"https:\/\/voshaaroutdoor.com\/en\/wp-json\/wp\/v2\/media\/7597"}],"wp:attachment":[{"href":"https:\/\/voshaaroutdoor.com\/en\/wp-json\/wp\/v2\/media?parent=5814"}],"curies":[{"name":"wp","href":"https:\/\/api.w.org\/{rel}","templated":true}]}}